{"id":15496,"date":"2018-01-29T03:01:16","date_gmt":"2018-01-29T03:01:16","guid":{"rendered":"https:\/\/www.sdi.com.au\/au\/?page_id=15496"},"modified":"2018-01-29T05:52:20","modified_gmt":"2018-01-29T05:52:20","slug":"distributors","status":"publish","type":"page","link":"https:\/\/www.sdi.com.au\/cz-cz\/distributors\/","title":{"rendered":"Distributo\u0159i"},"content":{"rendered":"<div class=\"wpb-content-wrapper\"><p>[vc_row][vc_column][vc_column_text]<\/p>\n<h3>Distributors<\/h3>\n<p>[\/vc_column_text][vc_column_text]Spole\u010dnost SDI spolupracuje s produktov\u00fdmi distributory a obchodn\u00edmi z\u00e1stupci po cel\u00e9m sv\u011bt\u011b. Z rozev\u00edrac\u00edho seznamu pros\u00edm zvolte va\u0161i zemi. [\/vc_column_text][\/vc_column][\/vc_row]<\/p>\n<\/div>","protected":false},"excerpt":{"rendered":"<p>[vc_row][vc_column][vc_column_text] Distributors [\/vc_column_text][vc_column_text]Spole\u010dnost SDI spolupracuje s produktov\u00fdmi distributory a obchodn\u00edmi z\u00e1stupci po cel\u00e9m sv\u011bt\u011b. Z rozev\u00edrac\u00edho seznamu pros\u00edm zvolte va\u0161i zemi. [\/vc_column_text][\/vc_column][\/vc_row]<\/p>\n","protected":false},"author":14,"featured_media":0,"parent":0,"menu_order":0,"comment_status":"closed","ping_status":"closed","template":"template-find-distributor.php","meta":{"_acf_changed":false,"_price":"","_stock":"","_tribe_ticket_header":"","_tribe_default_ticket_provider":"","_ticket_start_date":"","_ticket_end_date":"","_tribe_ticket_show_description":"","_tribe_ticket_show_not_going":false,"_tribe_ticket_use_global_stock":"","_tribe_ticket_global_stock_level":"","_global_stock_mode":"","_global_stock_cap":"","_tribe_rsvp_for_event":"","_tribe_ticket_going_count":"","_tribe_ticket_not_going_count":"","_tribe_tickets_list":"[]","_tribe_ticket_has_attendee_info_fields":false,"footnotes":"","_tec_slr_enabled":"","_tec_slr_layout":"","_wp_rev_ctl_limit":""},"class_list":["post-15496","page","type-page","status-publish","hentry"],"acf":[],"ticketed":false,"_links":{"self":[{"href":"https:\/\/www.sdi.com.au\/cz-cz\/wp-json\/wp\/v2\/pages\/15496","targetHints":{"allow":["GET"]}}],"collection":[{"href":"https:\/\/www.sdi.com.au\/cz-cz\/wp-json\/wp\/v2\/pages"}],"about":[{"href":"https:\/\/www.sdi.com.au\/cz-cz\/wp-json\/wp\/v2\/types\/page"}],"author":[{"embeddable":true,"href":"https:\/\/www.sdi.com.au\/cz-cz\/wp-json\/wp\/v2\/users\/14"}],"replies":[{"embeddable":true,"href":"https:\/\/www.sdi.com.au\/cz-cz\/wp-json\/wp\/v2\/comments?post=15496"}],"version-history":[{"count":4,"href":"https:\/\/www.sdi.com.au\/cz-cz\/wp-json\/wp\/v2\/pages\/15496\/revisions"}],"predecessor-version":[{"id":16577,"href":"https:\/\/www.sdi.com.au\/cz-cz\/wp-json\/wp\/v2\/pages\/15496\/revisions\/16577"}],"wp:attachment":[{"href":"https:\/\/www.sdi.com.au\/cz-cz\/wp-json\/wp\/v2\/media?parent=15496"}],"curies":[{"name":"wp","href":"https:\/\/api.w.org\/{rel}","templated":true}]}}