{"id":178050,"date":"2024-05-19T19:52:37","date_gmt":"2024-05-19T09:52:37","guid":{"rendered":"https:\/\/www.sdi.com.au\/riva-star-aqua-videos\/"},"modified":"2024-09-02T16:16:31","modified_gmt":"2024-09-02T06:16:31","slug":"riva-star-aqua-videos","status":"publish","type":"page","link":"https:\/\/www.sdi.com.au\/cz-cz\/riva-star-aqua-videos\/","title":{"rendered":"Riva Star Aqua videos"},"content":{"rendered":"<div class=\"wpb-content-wrapper\"><p>[vc_row][vc_column][vc_column_text]<\/p>\n<h1>Riva Star Aqua Videos<\/h1>\n<p>[\/vc_column_text][vc_row_inner][vc_column_inner][vc_video link=&#8221;https:\/\/youtu.be\/mdj3203Ro-M?feature=shared&#8221; el_width=&#8221;50&#8243; title=&#8221;Riva Star Aqua \u2013 Zastaven\u00ed zubn\u00edho kazu a obnova zubu pomoc\u00ed samotuhnouc\u00edho skloionomern\u00edho cementu a kompozitu (sendvi\u010dov\u00e1 technika)&#8221;][vc_video link=&#8221;https:\/\/youtu.be\/ECjvaBGFF8s?feature=shared&#8221; el_width=&#8221;50&#8243; title=&#8221;Riva Star Aqua \u2013 Zastaven\u00ed zubn\u00edho kazu a obnova zubu pomoc\u00ed samotuhnouc\u00edho skloionomern\u00edho cementu&#8221;][vc_video link=&#8221;https:\/\/youtu.be\/kzAzLzVM3fQ?feature=shared&#8221; el_width=&#8221;50&#8243; title=&#8221;Riva Star Aqua \u2013 Zastavuje zubn\u00ed kaz bez obnovy zubu&#8221;][vc_video link=&#8221;https:\/\/youtu.be\/4EUPxNeYx6w?feature=shared&#8221; el_width=&#8221;50&#8243; title=&#8221;Riva Star Aqua \u2013 Odstran\u011bn\u00ed p\u0159ecitliv\u011blosti zubn\u00edch kr\u010dk\u016f&#8221;][\/vc_column_inner][\/vc_row_inner][\/vc_column][\/vc_row]<\/p>\n<\/div>","protected":false},"excerpt":{"rendered":"<p>[vc_row][vc_column][vc_column_text] Riva Star Aqua Videos [\/vc_column_text][vc_row_inner][vc_column_inner][vc_video link=&#8221;https:\/\/youtu.be\/mdj3203Ro-M?feature=shared&#8221; el_width=&#8221;50&#8243; title=&#8221;Riva Star Aqua \u2013 Zastaven\u00ed zubn\u00edho kazu a obnova zubu pomoc\u00ed samotuhnouc\u00edho skloionomern\u00edho cementu a kompozitu (sendvi\u010dov\u00e1 technika)&#8221;][vc_video link=&#8221;https:\/\/youtu.be\/ECjvaBGFF8s?feature=shared&#8221; el_width=&#8221;50&#8243; title=&#8221;Riva Star &hellip; <a href=\"https:\/\/www.sdi.com.au\/cz-cz\/riva-star-aqua-videos\/\" class=\"more-link\">Continue reading<span class=\"screen-reader-text\"> &#8220;Riva Star Aqua videos&#8221;<\/span><\/a><\/p>\n","protected":false},"author":9,"featured_media":0,"parent":0,"menu_order":0,"comment_status":"closed","ping_status":"closed","template":"page-templates\/internal-page.php","meta":{"_acf_changed":false,"_price":"","_stock":"","_tribe_ticket_header":"","_tribe_default_ticket_provider":"","_ticket_start_date":"","_ticket_end_date":"","_tribe_ticket_show_description":"","_tribe_ticket_show_not_going":false,"_tribe_ticket_use_global_stock":"","_tribe_ticket_global_stock_level":"","_global_stock_mode":"","_global_stock_cap":"","_tribe_rsvp_for_event":"","_tribe_ticket_going_count":"","_tribe_ticket_not_going_count":"","_tribe_tickets_list":"[]","_tribe_ticket_has_attendee_info_fields":false,"footnotes":"","_tec_slr_enabled":"","_tec_slr_layout":"","_wp_rev_ctl_limit":""},"class_list":["post-178050","page","type-page","status-publish","hentry"],"acf":[],"ticketed":false,"_links":{"self":[{"href":"https:\/\/www.sdi.com.au\/cz-cz\/wp-json\/wp\/v2\/pages\/178050","targetHints":{"allow":["GET"]}}],"collection":[{"href":"https:\/\/www.sdi.com.au\/cz-cz\/wp-json\/wp\/v2\/pages"}],"about":[{"href":"https:\/\/www.sdi.com.au\/cz-cz\/wp-json\/wp\/v2\/types\/page"}],"author":[{"embeddable":true,"href":"https:\/\/www.sdi.com.au\/cz-cz\/wp-json\/wp\/v2\/users\/9"}],"replies":[{"embeddable":true,"href":"https:\/\/www.sdi.com.au\/cz-cz\/wp-json\/wp\/v2\/comments?post=178050"}],"version-history":[{"count":3,"href":"https:\/\/www.sdi.com.au\/cz-cz\/wp-json\/wp\/v2\/pages\/178050\/revisions"}],"predecessor-version":[{"id":178615,"href":"https:\/\/www.sdi.com.au\/cz-cz\/wp-json\/wp\/v2\/pages\/178050\/revisions\/178615"}],"wp:attachment":[{"href":"https:\/\/www.sdi.com.au\/cz-cz\/wp-json\/wp\/v2\/media?parent=178050"}],"curies":[{"name":"wp","href":"https:\/\/api.w.org\/{rel}","templated":true}]}}