{"id":8184,"date":"2016-12-26T08:58:01","date_gmt":"2016-12-26T08:58:01","guid":{"rendered":"http:\/\/localhost\/sdi\/www\/cz-cz\/pola-downloads\/"},"modified":"2025-09-02T12:11:04","modified_gmt":"2025-09-02T02:11:04","slug":"pola-downloads","status":"publish","type":"page","link":"https:\/\/www.sdi.com.au\/cz-cz\/downloads\/pola-downloads\/","title":{"rendered":"Pola Ke sta\u017een\u00ed"},"content":{"rendered":"<div class=\"wpb-content-wrapper\"><p>[vc_row][vc_column][vc_row_inner el_class=&#8221;no-padding&#8221;][vc_column_inner width=&#8221;2\/3&#8243;][vc_column_text]<\/p>\n<h1 class=\"withimage_noindent\">Pola Ke sta\u017een\u00ed<\/h1>\n<p>[\/vc_column_text][\/vc_column_inner][vc_column_inner width=&#8221;1\/3&#8243;][vc_single_image image=&#8221;30438&#8243; img_size=&#8221;full&#8221;][\/vc_column_inner][\/vc_row_inner][vc_row_inner disable_element=&#8221;yes&#8221; el_class=&#8221;download_item&#8221;][vc_column_inner width=&#8221;2\/3&#8243;][vc_column_text]<\/p>\n<h3>Poopera\u010dn\u00ed informace<\/h3>\n<p>U\u017eite\u010dn\u00e9 informace o tom, jak si nov\u00fd \u00fasm\u011bv po b\u011blic\u00ed procedu\u0159e uchovat co nejd\u00e9le.<\/p>\n<p><a href=\"https:\/\/www.sdi.com.au\/wp-content\/uploads\/2022\/04\/AU-Pola-Post-op-instruction-sheet-ENG-2024.pdf\"><strong>Download PDF File<\/strong><\/a>[\/vc_column_text][\/vc_column_inner][vc_column_inner width=&#8221;1\/3&#8243;][\/vc_column_inner][\/vc_row_inner][\/vc_column][\/vc_row][vc_row][vc_column][vc_separator][\/vc_column][\/vc_row][vc_row][vc_column width=&#8221;1\/2&#8243;][vc_column_text]<\/p>\n<h3>Odstra\u0148ov\u00e1n\u00ed probl\u00e9m\u016f se sv\u011btlem Pola Light<\/h3>\n<p>[\/vc_column_text][\/vc_column][vc_column width=&#8221;1\/2&#8243;][vc_video link=&#8221;https:\/\/youtu.be\/UnPxMS-D8E8?feature=shared&#8221; css=&#8221;&#8221;][\/vc_column][\/vc_row]<\/p>\n<\/div>","protected":false},"excerpt":{"rendered":"<p>[vc_row][vc_column][vc_row_inner el_class=&#8221;no-padding&#8221;][vc_column_inner width=&#8221;2\/3&#8243;][vc_column_text] Pola Ke sta\u017een\u00ed [\/vc_column_text][\/vc_column_inner][vc_column_inner width=&#8221;1\/3&#8243;][vc_single_image image=&#8221;30438&#8243; img_size=&#8221;full&#8221;][\/vc_column_inner][\/vc_row_inner][vc_row_inner disable_element=&#8221;yes&#8221; el_class=&#8221;download_item&#8221;][vc_column_inner width=&#8221;2\/3&#8243;][vc_column_text] Poopera\u010dn\u00ed informace U\u017eite\u010dn\u00e9 informace o tom, jak si nov\u00fd \u00fasm\u011bv po b\u011blic\u00ed procedu\u0159e uchovat co nejd\u00e9le. Download &hellip; <a href=\"https:\/\/www.sdi.com.au\/cz-cz\/downloads\/pola-downloads\/\" class=\"more-link\">Continue reading<span class=\"screen-reader-text\"> &#8220;Pola Ke sta\u017een\u00ed&#8221;<\/span><\/a><\/p>\n","protected":false},"author":14,"featured_media":0,"parent":8236,"menu_order":0,"comment_status":"closed","ping_status":"closed","template":"page-templates\/internal-page.php","meta":{"_acf_changed":false,"_price":"","_stock":"","_tribe_ticket_header":"","_tribe_default_ticket_provider":"TEC\\Tickets\\Commerce\\Module","_ticket_start_date":"","_ticket_end_date":"","_tribe_ticket_show_description":"","_tribe_ticket_show_not_going":false,"_tribe_ticket_use_global_stock":"","_tribe_ticket_global_stock_level":"","_global_stock_mode":"","_global_stock_cap":"","_tribe_rsvp_for_event":"","_tribe_ticket_going_count":"","_tribe_ticket_not_going_count":"","_tribe_tickets_list":"[]","_tribe_ticket_has_attendee_info_fields":false,"footnotes":"","_tec_slr_enabled":"","_tec_slr_layout":"","_wp_rev_ctl_limit":""},"class_list":["post-8184","page","type-page","status-publish","hentry"],"acf":[],"ticketed":false,"_links":{"self":[{"href":"https:\/\/www.sdi.com.au\/cz-cz\/wp-json\/wp\/v2\/pages\/8184","targetHints":{"allow":["GET"]}}],"collection":[{"href":"https:\/\/www.sdi.com.au\/cz-cz\/wp-json\/wp\/v2\/pages"}],"about":[{"href":"https:\/\/www.sdi.com.au\/cz-cz\/wp-json\/wp\/v2\/types\/page"}],"author":[{"embeddable":true,"href":"https:\/\/www.sdi.com.au\/cz-cz\/wp-json\/wp\/v2\/users\/14"}],"replies":[{"embeddable":true,"href":"https:\/\/www.sdi.com.au\/cz-cz\/wp-json\/wp\/v2\/comments?post=8184"}],"version-history":[{"count":11,"href":"https:\/\/www.sdi.com.au\/cz-cz\/wp-json\/wp\/v2\/pages\/8184\/revisions"}],"predecessor-version":[{"id":186422,"href":"https:\/\/www.sdi.com.au\/cz-cz\/wp-json\/wp\/v2\/pages\/8184\/revisions\/186422"}],"up":[{"embeddable":true,"href":"https:\/\/www.sdi.com.au\/cz-cz\/wp-json\/wp\/v2\/pages\/8236"}],"wp:attachment":[{"href":"https:\/\/www.sdi.com.au\/cz-cz\/wp-json\/wp\/v2\/media?parent=8184"}],"curies":[{"name":"wp","href":"https:\/\/api.w.org\/{rel}","templated":true}]}}