{"id":8188,"date":"2016-12-26T08:56:08","date_gmt":"2016-12-26T08:56:08","guid":{"rendered":"http:\/\/localhost\/sdi\/www\/cz-cz\/research-abstracts\/"},"modified":"2025-11-14T14:01:01","modified_gmt":"2025-11-14T03:01:01","slug":"research-abstracts","status":"publish","type":"page","link":"https:\/\/www.sdi.com.au\/cz-cz\/downloads\/research-abstracts\/","title":{"rendered":"Research abstracts"},"content":{"rendered":"<div class=\"wpb-content-wrapper\"><p>[vc_row][vc_column][vc_row_inner el_class=&#8221;no-padding&#8221;][vc_column_inner width=&#8221;2\/3&#8243;][vc_column_text]<\/p>\n<h1>Research abstracts<\/h1>\n<p>[\/vc_column_text][vc_column_text]Prohl\u00e9dn\u011bte si pros\u00edm abstrakty v\u00fdzkum\u016f na\u0161ich produkt\u016f. Abstrakt v\u00fdzkumu konkr\u00e9tn\u00edho produktu zobraz\u00edte kliknut\u00edm na odkaz uveden\u00fd n\u00ed\u017ee.<\/p>\n<p>O plnou verzi v\u00fdzkumu m\u016f\u017eete po\u017e\u00e1dat kliknut\u00edm na odkaz \u201eVy\u017e\u00e1dat plnou kopii\u201c a odesl\u00e1n\u00edm e-mailu s va\u0161\u00edm cel\u00fdm jm\u00e9nem, n\u00e1zvem spole\u010dnosti, va\u0161\u00ed pracovn\u00ed pozic\u00ed a kontaktn\u00edmi \u00fadaji na na\u0161i e-mailovou adresu.[\/vc_column_text][\/vc_column_inner][vc_column_inner width=&#8221;1\/3&#8243;][vc_empty_space height=&#8221;30px&#8221;][vc_single_image image=&#8221;30438&#8243; img_size=&#8221;full&#8221;][\/vc_column_inner][\/vc_row_inner][vc_row_inner el_class=&#8221;download_item&#8221;][vc_column_inner width=&#8221;1\/4&#8243;][vc_column_text]<\/p>\n<table>\n<tbody>\n<tr>\n<td width=\"35\"><img loading=\"lazy\" decoding=\"async\" class=\"alignnone wp-image-519 size-full\" src=\"\/wp-content\/uploads\/2017\/01\/aura-sth.jpg\" width=\"25\" height=\"25\" \/><\/td>\n<td><a href=\"\/cz-cz\/downloads\/research-abstracts\/research-abstracts-aura\/\" target=\"_self\" rel=\"noopener\"><b>aura <\/b><\/a><\/td>\n<\/tr>\n<\/tbody>\n<\/table>\n<p>[\/vc_column_text][vc_column_text]<\/p>\n<table>\n<tbody>\n<tr>\n<td width=\"35\"><img loading=\"lazy\" decoding=\"async\" class=\"alignnone wp-image-531 size-full\" src=\"\/wp-content\/uploads\/2017\/01\/CONSEAL-F_SYRINGES-sth.jpg\" width=\"25\" height=\"25\" \/><\/td>\n<td><b><a href=\"\/cz-cz\/downloads\/research-abstracts\/research-abstracts-conseal-f\/\" target=\"_self\" rel=\"noopener\">conseal f<\/a><\/b><\/td>\n<\/tr>\n<\/tbody>\n<\/table>\n<p>[\/vc_column_text][vc_column_text]<\/p>\n<table>\n<tbody>\n<tr>\n<td width=\"35\"><img loading=\"lazy\" decoding=\"async\" class=\"alignnone wp-image-779 size-full\" src=\"\/wp-content\/uploads\/2017\/01\/F-400-30g-Powder-sth.jpg\" width=\"25\" height=\"25\" \/><\/td>\n<td><b><a class=\"jce_file\" title=\"f-400\" href=\"\/cz-cz\/downloads\/research-abstracts\/research-abstracts-f400\/\" target=\"_self\" rel=\"noopener\">f-400<\/a><\/b><\/td>\n<\/tr>\n<\/tbody>\n<\/table>\n<p>[\/vc_column_text][vc_column_text]<\/p>\n<table>\n<tbody>\n<tr>\n<td width=\"35\"><img loading=\"lazy\" decoding=\"async\" class=\"alignnone wp-image-1321 size-full\" src=\"\/wp-content\/uploads\/2017\/01\/Freedom-Intro-Kit-sth.jpg\" width=\"25\" height=\"25\" \/><\/td>\n<td><b><a class=\"jce_file\" title=\"freedom\" href=\"\/cz-cz\/downloads\/research-abstracts\/research-abstracts-freedom\/\" target=\"_self\" rel=\"noopener\">freedom<\/a><\/b><\/td>\n<\/tr>\n<\/tbody>\n<\/table>\n<p>[\/vc_column_text][vc_column_text]<\/p>\n<table>\n<tbody>\n<tr>\n<td width=\"35\"><img loading=\"lazy\" decoding=\"async\" class=\"alignnone wp-image-534 size-full\" src=\"\/wp-content\/uploads\/2017\/01\/Frog-Intro-kit-sth.jpg\" width=\"25\" height=\"25\" \/><\/td>\n<td><b><a class=\"jce_file\" title=\"frog\" href=\"\/cz-cz\/downloads\/research-abstracts\/research-abstracts-frog\/\" target=\"_self\" rel=\"noopener\">frog<\/a><\/b><\/td>\n<\/tr>\n<\/tbody>\n<\/table>\n<p>[\/vc_column_text][vc_column_text]<\/p>\n<table>\n<tbody>\n<tr>\n<td width=\"35\"><img loading=\"lazy\" decoding=\"async\" class=\"alignnone wp-image-559 size-full\" src=\"\/wp-content\/uploads\/2017\/01\/Glacier-syr-n-comp-sth.jpg\" width=\"25\" height=\"25\" \/><\/td>\n<td><b><a class=\"jce_file\" title=\"glacier\" href=\"\/cz-cz\/downloads\/research-abstracts\/research-abstracts-glacier\/\" target=\"_self\" rel=\"noopener\">glacier<\/a><\/b><\/td>\n<\/tr>\n<\/tbody>\n<\/table>\n<p>[\/vc_column_text][vc_column_text]<\/p>\n<table>\n<tbody>\n<tr>\n<td width=\"35\"><img loading=\"lazy\" decoding=\"async\" class=\"alignnone wp-image-561 size-full\" src=\"\/wp-content\/uploads\/2017\/01\/GS-80-capsule-sth.jpg\" width=\"25\" height=\"25\" \/><\/td>\n<td><b><a href=\"\/cz-cz\/downloads\/research-abstracts\/research-abstracts-gs80\/\" target=\"_self\" rel=\"noopener\">gs-80<\/a><\/b><\/td>\n<\/tr>\n<\/tbody>\n<\/table>\n<p>[\/vc_column_text][vc_column_text]<\/p>\n<table>\n<tbody>\n<tr>\n<td width=\"35\"><img loading=\"lazy\" decoding=\"async\" class=\"alignnone wp-image-560 size-full\" src=\"\/wp-content\/uploads\/2017\/01\/Go-Bottles-x-3-sth.jpg\" width=\"25\" height=\"25\" \/><\/td>\n<td><b><a href=\"\/cz-cz\/downloads\/research-abstracts\/research-abstracts-go\/\" target=\"_self\" rel=\"noopener\">go!<\/a><\/b><\/td>\n<\/tr>\n<\/tbody>\n<\/table>\n<p>[\/vc_column_text][\/vc_column_inner][vc_column_inner width=&#8221;1\/4&#8243;][vc_column_text]<\/p>\n<table>\n<tbody>\n<tr>\n<td width=\"35\"><img loading=\"lazy\" decoding=\"async\" class=\"alignnone wp-image-563 size-full\" src=\"\/wp-content\/uploads\/2017\/01\/Ice-Syringes-sth.jpg\" width=\"25\" height=\"25\" \/><\/td>\n<td><b><a class=\"jce_file\" title=\"ice\" href=\"\/cz-cz\/downloads\/research-abstracts\/research-abstracts-ice\/\" target=\"_self\" rel=\"noopener\">ice<\/a><\/b><\/td>\n<\/tr>\n<\/tbody>\n<\/table>\n<p>[\/vc_column_text][vc_column_text]<\/p>\n<table>\n<tbody>\n<tr>\n<td width=\"35\"><img loading=\"lazy\" decoding=\"async\" class=\"alignnone wp-image-565 size-full\" src=\"\/wp-content\/uploads\/2017\/01\/Radiometer-sth.jpg\" width=\"25\" height=\"25\" \/><\/td>\n<td><b><a href=\"\/cz-cz\/downloads\/research-abstracts\/research-abstracts-led-radiometer\/\" target=\"_self\" rel=\"noopener\">LED radiometer<\/a><\/b><\/td>\n<\/tr>\n<\/tbody>\n<\/table>\n<p>[\/vc_column_text][vc_column_text]<\/p>\n<table>\n<tbody>\n<tr>\n<td width=\"35\"><img loading=\"lazy\" decoding=\"async\" class=\"alignnone wp-image-586 size-full\" src=\"\/wp-content\/uploads\/2017\/01\/Lojic_plus-cap-sth.jpg\" width=\"25\" height=\"25\" \/><\/td>\n<td><b><a class=\"jce_file\" title=\"new ultrafine\" href=\"\/cz-cz\/downloads\/research-abstracts\/research-abstracts-lojic\/\" target=\"_self\" rel=\"noopener\">lojic +<\/a><\/b><\/td>\n<\/tr>\n<\/tbody>\n<\/table>\n<p>[\/vc_column_text][vc_column_text]<\/p>\n<table>\n<tbody>\n<tr>\n<td width=\"35\"><img loading=\"lazy\" decoding=\"async\" class=\"alignnone wp-image-1313 size-full\" src=\"\/wp-content\/uploads\/2017\/01\/Luna-Syringes-sth.jpg\" width=\"25\" height=\"25\" \/><\/td>\n<td><a href=\"\/cz-cz\/downloads\/research-abstracts\/research-abstracts-luna\/\" target=\"_self\" rel=\"noopener\"><b>luna <\/b><\/a><\/td>\n<\/tr>\n<\/tbody>\n<\/table>\n<p>[\/vc_column_text][vc_column_text]<\/p>\n<table>\n<tbody>\n<tr>\n<td width=\"35\"><img loading=\"lazy\" decoding=\"async\" class=\"alignnone wp-image-589 size-full\" src=\"\/wp-content\/uploads\/2017\/01\/Permite-capsule-sth.jpg\" width=\"25\" height=\"25\" \/><\/td>\n<td><b><a class=\"jce_file\" title=\"new ultrafine\" href=\"\/cz-cz\/downloads\/research-abstracts\/research-abstracts-permite\/\" target=\"_self\" rel=\"noopener\">permite<\/a><\/b><\/td>\n<\/tr>\n<\/tbody>\n<\/table>\n<p>[\/vc_column_text][vc_column_text]<\/p>\n<table>\n<tbody>\n<tr>\n<td width=\"35\"><img loading=\"lazy\" decoding=\"async\" class=\"alignnone wp-image-793 size-full\" src=\"\/pdfs\/icons\/poladay polanight.jpg\" width=\"25\" height=\"25\" \/><\/td>\n<td><b><a href=\"\/cz-cz\/downloads\/research-abstracts\/research-abstracts-pola-day-pola-night\/\" target=\"_self\" rel=\"noopener\">pola day \/ pola night<\/a><\/b><\/td>\n<\/tr>\n<\/tbody>\n<\/table>\n<p>[\/vc_column_text][vc_column_text]<\/p>\n<table>\n<tbody>\n<tr>\n<td width=\"35\"><img loading=\"lazy\" decoding=\"async\" class=\"alignnone wp-image-793 size-full\" src=\"\/pdfs\/icons\/polaoffice-eu.jpg\" width=\"25\" height=\"25\" \/><\/td>\n<td><b><a href=\"\/cz-cz\/downloads\/research-abstracts\/research-abstracts-pola-office\/\" target=\"_self\" rel=\"noopener\">pola office<\/a><\/b><\/td>\n<\/tr>\n<\/tbody>\n<\/table>\n<p>[\/vc_column_text][vc_column_text]<\/p>\n<table>\n<tbody>\n<tr>\n<td width=\"35\"><img loading=\"lazy\" decoding=\"async\" class=\"alignnone wp-image-793 size-full\" src=\"\/pdfs\/icons\/polaoffice-plus-eu.jpg\" width=\"25\" height=\"25\" \/><\/td>\n<td><b><a href=\"\/cz-cz\/downloads\/research-abstracts\/research-abstracts-pola-office-2\/\" target=\"_self\" rel=\"noopener\">pola office+<\/a> <\/b><\/td>\n<\/tr>\n<\/tbody>\n<\/table>\n<p>[\/vc_column_text][vc_column_text]<\/p>\n<table>\n<tbody>\n<tr>\n<td width=\"35\"><img loading=\"lazy\" decoding=\"async\" class=\"alignnone wp-image-793 size-full\" src=\"\/pdfs\/icons\/poladay cp.jpg\" width=\"25\" height=\"25\" \/><\/td>\n<td><b><a href=\"\/cz-cz\/downloads\/research-abstracts\/research-abstracts-pola-day-cp-pola-zing\/\" target=\"_self\" rel=\"noopener\">pola day CP \/ pola zing<\/a><\/b><\/td>\n<\/tr>\n<\/tbody>\n<\/table>\n<p>[\/vc_column_text][\/vc_column_inner][vc_column_inner width=&#8221;1\/4&#8243;][vc_column_text]<\/p>\n<table>\n<tbody>\n<tr>\n<td width=\"35\"><img loading=\"lazy\" decoding=\"async\" class=\"alignnone wp-image-599 size-full\" src=\"\/wp-content\/uploads\/2017\/01\/Radii-Plus-sth.jpg\" width=\"25\" height=\"25\" \/><\/td>\n<td><b><a href=\"\/cz-cz\/downloads\/research-abstracts\/research-abstracts-radii-plus\/\" target=\"_self\" rel=\"noopener\">radii plus<\/a><\/b><\/td>\n<\/tr>\n<\/tbody>\n<\/table>\n<p>[\/vc_column_text][vc_column_text]<\/p>\n<table>\n<tbody>\n<tr>\n<td width=\"35\"><img loading=\"lazy\" decoding=\"async\" class=\"alignnone wp-image-639 size-full\" src=\"\/wp-content\/uploads\/2017\/01\/Riva-BondLC-Capsule-sth.jpg\" width=\"25\" height=\"25\" \/><\/td>\n<td><b><a href=\"\/cz-cz\/downloads\/research-abstracts\/research-abstracts-riva-bond-lc\/\" target=\"_self\" rel=\"noopener\">riva bond LC<\/a> <\/b><\/td>\n<\/tr>\n<\/tbody>\n<\/table>\n<p>[\/vc_column_text][vc_column_text]<\/p>\n<table>\n<tbody>\n<tr>\n<td width=\"35\"><img loading=\"lazy\" decoding=\"async\" class=\"alignnone wp-image-640 size-full\" src=\"\/wp-content\/uploads\/2017\/01\/RIva-Light-Cure-Capsule-sth.jpg\" width=\"25\" height=\"25\" \/><\/td>\n<td><b><a href=\"\/cz-cz\/downloads\/research-abstracts\/research-abstracts-riva-light-cure\/\" target=\"_self\" rel=\"noopener\">riva light cure \/ riva light cure HV<\/a><\/b><\/td>\n<\/tr>\n<\/tbody>\n<\/table>\n<p>[\/vc_column_text][vc_column_text]<\/p>\n<table>\n<tbody>\n<tr>\n<td width=\"35\"><img loading=\"lazy\" decoding=\"async\" class=\"alignnone wp-image-641 size-full\" src=\"\/wp-content\/uploads\/2017\/01\/Riva-Luting-Capsule-sth.jpg\" width=\"25\" height=\"25\" \/><\/td>\n<td><b><a href=\"http:\/\/www.sdi.com.au\/cz-cz\/research-abstracts\/research-abstracts-riva-luting\/\" target=\"_self\" rel=\"noopener\">riva luting<\/a><\/b><\/td>\n<\/tr>\n<\/tbody>\n<\/table>\n<p>[\/vc_column_text][vc_column_text]<\/p>\n<table>\n<tbody>\n<tr>\n<td width=\"35\"><img loading=\"lazy\" decoding=\"async\" class=\"alignnone wp-image-642 size-full\" src=\"\/wp-content\/uploads\/2017\/01\/Riva-Lut-PlusCapSML-JPN-sth.jpg\" width=\"25\" height=\"25\" \/><\/td>\n<td><b><a href=\"\/cz-cz\/downloads\/research-abstracts\/research-abstracts-riva-luting-plus-research\/\" target=\"_self\" rel=\"noopener\">riva luting plus<\/a><\/b><\/td>\n<\/tr>\n<\/tbody>\n<\/table>\n<p>[\/vc_column_text][vc_column_text]<\/p>\n<table>\n<tbody>\n<tr>\n<td width=\"35\"><img loading=\"lazy\" decoding=\"async\" class=\"alignnone wp-image-643 size-full\" src=\"\/wp-content\/uploads\/2017\/01\/Riva-Prot-White-Capsule-sth.jpg\" width=\"25\" height=\"25\" \/><\/td>\n<td><b><a href=\"\/cz-cz\/downloads\/research-abstracts\/research-abstracts-riva-protect-research\/\" target=\"_self\" rel=\"noopener\">riva protect<\/a><\/b><\/td>\n<\/tr>\n<\/tbody>\n<\/table>\n<p>[\/vc_column_text][vc_column_text]<\/p>\n<table>\n<tbody>\n<tr>\n<td width=\"35\"><img loading=\"lazy\" decoding=\"async\" class=\"alignnone wp-image-680 size-full\" src=\"\/wp-content\/uploads\/2017\/01\/Riva-Self-Cure-Capsule-sth.jpg\" width=\"25\" height=\"25\" \/><\/td>\n<td><b><a href=\"\/cz-cz\/downloads\/research-abstracts\/riva-self-cure-riva-self-cure-hv-research\/\" target=\"_self\" rel=\"noopener\">riva self cure \/ riva self cure HV<\/a><\/b><\/td>\n<\/tr>\n<\/tbody>\n<\/table>\n<p>[\/vc_column_text][vc_column_text]<\/p>\n<table>\n<tbody>\n<tr>\n<td width=\"35\"><img loading=\"lazy\" decoding=\"async\" class=\"alignnone wp-image-681 size-full\" src=\"\/wp-content\/uploads\/2017\/01\/Riva-Silver-Capsule-sth.jpg\" width=\"25\" height=\"25\" \/><\/td>\n<td><b><a href=\"\/cz-cz\/downloads\/research-abstracts\/research-abstracts-riva-silver-research\/\" target=\"_self\" rel=\"noopener\">riva silver<\/a><\/b><\/td>\n<\/tr>\n<\/tbody>\n<\/table>\n<p>[\/vc_column_text][\/vc_column_inner][vc_column_inner width=&#8221;1\/4&#8243;][vc_column_text]<\/p>\n<table>\n<tbody>\n<tr>\n<td width=\"35\"><img loading=\"lazy\" decoding=\"async\" class=\"alignnone wp-image-682 size-full\" src=\"\/wp-content\/uploads\/2017\/01\/Riva-Star-Capsule-sth.jpg\" width=\"25\" height=\"25\" \/><\/td>\n<td><b><a href=\"\/cz-cz\/downloads\/research-abstracts\/research-abstracts-riva-star-research\/\" target=\"_self\" rel=\"noopener\">riva star<\/a> <\/b><\/td>\n<\/tr>\n<\/tbody>\n<\/table>\n<p>[\/vc_column_text][vc_column_text]<\/p>\n<table>\n<tbody>\n<tr>\n<td width=\"35\"><img loading=\"lazy\" decoding=\"async\" class=\"alignnone wp-image-684 size-full\" src=\"\/wp-content\/uploads\/2017\/01\/Rok-Syr-Complets-sth.jpg\" width=\"25\" height=\"25\" \/><\/td>\n<td><b><a class=\"jce_file\" title=\"rok\" href=\"\/cz-cz\/downloads\/research-abstracts\/research-abstracts-rok-research\/\" target=\"_self\" rel=\"noopener\">rok<\/a><\/b><\/td>\n<\/tr>\n<\/tbody>\n<\/table>\n<p>[\/vc_column_text][vc_column_text]<\/p>\n<table>\n<tbody>\n<tr>\n<td width=\"35\"><img loading=\"lazy\" decoding=\"async\" class=\"alignnone wp-image-717 size-full\" src=\"\/wp-content\/uploads\/2017\/01\/seT-capsule-sth.jpg\" width=\"25\" height=\"25\" \/><\/td>\n<td><b><a href=\"\/cz-cz\/downloads\/research-abstracts\/research-abstracts-set-research\/\" target=\"_self\" rel=\"noopener\">seT<\/a><\/b><\/td>\n<\/tr>\n<\/tbody>\n<\/table>\n<p>[\/vc_column_text][vc_column_text]<\/p>\n<table>\n<tbody>\n<tr>\n<td width=\"35\"><img loading=\"lazy\" decoding=\"async\" class=\"alignnone wp-image-1296 size-full\" src=\"\/wp-content\/uploads\/2017\/01\/seT-PP-syringe-tips-sth.jpg\" width=\"25\" height=\"25\" \/><\/td>\n<td><b><a href=\"\/cz-cz\/downloads\/research-abstracts\/research-abstracts-set-pp-research\/\" target=\"_self\" rel=\"noopener\">seT PP<\/a><\/b><\/td>\n<\/tr>\n<\/tbody>\n<\/table>\n<p>[\/vc_column_text][vc_column_text]<\/p>\n<table>\n<tbody>\n<tr>\n<td width=\"35\"><img loading=\"lazy\" decoding=\"async\" class=\"alignnone wp-image-793 size-full\" src=\"\/pdfs\/icons\/soothe.jpg\" width=\"25\" height=\"25\" \/><\/td>\n<td><b><a href=\"\/cz-cz\/downloads\/research-abstracts\/research-abstracts-soothe-research\/\" target=\"_self\" rel=\"noopener\">soothe<\/a><\/b><\/td>\n<\/tr>\n<\/tbody>\n<\/table>\n<p>[\/vc_column_text][vc_column_text]<\/p>\n<table>\n<tbody>\n<tr>\n<td width=\"35\"><img loading=\"lazy\" decoding=\"async\" class=\"alignnone wp-image-721 size-full\" src=\"\/wp-content\/uploads\/2017\/01\/Stae-Bottle-sth.jpg\" width=\"25\" height=\"25\" \/><\/td>\n<td><b><a href=\"\/cz-cz\/downloads\/research-abstracts\/research-abstracts-stae-research\/\" target=\"_self\" rel=\"noopener\">stae<\/a><\/b><\/td>\n<\/tr>\n<\/tbody>\n<\/table>\n<p>[\/vc_column_text][vc_column_text]<\/p>\n<table>\n<tbody>\n<tr>\n<td width=\"35\"><img loading=\"lazy\" decoding=\"async\" class=\"alignnone wp-image-733 size-full\" src=\"\/wp-content\/uploads\/2017\/01\/Wave-Syringes-Comp-sth.jpg\" width=\"25\" height=\"25\" \/><\/td>\n<td><b><a href=\"\/cz-cz\/downloads\/research-abstracts\/research-abstracts-wave-research\/\" target=\"_self\" rel=\"noopener\">wave<\/a><\/b><\/td>\n<\/tr>\n<\/tbody>\n<\/table>\n<p>[\/vc_column_text][\/vc_column_inner][\/vc_row_inner][\/vc_column][\/vc_row]<\/p>\n<\/div>","protected":false},"excerpt":{"rendered":"<p>[vc_row][vc_column][vc_row_inner el_class=&#8221;no-padding&#8221;][vc_column_inner width=&#8221;2\/3&#8243;][vc_column_text] Research abstracts [\/vc_column_text][vc_column_text]Prohl\u00e9dn\u011bte si pros\u00edm abstrakty v\u00fdzkum\u016f na\u0161ich produkt\u016f. Abstrakt v\u00fdzkumu konkr\u00e9tn\u00edho produktu zobraz\u00edte kliknut\u00edm na odkaz uveden\u00fd n\u00ed\u017ee. O plnou verzi v\u00fdzkumu m\u016f\u017eete po\u017e\u00e1dat kliknut\u00edm na &hellip; <a href=\"https:\/\/www.sdi.com.au\/cz-cz\/downloads\/research-abstracts\/\" class=\"more-link\">Continue reading<span class=\"screen-reader-text\"> &#8220;Research abstracts&#8221;<\/span><\/a><\/p>\n","protected":false},"author":14,"featured_media":0,"parent":8236,"menu_order":0,"comment_status":"closed","ping_status":"closed","template":"page-templates\/internal-page.php","meta":{"_acf_changed":false,"_price":"","_stock":"","_tribe_ticket_header":"","_tribe_default_ticket_provider":"","_ticket_start_date":"","_ticket_end_date":"","_tribe_ticket_show_description":"","_tribe_ticket_show_not_going":false,"_tribe_ticket_use_global_stock":"","_tribe_ticket_global_stock_level":"","_global_stock_mode":"","_global_stock_cap":"","_tribe_rsvp_for_event":"","_tribe_ticket_going_count":"","_tribe_ticket_not_going_count":"","_tribe_tickets_list":"[]","_tribe_ticket_has_attendee_info_fields":false,"footnotes":"","_tec_slr_enabled":"","_tec_slr_layout":"","_wp_rev_ctl_limit":""},"class_list":["post-8188","page","type-page","status-publish","hentry"],"acf":[],"ticketed":false,"_links":{"self":[{"href":"https:\/\/www.sdi.com.au\/cz-cz\/wp-json\/wp\/v2\/pages\/8188","targetHints":{"allow":["GET"]}}],"collection":[{"href":"https:\/\/www.sdi.com.au\/cz-cz\/wp-json\/wp\/v2\/pages"}],"about":[{"href":"https:\/\/www.sdi.com.au\/cz-cz\/wp-json\/wp\/v2\/types\/page"}],"author":[{"embeddable":true,"href":"https:\/\/www.sdi.com.au\/cz-cz\/wp-json\/wp\/v2\/users\/14"}],"replies":[{"embeddable":true,"href":"https:\/\/www.sdi.com.au\/cz-cz\/wp-json\/wp\/v2\/comments?post=8188"}],"version-history":[{"count":7,"href":"https:\/\/www.sdi.com.au\/cz-cz\/wp-json\/wp\/v2\/pages\/8188\/revisions"}],"predecessor-version":[{"id":187941,"href":"https:\/\/www.sdi.com.au\/cz-cz\/wp-json\/wp\/v2\/pages\/8188\/revisions\/187941"}],"up":[{"embeddable":true,"href":"https:\/\/www.sdi.com.au\/cz-cz\/wp-json\/wp\/v2\/pages\/8236"}],"wp:attachment":[{"href":"https:\/\/www.sdi.com.au\/cz-cz\/wp-json\/wp\/v2\/media?parent=8188"}],"curies":[{"name":"wp","href":"https:\/\/api.w.org\/{rel}","templated":true}]}}