{"id":8210,"date":"2016-12-27T02:33:15","date_gmt":"2016-12-27T02:33:15","guid":{"rendered":"http:\/\/localhost\/sdi\/www\/cz-cz\/company\/"},"modified":"2019-03-28T17:12:09","modified_gmt":"2019-03-28T06:12:09","slug":"company","status":"publish","type":"page","link":"https:\/\/www.sdi.com.au\/cz-cz\/company\/","title":{"rendered":"Company"},"content":{"rendered":"<div class=\"wpb-content-wrapper\"><p>[vc_row][vc_column][vc_row_inner el_class=&#8221;no-padding&#8221;][vc_column_inner][vc_column_text]<\/p>\n<h1>Company<\/h1>\n<p>[\/vc_column_text][\/vc_column_inner][\/vc_row_inner][vc_row_inner el_class=&#8221;no-padding item_landing&#8221;][vc_column_inner width=&#8221;1\/3&#8243;][vc_column_text el_class=&#8221;landing_page_item grey1&#8243;]<\/p>\n<h3>O n\u00e1s<\/h3>\n<p><a href=\"..\/company\/about-us\/\">Dal\u0161\u00ed Informace<\/a>[\/vc_column_text][\/vc_column_inner][vc_column_inner width=&#8221;1\/3&#8243;][vc_column_text el_class=&#8221;landing_page_item grey2&#8243;]<\/p>\n<h3>Information on Directors<\/h3>\n<p><a href=\"..\/company\/information-on-directors\/\">Dal\u0161\u00ed Informace<\/a>[\/vc_column_text][\/vc_column_inner][vc_column_inner width=&#8221;1\/3&#8243;][vc_column_text el_class=&#8221;landing_page_item grey3&#8243;]<\/p>\n<h3>SDI Your Smile. Our Vision.<\/h3>\n<p><a href=\"..\/company\/sdi-smile-vision\/\">Dal\u0161\u00ed Informace<\/a>[\/vc_column_text][\/vc_column_inner][\/vc_row_inner][\/vc_column][\/vc_row]<\/p>\n<\/div>","protected":false},"excerpt":{"rendered":"<p>[vc_row][vc_column][vc_row_inner el_class=&#8221;no-padding&#8221;][vc_column_inner][vc_column_text] Company [\/vc_column_text][\/vc_column_inner][\/vc_row_inner][vc_row_inner el_class=&#8221;no-padding item_landing&#8221;][vc_column_inner width=&#8221;1\/3&#8243;][vc_column_text el_class=&#8221;landing_page_item grey1&#8243;] O n\u00e1s Dal\u0161\u00ed Informace[\/vc_column_text][\/vc_column_inner][vc_column_inner width=&#8221;1\/3&#8243;][vc_column_text el_class=&#8221;landing_page_item grey2&#8243;] Information on Directors Dal\u0161\u00ed Informace[\/vc_column_text][\/vc_column_inner][vc_column_inner width=&#8221;1\/3&#8243;][vc_column_text el_class=&#8221;landing_page_item grey3&#8243;] SDI Your Smile. Our Vision. Dal\u0161\u00ed &hellip; <a href=\"https:\/\/www.sdi.com.au\/cz-cz\/company\/\" class=\"more-link\">Continue reading<span class=\"screen-reader-text\"> &#8220;Company&#8221;<\/span><\/a><\/p>\n","protected":false},"author":14,"featured_media":0,"parent":0,"menu_order":1,"comment_status":"closed","ping_status":"closed","template":"page-templates\/internal-page.php","meta":{"_acf_changed":false,"_price":"","_stock":"","_tribe_ticket_header":"","_tribe_default_ticket_provider":"","_ticket_start_date":"","_ticket_end_date":"","_tribe_ticket_show_description":"","_tribe_ticket_show_not_going":false,"_tribe_ticket_use_global_stock":"","_tribe_ticket_global_stock_level":"","_global_stock_mode":"","_global_stock_cap":"","_tribe_rsvp_for_event":"","_tribe_ticket_going_count":"","_tribe_ticket_not_going_count":"","_tribe_tickets_list":"[]","_tribe_ticket_has_attendee_info_fields":false,"footnotes":"","_tec_slr_enabled":"","_tec_slr_layout":"","_wp_rev_ctl_limit":""},"class_list":["post-8210","page","type-page","status-publish","hentry"],"acf":[],"ticketed":false,"_links":{"self":[{"href":"https:\/\/www.sdi.com.au\/cz-cz\/wp-json\/wp\/v2\/pages\/8210","targetHints":{"allow":["GET"]}}],"collection":[{"href":"https:\/\/www.sdi.com.au\/cz-cz\/wp-json\/wp\/v2\/pages"}],"about":[{"href":"https:\/\/www.sdi.com.au\/cz-cz\/wp-json\/wp\/v2\/types\/page"}],"author":[{"embeddable":true,"href":"https:\/\/www.sdi.com.au\/cz-cz\/wp-json\/wp\/v2\/users\/14"}],"replies":[{"embeddable":true,"href":"https:\/\/www.sdi.com.au\/cz-cz\/wp-json\/wp\/v2\/comments?post=8210"}],"version-history":[{"count":5,"href":"https:\/\/www.sdi.com.au\/cz-cz\/wp-json\/wp\/v2\/pages\/8210\/revisions"}],"predecessor-version":[{"id":18863,"href":"https:\/\/www.sdi.com.au\/cz-cz\/wp-json\/wp\/v2\/pages\/8210\/revisions\/18863"}],"wp:attachment":[{"href":"https:\/\/www.sdi.com.au\/cz-cz\/wp-json\/wp\/v2\/media?parent=8210"}],"curies":[{"name":"wp","href":"https:\/\/api.w.org\/{rel}","templated":true}]}}