{"id":8215,"date":"2016-12-06T02:10:18","date_gmt":"2016-12-06T02:10:18","guid":{"rendered":"http:\/\/localhost\/sdi\/www\/cz-cz\/company\/about-us\/"},"modified":"2023-02-20T21:14:06","modified_gmt":"2023-02-20T10:14:06","slug":"about-us","status":"publish","type":"page","link":"https:\/\/www.sdi.com.au\/cz-cz\/company\/about-us\/","title":{"rendered":"O n\u00e1s"},"content":{"rendered":"<div class=\"wpb-content-wrapper\"><p>[vc_row el_class=&#8221;no-padding&#8221;][vc_column][vc_row_inner el_class=&#8221;about_sec1 wrapp no-padding&#8221;][vc_column_inner el_class=&#8221;about_sec1_in&#8221;][vc_column_text el_class=&#8221;heading_title&#8221;]<\/p>\n<h1>O n\u00e1s<\/h1>\n<p>[\/vc_column_text][vc_column_text]Spole\u010dnost SDI Limited se zab\u00fdv\u00e1 p\u0159edev\u0161\u00edm v\u00fdzkumem a v\u00fdvojem, v\u00fdrobou a propagac\u00ed specializovan\u00fdch dent\u00e1ln\u00edch materi\u00e1l\u016f. Produkty spole\u010dnosti SDI kombinuj\u00ed inovaci, excelentn\u00ed zpracov\u00e1n\u00ed a pro odborn\u00edky p\u0159estavuj\u00ed perfektn\u00ed \u0159e\u0161en\u00ed.<\/p>\n<p>Spole\u010dnost SDI byla zalo\u017eena v roce 1972 a rychle se stala p\u0159edn\u00edm dodavatelem specializovan\u00fdch dent\u00e1ln\u00edch materi\u00e1l\u016f. Od roku 1985 se s akciemi spole\u010dnosti obchoduje na australsk\u00e9 burze.<\/p>\n<p>V\u0161echny produkty jsou vyr\u00e1b\u011bny ve st\u00e1t\u011b Victoria nach\u00e1zej\u00edc\u00edm se v jihov\u00fdchodn\u00ed \u010d\u00e1sti Austr\u00e1lie. Produkty spole\u010dnosti SDI jsou d\u00edky distribu\u010dn\u00ed a maloobchodn\u00ed s\u00edti ke koupi ve v\u00edce ne\u017e 100 zem\u00edch po cel\u00e9m sv\u011bt\u011b. Kancel\u00e1\u0159e a sklady spole\u010dnosti se nach\u00e1z\u00ed v Chicagu, USA; Kol\u00edn\u011b, N\u011bmecko; Dublinu, Irsko a Sao Paulu a Braz\u00edlii.[\/vc_column_text][\/vc_column_inner][\/vc_row_inner][\/vc_column][\/vc_row][vc_row el_class=&#8221;about_sec2 no-padding&#8221;][vc_column][vc_row_inner el_class=&#8221;wrapp no-padding quote_home&#8221;][vc_column_inner][vc_column_text]Posl\u00e1n\u00edm spole\u010dnosti SDI je v pracovn\u00edm prost\u0159ed\u00ed, kter\u00e9 p\u0159it\u00e1hne kompetentn\u00ed, oddan\u00e9 a vysoce motivovan\u00e9 zam\u011bstnance, pro sv\u011btov\u00fd trh v oblasti stomatologie vyr\u00e1b\u011bt a nab\u00edzet inovativn\u00ed spot\u0159ebn\u00ed zbo\u017e\u00ed t\u00e9 nejvy\u0161\u0161\u00ed kvality a t\u00edmto pro akcion\u00e1\u0159e dos\u00e1hnout maxim\u00e1ln\u00edch udr\u017eiteln\u00fdch v\u00fdnos\u016f.[\/vc_column_text][vc_column_text el_class=&#8221;quote_home_name&#8221;]S D I[\/vc_column_text][\/vc_column_inner][\/vc_row_inner][\/vc_column][\/vc_row][vc_row el_class=&#8221;wrapp no-padding margin_top&#8221;][vc_column][vc_column_text]<div class=\"wk-categories clearfix\"><div class=\"cat_row_head_25 cat_row_head cat_row sdi-products\">\n\t\t<div class=\"cat_row_tbabs\">\n\t\t<div class=\"cat_row_tb\">\n\t\t<div class=\"cat_row_cell\">\n\t\t\t<h3>SDI Produkty<\/h3>\n\t\t<\/div>\n\t\t<\/div>\n\t\t<\/div>\n\t<\/div><div class=\"cat_row wk-adhesives_cz-cz\">\n\t\t\t<div class=\"cat_row_tbabs\">\n\t\t\t<div class=\"cat_row_tb\">\n\t\t\t\t<div class=\"cat_row_cell ct_in\">\n\t\t\t\t\t<h3>Adheziva<\/h3>\n\t\t\t\t\t<img decoding=\"async\" class=\"alignnone size-medium wp-image-75\" src=\"https:\/\/www.sdi.com.au\/wp-content\/uploads\/2017\/05\/adhesives.jpg\">\n\t\t\t\t<\/div>\n\t\t\t<\/div>\n\t\t\t<\/div>\n\t\t\t<div class=\"wk-shortdesc\">\n\t\t\t<div class=\"cat_row_tbabs\">\n\t\t\t<div class=\"cat_row_tb\">\n\t\t\t\t<div class=\"cat_row_cell ct_inpop\">\n\t\t\t\t<h3>Adheziva<\/h3>\n\t\t\t\t<img decoding=\"async\" class=\"alignnone size-medium wp-image-75\" src=\"https:\/\/www.sdi.com.au\/wp-content\/uploads\/2017\/05\/adhesives.jpg\">\n\t\t\t\t<a href=\"https:\/\/www.sdi.com.au\/cz-cz\/produkty-cz-cz\/adhesives_cz-cz\/\">P&#x159;e&#x10d;t&#x11b;te si v&iacute;ce<\/a>\n\t\t\t\t<\/div>\n\t\t\t<\/div>\n\t\t\t<\/div>\n\t\t\t<\/div>\n\t\t<\/div>\n\t\t<div class=\"cat_row wk-amalgams_cz-cz\">\n\t\t\t<div class=\"cat_row_tbabs\">\n\t\t\t<div class=\"cat_row_tb\">\n\t\t\t\t<div class=\"cat_row_cell ct_in\">\n\t\t\t\t\t<h3>Amalg\u00e1my<\/h3>\n\t\t\t\t\t<img decoding=\"async\" class=\"alignnone size-medium wp-image-75\" src=\"https:\/\/www.sdi.com.au\/wp-content\/uploads\/2017\/05\/amalgam.jpg\">\n\t\t\t\t<\/div>\n\t\t\t<\/div>\n\t\t\t<\/div>\n\t\t\t<div class=\"wk-shortdesc\">\n\t\t\t<div class=\"cat_row_tbabs\">\n\t\t\t<div class=\"cat_row_tb\">\n\t\t\t\t<div class=\"cat_row_cell ct_inpop\">\n\t\t\t\t<h3>Amalg\u00e1my<\/h3>\n\t\t\t\t<img decoding=\"async\" class=\"alignnone size-medium wp-image-75\" src=\"https:\/\/www.sdi.com.au\/wp-content\/uploads\/2017\/05\/amalgam.jpg\">\n\t\t\t\t<a href=\"https:\/\/www.sdi.com.au\/cz-cz\/produkty-cz-cz\/amalgams_cz-cz\/\">P&#x159;e&#x10d;t&#x11b;te si v&iacute;ce<\/a>\n\t\t\t\t<\/div>\n\t\t\t<\/div>\n\t\t\t<\/div>\n\t\t\t<\/div>\n\t\t<\/div>\n\t\t<div class=\"cat_row wk-tooth-whitening-cz-cz\">\n\t\t\t<div class=\"cat_row_tbabs\">\n\t\t\t<div class=\"cat_row_tb\">\n\t\t\t\t<div class=\"cat_row_cell ct_in\">\n\t\t\t\t\t<h3>B\u011blen\u00ed<\/h3>\n\t\t\t\t\t<img decoding=\"async\" class=\"alignnone size-medium wp-image-75\" src=\"https:\/\/www.sdi.com.au\/wp-content\/uploads\/2017\/05\/Zahnaufhellung.jpg\">\n\t\t\t\t<\/div>\n\t\t\t<\/div>\n\t\t\t<\/div>\n\t\t\t<div class=\"wk-shortdesc\">\n\t\t\t<div class=\"cat_row_tbabs\">\n\t\t\t<div class=\"cat_row_tb\">\n\t\t\t\t<div class=\"cat_row_cell ct_inpop\">\n\t\t\t\t<h3>B\u011blen\u00ed<\/h3>\n\t\t\t\t<img decoding=\"async\" class=\"alignnone size-medium wp-image-75\" src=\"https:\/\/www.sdi.com.au\/wp-content\/uploads\/2017\/05\/Zahnaufhellung.jpg\">\n\t\t\t\t<a href=\"https:\/\/www.sdi.com.au\/cz-cz\/produkty-cz-cz\/tooth-whitening-cz-cz\/\">P&#x159;e&#x10d;t&#x11b;te si v&iacute;ce<\/a>\n\t\t\t\t<\/div>\n\t\t\t<\/div>\n\t\t\t<\/div>\n\t\t\t<\/div>\n\t\t<\/div>\n\t\t<div class=\"cat_row wk-etchants-cz-cz\">\n\t\t\t<div class=\"cat_row_tbabs\">\n\t\t\t<div class=\"cat_row_tb\">\n\t\t\t\t<div class=\"cat_row_cell ct_in\">\n\t\t\t\t\t<h3>Etching gel<\/h3>\n\t\t\t\t\t<img decoding=\"async\" class=\"alignnone size-medium wp-image-75\" src=\"https:\/\/www.sdi.com.au\/wp-content\/uploads\/2017\/05\/atzmittel.jpg\">\n\t\t\t\t<\/div>\n\t\t\t<\/div>\n\t\t\t<\/div>\n\t\t\t<div class=\"wk-shortdesc\">\n\t\t\t<div class=\"cat_row_tbabs\">\n\t\t\t<div class=\"cat_row_tb\">\n\t\t\t\t<div class=\"cat_row_cell ct_inpop\">\n\t\t\t\t<h3>Etching gel<\/h3>\n\t\t\t\t<img decoding=\"async\" class=\"alignnone size-medium wp-image-75\" src=\"https:\/\/www.sdi.com.au\/wp-content\/uploads\/2017\/05\/atzmittel.jpg\">\n\t\t\t\t<a href=\"https:\/\/www.sdi.com.au\/cz-cz\/produkty-cz-cz\/etchants-cz-cz\/\">P&#x159;e&#x10d;t&#x11b;te si v&iacute;ce<\/a>\n\t\t\t\t<\/div>\n\t\t\t<\/div>\n\t\t\t<\/div>\n\t\t\t<\/div>\n\t\t<\/div>\n\t\t<div class=\"cat_row wk-cementy-cz-cz\">\n\t\t\t<div class=\"cat_row_tbabs\">\n\t\t\t<div class=\"cat_row_tb\">\n\t\t\t\t<div class=\"cat_row_cell ct_in\">\n\t\t\t\t\t<h3>Fixa\u010dn\u00ed cementy<\/h3>\n\t\t\t\t\t<img decoding=\"async\" class=\"alignnone size-medium wp-image-75\" src=\"https:\/\/www.sdi.com.au\/wp-content\/uploads\/2017\/05\/Zemente.jpg\">\n\t\t\t\t<\/div>\n\t\t\t<\/div>\n\t\t\t<\/div>\n\t\t\t<div class=\"wk-shortdesc\">\n\t\t\t<div class=\"cat_row_tbabs\">\n\t\t\t<div class=\"cat_row_tb\">\n\t\t\t\t<div class=\"cat_row_cell ct_inpop\">\n\t\t\t\t<h3>Fixa\u010dn\u00ed cementy<\/h3>\n\t\t\t\t<img decoding=\"async\" class=\"alignnone size-medium wp-image-75\" src=\"https:\/\/www.sdi.com.au\/wp-content\/uploads\/2017\/05\/Zemente.jpg\">\n\t\t\t\t<a href=\"https:\/\/www.sdi.com.au\/cz-cz\/produkty-cz-cz\/cementy-cz-cz\/\">P&#x159;e&#x10d;t&#x11b;te si v&iacute;ce<\/a>\n\t\t\t\t<\/div>\n\t\t\t<\/div>\n\t\t\t<\/div>\n\t\t\t<\/div>\n\t\t<\/div>\n\t\t<div class=\"cat_row wk-composites-cz-cz\">\n\t\t\t<div class=\"cat_row_tbabs\">\n\t\t\t<div class=\"cat_row_tb\">\n\t\t\t\t<div class=\"cat_row_cell ct_in\">\n\t\t\t\t\t<h3>Kompozita<\/h3>\n\t\t\t\t\t<img decoding=\"async\" class=\"alignnone size-medium wp-image-75\" src=\"https:\/\/www.sdi.com.au\/wp-content\/uploads\/2017\/05\/Komposit.jpg\">\n\t\t\t\t<\/div>\n\t\t\t<\/div>\n\t\t\t<\/div>\n\t\t\t<div class=\"wk-shortdesc\">\n\t\t\t<div class=\"cat_row_tbabs\">\n\t\t\t<div class=\"cat_row_tb\">\n\t\t\t\t<div class=\"cat_row_cell ct_inpop\">\n\t\t\t\t<h3>Kompozita<\/h3>\n\t\t\t\t<img decoding=\"async\" class=\"alignnone size-medium wp-image-75\" src=\"https:\/\/www.sdi.com.au\/wp-content\/uploads\/2017\/05\/Komposit.jpg\">\n\t\t\t\t<a href=\"https:\/\/www.sdi.com.au\/cz-cz\/produkty-cz-cz\/composites-cz-cz\/\">P&#x159;e&#x10d;t&#x11b;te si v&iacute;ce<\/a>\n\t\t\t\t<\/div>\n\t\t\t<\/div>\n\t\t\t<\/div>\n\t\t\t<\/div>\n\t\t<\/div>\n\t\t<div class=\"cat_row wk-accessories-cz-cz\">\n\t\t\t<div class=\"cat_row_tbabs\">\n\t\t\t<div class=\"cat_row_tb\">\n\t\t\t\t<div class=\"cat_row_cell ct_in\">\n\t\t\t\t\t<h3>P\u0159\u00edslu\u0161enstv\u00ed<\/h3>\n\t\t\t\t\t<img decoding=\"async\" class=\"alignnone size-medium wp-image-75\" src=\"https:\/\/www.sdi.com.au\/wp-content\/uploads\/2017\/05\/Zubehor.jpg\">\n\t\t\t\t<\/div>\n\t\t\t<\/div>\n\t\t\t<\/div>\n\t\t\t<div class=\"wk-shortdesc\">\n\t\t\t<div class=\"cat_row_tbabs\">\n\t\t\t<div class=\"cat_row_tb\">\n\t\t\t\t<div class=\"cat_row_cell ct_inpop\">\n\t\t\t\t<h3>P\u0159\u00edslu\u0161enstv\u00ed<\/h3>\n\t\t\t\t<img decoding=\"async\" class=\"alignnone size-medium wp-image-75\" src=\"https:\/\/www.sdi.com.au\/wp-content\/uploads\/2017\/05\/Zubehor.jpg\">\n\t\t\t\t<a href=\"https:\/\/www.sdi.com.au\/cz-cz\/produkty-cz-cz\/accessories-cz-cz\/\">P&#x159;e&#x10d;t&#x11b;te si v&iacute;ce<\/a>\n\t\t\t\t<\/div>\n\t\t\t<\/div>\n\t\t\t<\/div>\n\t\t\t<\/div>\n\t\t<\/div>\n\t\t<div class=\"cat_row wk-zarizeni\">\n\t\t\t<div class=\"cat_row_tbabs\">\n\t\t\t<div class=\"cat_row_tb\">\n\t\t\t\t<div class=\"cat_row_cell ct_in\">\n\t\t\t\t\t<h3>P\u0159\u00edstroje<\/h3>\n\t\t\t\t\t<img decoding=\"async\" class=\"alignnone size-medium wp-image-75\" src=\"https:\/\/www.sdi.com.au\/wp-content\/uploads\/2017\/05\/gerate.jpg\">\n\t\t\t\t<\/div>\n\t\t\t<\/div>\n\t\t\t<\/div>\n\t\t\t<div class=\"wk-shortdesc\">\n\t\t\t<div class=\"cat_row_tbabs\">\n\t\t\t<div class=\"cat_row_tb\">\n\t\t\t\t<div class=\"cat_row_cell ct_inpop\">\n\t\t\t\t<h3>P\u0159\u00edstroje<\/h3>\n\t\t\t\t<img decoding=\"async\" class=\"alignnone size-medium wp-image-75\" src=\"https:\/\/www.sdi.com.au\/wp-content\/uploads\/2017\/05\/gerate.jpg\">\n\t\t\t\t<a href=\"https:\/\/www.sdi.com.au\/cz-cz\/produkty-cz-cz\/zarizeni\/\">P&#x159;e&#x10d;t&#x11b;te si v&iacute;ce<\/a>\n\t\t\t\t<\/div>\n\t\t\t<\/div>\n\t\t\t<\/div>\n\t\t\t<\/div>\n\t\t<\/div>\n\t\t<div class=\"cat_row wk-riva-star-cz-cz\">\n\t\t\t<div class=\"cat_row_tbabs\">\n\t\t\t<div class=\"cat_row_tb\">\n\t\t\t\t<div class=\"cat_row_cell ct_in\">\n\t\t\t\t\t<h3>SDF Riva Star<\/h3>\n\t\t\t\t\t<img decoding=\"async\" class=\"alignnone size-medium wp-image-75\" src=\"https:\/\/www.sdi.com.au\/wp-content\/uploads\/2017\/05\/Riva-Star.jpg\">\n\t\t\t\t<\/div>\n\t\t\t<\/div>\n\t\t\t<\/div>\n\t\t\t<div class=\"wk-shortdesc\">\n\t\t\t<div class=\"cat_row_tbabs\">\n\t\t\t<div class=\"cat_row_tb\">\n\t\t\t\t<div class=\"cat_row_cell ct_inpop\">\n\t\t\t\t<h3>SDF Riva Star<\/h3>\n\t\t\t\t<img decoding=\"async\" class=\"alignnone size-medium wp-image-75\" src=\"https:\/\/www.sdi.com.au\/wp-content\/uploads\/2017\/05\/Riva-Star.jpg\">\n\t\t\t\t<a href=\"https:\/\/www.sdi.com.au\/cz-cz\/produkty-cz-cz\/riva-star-cz-cz\/\">P&#x159;e&#x10d;t&#x11b;te si v&iacute;ce<\/a>\n\t\t\t\t<\/div>\n\t\t\t<\/div>\n\t\t\t<\/div>\n\t\t\t<\/div>\n\t\t<\/div>\n\t\t<div class=\"cat_row wk-sealants-cz-cz\">\n\t\t\t<div class=\"cat_row_tbabs\">\n\t\t\t<div class=\"cat_row_tb\">\n\t\t\t\t<div class=\"cat_row_cell ct_in\">\n\t\t\t\t\t<h3>Sealants<\/h3>\n\t\t\t\t\t<img decoding=\"async\" class=\"alignnone size-medium wp-image-75\" src=\"https:\/\/www.sdi.com.au\/wp-content\/uploads\/2017\/05\/Versiegler.jpg\">\n\t\t\t\t<\/div>\n\t\t\t<\/div>\n\t\t\t<\/div>\n\t\t\t<div class=\"wk-shortdesc\">\n\t\t\t<div class=\"cat_row_tbabs\">\n\t\t\t<div class=\"cat_row_tb\">\n\t\t\t\t<div class=\"cat_row_cell ct_inpop\">\n\t\t\t\t<h3>Sealants<\/h3>\n\t\t\t\t<img decoding=\"async\" class=\"alignnone size-medium wp-image-75\" src=\"https:\/\/www.sdi.com.au\/wp-content\/uploads\/2017\/05\/Versiegler.jpg\">\n\t\t\t\t<a href=\"https:\/\/www.sdi.com.au\/cz-cz\/produkty-cz-cz\/sealants-cz-cz\/\">P&#x159;e&#x10d;t&#x11b;te si v&iacute;ce<\/a>\n\t\t\t\t<\/div>\n\t\t\t<\/div>\n\t\t\t<\/div>\n\t\t\t<\/div>\n\t\t<\/div>\n\t\t<div class=\"cat_row wk-glass-ionomers-cz-cz\">\n\t\t\t<div class=\"cat_row_tbabs\">\n\t\t\t<div class=\"cat_row_tb\">\n\t\t\t\t<div class=\"cat_row_cell ct_in\">\n\t\t\t\t\t<h3>Skloionomery<\/h3>\n\t\t\t\t\t<img decoding=\"async\" class=\"alignnone size-medium wp-image-75\" src=\"https:\/\/www.sdi.com.au\/wp-content\/uploads\/2017\/05\/glasionomere.jpg\">\n\t\t\t\t<\/div>\n\t\t\t<\/div>\n\t\t\t<\/div>\n\t\t\t<div class=\"wk-shortdesc\">\n\t\t\t<div class=\"cat_row_tbabs\">\n\t\t\t<div class=\"cat_row_tb\">\n\t\t\t\t<div class=\"cat_row_cell ct_inpop\">\n\t\t\t\t<h3>Skloionomery<\/h3>\n\t\t\t\t<img decoding=\"async\" class=\"alignnone size-medium wp-image-75\" src=\"https:\/\/www.sdi.com.au\/wp-content\/uploads\/2017\/05\/glasionomere.jpg\">\n\t\t\t\t<a href=\"https:\/\/www.sdi.com.au\/cz-cz\/produkty-cz-cz\/glass-ionomers-cz-cz\/\">P&#x159;e&#x10d;t&#x11b;te si v&iacute;ce<\/a>\n\t\t\t\t<\/div>\n\t\t\t<\/div>\n\t\t\t<\/div>\n\t\t\t<\/div>\n\t\t<\/div>\n\t\t<\/div>[\/vc_column_text][\/vc_column][\/vc_row][vc_row el_class=&#8221;no-padding about_sec4&#8243;][vc_column][vc_gmaps link=&#8221;#E-8_JTNDaWZyYW1lJTIwc3JjJTNEJTIyaHR0cHMlM0ElMkYlMkZ3d3cuZ29vZ2xlLmNvbSUyRm1hcHMlMkZlbWJlZCUzRnBiJTNEJTIxMW0xOCUyMTFtMTIlMjExbTMlMjExZDMxNTAuNTEwMDQyMzE4MjgyJTIxMmQxNDUuMjc2MjY5MzE1ODAyMzIlMjEzZC0zNy44NDgzNTQ2NDM3OTc0MzUlMjEybTMlMjExZjAlMjEyZjAlMjEzZjAlMjEzbTIlMjExaTEwMjQlMjEyaTc2OCUyMTRmMTMuMSUyMTNtMyUyMTFtMiUyMTFzMHg2YWQ2M2I3MjJkNTgyMWNkJTI1M0EweDZhMWI4YmNiMWNkYTdjYTklMjEyc1NESSUyQkxpbWl0ZWQlMjE1ZTAlMjEzbTIlMjExc2lkJTIxMnNpZCUyMTR2MTQ4MTA5NzUxOTc0NSUyMiUyMHdpZHRoJTNEJTIyMTkyMCUyMiUyMGhlaWdodCUzRCUyMjU1MCUyMiUyMGZyYW1lYm9yZGVyJTNEJTIyMCUyMiUyMHN0eWxlJTNEJTIyYm9yZGVyJTNBMCUyMiUyMGFsbG93ZnVsbHNjcmVlbiUzRSUzQyUyRmlmcmFtZSUzRQ==&#8221; el_class=&#8221;google_map&#8221;][vc_row_inner el_class=&#8221;map_masking&#8221;][vc_column_inner][\/vc_column_inner][\/vc_row_inner][\/vc_column][\/vc_row][vc_row el_class=&#8221;no-padding about_sec5&#8243;][vc_column][vc_row_inner el_class=&#8221;wrapp no-padding&#8221;][vc_column_inner][vc_column_text el_class=&#8221;ctx_head&#8221;]Austr\u00e1lie (hlavn\u00ed s\u00eddlo)<br \/>\n[\/vc_column_text][\/vc_column_inner][\/vc_row_inner][vc_row_inner el_class=&#8221;wrapp no-padding&#8221;][vc_column_inner width=&#8221;1\/2&#8243;][vc_column_text]SDI Limited.<br \/>\n3-13 Brunsdon Street<br \/>\nBayswater<br \/>\nVictoria 3153[\/vc_column_text][\/vc_column_inner][vc_column_inner width=&#8221;1\/2&#8243;][vc_column_text]Telefon +61 3 8727 7111<br \/>\nFax +61 3 8727 7222<br \/>\nBezplatn\u00e1 linka 1 800 337 003<br \/>\nEmail: <a href=\"mailto:info@sdi.com.au\">info@sdi.com.au<\/a>[\/vc_column_text][\/vc_column_inner][\/vc_row_inner][\/vc_column][\/vc_row][vc_row el_class=&#8221;about_sec6 no-padding&#8221;][vc_column][vc_row_inner el_class=&#8221;wrapp no-padding&#8221;][vc_column_inner][vc_column_text el_class=&#8221;ctx_head&#8221;]Dal\u0161\u00ed kontaktn\u00ed informace[\/vc_column_text][\/vc_column_inner][\/vc_row_inner][vc_row_inner el_class=&#8221;wrapp no-padding&#8221;][vc_column_inner width=&#8221;1\/2&#8243;][vc_column_text]<\/p>\n<h3>USA a Kanada<\/h3>\n<p>SDI (North America) Inc.<br \/>\n1279 Hamilton Parkway<br \/>\nItasca, IL 60143<br \/>\nUSA<br \/>\nTelefon +1 630 361 9200<br \/>\nFax +1 630 361 9222<br \/>\nBezplatn\u00e1 linka 1 800 228 5166<br \/>\nEmail: <a href=\"mailto:USA.Canada@sdi.com.au\">USA.Canada@sdi.com.au<\/a><\/p>\n<h3>Irsko<\/h3>\n<p>Tel: +353 1 886 9575<br \/>\nEmail: <a href=\"mailto:Ireland@sdi.com.au\">Ireland@sdi.com.au<\/a><\/p>\n<h3>Rakousko<\/h3>\n<p>Bezplatn\u00e1 linka: 00800 2255 734<br \/>\nEmail: <a href=\"mailto:Austria@sdi.com.au\">Austria@sdi.com.au<\/a><\/p>\n<h3>Francie<\/h3>\n<p>Bezplatn\u00e1 linka: 080 002 255 734<br \/>\nEmail: <a href=\"mailto:Francie@sdi.com.au\">Francie@sdi.com.au<\/a><\/p>\n<h3>It\u00e1lie<\/h3>\n<p>Bezplatn\u00e1 linka: 800 780 625<br \/>\nEmail: <a href=\"mailto:Italy@sdi.com.au\">Italy@sdi.com.au<\/a><\/p>\n<h3>Nov\u00fd Z\u00e9land<\/h3>\n<p>Bezplatn\u00e1 linka: 0800 734 034<br \/>\nEmail: <a href=\"mailto:Info@sdi.com.au\">Info@sdi.com.au<\/a>[\/vc_column_text][\/vc_column_inner][vc_column_inner width=&#8221;1\/2&#8243;][vc_column_text]<\/p>\n<h3>Braz\u00edlie<\/h3>\n<p>SDI Holdings Pty Ltd do Brasil<br \/>\nAv. Doutor Reinaldo Schmithausen, 3141 A<br \/>\nCordeiros Itaja\u00ed &#8211; SC<br \/>\nCep: 88.310-004<br \/>\nBrasil<br \/>\nTelefon +55 11 3092 7100<br \/>\nFax +55 11 3092 7101<br \/>\nEmail: <a href=\"mailto:Brasil@sdi.com.au\">Brasil@sdi.com.au<\/a><\/p>\n<h3>N\u011bmecko<\/h3>\n<p>SDI Germany GmbH<br \/>\nHansestrasse 85<br \/>\nD-51149, Cologne Germany<br \/>\nTelefon +49 (0) 2203 9255 0<br \/>\nFax +49 (0) 2203 9255 200<br \/>\nBezplatn\u00e1 linka 0800 100 5759<br \/>\nEmail: <a href=\"mailto:Germany@sdi.com.au\">Germany@sdi.com.au<\/a><\/p>\n<h3>Spojen\u00e9 kr\u00e1lovstv\u00ed<\/h3>\n<p>Bezplatn\u00e1 linka: 00800 022 55 734<br \/>\nEmail: <a href=\"mailto:UK@sdi.com.au\">UK@sdi.com.au<\/a><\/p>\n<h3>\u0160pan\u011blsko<\/h3>\n<p>Bezplatn\u00e1 linka: 00800 022 55 734<br \/>\nEmail: <a href=\"mailto:Spain@sdi.com.au\">Spain@sdi.com.au<\/a><\/p>\n<h3><\/h3>\n<p>[\/vc_column_text][\/vc_column_inner][\/vc_row_inner][\/vc_column][\/vc_row]<\/p>\n<\/div>","protected":false},"excerpt":{"rendered":"<p>[vc_row el_class=&#8221;no-padding&#8221;][vc_column][vc_row_inner el_class=&#8221;about_sec1 wrapp no-padding&#8221;][vc_column_inner el_class=&#8221;about_sec1_in&#8221;][vc_column_text el_class=&#8221;heading_title&#8221;] O n\u00e1s [\/vc_column_text][vc_column_text]Spole\u010dnost SDI Limited se zab\u00fdv\u00e1 p\u0159edev\u0161\u00edm v\u00fdzkumem a v\u00fdvojem, v\u00fdrobou a propagac\u00ed specializovan\u00fdch dent\u00e1ln\u00edch materi\u00e1l\u016f. Produkty spole\u010dnosti SDI kombinuj\u00ed inovaci, excelentn\u00ed &hellip; <a href=\"https:\/\/www.sdi.com.au\/cz-cz\/company\/about-us\/\" class=\"more-link\">Continue reading<span class=\"screen-reader-text\"> &#8220;O n\u00e1s&#8221;<\/span><\/a><\/p>\n","protected":false},"author":14,"featured_media":0,"parent":8210,"menu_order":0,"comment_status":"closed","ping_status":"closed","template":"page-templates\/about-page.php","meta":{"_acf_changed":false,"_price":"","_stock":"","_tribe_ticket_header":"","_tribe_default_ticket_provider":"","_ticket_start_date":"","_ticket_end_date":"","_tribe_ticket_show_description":"","_tribe_ticket_show_not_going":false,"_tribe_ticket_use_global_stock":"","_tribe_ticket_global_stock_level":"","_global_stock_mode":"","_global_stock_cap":"","_tribe_rsvp_for_event":"","_tribe_ticket_going_count":"","_tribe_ticket_not_going_count":"","_tribe_tickets_list":"[]","_tribe_ticket_has_attendee_info_fields":false,"footnotes":"","_tec_slr_enabled":"","_tec_slr_layout":"","_wp_rev_ctl_limit":""},"class_list":["post-8215","page","type-page","status-publish","hentry"],"acf":[],"ticketed":false,"_links":{"self":[{"href":"https:\/\/www.sdi.com.au\/cz-cz\/wp-json\/wp\/v2\/pages\/8215","targetHints":{"allow":["GET"]}}],"collection":[{"href":"https:\/\/www.sdi.com.au\/cz-cz\/wp-json\/wp\/v2\/pages"}],"about":[{"href":"https:\/\/www.sdi.com.au\/cz-cz\/wp-json\/wp\/v2\/types\/page"}],"author":[{"embeddable":true,"href":"https:\/\/www.sdi.com.au\/cz-cz\/wp-json\/wp\/v2\/users\/14"}],"replies":[{"embeddable":true,"href":"https:\/\/www.sdi.com.au\/cz-cz\/wp-json\/wp\/v2\/comments?post=8215"}],"version-history":[{"count":11,"href":"https:\/\/www.sdi.com.au\/cz-cz\/wp-json\/wp\/v2\/pages\/8215\/revisions"}],"predecessor-version":[{"id":33418,"href":"https:\/\/www.sdi.com.au\/cz-cz\/wp-json\/wp\/v2\/pages\/8215\/revisions\/33418"}],"up":[{"embeddable":true,"href":"https:\/\/www.sdi.com.au\/cz-cz\/wp-json\/wp\/v2\/pages\/8210"}],"wp:attachment":[{"href":"https:\/\/www.sdi.com.au\/cz-cz\/wp-json\/wp\/v2\/media?parent=8215"}],"curies":[{"name":"wp","href":"https:\/\/api.w.org\/{rel}","templated":true}]}}