{"id":8224,"date":"2016-12-27T03:01:12","date_gmt":"2016-12-27T03:01:12","guid":{"rendered":"http:\/\/localhost\/sdi\/www\/cz-cz\/company\/investor-information\/"},"modified":"2018-05-18T10:20:41","modified_gmt":"2018-05-18T00:20:41","slug":"investor-information","status":"publish","type":"page","link":"https:\/\/www.sdi.com.au\/cz-cz\/company\/investor-information\/","title":{"rendered":"Investor Information"},"content":{"rendered":"<div class=\"wpb-content-wrapper\"><p>[vc_row][vc_column][vc_row_inner el_class=&#8221;no-padding&#8221;][vc_column_inner width=&#8221;2\/3&#8243;][vc_column_text]<\/p>\n<h1>O n\u00e1s<\/h1>\n<p>[\/vc_column_text][vc_empty_space height=&#8221;20px&#8221;][vc_column_text]<a href=\"http:\/\/www.asx.com.au\/asx\/research\/companyInfo.do?by=asxCode&amp;asxCode=SDI\" target=\"_blank\" rel=\"noopener\">SDI Share Price from ASX Website<\/a><\/p>\n<p><a href=\"http:\/\/www.asx.com.au\/asx\/research\/companyInfo.do?by=asxCode&amp;asxCode=SDI\" target=\"_blank\" rel=\"noopener\">Recent company announcement &#8211; Previous 6 Months**<\/a>[\/vc_column_text][vc_column_text]Spole\u010dnost SDI Limited se zab\u00fdv\u00e1 p\u0159edev\u0161\u00edm v\u00fdzkumem a v\u00fdvojem, v\u00fdrobou a propagac\u00ed specializovan\u00fdch zubn\u00edch materi\u00e1l\u016f. Produkty spole\u010dnosti SDI kombinuj\u00ed inovaci, excelentn\u00ed zpracov\u00e1n\u00ed a pro zubn\u00ed odborn\u00edky p\u0159estavuj\u00ed perfektn\u00ed \u0159e\u0161en\u00ed v oblasti regenerace.<\/p>\n<p>Spole\u010dnost SDI byla zalo\u017eena v roce 1972 a rychle se stala p\u0159edn\u00edm dodavatelem specializovan\u00fdch zubn\u00edch materi\u00e1l\u016f. Od roku 1985 se akcie spole\u010dnosti obchoduj\u00ed na australsk\u00e9 burze.<\/p>\n<p>V\u0161echny produkty jsou vyr\u00e1b\u011bny ve st\u00e1t\u011b Victoria nach\u00e1zej\u00edc\u00edm se v jihov\u00fdchodn\u00ed \u010d\u00e1sti Austr\u00e1lie. Produkty spole\u010dnosti SDI jsou d\u00edky distribu\u010dn\u00ed a maloobchodn\u00ed s\u00edti ke koupi ve v\u00edce ne\u017e 100 zem\u00edch po cel\u00e9m sv\u011bt\u011b. Kancel\u00e1\u0159e a sklady spole\u010dnosti se nach\u00e1z\u00ed v Chicagu, USA; Kol\u00edn\u011b, N\u011bmecko; Dublinu, Irsko a Sao Paulu, Braz\u00edlie.<\/p>\n<p><strong>Posl\u00e1n\u00ed spole\u010dnosti SDI<\/strong><\/p>\n<p>Posl\u00e1n\u00edm spole\u010dnosti SDI je v pracovn\u00edm prost\u0159ed\u00ed, kter\u00e9 p\u0159it\u00e1hne kompetentn\u00ed, oddan\u00e9 a vysoce motivovan\u00e9 zam\u011bstnance, pro sv\u011btov\u00fd trh v oblasti stomatologie vyr\u00e1b\u011bt a nab\u00edzet inovativn\u00ed spot\u0159ebn\u00ed zbo\u017e\u00ed t\u00e9 nejvy\u0161\u0161\u00ed kvality a t\u00edmto pro akcion\u00e1\u0159e dos\u00e1hnout maxim\u00e1ln\u00edch udr\u017eiteln\u00fdch v\u00fdnos\u016f.[\/vc_column_text][\/vc_column_inner][vc_column_inner width=&#8221;1\/3&#8243;][vc_empty_space height=&#8221;20px&#8221;][vc_single_image image=&#8221;1236&#8243; img_size=&#8221;full&#8221;][\/vc_column_inner][\/vc_row_inner][vc_row_inner el_class=&#8221;no-padding&#8221;][vc_column_inner][vc_column_text]<\/p>\n<h4><b><span lang=\"CS\">Hlavn\u00ed skupiny v\u00fdrobk\u016f spole\u010dnosti SDI jsou:<\/span><\/b><\/h4>\n<ul class=\"ul0\">\n<li><b><a class=\"a1\" href=\"\/cz-cz\/products\/alloys\/\" target=\"_self\">Slitiny<\/a><\/b><\/li>\n<li><b><a class=\"a1\" href=\"\/cz-cz\/products\/adhesives\/\" target=\"_self\">Pojiva<\/a><\/b><\/li>\n<li><b><a class=\"a1\" href=\"\/cz-cz\/products\/accessories\/\" target=\"_self\">Leptadla<\/a><\/b><\/li>\n<li><b><a class=\"a1\" href=\"\/cz-cz\/products\/etchants\/\" target=\"_self\">Kompozity<\/a><\/b><\/li>\n<li><b><a class=\"a1\" href=\"\/cz-cz\/products\/composites\/\" target=\"_self\">Vybaven\u00ed<\/a><\/b><\/li>\n<li><b><a class=\"a1\" href=\"\/cz-cz\/products\/equipment\/\" target=\"_self\">Equipment<\/a><\/b><\/li>\n<li><b><a class=\"a1\" href=\"\/cz-cz\/products\/glass-ionomers\/\" target=\"_self\"><span lang=\"CS\">Sklen\u011bn\u00e9 ionomery<\/span><\/a><\/b><\/li>\n<li><b><a class=\"a1\" href=\"\/cz-cz\/products\/sealants\/\" target=\"_self\">Tmely<\/a><\/b><b><\/b><\/li>\n<li><a href=\"\/cz-cz\/products\/cements\/\" target=\"_self\"><b>Cementy<\/b><\/a><\/li>\n<li><b><a class=\"a1\" href=\"\/cz-cz\/tooth-whitening\/\" target=\"_self\"><span lang=\"CS\">B\u011blen\u00ed zub<\/span><\/a><\/b><b><a class=\"a1\" href=\"\/cz-cz\/products\/tooth-whitening\/\" target=\"_self\"><span lang=\"CS\">\u016f<\/span><\/a><\/b><\/li>\n<\/ul>\n<p>[\/vc_column_text][\/vc_column_inner][\/vc_row_inner][\/vc_column][\/vc_row]<\/p>\n<\/div>","protected":false},"excerpt":{"rendered":"<p>[vc_row][vc_column][vc_row_inner el_class=&#8221;no-padding&#8221;][vc_column_inner width=&#8221;2\/3&#8243;][vc_column_text] O n\u00e1s [\/vc_column_text][vc_empty_space height=&#8221;20px&#8221;][vc_column_text]SDI Share Price from ASX Website Recent company announcement &#8211; Previous 6 Months**[\/vc_column_text][vc_column_text]Spole\u010dnost SDI Limited se zab\u00fdv\u00e1 p\u0159edev\u0161\u00edm v\u00fdzkumem a v\u00fdvojem, v\u00fdrobou a propagac\u00ed &hellip; <a href=\"https:\/\/www.sdi.com.au\/cz-cz\/company\/investor-information\/\" class=\"more-link\">Continue reading<span class=\"screen-reader-text\"> &#8220;Investor Information&#8221;<\/span><\/a><\/p>\n","protected":false},"author":14,"featured_media":0,"parent":8210,"menu_order":2,"comment_status":"closed","ping_status":"closed","template":"page-templates\/internal-page.php","meta":{"_acf_changed":false,"_price":"","_stock":"","_tribe_ticket_header":"","_tribe_default_ticket_provider":"","_ticket_start_date":"","_ticket_end_date":"","_tribe_ticket_show_description":"","_tribe_ticket_show_not_going":false,"_tribe_ticket_use_global_stock":"","_tribe_ticket_global_stock_level":"","_global_stock_mode":"","_global_stock_cap":"","_tribe_rsvp_for_event":"","_tribe_ticket_going_count":"","_tribe_ticket_not_going_count":"","_tribe_tickets_list":"[]","_tribe_ticket_has_attendee_info_fields":false,"footnotes":"","_tec_slr_enabled":"","_tec_slr_layout":"","_wp_rev_ctl_limit":""},"class_list":["post-8224","page","type-page","status-publish","hentry"],"acf":[],"ticketed":false,"_links":{"self":[{"href":"https:\/\/www.sdi.com.au\/cz-cz\/wp-json\/wp\/v2\/pages\/8224","targetHints":{"allow":["GET"]}}],"collection":[{"href":"https:\/\/www.sdi.com.au\/cz-cz\/wp-json\/wp\/v2\/pages"}],"about":[{"href":"https:\/\/www.sdi.com.au\/cz-cz\/wp-json\/wp\/v2\/types\/page"}],"author":[{"embeddable":true,"href":"https:\/\/www.sdi.com.au\/cz-cz\/wp-json\/wp\/v2\/users\/14"}],"replies":[{"embeddable":true,"href":"https:\/\/www.sdi.com.au\/cz-cz\/wp-json\/wp\/v2\/comments?post=8224"}],"version-history":[{"count":7,"href":"https:\/\/www.sdi.com.au\/cz-cz\/wp-json\/wp\/v2\/pages\/8224\/revisions"}],"predecessor-version":[{"id":17520,"href":"https:\/\/www.sdi.com.au\/cz-cz\/wp-json\/wp\/v2\/pages\/8224\/revisions\/17520"}],"up":[{"embeddable":true,"href":"https:\/\/www.sdi.com.au\/cz-cz\/wp-json\/wp\/v2\/pages\/8210"}],"wp:attachment":[{"href":"https:\/\/www.sdi.com.au\/cz-cz\/wp-json\/wp\/v2\/media?parent=8224"}],"curies":[{"name":"wp","href":"https:\/\/api.w.org\/{rel}","templated":true}]}}