{"id":8430,"date":"2016-12-27T02:44:26","date_gmt":"2016-12-27T02:44:26","guid":{"rendered":"http:\/\/localhost\/sdi\/www\/cz-cz\/company\/sdi-smile-vision\/"},"modified":"2020-03-25T11:24:51","modified_gmt":"2020-03-25T00:24:51","slug":"sdi-smile-vision","status":"publish","type":"page","link":"https:\/\/www.sdi.com.au\/cz-cz\/company\/sdi-smile-vision\/","title":{"rendered":"SDI V\u00e1\u0161 \u00fasm\u011b. Na\u0161e vize."},"content":{"rendered":"<div class=\"wpb-content-wrapper\"><p>[vc_row][vc_column][vc_row_inner el_class=&#8221;no-padding&#8221;][vc_column_inner][vc_column_text]<\/p>\n<h1>SDI V\u00e1\u0161 \u00fasm\u011bv. Na\u0161e vize.<\/h1>\n<p>[\/vc_column_text][vc_single_image image=&#8221;18958&#8243; img_size=&#8221;full&#8221;][vc_column_text]Tato slova definuj\u00ed SDI. Odr\u00e1\u017eej\u00ed zam\u011b\u0159en\u00ed SDI na zuba\u0159e s kone\u010dn\u00fdm c\u00edlem dosa\u017een\u00ed dokonal\u00fdch \u00fasm\u011bv\u016f pro sv\u00e9 pacienty.<\/p>\n<p>Kl\u00ed\u010dov\u00fdm c\u00edlem SDI je pom\u00e1hat zubn\u00edm l\u00e9ka\u0159\u016fm a cel\u00e9mu t\u00fdmu p\u0159i vytv\u00e1\u0159en\u00ed kr\u00e1sn\u00fdch, zdrav\u00fdch a dlouhotrvaj\u00edc\u00edch \u00fasm\u011bv\u016f, efektivn\u00ed pr\u00e1ci a poskytov\u00e1n\u00ed kvality a inovac\u00ed jejich pacient\u016fm.<\/p>\n<ul>\n<li><strong>V\u00e1\u0161 \u00fasm\u011bv<\/strong>\u00a0&#8211; Ve\u0161ker\u00e1 \u010dinnost spole\u010dnosti sm\u011b\u0159uje k hlavn\u00edmu c\u00edli ka\u017ed\u00e9ho zubn\u00edho l\u00e9ka\u0159e: S dokonalost\u00ed se poj\u00ed excelence. Skv\u011bl\u00e9 p\u0159\u00edrodn\u00ed materi\u00e1ly s dlouhou trvanlivost\u00ed a snadnou pou\u017eitelnost\u00ed.<\/li>\n<li><strong>Na\u0161e vize<\/strong>\u00a0&#8211; Spole\u010dnost SDI bez ust\u00e1n\u00ed usiluje o inovaci, aby mohla zubn\u00edm ordinac\u00edm pro vytvo\u0159en\u00ed dokonal\u00e9ho \u00fasm\u011bvu dod\u00e1vat ty nejvhodn\u011bj\u0161\u00ed materi\u00e1ly. V\u00fdzkum a v\u00fdvoj maj\u00ed pro spole\u010dnost SDI nejvy\u0161\u0161\u00ed d\u016fle\u017eitost. Prost\u0159ednictv\u00edm na\u0161eho vlastn\u00edho v\u00fdzkumu a proces\u016f inovace usilujeme o udr\u017een\u00ed p\u0159edn\u00ed pozice na trhu a v\u010dasnou p\u0159edpov\u011b\u010f pot\u0159eb zubn\u00edch ordinac\u00ed.<\/li>\n<\/ul>\n<p>[\/vc_column_text][\/vc_column_inner][\/vc_row_inner][\/vc_column][\/vc_row]<\/p>\n<\/div>","protected":false},"excerpt":{"rendered":"<p>[vc_row][vc_column][vc_row_inner el_class=&#8221;no-padding&#8221;][vc_column_inner][vc_column_text] SDI V\u00e1\u0161 \u00fasm\u011bv. Na\u0161e vize. [\/vc_column_text][vc_single_image image=&#8221;18958&#8243; img_size=&#8221;full&#8221;][vc_column_text]Tato slova definuj\u00ed SDI. Odr\u00e1\u017eej\u00ed zam\u011b\u0159en\u00ed SDI na zuba\u0159e s kone\u010dn\u00fdm c\u00edlem dosa\u017een\u00ed dokonal\u00fdch \u00fasm\u011bv\u016f pro sv\u00e9 pacienty. Kl\u00ed\u010dov\u00fdm c\u00edlem SDI &hellip; <a href=\"https:\/\/www.sdi.com.au\/cz-cz\/company\/sdi-smile-vision\/\" class=\"more-link\">Continue reading<span class=\"screen-reader-text\"> &#8220;SDI V\u00e1\u0161 \u00fasm\u011b. Na\u0161e vize.&#8221;<\/span><\/a><\/p>\n","protected":false},"author":14,"featured_media":0,"parent":8210,"menu_order":4,"comment_status":"closed","ping_status":"closed","template":"page-templates\/internal-page.php","meta":{"_acf_changed":false,"_price":"","_stock":"","_tribe_ticket_header":"","_tribe_default_ticket_provider":"","_ticket_start_date":"","_ticket_end_date":"","_tribe_ticket_show_description":"","_tribe_ticket_show_not_going":false,"_tribe_ticket_use_global_stock":"","_tribe_ticket_global_stock_level":"","_global_stock_mode":"","_global_stock_cap":"","_tribe_rsvp_for_event":"","_tribe_ticket_going_count":"","_tribe_ticket_not_going_count":"","_tribe_tickets_list":"[]","_tribe_ticket_has_attendee_info_fields":false,"footnotes":"","_tec_slr_enabled":"","_tec_slr_layout":"","_wp_rev_ctl_limit":""},"class_list":["post-8430","page","type-page","status-publish","hentry"],"acf":[],"ticketed":false,"_links":{"self":[{"href":"https:\/\/www.sdi.com.au\/cz-cz\/wp-json\/wp\/v2\/pages\/8430","targetHints":{"allow":["GET"]}}],"collection":[{"href":"https:\/\/www.sdi.com.au\/cz-cz\/wp-json\/wp\/v2\/pages"}],"about":[{"href":"https:\/\/www.sdi.com.au\/cz-cz\/wp-json\/wp\/v2\/types\/page"}],"author":[{"embeddable":true,"href":"https:\/\/www.sdi.com.au\/cz-cz\/wp-json\/wp\/v2\/users\/14"}],"replies":[{"embeddable":true,"href":"https:\/\/www.sdi.com.au\/cz-cz\/wp-json\/wp\/v2\/comments?post=8430"}],"version-history":[{"count":10,"href":"https:\/\/www.sdi.com.au\/cz-cz\/wp-json\/wp\/v2\/pages\/8430\/revisions"}],"predecessor-version":[{"id":22392,"href":"https:\/\/www.sdi.com.au\/cz-cz\/wp-json\/wp\/v2\/pages\/8430\/revisions\/22392"}],"up":[{"embeddable":true,"href":"https:\/\/www.sdi.com.au\/cz-cz\/wp-json\/wp\/v2\/pages\/8210"}],"wp:attachment":[{"href":"https:\/\/www.sdi.com.au\/cz-cz\/wp-json\/wp\/v2\/media?parent=8430"}],"curies":[{"name":"wp","href":"https:\/\/api.w.org\/{rel}","templated":true}]}}