{"id":31092,"date":"2022-06-30T21:19:54","date_gmt":"2022-06-30T11:19:54","guid":{"rendered":"https:\/\/www.sdi.com.au\/de-de\/?page_id=31092"},"modified":"2022-06-30T21:20:48","modified_gmt":"2022-06-30T11:20:48","slug":"electronic-devices","status":"publish","type":"page","link":"https:\/\/www.sdi.com.au\/de-de\/electronic-devices\/","title":{"rendered":"Entsorgung von Elektroaltger\u00e4ten"},"content":{"rendered":"<div class=\"wpb-content-wrapper\"><p>[vc_row][vc_column][vc_column_text]<\/p>\n<h1>Entsorgung von Elektroaltger\u00e4ten<\/h1>\n<h3>Information zur Entsorgung von Elektroaltger\u00e4ten (Geltungsbereich Bundesrepublik Deutschland):<\/h3>\n<p>Als Hersteller von Elektroger\u00e4ten sind wir verpflichtet, Ihnen eine R\u00fcckgabem\u00f6glichkeit bzw. ein R\u00fccknahmesystem f\u00fcr Ihre Altger\u00e4te, die erstmals ab dem 13.08.2005 in Verkehr gebracht wurden, zur Verf\u00fcgung zu stellen.<\/p>\n<p>Dieses Konzept setzen wir in Kooperation mit unserem Entsorgungspartner enretec GmbH um, einem zertifizierten Entsorgungsfachbetrieb um, der auf die Entsorgung von medizinischen Elektroaltger\u00e4ten spezialisiert ist.<\/p>\n<p>M\u00f6chten Sie ein Ger\u00e4t entsorgen, dann wenden Sie sich bitte unter Angabe Telefonnummer und\/oder E-Mail-Adresse an uns. Wir veranlassen alles Weitere f\u00fcr Sie.<\/p>\n<p>Sollten Sie einen Entsorgungsnachweis w\u00fcnschen, teilen Sie uns dies bitte bei Beauftragung mit.[\/vc_column_text][\/vc_column][\/vc_row]<\/p>\n<\/div>","protected":false},"excerpt":{"rendered":"<p>[vc_row][vc_column][vc_column_text] Entsorgung von Elektroaltger\u00e4ten Information zur Entsorgung von Elektroaltger\u00e4ten (Geltungsbereich Bundesrepublik Deutschland): Als Hersteller von Elektroger\u00e4ten sind wir verpflichtet, Ihnen eine R\u00fcckgabem\u00f6glichkeit bzw. ein R\u00fccknahmesystem f\u00fcr Ihre Altger\u00e4te, die erstmals &hellip; <a href=\"https:\/\/www.sdi.com.au\/de-de\/electronic-devices\/\" class=\"more-link\">Continue reading<span class=\"screen-reader-text\"> &#8220;Entsorgung von Elektroaltger\u00e4ten&#8221;<\/span><\/a><\/p>\n","protected":false},"author":9,"featured_media":0,"parent":0,"menu_order":0,"comment_status":"closed","ping_status":"closed","template":"page-templates\/internal-page.php","meta":{"_acf_changed":false,"_price":"","_stock":"","_tribe_ticket_header":"","_tribe_default_ticket_provider":"","_ticket_start_date":"","_ticket_end_date":"","_tribe_ticket_show_description":"","_tribe_ticket_show_not_going":false,"_tribe_ticket_use_global_stock":"","_tribe_ticket_global_stock_level":"","_global_stock_mode":"","_global_stock_cap":"","_tribe_rsvp_for_event":"","_tribe_ticket_going_count":"","_tribe_ticket_not_going_count":"","_tribe_tickets_list":"[]","_tribe_ticket_has_attendee_info_fields":false,"footnotes":"","_tec_slr_enabled":"","_tec_slr_layout":"","_wp_rev_ctl_limit":""},"class_list":["post-31092","page","type-page","status-publish","hentry"],"acf":[],"ticketed":false,"_links":{"self":[{"href":"https:\/\/www.sdi.com.au\/de-de\/wp-json\/wp\/v2\/pages\/31092","targetHints":{"allow":["GET"]}}],"collection":[{"href":"https:\/\/www.sdi.com.au\/de-de\/wp-json\/wp\/v2\/pages"}],"about":[{"href":"https:\/\/www.sdi.com.au\/de-de\/wp-json\/wp\/v2\/types\/page"}],"author":[{"embeddable":true,"href":"https:\/\/www.sdi.com.au\/de-de\/wp-json\/wp\/v2\/users\/9"}],"replies":[{"embeddable":true,"href":"https:\/\/www.sdi.com.au\/de-de\/wp-json\/wp\/v2\/comments?post=31092"}],"version-history":[{"count":3,"href":"https:\/\/www.sdi.com.au\/de-de\/wp-json\/wp\/v2\/pages\/31092\/revisions"}],"predecessor-version":[{"id":31095,"href":"https:\/\/www.sdi.com.au\/de-de\/wp-json\/wp\/v2\/pages\/31092\/revisions\/31095"}],"wp:attachment":[{"href":"https:\/\/www.sdi.com.au\/de-de\/wp-json\/wp\/v2\/media?parent=31092"}],"curies":[{"name":"wp","href":"https:\/\/api.w.org\/{rel}","templated":true}]}}