{"id":5571,"date":"2017-02-28T07:28:03","date_gmt":"2017-02-28T07:28:03","guid":{"rendered":"http:\/\/localhost\/sdi\/www\/de\/company\/information-on-directors\/"},"modified":"2020-04-16T10:32:00","modified_gmt":"2020-04-16T00:32:00","slug":"information-on-directors","status":"publish","type":"page","link":"https:\/\/www.sdi.com.au\/de-de\/company\/information-on-directors\/","title":{"rendered":"Information on Directors"},"content":{"rendered":"<div class=\"wpb-content-wrapper\"><p>[vc_row el_class=&#8221;wrapp no_padding&#8221;][vc_column][vc_row_inner el_class=&#8221;no-padding&#8221;][vc_column_inner width=&#8221;2\/3&#8243;][vc_column_text]<\/p>\n<h1>Informationen zu Direktoren<\/h1>\n<p>[\/vc_column_text][\/vc_column_inner][vc_column_inner width=&#8221;1\/3&#8243;][\/vc_column_inner][\/vc_row_inner][\/vc_column][\/vc_row][vc_row el_class=&#8221;wrapp no_padding&#8221;][vc_column][vc_row_inner el_class=&#8221;add_padding&#8221;][vc_column_inner][vc_column_text]<\/p>\n<h4>Jeffery James Cheetham O.A.M.<\/h4>\n<p><strong>Vorsitzende<\/strong><br \/>\n<sup>Gr\u00fcnder von SDI Limited<\/sup><\/p>\n<p>Vorsitzender des SDI Limited Board[\/vc_column_text][\/vc_column_inner][\/vc_row_inner][vc_row_inner][vc_column_inner][vc_column_text]<\/p>\n<h4>Samantha Jane Cheetham<\/h4>\n<p><strong>Gesch\u00e4ftsf\u00fchrer \/ Chief Executive Officer<\/strong><br \/>\n<sup>Bachelor of Business (Bank- und Finanzwesen), Master of Business Administration<\/sup><\/p>\n<p>Umfangreiche Erfahrung in Vertrieb und Marketing in Australien und \u00dcbersee[\/vc_column_text][\/vc_column_inner][\/vc_row_inner][vc_row_inner el_class=&#8221;add_padding&#8221;][vc_column_inner][vc_column_text]<\/p>\n<h4>John Joseph Slaviero<\/h4>\n<p><strong>Executive Director, Chief Operating Officer, Finanzvorstand und Unternehmenssekret\u00e4r<\/strong><br \/>\n<sup>Bachelor of Business, Certified Practising Accounting, Fellow der Association of Taxation &amp; Management Accountants<\/sup><\/p>\n<p>John ist seit \u00fcber 15 Jahren Chief Financial Officer und Unternehmenssekret\u00e4r von SDI Limited und verf\u00fcgt \u00fcber umfangreiche Erfahrung im Finanz- und Rechnungswesen sowohl im kaufm\u00e4nnischen als auch im beruflichen Bereich. Ein Gro\u00dfteil dieser Erfahrung wurde aus leitenden Finanz- und Buchhaltungsfunktionen in gro\u00dfen multinationalen und mittelst\u00e4ndischen Fertigungsunternehmen gewonnen.[\/vc_column_text][\/vc_column_inner][\/vc_row_inner][vc_row_inner][vc_column_inner][vc_column_text]<\/p>\n<h4>Dr. Geoffrey Macdonald Knight<\/h4>\n<p><strong>Aufsichtsratmitglied<\/strong><br \/>\n<sup>Bachelor of Dental Science, Master of Business Administration, Master of Science (Universit\u00e4t London), Doktor der Philosophie (Universit\u00e4t Adelaide)<\/sup><\/p>\n<p>Geoffrey ist ein erfahrener und weltweit anerkannter Zahnarzt sowie ein praktizierender Zahnarzt. Er hat zahlreiche Artikel zur technischen Zahnmedizin im In- und Ausland ver\u00f6ffentlicht und war in leitenden Positionen bei der Australian Dental Association (Victorian Branch), der Australian Society of Periodontology (Victorian Branch), der Australian Society of Dental Aesthetics, der Society of Occlusal Studies und anderen Berufsgruppen t\u00e4tig .[\/vc_column_text][\/vc_column_inner][\/vc_row_inner][vc_row_inner][vc_column_inner][vc_column_text]<\/p>\n<h4>Gerald Allan Bullon<\/h4>\n<p><strong>Aufsichtsratmitglied<\/strong><br \/>\n<sup>Fellow des Australian Institute of Company Directors<\/sup><\/p>\n<p>Gerald leitet seit 1996 seine eigene Investor Relations-Beratungsfirma Insor Pty Ltd. Er war an mehreren B\u00f6rseng\u00e4ngen von ASX beteiligt, darunter Australian Hospital Care Limited, Sigma Pharmaceuticals Limited und Nick Scali Limited. Er hatte auch leitende Funktionen in einer Reihe von \u00f6ffentlichen Unternehmen inne.[\/vc_column_text][\/vc_column_inner][\/vc_row_inner][vc_row_inner][vc_column_inner][vc_column_text]<\/p>\n<h4>Cameron Neil Allen<\/h4>\n<p><strong>Aufsichtsratmitglied<\/strong><br \/>\n<sup>Master of Taxation (Universit\u00e4t Melbourne), Bachelor of Business (Buchhaltung) (Deakin University), Chartered Tax Adviser und Mitglied des Tax Institute (Australien)<\/sup><\/p>\n<p>Cameron ist derzeit Managing Partner von WTS Australia, das er 2010 gegr\u00fcndet hat. WTS Australia ist die australische Mitgliedsfirma der internationalen Organisation f\u00fcr professionelle Dienstleistungen, WTS &#8211; Tax Legal Consulting. Vor WTS Australia war Cameron steuerlicher Partner bei Deloitte Touche Tohmatsu und BDO sowie in leitender Position bei Ernst &amp; Young. Er verf\u00fcgt \u00fcber mehr als 20 Jahre Erfahrung in der Beratung gro\u00dfer und kleiner Unternehmensorganisationen in nationalen und internationalen Steuer- und Best-Practice-Prozessen. Neben seiner langen Karriere sitzt Cameron auch im globalen Vorstand der WTS Alliance, die ihre Netzwerkaktivit\u00e4ten in \u00fcber 100 L\u00e4ndern koordiniert.[\/vc_column_text][\/vc_column_inner][\/vc_row_inner][vc_row_inner][vc_column_inner][vc_column_text]<\/p>\n<h4>Gerard Desmond Kennedy<\/h4>\n<p><strong>Aufsichtsratmitglied<\/strong><br \/>\n<sup>Law Institute of Victoria Akkreditierter Wirtschaftsrechtsspezialist, Rechtsanwalt und Anwalt des Obersten Gerichtshofs von Victoria und des High Court of Australia, Postgraduierten-Diplom in Handelsrecht (Monash University) mit Schwerpunkt Internationales Handelsrecht und Internationales Bank- und Finanzrecht, Notar und ein Mitglied der Victorian Lawyers RPA Ltd.<\/sup><\/p>\n<p>Gerard ist Principal in der Anwaltskanzlei Macpherson and Kelley Lawyers und hat viele Jahre in der Beratung von Mandanten in Fragen von Fusionen und \u00dcbernahmen, Vertr\u00e4gen, Lizenzen, Joint Ventures, Ausschreibungen, Corporate Governance und Compliance, Gesellschaftsrecht und internationalem Handel beraten.[\/vc_column_text][\/vc_column_inner][\/vc_row_inner][\/vc_column][\/vc_row]<\/p>\n<\/div>","protected":false},"excerpt":{"rendered":"<p>[vc_row el_class=&#8221;wrapp no_padding&#8221;][vc_column][vc_row_inner el_class=&#8221;no-padding&#8221;][vc_column_inner width=&#8221;2\/3&#8243;][vc_column_text] Informationen zu Direktoren [\/vc_column_text][\/vc_column_inner][vc_column_inner width=&#8221;1\/3&#8243;][\/vc_column_inner][\/vc_row_inner][\/vc_column][\/vc_row][vc_row el_class=&#8221;wrapp no_padding&#8221;][vc_column][vc_row_inner el_class=&#8221;add_padding&#8221;][vc_column_inner][vc_column_text] Jeffery James Cheetham O.A.M. Vorsitzende Gr\u00fcnder von SDI Limited Vorsitzender des SDI Limited Board[\/vc_column_text][\/vc_column_inner][\/vc_row_inner][vc_row_inner][vc_column_inner][vc_column_text] Samantha Jane Cheetham &hellip; <a href=\"https:\/\/www.sdi.com.au\/de-de\/company\/information-on-directors\/\" class=\"more-link\">Continue reading<span class=\"screen-reader-text\"> &#8220;Information on Directors&#8221;<\/span><\/a><\/p>\n","protected":false},"author":14,"featured_media":0,"parent":5564,"menu_order":0,"comment_status":"closed","ping_status":"closed","template":"page-templates\/internal-page.php","meta":{"_acf_changed":false,"_price":"","_stock":"","_tribe_ticket_header":"","_tribe_default_ticket_provider":"","_ticket_start_date":"","_ticket_end_date":"","_tribe_ticket_show_description":"","_tribe_ticket_show_not_going":false,"_tribe_ticket_use_global_stock":"","_tribe_ticket_global_stock_level":"","_global_stock_mode":"","_global_stock_cap":"","_tribe_rsvp_for_event":"","_tribe_ticket_going_count":"","_tribe_ticket_not_going_count":"","_tribe_tickets_list":"[]","_tribe_ticket_has_attendee_info_fields":false,"footnotes":"","_tec_slr_enabled":"","_tec_slr_layout":"","_wp_rev_ctl_limit":""},"class_list":["post-5571","page","type-page","status-publish","hentry"],"acf":[],"ticketed":false,"_links":{"self":[{"href":"https:\/\/www.sdi.com.au\/de-de\/wp-json\/wp\/v2\/pages\/5571","targetHints":{"allow":["GET"]}}],"collection":[{"href":"https:\/\/www.sdi.com.au\/de-de\/wp-json\/wp\/v2\/pages"}],"about":[{"href":"https:\/\/www.sdi.com.au\/de-de\/wp-json\/wp\/v2\/types\/page"}],"author":[{"embeddable":true,"href":"https:\/\/www.sdi.com.au\/de-de\/wp-json\/wp\/v2\/users\/14"}],"replies":[{"embeddable":true,"href":"https:\/\/www.sdi.com.au\/de-de\/wp-json\/wp\/v2\/comments?post=5571"}],"version-history":[{"count":7,"href":"https:\/\/www.sdi.com.au\/de-de\/wp-json\/wp\/v2\/pages\/5571\/revisions"}],"predecessor-version":[{"id":22636,"href":"https:\/\/www.sdi.com.au\/de-de\/wp-json\/wp\/v2\/pages\/5571\/revisions\/22636"}],"up":[{"embeddable":true,"href":"https:\/\/www.sdi.com.au\/de-de\/wp-json\/wp\/v2\/pages\/5564"}],"wp:attachment":[{"href":"https:\/\/www.sdi.com.au\/de-de\/wp-json\/wp\/v2\/media?parent=5571"}],"curies":[{"name":"wp","href":"https:\/\/api.w.org\/{rel}","templated":true}]}}