{"id":5612,"date":"2016-12-26T08:03:04","date_gmt":"2016-12-26T08:03:04","guid":{"rendered":"http:\/\/localhost\/sdi\/www\/de\/downloads\/case-study\/"},"modified":"2017-03-13T01:58:08","modified_gmt":"2017-03-13T01:58:08","slug":"case-study","status":"publish","type":"page","link":"https:\/\/www.sdi.com.au\/de-de\/downloads\/case-study\/","title":{"rendered":"Case Study"},"content":{"rendered":"<div class=\"wpb-content-wrapper\"><p>[vc_row][vc_column][vc_row_inner el_class=&#8221;no-padding&#8221;][vc_column_inner width=&#8221;2\/3&#8243;][vc_column_text]<\/p>\n<h1>Case Study<\/h1>\n<p>[\/vc_column_text][\/vc_column_inner][vc_column_inner width=&#8221;1\/3&#8243;][vc_single_image image=&#8221;330&#8243; img_size=&#8221;full&#8221;][\/vc_column_inner][\/vc_row_inner][vc_row_inner el_class=&#8221;download_item&#8221;][vc_column_inner][vc_column_text]<\/p>\n<h3><b>Aura case study<\/b><\/h3>\n<p>1. Eine neue Aura f\u00fcr die \u00e4sthetische Zahnmedizin &#8211; Dr. Linda Greenwall &#8211; Hampstead, UK<br \/>\n<a class=\"jce_file\" title=\"Klicken Sie hier, um die PDF-Download\" href=\"\/wp-content\/uploads\/2017\/03\/Aura_Case_Study_1_Linda_DE.pdf\" target=\"_blank\">Klicken Sie hier, um die PDF-Download<\/a><\/p>\n<p>2. Direkte Veneers aus dem Komposit Aura &#8211; Dr. Hugh Flax<br \/>\n<a class=\"jce_file\" title=\"Klicken Sie hier, um die PDF-Download\" href=\"\/wp-content\/uploads\/2017\/03\/Aura_Case_Study_2_Hugh_DE.pdf\" target=\"_blank\">Klicken Sie hier, um die PDF-Download<\/a><\/p>\n<p>3. Seitenzahnf\u00fcllungen mit Aura Bulk Fill &#8211; Dr. Robert A. Lowe, DDS<br \/>\n<a class=\"jce_file\" title=\"Klicken Sie hier, um die PDF-Download\" href=\"\/wp-content\/uploads\/2017\/03\/Aura_Case_Study_3_Bob_DE.pdf\" target=\"_blank\">Klicken Sie hier, um die PDF-Download<\/a><\/p>\n<p>4. \u00c4sthetische Frontzahnf\u00fcllungen mit Aura &#8211; Dr.\u2009Gregor Thomas, DDS, MSc, PhD<br \/>\n<a class=\"jce_file\" title=\"Klicken Sie hier, um die PDF-Download\" href=\"\/wp-content\/uploads\/2017\/03\/Aura_Case_Study_4_Gregor_DE.pdf\" target=\"_blank\">Klicken Sie hier, um die PDF-Download<\/a><\/p>\n<p>5. Direkte Komposit-Veneers und Nicht-invasiver Ersatz eines fehlenden unteren Schneidezahns &#8211; Dr. Terry Wong, B.Sc.<br \/>\n<a class=\"jce_file\" title=\"Klicken Sie hier, um die PDF-Download\" href=\"\/wp-content\/uploads\/2017\/03\/Aura_Case_Study_5_Terry_DE.pdf\" target=\"_blank\">Klicken Sie hier, um die PDF-Download<\/a><\/p>\n<p>6. Schnelle und einfache Technik zur \u00e4sthetischen Restauration eines Frontzahns mit schwerer Molaren-Inzisiven-Hypomineralisation (MIH) &#8211; Dr. Patrick Rouas (France)<br \/>\n<a class=\"jce_file\" title=\"Klicken Sie hier, um die PDF-Download\" href=\"\/wp-content\/uploads\/2017\/03\/Aura_Case_Study_6_Rouas_DE.pdf\" target=\"_blank\">Klicken Sie hier, um die PDF-Download<\/a><\/p>\n<p>7. Schnelle und einfache Methode zum \u00e4sthetischen Ersatz einer mangelhaften Klasse-II-F\u00fcllung &#8211; Dr. Graeme Milicich<br \/>\n<a class=\"jce_file\" title=\"Klicken Sie hier, um die PDF-Download\" href=\"\/wp-content\/uploads\/2017\/03\/Aura_Case_Study_7_Graeme_DE.pdf\" target=\"_blank\">Klicken Sie hier, um die PDF-Download<\/a><\/p>\n<p>8. Ideale Technik zur F\u00fcllung eines tief kari\u00f6sen Pr\u00e4molars mit dem Aura Kompositsystem (SDI Ltd.) &#8211; Dr. Graeme Milicich<br \/>\n<a class=\"jce_file\" title=\"Klicken Sie hier, um die PDF-Download\" href=\"\/wp-content\/uploads\/2017\/03\/Aura_Case_Study_8_Graeme_DE.pdf\" target=\"_blank\">Klicken Sie hier, um die PDF-Download<\/a>[\/vc_column_text][\/vc_column_inner][\/vc_row_inner][\/vc_column][\/vc_row]<\/p>\n<\/div>","protected":false},"excerpt":{"rendered":"<p>[vc_row][vc_column][vc_row_inner el_class=&#8221;no-padding&#8221;][vc_column_inner width=&#8221;2\/3&#8243;][vc_column_text] Case Study [\/vc_column_text][\/vc_column_inner][vc_column_inner width=&#8221;1\/3&#8243;][vc_single_image image=&#8221;330&#8243; img_size=&#8221;full&#8221;][\/vc_column_inner][\/vc_row_inner][vc_row_inner el_class=&#8221;download_item&#8221;][vc_column_inner][vc_column_text] Aura case study 1. Eine neue Aura f\u00fcr die \u00e4sthetische Zahnmedizin &#8211; Dr. Linda Greenwall &#8211; Hampstead, UK Klicken Sie &hellip; <a href=\"https:\/\/www.sdi.com.au\/de-de\/downloads\/case-study\/\" class=\"more-link\">Continue reading<span class=\"screen-reader-text\"> &#8220;Case Study&#8221;<\/span><\/a><\/p>\n","protected":false},"author":14,"featured_media":0,"parent":5584,"menu_order":0,"comment_status":"closed","ping_status":"closed","template":"page-templates\/internal-page.php","meta":{"_acf_changed":false,"_price":"","_stock":"","_tribe_ticket_header":"","_tribe_default_ticket_provider":"","_ticket_start_date":"","_ticket_end_date":"","_tribe_ticket_show_description":"","_tribe_ticket_show_not_going":false,"_tribe_ticket_use_global_stock":"","_tribe_ticket_global_stock_level":"","_global_stock_mode":"","_global_stock_cap":"","_tribe_rsvp_for_event":"","_tribe_ticket_going_count":"","_tribe_ticket_not_going_count":"","_tribe_tickets_list":"[]","_tribe_ticket_has_attendee_info_fields":false,"footnotes":"","_tec_slr_enabled":"","_tec_slr_layout":"","_wp_rev_ctl_limit":""},"class_list":["post-5612","page","type-page","status-publish","hentry"],"acf":[],"ticketed":false,"_links":{"self":[{"href":"https:\/\/www.sdi.com.au\/de-de\/wp-json\/wp\/v2\/pages\/5612","targetHints":{"allow":["GET"]}}],"collection":[{"href":"https:\/\/www.sdi.com.au\/de-de\/wp-json\/wp\/v2\/pages"}],"about":[{"href":"https:\/\/www.sdi.com.au\/de-de\/wp-json\/wp\/v2\/types\/page"}],"author":[{"embeddable":true,"href":"https:\/\/www.sdi.com.au\/de-de\/wp-json\/wp\/v2\/users\/14"}],"replies":[{"embeddable":true,"href":"https:\/\/www.sdi.com.au\/de-de\/wp-json\/wp\/v2\/comments?post=5612"}],"version-history":[{"count":3,"href":"https:\/\/www.sdi.com.au\/de-de\/wp-json\/wp\/v2\/pages\/5612\/revisions"}],"predecessor-version":[{"id":6054,"href":"https:\/\/www.sdi.com.au\/de-de\/wp-json\/wp\/v2\/pages\/5612\/revisions\/6054"}],"up":[{"embeddable":true,"href":"https:\/\/www.sdi.com.au\/de-de\/wp-json\/wp\/v2\/pages\/5584"}],"wp:attachment":[{"href":"https:\/\/www.sdi.com.au\/de-de\/wp-json\/wp\/v2\/media?parent=5612"}],"curies":[{"name":"wp","href":"https:\/\/api.w.org\/{rel}","templated":true}]}}