{"id":5733,"date":"2016-12-27T02:44:26","date_gmt":"2016-12-27T02:44:26","guid":{"rendered":"http:\/\/localhost\/sdi\/www\/de\/company\/sdi-smile-vision\/"},"modified":"2019-08-14T10:42:57","modified_gmt":"2019-08-14T00:42:57","slug":"sdi-smile-vision","status":"publish","type":"page","link":"https:\/\/www.sdi.com.au\/de-de\/company\/sdi-smile-vision\/","title":{"rendered":"SDI Ihr L\u00e4cheln. Unsere Vision."},"content":{"rendered":"<div class=\"wpb-content-wrapper\"><p>[vc_row][vc_column][vc_row_inner el_class=&#8221;no-padding&#8221;][vc_column_inner][vc_column_text]<\/p>\n<h1>SDI Ihr L\u00e4cheln. Unsere Vision.<\/h1>\n<p>[\/vc_column_text][vc_single_image image=&#8221;18958&#8243; img_size=&#8221;full&#8221;][vc_column_text]Diese Worte definieren SDI. Sie reflektieren den Fokus vom SDI auf das ultimative Ziel eines jeden Zahnarztes: Das perfekte L\u00e4cheln bei seinen Patienten.<\/p>\n<p>Das h\u00f6chste Ziel f\u00fcr SDI ist es Zahn\u00e4rzte und ihre Mitarbeiterteams dabei zu unterst\u00fctzen immer wieder ein sch\u00f6nes, gesundes, langlebiges L\u00e4cheln zu schaffen, effizient zu arbeiten und ihren Patienten Qualit\u00e4t und Innovation zu bieten.<\/p>\n<ul>\n<li><strong>Ihr L\u00e4cheln<\/strong> &#8211; SDI unternimmt alles f\u00fcr das ultimative Ziel des Zahnarztes: Die Erreichung eines perfekten L\u00e4chelns seiner Patienten. Perfektion steht f\u00fcr hervorragende Qualit\u00e4t. Nat\u00fcrliche und langlebige Materialien &#8211; einfach in der Handhabung f\u00fcr den Zahnarzt.<\/li>\n<li><strong>Unsere Vision<\/strong> &#8211; SDI entwickelt kontinuierlich Dentalmaterialien zur Unterst\u00fctzung des Zahnarztes und seines Teams bei der Erschaffung des pefekten L\u00e4chelns. Forschung und Entwicklung stehen bei SDI an erster Stelle. Forschungs- und Entwicklungsarbeit sind grundlegend bei SDI. SDI muss durch eigene Forschung und Produktinnovation den Markt anf\u00fchren und die Bed\u00fcrfnisse von Zahn\u00e4rzten voraussehen.<\/li>\n<\/ul>\n<p>[\/vc_column_text][\/vc_column_inner][\/vc_row_inner][\/vc_column][\/vc_row]<\/p>\n<\/div>","protected":false},"excerpt":{"rendered":"<p>[vc_row][vc_column][vc_row_inner el_class=&#8221;no-padding&#8221;][vc_column_inner][vc_column_text] SDI Ihr L\u00e4cheln. Unsere Vision. [\/vc_column_text][vc_single_image image=&#8221;18958&#8243; img_size=&#8221;full&#8221;][vc_column_text]Diese Worte definieren SDI. Sie reflektieren den Fokus vom SDI auf das ultimative Ziel eines jeden Zahnarztes: Das perfekte L\u00e4cheln bei &hellip; <a href=\"https:\/\/www.sdi.com.au\/de-de\/company\/sdi-smile-vision\/\" class=\"more-link\">Continue reading<span class=\"screen-reader-text\"> &#8220;SDI Ihr L\u00e4cheln. Unsere Vision.&#8221;<\/span><\/a><\/p>\n","protected":false},"author":14,"featured_media":0,"parent":5564,"menu_order":4,"comment_status":"closed","ping_status":"closed","template":"page-templates\/internal-page.php","meta":{"_acf_changed":false,"_price":"","_stock":"","_tribe_ticket_header":"","_tribe_default_ticket_provider":"","_ticket_start_date":"","_ticket_end_date":"","_tribe_ticket_show_description":"","_tribe_ticket_show_not_going":false,"_tribe_ticket_use_global_stock":"","_tribe_ticket_global_stock_level":"","_global_stock_mode":"","_global_stock_cap":"","_tribe_rsvp_for_event":"","_tribe_ticket_going_count":"","_tribe_ticket_not_going_count":"","_tribe_tickets_list":"[]","_tribe_ticket_has_attendee_info_fields":false,"footnotes":"","_tec_slr_enabled":"","_tec_slr_layout":"","_wp_rev_ctl_limit":""},"class_list":["post-5733","page","type-page","status-publish","hentry"],"acf":[],"ticketed":false,"_links":{"self":[{"href":"https:\/\/www.sdi.com.au\/de-de\/wp-json\/wp\/v2\/pages\/5733","targetHints":{"allow":["GET"]}}],"collection":[{"href":"https:\/\/www.sdi.com.au\/de-de\/wp-json\/wp\/v2\/pages"}],"about":[{"href":"https:\/\/www.sdi.com.au\/de-de\/wp-json\/wp\/v2\/types\/page"}],"author":[{"embeddable":true,"href":"https:\/\/www.sdi.com.au\/de-de\/wp-json\/wp\/v2\/users\/14"}],"replies":[{"embeddable":true,"href":"https:\/\/www.sdi.com.au\/de-de\/wp-json\/wp\/v2\/comments?post=5733"}],"version-history":[{"count":5,"href":"https:\/\/www.sdi.com.au\/de-de\/wp-json\/wp\/v2\/pages\/5733\/revisions"}],"predecessor-version":[{"id":20476,"href":"https:\/\/www.sdi.com.au\/de-de\/wp-json\/wp\/v2\/pages\/5733\/revisions\/20476"}],"up":[{"embeddable":true,"href":"https:\/\/www.sdi.com.au\/de-de\/wp-json\/wp\/v2\/pages\/5564"}],"wp:attachment":[{"href":"https:\/\/www.sdi.com.au\/de-de\/wp-json\/wp\/v2\/media?parent=5733"}],"curies":[{"name":"wp","href":"https:\/\/api.w.org\/{rel}","templated":true}]}}