{"id":5736,"date":"2016-12-27T06:13:16","date_gmt":"2016-12-27T06:13:16","guid":{"rendered":"http:\/\/localhost\/sdi\/www\/de\/company\/careers-with-sdi\/"},"modified":"2024-04-08T12:37:04","modified_gmt":"2024-04-08T02:37:04","slug":"careers-with-sdi","status":"publish","type":"page","link":"https:\/\/www.sdi.com.au\/de-de\/careers-with-sdi\/","title":{"rendered":"Karrierechancen bei SDI"},"content":{"rendered":"<div class=\"wpb-content-wrapper\"><p>[vc_row][vc_column][vc_row_inner el_class=&#8221;no-padding&#8221;][vc_column_inner width=&#8221;2\/3&#8243;][vc_column_text]<\/p>\n<h1>Karrierechancen bei SDI<\/h1>\n<p>[\/vc_column_text][vc_column_text]SDI Limited ist ein schnell wachsendes, international vertretenes Unternehmen, mit Hauptsitz in Melbourne, Australien. Momentan besch\u00e4ftigt das Unternehmen ungef\u00e4hr 187 Personen in Australien und weitere 73 Personen weltweit. SDI Limited hat B\u00fcros und Lager f\u00fcr Australien in Melbourne; in den USA in Chicago; f\u00fcr Deutschland in K\u00f6ln un Sao Paulo f\u00fcr Brasilien.<\/p>\n<p>SDI ist ein Unternehmen mit innovativer Produktentwicklung und Fertigung f\u00fcr dentale Restaurationsmaterialien. Einer unserer Schwerpunkte ist die Entwicklung und das Wohlergehen unserer Mitarbeiter. W\u00e4hrend SDI als Unternehmen w\u00e4chst werden immer wieder neue Stellen frei und Karrierechancen in den folgenden Bereichen geschaffen:<\/p>\n<ul>\n<li>Forschung &amp; Entwicklung<\/li>\n<li>Vertrieb &amp; Marketing<\/li>\n<li>Fertigung<\/li>\n<li>Kommunikationstechnologie<\/li>\n<li>Buchhaltung &amp; Verwaltung<\/li>\n<li>Logistik<\/li>\n<\/ul>\n<p>[\/vc_column_text][\/vc_column_inner][vc_column_inner width=&#8221;1\/3&#8243;][vc_empty_space height=&#8221;20px&#8221; el_class=&#8221;emty_basic&#8221;][vc_single_image image=&#8221;233&#8243; img_size=&#8221;full&#8221;][\/vc_column_inner][\/vc_row_inner][vc_row_inner el_class=&#8221;no-padding&#8221;][vc_column_inner][vc_column_text]Dieser Teil unserer Webseite h\u00e4lt Sie \u00fcber neue Stellenangebote auf dem Laufenden. Wenn Sie also Teil eines innovativen australischen Unternehmens mit internationalen Bet\u00e4tigungsfeldern werden m\u00f6chten, schauen Sie sich die nachfolgenden Stellenangebote an.[\/vc_column_text][vc_column_text]<\/p>\n<h4>Job Opportunity:<\/h4>\n<p>[\/vc_column_text][vc_column_text]F\u00fcr andere, nicht hier aufgef\u00fchrte Stellen bei SDI, senden Sie Ihre Bewerbungsunterlagen per email an <a href=\"mailto:careers@sdi.com.au\">careers@sdi.com.au<\/a> und wir melden uns wenn eine geeignete Stelle frei wird.[\/vc_column_text][\/vc_column_inner][\/vc_row_inner][\/vc_column][\/vc_row]<\/p>\n<\/div>","protected":false},"excerpt":{"rendered":"<p>[vc_row][vc_column][vc_row_inner el_class=&#8221;no-padding&#8221;][vc_column_inner width=&#8221;2\/3&#8243;][vc_column_text] Karrierechancen bei SDI [\/vc_column_text][vc_column_text]SDI Limited ist ein schnell wachsendes, international vertretenes Unternehmen, mit Hauptsitz in Melbourne, Australien. Momentan besch\u00e4ftigt das Unternehmen ungef\u00e4hr 187 Personen in Australien und &hellip; <a href=\"https:\/\/www.sdi.com.au\/de-de\/careers-with-sdi\/\" class=\"more-link\">Continue reading<span class=\"screen-reader-text\"> &#8220;Karrierechancen bei SDI&#8221;<\/span><\/a><\/p>\n","protected":false},"author":14,"featured_media":0,"parent":0,"menu_order":5,"comment_status":"closed","ping_status":"closed","template":"page-templates\/internal-page.php","meta":{"_acf_changed":false,"_price":"","_stock":"","_tribe_ticket_header":"","_tribe_default_ticket_provider":"","_ticket_start_date":"","_ticket_end_date":"","_tribe_ticket_show_description":"","_tribe_ticket_show_not_going":false,"_tribe_ticket_use_global_stock":"","_tribe_ticket_global_stock_level":"","_global_stock_mode":"","_global_stock_cap":"","_tribe_rsvp_for_event":"","_tribe_ticket_going_count":"","_tribe_ticket_not_going_count":"","_tribe_tickets_list":"[]","_tribe_ticket_has_attendee_info_fields":false,"footnotes":"","_tec_slr_enabled":"","_tec_slr_layout":"","_wp_rev_ctl_limit":""},"class_list":["post-5736","page","type-page","status-publish","hentry"],"acf":[],"ticketed":false,"_links":{"self":[{"href":"https:\/\/www.sdi.com.au\/de-de\/wp-json\/wp\/v2\/pages\/5736","targetHints":{"allow":["GET"]}}],"collection":[{"href":"https:\/\/www.sdi.com.au\/de-de\/wp-json\/wp\/v2\/pages"}],"about":[{"href":"https:\/\/www.sdi.com.au\/de-de\/wp-json\/wp\/v2\/types\/page"}],"author":[{"embeddable":true,"href":"https:\/\/www.sdi.com.au\/de-de\/wp-json\/wp\/v2\/users\/14"}],"replies":[{"embeddable":true,"href":"https:\/\/www.sdi.com.au\/de-de\/wp-json\/wp\/v2\/comments?post=5736"}],"version-history":[{"count":4,"href":"https:\/\/www.sdi.com.au\/de-de\/wp-json\/wp\/v2\/pages\/5736\/revisions"}],"predecessor-version":[{"id":175320,"href":"https:\/\/www.sdi.com.au\/de-de\/wp-json\/wp\/v2\/pages\/5736\/revisions\/175320"}],"wp:attachment":[{"href":"https:\/\/www.sdi.com.au\/de-de\/wp-json\/wp\/v2\/media?parent=5736"}],"curies":[{"name":"wp","href":"https:\/\/api.w.org\/{rel}","templated":true}]}}