{"id":5739,"date":"2016-12-27T06:25:10","date_gmt":"2016-12-27T06:25:10","guid":{"rendered":"http:\/\/localhost\/sdi\/www\/de\/company\/brand-protection\/"},"modified":"2026-03-05T13:42:29","modified_gmt":"2026-03-05T02:42:29","slug":"brand-protection","status":"publish","type":"page","link":"https:\/\/www.sdi.com.au\/de-de\/brand-protection\/","title":{"rendered":"Brand Protection"},"content":{"rendered":"<div class=\"wpb-content-wrapper\"><p>[vc_row][vc_column][vc_row_inner el_class=&#8221;no-padding&#8221;][vc_column_inner width=&#8221;2\/3&#8243;][vc_column_text css=&#8221;&#8221;]<\/p>\n<h1 style=\"font-weight: 400;\"><strong>SDI Limited \u2013 Dentalprodukte<\/strong><\/h1>\n<p>[\/vc_column_text][vc_column_text css=&#8221;&#8221;]<\/p>\n<h3 style=\"font-weight: 400;\"><strong>Hintergrundinformationen<\/strong><\/h3>\n<p style=\"font-weight: 400;\">SDI Limited und ihre verbundenen Unternehmen sind Hersteller und Vertreiber von zahnmedizinischen Produkten und Ger\u00e4ten. Die von SDI Limited vertriebenen Medizinprodukte und Ger\u00e4te werden ausschlie\u00dflich \u00fcber autorisierte Vertriebswege in den Markt gebracht \u2013 \u00fcber vertraglich gebundene, autorisierte Distributoren, Gro\u00dfh\u00e4ndler und Einzelh\u00e4ndler sowie \u00fcber unternehmenseigene und unternehmenskontrollierte Vertriebseinrichtungen, die Endkunden direkt beliefern.<\/p>\n<p>[\/vc_column_text][\/vc_column_inner][vc_column_inner width=&#8221;1\/3&#8243;][vc_empty_space height=&#8221;80px&#8221; el_class=&#8221;emty_basic&#8221;][vc_single_image image=&#8221;233&#8243; img_size=&#8221;full&#8221;][\/vc_column_inner][\/vc_row_inner][vc_row_inner el_class=&#8221;no-padding&#8221;][vc_column_inner][vc_column_text css=&#8221;&#8221;]<\/p>\n<p style=\"font-weight: 400;\">SDI Limited \u00fcbt eine strenge Kontrolle \u00fcber Design, Herstellung, Vertrieb und Bewerbung ihrer Produkte aus, um h\u00f6chste Qualit\u00e4tsstandards sicherzustellen. Dar\u00fcber hinaus unterliegen zahlreiche Produkte von SDI strengen regulatorischen Anforderungen, insbesondere durch die U.S. Food and Drug Administration (FDA), staatliche und lokale Aufsichtsbeh\u00f6rden in den USA sowie durch zust\u00e4ndige Beh\u00f6rden in weiteren L\u00e4ndern weltweit.<\/p>\n<p style=\"font-weight: 400;\">SDI Limited und ihre verbundenen Unternehmen k\u00f6nnen die Qualit\u00e4t, Integrit\u00e4t oder Authentizit\u00e4t von Produkten, die \u00fcber nicht autorisierte Vertriebswege oder Verkaufsstellen \u2013 einschlie\u00dflich Online-Marktpl\u00e4tzen wie eBay \u2013 bezogen werden, nicht gew\u00e4hrleisten. Bei solchen Produkten ist regelm\u00e4\u00dfig nicht nachvollziehbar, wie diese transportiert, gelagert oder gehandhabt wurden.<\/p>\n<p style=\"font-weight: 400;\">Vor dem Erwerb von Produkten aus nicht autorisierten Quellen bitten wir, Folgendes zu ber\u00fccksichtigen:<\/p>\n<ol>\n<li>Medizin- und Dentalprodukte, die au\u00dferhalb der autorisierten Lieferkette bezogen werden, wurden m\u00f6glicherweise nicht entsprechend den Herstellervorgaben gelagert. Unsachgem\u00e4\u00dfe Lagerung oder Handhabung kann die Leistungsf\u00e4higkeit beeintr\u00e4chtigen und potenziell Gesundheitsrisiken verursachen.<\/li>\n<li>Produkte aus nicht autorisierten Quellen k\u00f6nnen gef\u00e4lscht, manipuliert oder gestohlen sein. Nicht autorisierte H\u00e4ndler beziehen Waren h\u00e4ufig aus unterschiedlichen, nicht \u00fcberpr\u00fcfbaren Quellen (z. B. Online-Auktionsplattformen oder Restpostenbest\u00e4nden), sodass die Echtheit nicht verifiziert werden kann.<\/li>\n<li>Die FDA sowie andere internationale Aufsichtsbeh\u00f6rden sind gesetzlich befugt, gegen den unautorisierten Vertrieb von Medizinprodukten zu ermitteln und zivil- oder strafrechtliche Ma\u00dfnahmen gegen Personen einzuleiten, die gestohlene oder verschreibungspflichtige Medizinprodukte vertreiben.<\/li>\n<li>Im Falle eines Produktr\u00fcckrufs kann der Hersteller unter Umst\u00e4nden keinen wirksamen R\u00fcckruf f\u00fcr Produkte durchf\u00fchren, die \u00fcber nicht autorisierte H\u00e4ndler bezogen wurden, was zus\u00e4tzliche Gesundheitsrisiken begr\u00fcnden kann. Mit dem Erwerb von Produkten \u00fcber nicht autorisierte Vertriebswege \u00fcbernehmen Sie das entsprechende Risiko, insbesondere das Risiko, gef\u00e4lschte, manipulierte oder gestohlene Ware zu erwerben. Der Vertrieb solcher Produkte kann zivil- und strafrechtliche Konsequenzen nach sich ziehen, einschlie\u00dflich erheblicher Geldbu\u00dfen und Freiheitsstrafen. Zur Sicherstellung der Echtheit und Konformit\u00e4t empfehlen wir, SDI-Produkte ausschlie\u00dflich \u00fcber von SDI autorisierte Distributoren oder direkt von SDI Limited bzw. deren verbundenen Unternehmen zu beziehen.<\/li>\n<\/ol>\n<p>[\/vc_column_text][vc_column_text css=&#8221;&#8221;]<\/p>\n<h3 style=\"font-weight: 400;\"><strong>Geistiges Eigentum<\/strong><\/h3>\n<p style=\"font-weight: 400;\">SDI Limited vertreibt ihre Produkte unter eingetragenen Marken und sch\u00fctzt diese Schutzrechte konsequent durch s\u00e4mtliche zur Verf\u00fcgung stehenden rechtlichen Mittel. Die Marken von SDI sind in den Vereinigten Staaten sowie in weiteren L\u00e4ndern, in denen die Produkte vertrieben werden, registriert. Diese Markenrechte sind von wesentlicher Bedeutung f\u00fcr die Gesch\u00e4ftst\u00e4tigkeit des Unternehmens.<\/p>\n<p style=\"font-weight: 400;\">Die unbefugte Nutzung von SDI-Marken \u2013 einschlie\u00dflich, jedoch nicht beschr\u00e4nkt auf \u201ePOLA\u201c, \u201eRIVA\u201c, \u201eSDI\u201c sowie s\u00e4mtliche weiteren SDI-Marken \u2013 im Zusammenhang mit Produkten, die nicht von SDI oder mit deren Genehmigung hergestellt wurden, stellt eine Markenrechtsverletzung dar.<\/p>\n<p style=\"font-weight: 400;\">Dar\u00fcber hinaus kann die Vervielf\u00e4ltigung, Verbreitung oder \u00f6ffentliche Zug\u00e4nglichmachung urheberrechtlich gesch\u00fctzter Materialien von SDI ohne vorherige schriftliche Zustimmung eine Urheberrechtsverletzung darstellen.<\/p>\n<p style=\"font-weight: 400;\">SDI und ihre verbundenen Unternehmen arbeiten eng mit Strafverfolgungsbeh\u00f6rden zusammen und machen von s\u00e4mtlichen zivil- und strafrechtlichen Rechtsbehelfen Gebrauch, um ihre Marken- und Schutzrechte durchzusetzen.<\/p>\n<p style=\"font-weight: 400;\">SDI verpflichtet sich dem Schutz der \u00f6ffentlichen Gesundheit. Dies umfasst auch die konsequente Durchsetzung ihrer gewerblichen Schutzrechte sowie die Sicherstellung, dass Produkte ausschlie\u00dflich im Einklang mit den regulatorischen Vorgaben in Verkehr gebracht werden. Mit Ausnahme der POLA-Produkte sind s\u00e4mtliche SDI-Produkte ausschlie\u00dflich zur Anwendung durch Zahn\u00e4rzte bestimmt. POLA-Produkte d\u00fcrfen nur durch oder auf Anordnung eines Zahnarztes verwendet bzw. abgegeben werden.<\/p>\n<p>[\/vc_column_text][vc_column_text css=&#8221;&#8221;]<\/p>\n<p style=\"font-weight: 400;\"><strong>\u00dcberwachung und eBay-Richtlinien (VeRO-Programm)<\/strong><\/p>\n<p style=\"font-weight: 400;\">SDI \u00fcberwacht regelm\u00e4\u00dfig:<\/p>\n<ol>\n<li>das Internet, einschlie\u00dflich Online-Auktionsplattformen;<\/li>\n<li>Websites, die SDI-Produkte direkt an Verbraucher anbieten.<\/li>\n<\/ol>\n<p style=\"font-weight: 400;\">Im Rahmen des eBay-Programms \u201eVerified Rights Owner\u201c (VeRO) wird SDI eBay \u00fcber Angebote informieren, die:<\/p>\n<ol>\n<li>eine unbefugte Nutzung von SDI-Marken oder urheberrechtlich gesch\u00fctzten Materialien enthalten; oder<\/li>\n<li>gegen eBay-Richtlinien versto\u00dfen, insbesondere durch das Anbieten verschreibungspflichtiger Medizinprodukte, verschreibungspflichtiger Erzeugnisse und\/oder implantierbarer Medizinprodukte. SDI-Produkte \u2013 einschlie\u00dflich der POLA-Produktreihe sowie s\u00e4mtlicher weiterer SDI-Produkte \u2013 sind verschreibungspflichtige Medizinprodukte, die ausschlie\u00dflich durch oder \u00fcber Zahn\u00e4rzte abgegeben bzw. angewendet werden d\u00fcrfen. Die RIVA-Produktreihe beispielsweise umfasst dentale Restaurationsmaterialien, die nach einer zahn\u00e4rztlichen Behandlung dauerhaft am Zahn verbleiben. Das Anbieten oder der Verkauf dieser Produkte \u00fcber eBay stellt einen Versto\u00df gegen die eBay-Richtlinien dar. Die M\u00f6glichkeit, ein Angebot auf eBay einzustellen, bedeutet nicht, dass der Verkauf rechtm\u00e4\u00dfig, autorisiert oder richtlinienkonform ist, da eBay keine vollst\u00e4ndige Vorabpr\u00fcfung s\u00e4mtlicher Angebote vornimmt.<\/li>\n<\/ol>\n<p>[\/vc_column_text][vc_column_text css=&#8221;&#8221;]<\/p>\n<p style=\"font-weight: 400;\">SDI setzt sich konsequent daf\u00fcr ein, Angebote, die ihre Schutzrechte verletzen oder gegen eBay-Richtlinien versto\u00dfen, entfernen zu lassen. Die Tatsache, dass gegen andere m\u00f6glicherweise rechtsverletzende Angebote bislang nicht vorgegangen wurde, begr\u00fcndet keinen Anspruch auf Fortf\u00fchrung eines eigenen Angebots.<\/p>\n<p style=\"font-weight: 400;\">Sollten Sie Kenntnis von aktiven Angeboten erhalten, die SDI-Produkte betreffen und nicht den eBay-Richtlinien entsprechen, bitten wir um Mitteilung der entsprechenden Angebotsnummer, damit wir gemeinsam mit eBay eine Pr\u00fcfung veranlassen k\u00f6nnen.<\/p>\n<p style=\"font-weight: 400;\">Das erneute Einstellen rechtsverletzender Angebote oder das fortgesetzte Anbieten unzul\u00e4ssiger Produkte kann zivil- und strafrechtliche Konsequenzen nach sich ziehen. Dar\u00fcber hinaus erfasst eBay wiederholte Richtlinienverst\u00f6\u00dfe und kann Konten vor\u00fcbergehend oder dauerhaft sperren.<\/p>\n<p>[\/vc_column_text][vc_column_text css=&#8221;&#8221;]<\/p>\n<h3 style=\"font-weight: 400;\"><strong>Kontakt<\/strong><\/h3>\n<p style=\"font-weight: 400;\">F\u00fcr R\u00fcckfragen wenden Sie sich bitte an:\u00a0<a href=\"mailto:Germany@sdi.com.au\">Germany@sdi.com.au<\/a><\/p>\n<p style=\"font-weight: 400;\">Bitte geben Sie in s\u00e4mtlicher Korrespondenz Ihre vollst\u00e4ndigen Kontaktdaten an, damit eine ordnungsgem\u00e4\u00dfe Bearbeitung erfolgen kann.<\/p>\n<p>[\/vc_column_text][\/vc_column_inner][\/vc_row_inner][\/vc_column][\/vc_row]<\/p>\n<\/div>","protected":false},"excerpt":{"rendered":"<p>[vc_row][vc_column][vc_row_inner el_class=&#8221;no-padding&#8221;][vc_column_inner width=&#8221;2\/3&#8243;][vc_column_text css=&#8221;&#8221;] SDI Limited \u2013 Dentalprodukte [\/vc_column_text][vc_column_text css=&#8221;&#8221;] Hintergrundinformationen SDI Limited und ihre verbundenen Unternehmen sind Hersteller und Vertreiber von zahnmedizinischen Produkten und Ger\u00e4ten. Die von SDI Limited &hellip; <a href=\"https:\/\/www.sdi.com.au\/de-de\/brand-protection\/\" class=\"more-link\">Continue reading<span class=\"screen-reader-text\"> &#8220;Brand Protection&#8221;<\/span><\/a><\/p>\n","protected":false},"author":14,"featured_media":0,"parent":0,"menu_order":6,"comment_status":"closed","ping_status":"closed","template":"page-templates\/internal-page.php","meta":{"_acf_changed":false,"_price":"","_stock":"","_tribe_ticket_header":"","_tribe_default_ticket_provider":"","_ticket_start_date":"","_ticket_end_date":"","_tribe_ticket_show_description":"","_tribe_ticket_show_not_going":false,"_tribe_ticket_use_global_stock":"","_tribe_ticket_global_stock_level":"","_global_stock_mode":"","_global_stock_cap":"","_tribe_rsvp_for_event":"","_tribe_ticket_going_count":"","_tribe_ticket_not_going_count":"","_tribe_tickets_list":"[]","_tribe_ticket_has_attendee_info_fields":false,"footnotes":"","_tec_slr_enabled":"","_tec_slr_layout":"","_wp_rev_ctl_limit":""},"class_list":["post-5739","page","type-page","status-publish","hentry"],"acf":[],"ticketed":false,"_links":{"self":[{"href":"https:\/\/www.sdi.com.au\/de-de\/wp-json\/wp\/v2\/pages\/5739","targetHints":{"allow":["GET"]}}],"collection":[{"href":"https:\/\/www.sdi.com.au\/de-de\/wp-json\/wp\/v2\/pages"}],"about":[{"href":"https:\/\/www.sdi.com.au\/de-de\/wp-json\/wp\/v2\/types\/page"}],"author":[{"embeddable":true,"href":"https:\/\/www.sdi.com.au\/de-de\/wp-json\/wp\/v2\/users\/14"}],"replies":[{"embeddable":true,"href":"https:\/\/www.sdi.com.au\/de-de\/wp-json\/wp\/v2\/comments?post=5739"}],"version-history":[{"count":4,"href":"https:\/\/www.sdi.com.au\/de-de\/wp-json\/wp\/v2\/pages\/5739\/revisions"}],"predecessor-version":[{"id":189919,"href":"https:\/\/www.sdi.com.au\/de-de\/wp-json\/wp\/v2\/pages\/5739\/revisions\/189919"}],"wp:attachment":[{"href":"https:\/\/www.sdi.com.au\/de-de\/wp-json\/wp\/v2\/media?parent=5739"}],"curies":[{"name":"wp","href":"https:\/\/api.w.org\/{rel}","templated":true}]}}