{"id":5889,"date":"2017-03-10T07:55:21","date_gmt":"2017-03-10T07:55:21","guid":{"rendered":"\/de-de\/?page_id=5889"},"modified":"2021-06-01T11:32:09","modified_gmt":"2021-06-01T01:32:09","slug":"impressum","status":"publish","type":"page","link":"https:\/\/www.sdi.com.au\/de-de\/company\/impressum\/","title":{"rendered":"Impressum"},"content":{"rendered":"<div class=\"wpb-content-wrapper\"><p>[vc_row][vc_column][vc_row_inner el_class=&#8221;no-padding&#8221;][vc_column_inner width=&#8221;2\/3&#8243;][vc_column_text]<\/p>\n<h1>Impressum<\/h1>\n<p>[\/vc_column_text][vc_column_text]<strong>Hinweise gem\u00e4\u00df \u00a7 5 Telemediengesetz<\/strong><br \/>\nAnbieter:<br \/>\nSDI Limited<br \/>\n3-13 Brunsdon Street<br \/>\nBayswater Victoria 3153 Australia<br \/>\nVertreten durch (die CEO) Samantha Cheetham<br \/>\nTelefon: +61 3 8727 7111<br \/>\nFax +61 3 8727 7222<br \/>\nToll Free 1 800 337 003<br \/>\nEmail: <a href=\"mailto:Info@sdi.com.au\">Info@sdi.com.au<\/a>[\/vc_column_text][\/vc_column_inner][vc_column_inner width=&#8221;1\/3&#8243;][vc_empty_space height=&#8221;60px&#8221; el_class=&#8221;emty_basic&#8221;][vc_single_image image=&#8221;233&#8243; img_size=&#8221;full&#8221;][\/vc_column_inner][\/vc_row_inner][vc_row_inner el_class=&#8221;no-padding&#8221;][vc_column_inner width=&#8221;5\/6&#8243;][vc_column_text]Register: Australian Securities &amp; Investment Commission (ASIC) \u2013<br \/>\nRegister Nr. ACN: 008 075 581<br \/>\nSteuer Nr. ( ABN number) ABN 27 008 075 581<br \/>\nAufsichtsbeh\u00f6rde : Therapeutic Goods Administration TGA,. 136 Narrabundah Lane, Symonston ACT<br \/>\n2609, Australia (Client ID : 947; Manufacturers evidence ID : DV-2016-MC-01053-1)[\/vc_column_text][vc_column_text]<strong><span class=\"author-baPA9OpCZGo2\">V<\/span>erantwortlich im Sinne \u00a7 55 Abs.2 des Rundfunkstaatsvertrages (soweit anwendbar):<br \/>\n<\/strong>Samantha Cheetham, Hansestrasse 85, D-51149 K\u00f6ln<\/p>\n<div id=\"magicdomid24\" class=\"\"><\/div>\n<div id=\"magicdomid25\" class=\"\"><strong><span class=\"author-baPA9OpCZGo2\">Verantwortlich im Sinne des Art.27 DSGVO (soweit anwendbar):<\/span><\/strong><\/div>\n<div id=\"magicdomid26\" class=\"\"><span class=\"author-baPA9OpCZGo2\">Samantha Cheetham, Hansestrasse 85, D-51149 K\u00f6ln<\/span><\/div>\n<p>[\/vc_column_text][vc_column_text]<strong>Allgemeine rechtliche Hinweise:<\/strong><br \/>\n<strong>1. Haftungsauschluss allgemein:<\/strong><br \/>\nDie Haftung von SDI und deren gesetzlichen Vertretern und Erf\u00fcllungsgehilfen f\u00fcr Sch\u00e4den aufgrund<br \/>\ndieses Internetauftritts wird ausdr\u00fccklich ausgeschlossen.<\/p>\n<p>Der vorstehende Haftungsausschluss gilt nicht f\u00fcr<\/p>\n<ul>\n<li>Die Haftung f\u00fcr die Verletzung von Leben, K\u00f6rper oder Gesundheit<\/li>\n<li>Die Haftung aufgrund vors\u00e4tzlichen oder grob fahrl\u00e4ssigem Pflichtverletzungen von SDI,oder eines gesetzlichen Vertreters oder eines Erf\u00fcllungsgehilfen von SDI<\/li>\n<\/ul>\n<p><strong>2. Beitr\u00e4ge Dritter:<\/strong><br \/>\nSoweit ein Beitrag oder Text mit dem jeweiligen Verfasser namentlich benannt ist, ist der Verfasser\u00a0des jeweiligen Beitrages oder Texts f\u00fcr den Inhalt verantwortlich.[\/vc_column_text][\/vc_column_inner][vc_column_inner width=&#8221;1\/6&#8243;][\/vc_column_inner][\/vc_row_inner][\/vc_column][\/vc_row]<\/p>\n<\/div>","protected":false},"excerpt":{"rendered":"<p>[vc_row][vc_column][vc_row_inner el_class=&#8221;no-padding&#8221;][vc_column_inner width=&#8221;2\/3&#8243;][vc_column_text] Impressum [\/vc_column_text][vc_column_text]Hinweise gem\u00e4\u00df \u00a7 5 Telemediengesetz Anbieter: SDI Limited 3-13 Brunsdon Street Bayswater Victoria 3153 Australia Vertreten durch (die CEO) Samantha Cheetham Telefon: +61 3 8727 7111 &hellip; <a href=\"https:\/\/www.sdi.com.au\/de-de\/company\/impressum\/\" class=\"more-link\">Continue reading<span class=\"screen-reader-text\"> &#8220;Impressum&#8221;<\/span><\/a><\/p>\n","protected":false},"author":14,"featured_media":0,"parent":5564,"menu_order":0,"comment_status":"closed","ping_status":"closed","template":"page-templates\/internal-page.php","meta":{"_acf_changed":false,"_price":"","_stock":"","_tribe_ticket_header":"","_tribe_default_ticket_provider":"","_ticket_start_date":"","_ticket_end_date":"","_tribe_ticket_show_description":"","_tribe_ticket_show_not_going":false,"_tribe_ticket_use_global_stock":"","_tribe_ticket_global_stock_level":"","_global_stock_mode":"","_global_stock_cap":"","_tribe_rsvp_for_event":"","_tribe_ticket_going_count":"","_tribe_ticket_not_going_count":"","_tribe_tickets_list":"[]","_tribe_ticket_has_attendee_info_fields":false,"footnotes":"","_tec_slr_enabled":"","_tec_slr_layout":"","_wp_rev_ctl_limit":""},"class_list":["post-5889","page","type-page","status-publish","hentry"],"acf":[],"ticketed":false,"_links":{"self":[{"href":"https:\/\/www.sdi.com.au\/de-de\/wp-json\/wp\/v2\/pages\/5889","targetHints":{"allow":["GET"]}}],"collection":[{"href":"https:\/\/www.sdi.com.au\/de-de\/wp-json\/wp\/v2\/pages"}],"about":[{"href":"https:\/\/www.sdi.com.au\/de-de\/wp-json\/wp\/v2\/types\/page"}],"author":[{"embeddable":true,"href":"https:\/\/www.sdi.com.au\/de-de\/wp-json\/wp\/v2\/users\/14"}],"replies":[{"embeddable":true,"href":"https:\/\/www.sdi.com.au\/de-de\/wp-json\/wp\/v2\/comments?post=5889"}],"version-history":[{"count":9,"href":"https:\/\/www.sdi.com.au\/de-de\/wp-json\/wp\/v2\/pages\/5889\/revisions"}],"predecessor-version":[{"id":26356,"href":"https:\/\/www.sdi.com.au\/de-de\/wp-json\/wp\/v2\/pages\/5889\/revisions\/26356"}],"up":[{"embeddable":true,"href":"https:\/\/www.sdi.com.au\/de-de\/wp-json\/wp\/v2\/pages\/5564"}],"wp:attachment":[{"href":"https:\/\/www.sdi.com.au\/de-de\/wp-json\/wp\/v2\/media?parent=5889"}],"curies":[{"name":"wp","href":"https:\/\/api.w.org\/{rel}","templated":true}]}}