{"id":169048,"date":"2023-05-30T16:27:35","date_gmt":"2023-05-30T06:27:35","guid":{"rendered":"https:\/\/www.sdi.com.au\/stela-the-true-amalgam-alternative-2\/"},"modified":"2023-06-23T15:41:30","modified_gmt":"2023-06-23T05:41:30","slug":"stela-amalgam-alternative-info","status":"publish","type":"page","link":"https:\/\/www.sdi.com.au\/es-sa\/stela-amalgam-alternative-info\/","title":{"rendered":"Stela \u2013 the true amalgam alternative"},"content":{"rendered":"<div class=\"wpb-content-wrapper\"><p>[vc_row][vc_column][vc_row_inner][vc_column_inner width=&#8221;1\/2&#8243;][vc_column_text]<\/p>\n<h2>Stela \u2013 La verdadera alternativa a la amalgama<\/h2>\n<p>[\/vc_column_text][vc_column_text]<\/p>\n<p>SDI se ha basado en sus 50 a\u00f1os de experiencia en materiales de amalgama para desarrollar Stela, la verdadera alternativa a la amalgama.<\/p>\n<p>Stela es un compuesto innovador autopolimerizable de alto rendimiento que fue dise\u00f1ado desde cero para reemplazar la amalgama.<\/p>\n<p>Ventajas de Stela:<\/p>\n<ul>\n<li>alta resistencia a la compresi\u00f3n y a la flexi\u00f3n<\/li>\n<li>para uso en restauraciones de clase I, II, III y V<\/li>\n<li>profundidad de curado ilimitada<\/li>\n<li>interfaz sin espacios<\/li>\n<li>proceso simple de 2 pasos<\/li>\n<li>sin grabado acido<\/li>\n<li>sin necesidad de l\u00e1mpara de polimerizaci\u00f3n<\/li>\n<li>disponible en jeringa automix o c\u00e1psula.<\/li>\n<\/ul>\n<p>[\/vc_column_text][\/vc_column_inner][vc_column_inner width=&#8221;1\/2&#8243;][vc_single_image image=&#8221;169947&#8243; img_size=&#8221;full&#8221;][\/vc_column_inner][\/vc_row_inner][\/vc_column][\/vc_row][vc_row full_width=&#8221;stretch_row&#8221; el_class=&#8221;quote-row2&#8243; css=&#8221;.vc_custom_1685767093007{padding-top: 20px !important;padding-bottom: 20px !important;}&#8221;][vc_column][vc_row_inner][vc_column_inner][vc_column_text]<\/p>\n<p>La tecnolog\u00eda de vanguardia de Stela es el resultado de una colaboraci\u00f3n entre cient\u00edficos e ingenieros de SDI de tres universidades australianas l\u00edderes: la Universidad de Nueva Gales del Sur, la Universidad de S\u00eddney y la Universidad de Wollongong. Stela no es solo un composite: es un sistema completo de principio a fin que est\u00e1 formulado para brindar unas restauraciones m\u00e1s fuertes y eficientes.<\/p>\n<p>[\/vc_column_text][\/vc_column_inner][\/vc_row_inner][\/vc_column][\/vc_row][vc_row][vc_column][vc_row_inner][vc_column_inner][vc_column_text]<\/p>\n<h3><strong>La fuerza superior de Stela<\/strong><\/h3>\n<p>[\/vc_column_text][\/vc_column_inner][\/vc_row_inner][vc_row_inner][vc_column_inner width=&#8221;1\/2&#8243;][vc_column_text]<\/p>\n<p><strong>Stela est\u00e1 indicado para uso en restauraciones de clase I, II, III y V.<\/strong><\/p>\n<p>El sistema iniciador Stela inicia un fraguado r\u00e1pido instant\u00e1neo para convertir los mon\u00f3meros en cadenas de pol\u00edmeros. Al mismo tiempo, estas cadenas se entrecruzan r\u00e1pida y densamente entre s\u00ed, formando una red compleja. Esta red une de forma fiable los rellenos. Los resultados: unas impresionantes propiedades mec\u00e1nicas.<\/p>\n<p>[\/vc_column_text][\/vc_column_inner][vc_column_inner width=&#8221;1\/2&#8243;][vc_column_text]<\/p>\n<p>Stela presenta una alta resistencia a la compresi\u00f3n, que protege los dientes contra fuertes fuerzas oclusales, y una elevada resistencia a la flexi\u00f3n, que reduce la probabilidad de fallos debido a grandes tensiones. La resistencia de una restauraci\u00f3n siempre debe juzgarse por su combinaci\u00f3n de propiedades de compresi\u00f3n y flexi\u00f3n, y Stela tiene el equilibrio perfecto de ambas, superando a la mayor\u00eda de los dem\u00e1s composites.<\/p>\n<p>[\/vc_column_text][\/vc_column_inner][\/vc_row_inner][vc_row_inner][vc_column_inner][vc_single_image image=&#8221;169926&#8243; img_size=&#8221;844&#215;355&#8243; onclick=&#8221;link_image&#8221;][vc_column_text]<\/p>\n<p class=\"p1\" style=\"font-size: 12px;\">Fuente: Departamento de Investigaci\u00f3n y Desarrollo de SDI.<br \/>\n^ Stela Automix<\/p>\n<p>[\/vc_column_text][\/vc_column_inner][\/vc_row_inner][vc_separator][vc_row_inner][vc_column_inner width=&#8221;1\/2&#8243;][vc_column_text]<\/p>\n<h3><strong>15 segundos de preparaci\u00f3n: restaurar en 2 pasos<\/strong><\/h3>\n<p><b>Stela se aplica en un proceso simplificado de dos pasos: imprimaci\u00f3n y composite. <\/b><\/p>\n<p>Mientras que los sistemas de composite tradicionales pueden tardar hasta 120 segundos en prepararse, las restauraciones Stela est\u00e1n listas para su colocaci\u00f3n en tan solo 15 segundos. Esto se logra eliminando los pasos tradicionales de grabado, imprimaci\u00f3n, uni\u00f3n y fotopolimerizaci\u00f3n, que requieren gran cantidad de tiempo. Con el sistema Stela de dos pasos, los dentistas pueden beneficiarse de un tiempo de sill\u00f3n reducido, altos \u00edndices de satisfacci\u00f3n del paciente y restauraciones duraderas.<\/p>\n<p>Stela tiene un tiempo de trabajo de 1,5 minutos y fragua de forma auto en 4 minutos.[\/vc_column_text][\/vc_column_inner][vc_column_inner width=&#8221;1\/2&#8243;][vc_single_image image=&#8221;169866&#8243; img_size=&#8221;large&#8221; onclick=&#8221;link_image&#8221;][vc_single_image image=&#8221;169846&#8243; img_size=&#8221;large&#8221; onclick=&#8221;link_image&#8221;][\/vc_column_inner][\/vc_row_inner][vc_separator][\/vc_column][\/vc_row][vc_row css=&#8221;.vc_custom_1685767280430{padding-top: 20px !important;padding-bottom: 20px !important;}&#8221;][vc_column][vc_row_inner][vc_column_inner][vc_column_text]<\/p>\n<h3><strong>Su elecci\u00f3n: Jeringa o c\u00e1psula<\/strong><\/h3>\n<p>Stela est\u00e1 disponible en sistemas de c\u00e1psulas y jeringas, ambos utilizados junto con Stela Primer. El tono universal ofrece un efecto camale\u00f3nico que equilibra la translucidez y la opacidad. Este efecto superior se funde con las estructuras dentales circundantes para producir un acabado impecable y unos resultados est\u00e9ticos. Stela est\u00e1 indicado para una amplia gama de usos cl\u00ednicos, incluidas restauraciones de Clase I, II, III y V, base o recubrimiento, t\u00e9cnica build up y sellado de cavidades de acceso endod\u00f3ntico.[\/vc_column_text][\/vc_column_inner][\/vc_row_inner][vc_row_inner][vc_column_inner width=&#8221;1\/2&#8243;][vc_column_text]<\/p>\n<p><strong>El sistema Stela Automix<\/strong><\/p>\n<p>[\/vc_column_text][vc_single_image image=&#8221;169886&#8243; img_size=&#8221;full&#8221;][\/vc_column_inner][vc_column_inner width=&#8221;1\/2&#8243;][vc_column_text]<strong>El sistema de c\u00e1psula Stela<\/strong>[\/vc_column_text][vc_single_image image=&#8221;169906&#8243; img_size=&#8221;full&#8221;][\/vc_column_inner][\/vc_row_inner][vc_separator][\/vc_column][\/vc_row][vc_row css=&#8221;.vc_custom_1685767280430{padding-top: 20px !important;padding-bottom: 20px !important;}&#8221;][vc_column][vc_row_inner][vc_column_inner width=&#8221;1\/2&#8243;][vc_column_text]<\/p>\n<h3><strong>Un solo tono: est\u00e9tica camale\u00f3nica<\/strong><\/h3>\n<p>A diferencia de muchos composites autopolimerizables, Stela ha sido formulado sin amina terciaria. Se ha demostrado que este aditivo contribuye al amarilleamiento de las restauraciones con el paso del tiempo.<sup>1,2<\/sup> Con Stela, los dentistas pueden estar seguros de que sus restauraciones mejoran la estabilidad del color a largo plazo.<\/p>\n<p>Stela est\u00e1 disponible en un tono universal, desarrollado con un efecto camale\u00f3nico para imitar el tono de los dientes circundantes.[\/vc_column_text][\/vc_column_inner][vc_column_inner width=&#8221;1\/2&#8243;][vc_single_image image=&#8221;169825&#8243; img_size=&#8221;full&#8221; onclick=&#8221;link_image&#8221;][vc_column_text]<\/p>\n<p class=\"p1\" style=\"font-size: 12px;\">Im\u00e1genes cortes\u00eda de la Prof. Dra. Roc\u00edo Lazo<\/p>\n<p>[\/vc_column_text][\/vc_column_inner][\/vc_row_inner][vc_separator][\/vc_column][\/vc_row][vc_row full_width=&#8221;stretch_row&#8221; css=&#8221;.vc_custom_1685767210832{padding-top: 20px !important;padding-bottom: 20px !important;}&#8221;][vc_column][vc_row_inner][vc_column_inner width=&#8221;1\/3&#8243;][vc_column_text]<img loading=\"lazy\" decoding=\"async\" class=\"alignnone wp-image-33700 size-medium\" src=\"https:\/\/www.sdi.com.au\/wp-content\/uploads\/2022\/07\/study_stela_selfetch-300x288.png\" alt=\"\" width=\"300\" height=\"288\" srcset=\"https:\/\/www.sdi.com.au\/wp-content\/uploads\/2022\/07\/study_stela_selfetch-300x288.png 300w, https:\/\/www.sdi.com.au\/wp-content\/uploads\/2022\/07\/study_stela_selfetch.png 409w\" sizes=\"auto, (max-width: 300px) 85vw, 300px\" \/><\/p>\n<p class=\"p1\" style=\"font-size: 12px;\">INTERFAZ DE UNI\u00d3N DE STELA (AUTOGRABADO)<br \/>\nSOURCE: SAURO, Salvator et al. 2022<sup>6<\/sup><\/p>\n<p>[\/vc_column_text][\/vc_column_inner][vc_column_inner width=&#8221;2\/3&#8243;][vc_column_text]<\/p>\n<h3><strong>Restauraciones sin riesgos de GAP<\/strong><\/h3>\n<p>Stela presenta una tecnolog\u00eda innovadora que garantiza una interfaz sin espacios. Cuando se fotopolimeriza un composite, la polimerizaci\u00f3n comienza en el \u00e1rea m\u00e1s cercana a la fuente de luz y la contracci\u00f3n de la polimerizaci\u00f3n resultante aleja la restauraci\u00f3n de las paredes de la cavidad, lo que crea microespacios.<sup>3,4,5<\/sup> Stela no requiere fotopolimerizaci\u00f3n y Stela Primer contiene un catalizador que inicia el proceso de fotopolimerizaci\u00f3n en la interfase de la restauraci\u00f3n. Esta secuencia de polimerizaci\u00f3n mitiga el estr\u00e9s para permitir una interfaz sin espacios, lo que reduce la sensibilidad postoperatoria y el riesgo de fallos prematuros.[\/vc_column_text][\/vc_column_inner][\/vc_row_inner][vc_separator][\/vc_column][\/vc_row][vc_row full_width=&#8221;stretch_row&#8221; css=&#8221;.vc_custom_1685767210832{padding-top: 20px !important;padding-bottom: 20px !important;}&#8221;][vc_column][vc_row_inner][vc_column_inner width=&#8221;1\/2&#8243;][vc_column_text]<\/p>\n<p>Stela Primer tambi\u00e9n contiene 10-MPD y se ha demostrado que proporciona una fuerza de uni\u00f3n superior en comparaci\u00f3n con otras combinaciones l\u00edderes de adhesivos\/composites.<\/p>\n<p>Adem\u00e1s, Stela contiene fl\u00faor, calcio y estroncio y est\u00e1 libre de BPA y HEMA. Stela tambi\u00e9n ofrece una radiopacidad del 308\u00a0% de aluminio para facilitar el diagn\u00f3stico.<\/p>\n<p>Stela es la opci\u00f3n ideal para los dentistas que buscan un restaurador fuerte y fiable de alto rendimiento, que sea simple y r\u00e1pido y que no comprometa la est\u00e9tica. La interfaz sin espacios y el proceso simplificado de Stela reducen la sensibilidad y aumentan la longevidad, lo que se traduce en pacientes leales y dentistas confiados.<\/p>\n<p><strong>Stela es una innovaci\u00f3n australiana, desarrollada y fabricada en Australia por SDI Limited.<\/strong><\/p>\n<p>[\/vc_column_text][\/vc_column_inner][vc_column_inner width=&#8221;1\/2&#8243;][vc_column_text]<\/p>\n<h3><strong>Fuerza de uni\u00f3n superior de Stela<\/strong><\/h3>\n<p>[\/vc_column_text][vc_single_image image=&#8221;33694&#8243; img_size=&#8221;medium&#8221; onclick=&#8221;link_image&#8221;][vc_column_text]<\/p>\n<p class=\"p1\" style=\"font-size: 12px;\">SOURCE: SAURO, Salvatore et al. 2022<sup>6<\/sup><br \/>\nMicrotensile bond strength and interfacial adaptation of two bulk-fill composites compared to a conventional composite restorative system. * No son marcas comerciales de SDI<\/p>\n<p>[\/vc_column_text][\/vc_column_inner][\/vc_row_inner][\/vc_column][\/vc_row][vc_row full_width=&#8221;stretch_row&#8221; el_class=&#8221;quote-row2&#8243; css=&#8221;.vc_custom_1685768457413{padding-top: 20px !important;}&#8221;][vc_column][vc_row_inner disable_element=&#8221;yes&#8221;][vc_column_inner width=&#8221;1\/5&#8243;][vc_single_image image=&#8221;33840&#8243; img_size=&#8221;full&#8221;][\/vc_column_inner][vc_column_inner width=&#8221;2\/5&#8243;][vc_column_text]<\/p>\n<h5><img loading=\"lazy\" decoding=\"async\" class=\"alignnone size-full wp-image-33842\" src=\"https:\/\/www.sdi.com.au\/wp-content\/uploads\/2022\/07\/valencia-flag.png\" alt=\"\" width=\"30\" height=\"21\" \/> DR JOS\u00c9 CEDILLO<\/h5>\n<p>[\/vc_column_text][vc_single_image image=&#8221;33843&#8243; img_size=&#8221;full&#8221;][vc_column_text]First and second lower molars with defective composite restorations[\/vc_column_text][\/vc_column_inner][vc_column_inner width=&#8221;2\/5&#8243;][vc_empty_space height=&#8221;64px&#8221;][vc_single_image image=&#8221;33846&#8243; img_size=&#8221;full&#8221;][vc_column_text]Caries removed and large Class I cavities prepared[\/vc_column_text][\/vc_column_inner][\/vc_row_inner][vc_row_inner disable_element=&#8221;yes&#8221;][vc_column_inner width=&#8221;1\/5&#8243;][\/vc_column_inner][vc_column_inner width=&#8221;2\/5&#8243;][vc_single_image image=&#8221;33845&#8243; img_size=&#8221;full&#8221;][vc_column_text]Application of calcium hydroxide to protect the deepest area of one cavity, followed by application of Stela Primer[\/vc_column_text][\/vc_column_inner][vc_column_inner width=&#8221;2\/5&#8243;][vc_single_image image=&#8221;33846&#8243; img_size=&#8221;full&#8221;][vc_column_text]Restoration complete[\/vc_column_text][\/vc_column_inner][\/vc_row_inner][vc_separator color=&#8221;custom&#8221; accent_color=&#8221;#0a0a0a&#8221;][vc_row_inner][vc_column_inner width=&#8221;1\/5&#8243;][vc_single_image image=&#8221;33626&#8243; img_size=&#8221;full&#8221;][\/vc_column_inner][vc_column_inner width=&#8221;4\/5&#8243;][vc_column_text]<em><strong>&#8220;Alejarnos de las t\u00e9cnicas incrementales utilizando un composite de relleno en bloque polimerizado qu\u00edmicamente nos permite trabajar m\u00e1s r\u00e1pido y emplear un proceso altamente reproducible y m\u00e1s seguro.&#8221;<\/strong><\/em>[\/vc_column_text][vc_column_text]<\/p>\n<h5><img loading=\"lazy\" decoding=\"async\" class=\"alignnone wp-image-33627\" src=\"https:\/\/www.sdi.com.au\/wp-content\/uploads\/2022\/07\/peru-flag.png\" alt=\"\" width=\"30\" height=\"21\" \/> Dr Eraldo Pesaressi \u2013 PER\u00da<\/h5>\n<p><span class=\"s1\" style=\"font-size: 12px;\">Doctor en Ciencias M\u00e9dicas. Investigador asociado de la Universidad de San Mart\u00edn de Porres &#8211; Lima<\/span>[\/vc_column_text][\/vc_column_inner][\/vc_row_inner][vc_row_inner][vc_column_inner width=&#8221;1\/5&#8243;][\/vc_column_inner][vc_column_inner width=&#8221;1\/5&#8243;][vc_single_image image=&#8221;33621&#8243; img_size=&#8221;full&#8221;][vc_column_text]<strong>Paso 1:<\/strong> Molar con caries[\/vc_column_text][\/vc_column_inner][vc_column_inner width=&#8221;1\/5&#8243;][vc_single_image image=&#8221;33622&#8243; img_size=&#8221;full&#8221;][vc_column_text]<strong>Paso 2:<\/strong> Tras eliminaci\u00f3n de la caries y aislamiento con dique de goma[\/vc_column_text][\/vc_column_inner][vc_column_inner width=&#8221;1\/5&#8243;][vc_single_image image=&#8221;33623&#8243; img_size=&#8221;full&#8221;][vc_column_text]<strong>Paso 3:<\/strong> Aplicaci\u00f3n de Stela Primer[\/vc_column_text][\/vc_column_inner][vc_column_inner width=&#8221;1\/5&#8243;][vc_single_image image=&#8221;33624&#8243; img_size=&#8221;full&#8221;][vc_column_text]<strong>Paso 4:<\/strong> Restauraci\u00f3n completada[\/vc_column_text][\/vc_column_inner][\/vc_row_inner][vc_separator color=&#8221;custom&#8221; accent_color=&#8221;#0a0a0a&#8221;][vc_row_inner][vc_column_inner width=&#8221;1\/5&#8243;][vc_single_image image=&#8221;33632&#8243; img_size=&#8221;full&#8221;][\/vc_column_inner][vc_column_inner width=&#8221;4\/5&#8243;][vc_column_text]<em><strong>&#8220;Us\u00e9 Stela con diferentes protocolos, incluso directamente, sin protecci\u00f3n pulpar, y no provoc\u00f3 sensibilidad. \u00a1Gracias a SDI por compartir estos maravillosos desarrollos en nuestra profesi\u00f3n!&#8221;<\/strong><\/em>[\/vc_column_text][vc_column_text]<\/p>\n<h5><img loading=\"lazy\" decoding=\"async\" src=\"https:\/\/www.sdi.com.au\/wp-content\/uploads\/2022\/07\/columbia-flag.png\" alt=\"\" width=\"30\" height=\"21\" \/>\u00a0PROF DR GONZALO ARANA GORDILO \u2013 COLOMBIA<\/h5>\n<p><span class=\"s1\" style=\"font-size: 12px;\">Profesor en m\u00faltiples universidades colombianas Conferenciante internacional en biomateriales y est\u00e9tica dental<\/span>[\/vc_column_text][\/vc_column_inner][\/vc_row_inner][vc_row_inner][vc_column_inner width=&#8221;1\/5&#8243;][\/vc_column_inner][vc_column_inner width=&#8221;2\/5&#8243;][vc_single_image image=&#8221;33633&#8243; img_size=&#8221;518&#215;260&#8243;][vc_column_text]Cavidad preparada y lista para aislamiento con dique de goma[\/vc_column_text][\/vc_column_inner][vc_column_inner width=&#8221;2\/5&#8243;][vc_single_image image=&#8221;33634&#8243; img_size=&#8221;518&#215;260&#8243;][vc_column_text]Aspecto final tras el acabado y pulido[\/vc_column_text][\/vc_column_inner][\/vc_row_inner][vc_separator color=&#8221;custom&#8221; accent_color=&#8221;#0a0a0a&#8221;][vc_row_inner][vc_column_inner width=&#8221;1\/5&#8243;][vc_single_image image=&#8221;33647&#8243; img_size=&#8221;full&#8221;][\/vc_column_inner][vc_column_inner width=&#8221;4\/5&#8243;][vc_column_text]<em><strong>&#8220;La aplicaci\u00f3n de Stela es muy f\u00e1cil y, tras solo 4 minutos, la restauraci\u00f3n ten\u00eda el mismo tono que el diente. Gran capacidad de pulido. \u00a1Un producto ideal&#8221;<\/strong><\/em>[\/vc_column_text][vc_column_text]<\/p>\n<h5><img loading=\"lazy\" decoding=\"async\" src=\"https:\/\/www.sdi.com.au\/wp-content\/uploads\/2022\/07\/peru-flag.png\" alt=\"\" width=\"30\" height=\"21\" \/>\u00a0PROF DR ROCIO LAZO \u2013 PER\u00da<\/h5>\n<p><span class=\"s1\" style=\"font-size: 12px;\">Profesora del Programa de Especializaci\u00f3n en Odontopediatr\u00eda &#8211; Universidad Cient\u00edfica del Sur &#8211; Lima, Per\u00fa. Coautora de tres libros sobre odontopediatr\u00eda y varios trabajos de investigaci\u00f3n<\/span>[\/vc_column_text][\/vc_column_inner][\/vc_row_inner][vc_row_inner][vc_column_inner width=&#8221;1\/5&#8243;][\/vc_column_inner][vc_column_inner width=&#8221;2\/5&#8243;][vc_single_image image=&#8221;33649&#8243; img_size=&#8221;518&#215;260&#8243;][vc_column_text]Cavidad preparada y lista para aislamiento con dique de goma[\/vc_column_text][\/vc_column_inner][vc_column_inner width=&#8221;2\/5&#8243;][vc_single_image image=&#8221;33648&#8243; img_size=&#8221;518&#215;260&#8243;][vc_column_text]Aspecto final tras el acabado y pulido[\/vc_column_text][\/vc_column_inner][\/vc_row_inner][vc_separator color=&#8221;custom&#8221; accent_color=&#8221;#0a0a0a&#8221;][\/vc_column][\/vc_row][vc_row full_width=&#8221;stretch_row&#8221; el_class=&#8221;quote-row3&#8243; css=&#8221;.vc_custom_1685968502785{padding-top: 20px !important;padding-bottom: 20px !important;}&#8221;][vc_column][vc_row_inner][vc_column_inner][vc_column_text]<\/p>\n<p class=\"p1\" style=\"font-size: 12px;\">Referencias:<\/p>\n<ol>\n<li style=\"font-size: 12px;\">Andrea Kowalska et al. The Photoinitiators Used in Resin Based Dental Composite &#8211; A Review and Future Perspectives, 2021<\/li>\n<li style=\"font-size: 12px;\">Andrea Kowalska et al. Can TPO as Photoinitiator Replace \u201cGolden Mean\u201d Camphorquinone and Tertiary Amines in Dental Composites?, 2022<\/li>\n<li style=\"font-size: 12px;\">Hamdi Hosni Hamama. Recent advances in posterior resin composite restorations in Applications of Nanocomposite Materials in Dentistry, 2019.<\/li>\n<li style=\"font-size: 12px;\">S.R. Schricker. Composite resin polymerization and relevant parameters in Orthodontic Applications of Biomaterials, 2017.<\/li>\n<li style=\"font-size: 12px;\">Gary S. Berkowitz et al. Postoperative Hypersensitivity and Its Relationship to Preparation Variables in Class I Resin-Based Composite Restorations: Findings from the Practitioners Engaged in Applied Research and Learning (PEARL) Network. Part 1. Compend Contin Educ Dent. 2013 Mar; 34(3): e44\u2013e52.<\/li>\n<li style=\"font-size: 12px;\">Salvatore Sauro et al.Microtensile bond strength and interfacial adaptation of two bulk-fill composites compared to a conventional composite restorative system, 2022.<\/li>\n<\/ol>\n<p>[\/vc_column_text][\/vc_column_inner][\/vc_row_inner][\/vc_column][\/vc_row][vc_row][vc_column][vc_separator][vc_row_inner][vc_column_inner][vc_column_text]<\/p>\n<h3>Solicita m\u00e1s informaci\u00f3n sobre Stela<\/h3>\n<p>[\/vc_column_text]\n<div class=\"wpcf7 no-js\" id=\"wpcf7-f169969-o1\" lang=\"en-AU\" dir=\"ltr\" data-wpcf7-id=\"169969\">\n<div class=\"screen-reader-response\"><p role=\"status\" aria-live=\"polite\" aria-atomic=\"true\"><\/p> <ul><\/ul><\/div>\n<form action=\"\/es-sa\/wp-json\/wp\/v2\/pages\/169048#wpcf7-f169969-o1\" method=\"post\" class=\"wpcf7-form init\" aria-label=\"Contact form\" novalidate=\"novalidate\" data-status=\"init\">\n<fieldset class=\"hidden-fields-container\"><input type=\"hidden\" name=\"_wpcf7\" value=\"169969\" \/><input type=\"hidden\" name=\"_wpcf7_version\" value=\"6.1.5\" \/><input type=\"hidden\" name=\"_wpcf7_locale\" value=\"en_AU\" \/><input type=\"hidden\" name=\"_wpcf7_unit_tag\" value=\"wpcf7-f169969-o1\" \/><input type=\"hidden\" name=\"_wpcf7_container_post\" value=\"0\" \/><input type=\"hidden\" name=\"_wpcf7_posted_data_hash\" value=\"\" \/><input type=\"hidden\" name=\"_wpcf7cf_hidden_group_fields\" value=\"[]\" \/><input type=\"hidden\" name=\"_wpcf7cf_hidden_groups\" value=\"[]\" \/><input type=\"hidden\" name=\"_wpcf7cf_visible_groups\" value=\"[]\" \/><input type=\"hidden\" name=\"_wpcf7cf_repeaters\" value=\"[]\" \/><input type=\"hidden\" name=\"_wpcf7cf_steps\" value=\"{}\" \/><input type=\"hidden\" name=\"_wpcf7cf_options\" value=\"{&quot;form_id&quot;:169969,&quot;conditions&quot;:[],&quot;settings&quot;:{&quot;animation&quot;:&quot;yes&quot;,&quot;animation_intime&quot;:200,&quot;animation_outtime&quot;:200,&quot;conditions_ui&quot;:&quot;normal&quot;,&quot;notice_dismissed&quot;:false}}\" \/><input type=\"hidden\" name=\"_wpcf7_recaptcha_response\" value=\"\" \/>\n<\/fieldset>\n<div class=\"contact_form\">\n\t<div class=\"row\">\n\t\t<div class=\"col-md-12\">\n\t\t\t<p><span><strong>Nombre de pila*<\/strong><\/span><span class=\"wpcf7-form-control-wrap\" data-name=\"first-name\"><input size=\"40\" maxlength=\"400\" class=\"wpcf7-form-control wpcf7-text wpcf7-validates-as-required\" aria-required=\"true\" aria-invalid=\"false\" value=\"\" type=\"text\" name=\"first-name\" \/><\/span>\n\t\t\t<\/p>\n\t\t<\/div>\n\t\t<div class=\"col-md-12\">\n\t\t\t<p><span><strong>Apellido*<\/strong><\/span><span class=\"wpcf7-form-control-wrap\" data-name=\"last-name\"><input size=\"40\" maxlength=\"400\" class=\"wpcf7-form-control wpcf7-text wpcf7-validates-as-required\" aria-required=\"true\" aria-invalid=\"false\" value=\"\" type=\"text\" name=\"last-name\" \/><\/span>\n\t\t\t<\/p>\n\t\t<\/div>\n\t<\/div>\n\t<div class=\"row\">\n\t\t<div class=\"col-md-12\">\n\t\t\t<p><span><strong>Email*<\/strong><\/span><span class=\"wpcf7-form-control-wrap\" data-name=\"email\"><input size=\"40\" maxlength=\"400\" class=\"wpcf7-form-control wpcf7-email wpcf7-validates-as-required wpcf7-text wpcf7-validates-as-email\" aria-required=\"true\" aria-invalid=\"false\" value=\"\" type=\"email\" name=\"email\" \/><\/span>\n\t\t\t<\/p>\n\t\t<\/div>\n\t<\/div>\n\t<div class=\"row\">\n\t\t<div class=\"col-md-12\">\n\t\t\t<p><span><strong>Pa\u00eds*<\/strong><\/span><span class=\"wpcf7-form-control-wrap\" data-name=\"country\"><input size=\"40\" maxlength=\"400\" class=\"wpcf7-form-control wpcf7-text wpcf7-validates-as-required\" aria-required=\"true\" aria-invalid=\"false\" value=\"\" type=\"text\" name=\"country\" \/><\/span>\n\t\t\t<\/p>\n\t\t<\/div>\n\t<\/div>\n\t<div class=\"row\">\n\t\t<div class=\"col-md-12\">\n\t\t\t<p><span><strong>Comentarios<\/strong><\/span><span class=\"wpcf7-form-control-wrap\" data-name=\"Message\"><input size=\"40\" maxlength=\"400\" class=\"wpcf7-form-control wpcf7-text\" aria-invalid=\"false\" placeholder=\"Agrega tu mensaje aqu\u00ed\" value=\"\" type=\"text\" name=\"Message\" \/><\/span>\n\t\t\t<\/p>\n\t\t<\/div>\n\t<\/div>\n<hr \/>\n\t<div class=\"row\">\n\t\t<div class=\"col-md-12\">\n\t\t\t<p><span class=\"wpcf7-form-control-wrap\" data-name=\"privacy-consent\"><span class=\"wpcf7-form-control wpcf7-acceptance\"><span class=\"wpcf7-list-item\"><label><input type=\"checkbox\" name=\"privacy-consent\" value=\"1\" aria-invalid=\"false\" \/><span class=\"wpcf7-list-item-label\">* Acepto que SDI Limited recopile y utilice mis datos personales en conformidad con la <a href=\"https:\/\/www.sdi.com.au\/es-sa\/privacy\/\" target=\"_blank\">Pol\u00edtica de privacidad y seguridad<\/a> de SDI Limited.<\/span><\/label><\/span><\/span><\/span>\n\t\t\t<\/p>\n\t\t<\/div>\n\t<\/div>\n\t<div class=\"row\">\n\t\t<div class=\"col-md-12\">\n\t\t\t<p><input class=\"wpcf7-form-control wpcf7-submit has-spinner\" type=\"submit\" value=\"Enviar\" \/>\n\t\t\t<\/p>\n\t\t<\/div>\n\t<\/div>\n<\/div><div class=\"wpcf7-response-output\" aria-hidden=\"true\"><\/div>\n<\/form>\n<\/div>\n[\/vc_column_inner][\/vc_row_inner][\/vc_column][\/vc_row]<\/p>\n<\/div>","protected":false},"excerpt":{"rendered":"<p>[vc_row][vc_column][vc_row_inner][vc_column_inner width=&#8221;1\/2&#8243;][vc_column_text] Stela \u2013 La verdadera alternativa a la amalgama [\/vc_column_text][vc_column_text] SDI se ha basado en sus 50 a\u00f1os de experiencia en materiales de amalgama para desarrollar Stela, la verdadera &hellip; <a href=\"https:\/\/www.sdi.com.au\/es-sa\/stela-amalgam-alternative-info\/\" class=\"more-link\">Continue reading<span class=\"screen-reader-text\"> &#8220;Stela \u2013 the true amalgam alternative&#8221;<\/span><\/a><\/p>\n","protected":false},"author":9,"featured_media":0,"parent":0,"menu_order":0,"comment_status":"closed","ping_status":"closed","template":"page-templates\/internal-page.php","meta":{"_acf_changed":false,"_price":"","_stock":"","_tribe_ticket_header":"","_tribe_default_ticket_provider":"","_ticket_start_date":"","_ticket_end_date":"","_tribe_ticket_show_description":"","_tribe_ticket_show_not_going":false,"_tribe_ticket_use_global_stock":"","_tribe_ticket_global_stock_level":"","_global_stock_mode":"","_global_stock_cap":"","_tribe_rsvp_for_event":"","_tribe_ticket_going_count":"","_tribe_ticket_not_going_count":"","_tribe_tickets_list":"[]","_tribe_ticket_has_attendee_info_fields":false,"footnotes":"","_tec_slr_enabled":"","_tec_slr_layout":"","_wp_rev_ctl_limit":""},"class_list":["post-169048","page","type-page","status-publish","hentry"],"acf":[],"ticketed":false,"_links":{"self":[{"href":"https:\/\/www.sdi.com.au\/es-sa\/wp-json\/wp\/v2\/pages\/169048","targetHints":{"allow":["GET"]}}],"collection":[{"href":"https:\/\/www.sdi.com.au\/es-sa\/wp-json\/wp\/v2\/pages"}],"about":[{"href":"https:\/\/www.sdi.com.au\/es-sa\/wp-json\/wp\/v2\/types\/page"}],"author":[{"embeddable":true,"href":"https:\/\/www.sdi.com.au\/es-sa\/wp-json\/wp\/v2\/users\/9"}],"replies":[{"embeddable":true,"href":"https:\/\/www.sdi.com.au\/es-sa\/wp-json\/wp\/v2\/comments?post=169048"}],"version-history":[{"count":21,"href":"https:\/\/www.sdi.com.au\/es-sa\/wp-json\/wp\/v2\/pages\/169048\/revisions"}],"predecessor-version":[{"id":169970,"href":"https:\/\/www.sdi.com.au\/es-sa\/wp-json\/wp\/v2\/pages\/169048\/revisions\/169970"}],"wp:attachment":[{"href":"https:\/\/www.sdi.com.au\/es-sa\/wp-json\/wp\/v2\/media?parent=169048"}],"curies":[{"name":"wp","href":"https:\/\/api.w.org\/{rel}","templated":true}]}}