{"id":31851,"date":"2022-08-17T19:15:13","date_gmt":"2022-08-17T09:15:13","guid":{"rendered":"https:\/\/www.sdi.com.au\/au\/stela-info-eng\/"},"modified":"2022-12-16T16:10:19","modified_gmt":"2022-12-16T05:10:19","slug":"stela-info-product-info","status":"publish","type":"page","link":"https:\/\/www.sdi.com.au\/es-sa\/stela-info-product-info\/","title":{"rendered":"Stela info &#8211; product information"},"content":{"rendered":"<div class=\"wpb-content-wrapper\"><p>[vc_row css=&#8221;.vc_custom_1660727636958{padding-bottom: 10px !important;}&#8221;][vc_column][vc_row_inner][vc_column_inner width=&#8221;2\/3&#8243;][vc_column_text]<\/p>\n<h1><strong><img loading=\"lazy\" decoding=\"async\" class=\"alignnone wp-image-31765\" src=\"https:\/\/www.sdi.com.au\/wp-content\/uploads\/2022\/08\/spain.png\" alt=\"\" width=\"49\" height=\"33\" \/><br \/>\n<\/strong><\/h1>\n<h2>Presentamos a Stela<\/h2>\n<p>[\/vc_column_text][vc_column_text]Nos complace presentarle Stela, la pr\u00f3xima generaci\u00f3n de resinas compuestas autopolimerizables. SDI lanzar\u00e1 Stela en los pr\u00f3ximos meses. Como odont\u00f3logo clave, SDI lo invita a usar Stela cl\u00ednicamente en estudios de casos y brindar sus comentarios para que SDI pueda continuar perfeccionando y creando mejores productos.[\/vc_column_text][\/vc_column_inner][vc_column_inner width=&#8221;1\/3&#8243;][vc_single_image image=&#8221;31848&#8243; img_size=&#8221;medium&#8221;][\/vc_column_inner][\/vc_row_inner][vc_row_inner][vc_column_inner width=&#8221;1\/2&#8243;][vc_column_text]<\/p>\n<h2><\/h2>\n<h3>Stela es una verdadera alternativa a la amalgama<\/h3>\n<p>Stela es una resina autopolimerizable radiopaca de relleno bulk f\u00e1cil de usar. Stela es el sistema de restauraci\u00f3n completo de extremo a extremo que proporciona restauraciones m\u00e1s fuertes y f\u00e1ciles de realizar. Esto siempre garantiza un excelente rendimiento.[\/vc_column_text][\/vc_column_inner][vc_column_inner width=&#8221;1\/2&#8243;][vc_column_text]<\/p>\n<h2><\/h2>\n<h3>Su elecci\u00f3n de presentaci\u00f3n<\/h3>\n<p><strong>Stela ofrece dos opciones de sistema de aplicaci\u00f3n:<\/strong><\/p>\n<ol>\n<li>C\u00e1psula (monodosis), para una pasta m\u00e1s viscosa<\/li>\n<li>Jeringa de automezcla (dosis m\u00faltiples) para un flujo extra y puntas flexibles para una colocaci\u00f3n precisaStela Primer es compatible con Stela Capsule y Stela Automix (jeringa).<\/li>\n<\/ol>\n<p>[\/vc_column_text][\/vc_column_inner][\/vc_row_inner][\/vc_column][\/vc_row][vc_row full_width=&#8221;stretch_row&#8221; css=&#8221;.vc_custom_1661999979293{padding-bottom: 10px !important;background-color: #e4eced !important;}&#8221;][vc_column][vc_row_inner][vc_column_inner][vc_column_text]<\/p>\n<h2><\/h2>\n<h3>La diferencia de Stela: solo 2 pasos de restauraci\u00f3n<\/h3>\n<p style=\"font-weight: 400;\"><img loading=\"lazy\" decoding=\"async\" class=\"alignnone wp-image-31790\" src=\"https:\/\/www.sdi.com.au\/wp-content\/uploads\/2022\/08\/tick.png\" alt=\"\" width=\"20\" height=\"20\" \/> Sin ataque \u00e1cido \u00a0 \u00a0\u00a0<img loading=\"lazy\" decoding=\"async\" class=\"alignnone wp-image-31790\" src=\"https:\/\/www.sdi.com.au\/wp-content\/uploads\/2022\/08\/tick.png\" alt=\"\" width=\"20\" height=\"20\" \/> Sin adhesivo \u00a0\u00a0<img loading=\"lazy\" decoding=\"async\" class=\"alignnone wp-image-31790\" src=\"https:\/\/www.sdi.com.au\/wp-content\/uploads\/2022\/08\/tick.png\" alt=\"\" width=\"20\" height=\"20\" \/> Sin fotopolimerizaci\u00f3n<\/p>\n<p>Simplemente aplique Stela Primer y luego complete su restauraci\u00f3n de relleno masivo con Stela Capsule o la jeringa Stela Automix. Stela tiene solo dos pasos y cura qu\u00edmicamente en solo 4 minutos.[\/vc_column_text][\/vc_column_inner][\/vc_row_inner][vc_row_inner][vc_column_inner width=&#8221;1\/2&#8243;][vc_single_image image=&#8221;31889&#8243; img_size=&#8221;large&#8221;][\/vc_column_inner][vc_column_inner width=&#8221;1\/2&#8243;][vc_single_image image=&#8221;31891&#8243; img_size=&#8221;large&#8221;][\/vc_column_inner][\/vc_row_inner][\/vc_column][\/vc_row][vc_row css=&#8221;.vc_custom_1662001598342{padding-bottom: 10px !important;}&#8221;][vc_column][vc_row_inner][vc_column_inner width=&#8221;1\/2&#8243;][vc_column_text]<\/p>\n<h3 style=\"font-weight: 400;\"><strong>\u00bfQu\u00e9 tan fuerte es Stella?<\/strong><\/h3>\n<p style=\"font-weight: 400;\">Stela ofrece una combinaci\u00f3n imbatible de resistencia a la flexi\u00f3n y compresi\u00f3n en comparaci\u00f3n con otros compuestos.<\/p>\n<p>[\/vc_column_text][\/vc_column_inner][vc_column_inner width=&#8221;1\/2&#8243;][vc_column_text]<\/p>\n<h3 style=\"font-weight: 400;\"><strong>\u00bfQu\u00e9 tan fuerte es la fuerza de adhesi\u00f3n de la imprimaci\u00f3n?<\/strong><\/h3>\n<p style=\"font-weight: 400;\"><span style=\"color: #000000;\">Estudios externos^ confirman que la fuerza de uni\u00f3n de Stela Primer supera a Scotchbond\u2122 Universal* tanto en aplicaciones est\u00e1ndar como de relleno bulk.<\/span><\/p>\n<p>[\/vc_column_text][\/vc_column_inner][\/vc_row_inner][vc_row_inner][vc_column_inner width=&#8221;1\/2&#8243;][vc_column_text]<strong>FUERZA RESTAURADORA (MPa)<\/strong>[\/vc_column_text][vc_single_image image=&#8221;31883&#8243; img_size=&#8221;large&#8221;][vc_column_text]<span class=\"s1\" style=\"font-size: 12px;\">Fuente: Cat\u00e1logos de productos<\/span>[\/vc_column_text][\/vc_column_inner][vc_column_inner width=&#8221;1\/2&#8243;][vc_column_text]<strong>RESULTADOS DE FUERZA DE ENLACE DE MICRONTENSILIOS (MPa)<\/strong>[\/vc_column_text][vc_single_image image=&#8221;31886&#8243; img_size=&#8221;large&#8221;][vc_column_text]<span class=\"s1\" style=\"font-size: 12px;\">^ SAURO, Salvatore. 2022. Microtensile bond strength and interfacial adaptation of two bulk-fill composites compared to a conventional composite restorative system<\/span><br \/>\n<span class=\"s1\" style=\"font-size: 12px;\">*3M<\/span>[\/vc_column_text][\/vc_column_inner][\/vc_row_inner][vc_separator][vc_row_inner][vc_column_inner][vc_column_text]<\/p>\n<p style=\"font-weight: 400;\"><strong>\u00bfCu\u00e1les son las indicaciones?<\/strong><\/p>\n<p style=\"font-weight: 400;\">Stela se puede utilizar en cavidades directas de clase I, II, III y V; base o revestimiento; y reconstrucciones de n\u00facleos.<\/p>\n<p>[\/vc_column_text][\/vc_column_inner][\/vc_row_inner][vc_row_inner][vc_column_inner width=&#8221;1\/2&#8243;][vc_video link=&#8221;https:\/\/youtu.be\/6X8zTyB0Dx4&#8243;][\/vc_column_inner][vc_column_inner width=&#8221;1\/2&#8243;][vc_video link=&#8221;https:\/\/youtu.be\/FzrFBNfNX5M&#8221;][\/vc_column_inner][\/vc_row_inner][\/vc_column][\/vc_row][vc_row full_width=&#8221;stretch_row&#8221; gap=&#8221;5&#8243; css=&#8221;.vc_custom_1661320632030{padding-bottom: 10px !important;background-color: #e2e2e2 !important;}&#8221;][vc_column][vc_row_inner equal_height=&#8221;yes&#8221; content_placement=&#8221;top&#8221; gap=&#8221;25&#8243;][vc_column_inner width=&#8221;1\/2&#8243;][vc_custom_heading text=&#8221;FOTOS CL\u00cdNICAS&#8221;][vc_btn title=&#8221;ENVIAR FOTOS CL\u00cdNICAS&#8221; style=&#8221;outline&#8221; shape=&#8221;square&#8221; color=&#8221;black&#8221; link=&#8221;url:https%3A%2F%2Fwww.sdi.com.au%2Fau%2Fes-sa%2Fstela-case-study-submission%2F|||&#8221;][\/vc_column_inner][vc_column_inner width=&#8221;1\/2&#8243;][vc_custom_heading text=&#8221;DEVOLVER&#8221;][vc_btn title=&#8221;ENV\u00cdA TU COMENTARIO&#8221; style=&#8221;outline&#8221; shape=&#8221;square&#8221; color=&#8221;black&#8221; link=&#8221;url:https%3A%2F%2Fwww.surveymonkey.com%2Fr%2F3GNTR3N||target:%20_blank|&#8221;][\/vc_column_inner][\/vc_row_inner][vc_empty_space height=&#8221;30px&#8221;][\/vc_column][\/vc_row]<\/p>\n<\/div>","protected":false},"excerpt":{"rendered":"<p>[vc_row css=&#8221;.vc_custom_1660727636958{padding-bottom: 10px !important;}&#8221;][vc_column][vc_row_inner][vc_column_inner width=&#8221;2\/3&#8243;][vc_column_text] Presentamos a Stela [\/vc_column_text][vc_column_text]Nos complace presentarle Stela, la pr\u00f3xima generaci\u00f3n de resinas compuestas autopolimerizables. SDI lanzar\u00e1 Stela en los pr\u00f3ximos meses. Como odont\u00f3logo clave, SDI &hellip; <a href=\"https:\/\/www.sdi.com.au\/es-sa\/stela-info-product-info\/\" class=\"more-link\">Continue reading<span class=\"screen-reader-text\"> &#8220;Stela info &#8211; product information&#8221;<\/span><\/a><\/p>\n","protected":false},"author":9,"featured_media":0,"parent":0,"menu_order":0,"comment_status":"closed","ping_status":"closed","template":"page-templates\/internal-page.php","meta":{"_acf_changed":false,"_price":"","_stock":"","_tribe_ticket_header":"","_tribe_default_ticket_provider":"","_ticket_start_date":"","_ticket_end_date":"","_tribe_ticket_show_description":"","_tribe_ticket_show_not_going":false,"_tribe_ticket_use_global_stock":"","_tribe_ticket_global_stock_level":"","_global_stock_mode":"","_global_stock_cap":"","_tribe_rsvp_for_event":"","_tribe_ticket_going_count":"","_tribe_ticket_not_going_count":"","_tribe_tickets_list":"[]","_tribe_ticket_has_attendee_info_fields":false,"footnotes":"","_tec_slr_enabled":"","_tec_slr_layout":"","_wp_rev_ctl_limit":""},"class_list":["post-31851","page","type-page","status-publish","hentry"],"acf":[],"ticketed":false,"_links":{"self":[{"href":"https:\/\/www.sdi.com.au\/es-sa\/wp-json\/wp\/v2\/pages\/31851","targetHints":{"allow":["GET"]}}],"collection":[{"href":"https:\/\/www.sdi.com.au\/es-sa\/wp-json\/wp\/v2\/pages"}],"about":[{"href":"https:\/\/www.sdi.com.au\/es-sa\/wp-json\/wp\/v2\/types\/page"}],"author":[{"embeddable":true,"href":"https:\/\/www.sdi.com.au\/es-sa\/wp-json\/wp\/v2\/users\/9"}],"replies":[{"embeddable":true,"href":"https:\/\/www.sdi.com.au\/es-sa\/wp-json\/wp\/v2\/comments?post=31851"}],"version-history":[{"count":12,"href":"https:\/\/www.sdi.com.au\/es-sa\/wp-json\/wp\/v2\/pages\/31851\/revisions"}],"predecessor-version":[{"id":31912,"href":"https:\/\/www.sdi.com.au\/es-sa\/wp-json\/wp\/v2\/pages\/31851\/revisions\/31912"}],"wp:attachment":[{"href":"https:\/\/www.sdi.com.au\/es-sa\/wp-json\/wp\/v2\/media?parent=31851"}],"curies":[{"name":"wp","href":"https:\/\/api.w.org\/{rel}","templated":true}]}}