{"id":31859,"date":"2022-08-17T10:17:51","date_gmt":"2022-08-17T00:17:51","guid":{"rendered":"https:\/\/www.sdi.com.au\/au\/stela-case-study-submission\/"},"modified":"2022-09-02T12:22:30","modified_gmt":"2022-09-02T02:22:30","slug":"stela-case-study-submission","status":"publish","type":"page","link":"https:\/\/www.sdi.com.au\/es-sa\/stela-case-study-submission\/","title":{"rendered":"Stela Case Study Submission"},"content":{"rendered":"<div class=\"wpb-content-wrapper\"><p>[vc_row][vc_column][vc_row_inner][vc_column_inner][\/vc_column_inner][\/vc_row_inner][vc_column_text]<\/p>\n<h1 style=\"font-weight: 400;\"><strong>Env\u00edo de fotos cl\u00ednicas<\/strong><\/h1>\n<p style=\"font-weight: 400;\">SDI lo invita a usar cl\u00ednicamente estos materiales de restauraci\u00f3n en sus pacientes y documentar las restauraciones (en resumen o en detalle) con fotograf\u00edas de alta resoluci\u00f3n. Las fotograf\u00edas cl\u00ednicas mostrar\u00e1n las obras maestras de los dentistas de todo el mundo, agregando valor a ambos lados de esta asociaci\u00f3n.<\/p>\n<p style=\"font-weight: 400;\">Las exclusivas resinas que est\u00e1 revisando a\u00fan no est\u00e1n disponibles para la venta. Esto es por lo tanto confidencial. Por favor, lea nuestro acuerdo de <a href=\"https:\/\/www.sdi.com.au\/wp-content\/uploads\/2020\/09\/Confidentiality-Agreement_NDA_AU_online.pdf\" target=\"_blank\" rel=\"noopener\">confidencialidad<\/a>.<\/p>\n<p style=\"font-weight: 400;\">Sus restauraciones pueden ser en dientes anteriores o posteriores, seg\u00fan las indicaciones de las instrucciones de uso que acompa\u00f1an a cada producto SDI.<\/p>\n<p style=\"font-weight: 400;\"><strong>Los elementos esenciales de un caso cl\u00ednico de SDI incluyen:<\/strong><\/p>\n<ol style=\"font-weight: 400;\">\n<li style=\"font-weight: 400;\">Fotos paso a paso en alta resoluci\u00f3n (de principio a fin de la restauraci\u00f3n).<\/li>\n<li style=\"font-weight: 400;\">Un resumen de los pasos del caso (Word, Notepad, PowerPoint, Keynote, Pages, etc.). Este puede ser un breve resumen que describa el caso, o una descripci\u00f3n m\u00e1s detallada del caso, que ser\u00eda adecuado para su presentaci\u00f3n para su publicaci\u00f3n en un peri\u00f3dico o revista.<\/li>\n<li style=\"font-weight: 400;\">Los videos paso a paso y\/o las im\u00e1genes radiogr\u00e1ficas antes y despu\u00e9s tambi\u00e9n son bienvenidos si desea grabarlos.<\/li>\n<\/ol>\n<p style=\"font-weight: 400;\">SDI aprecia todas las fotos cl\u00ednicas, incluso si son justo antes y despu\u00e9s, sin los pasos intermedios.\u00a0Buscaremos permiso adicional en una fecha posterior para usarlos en nuestras comunicaciones y\/o revistas y diarios comerciales de dentistas. A continuaci\u00f3n se muestran ejemplos de estudios de casos resumidos y detallados.<\/p>\n<p>[\/vc_column_text][vc_row_inner][vc_column_inner width=&#8221;1\/3&#8243;][vc_single_image image=&#8221;27336&#8243; img_size=&#8221;medium&#8221;][\/vc_column_inner][vc_column_inner width=&#8221;2\/3&#8243;][vc_column_text]<\/p>\n<p style=\"font-weight: 400;\"><strong>Ejemplos de grandes fotos:<\/strong><\/p>\n<p>Recomendamos que las fotos est\u00e9n bien enmarcadas, sin saliva ni residuos presentes en los dientes.<\/p>\n<ul>\n<li style=\"font-weight: 400;\">Garantice un enfoque \u00f3ptimo de la lente en \u00e1ngulos que ilustren claramente el paso<\/li>\n<li style=\"font-weight: 400;\">Las fotos de rayos X antes y despu\u00e9s tambi\u00e9n son \u00fatiles, si est\u00e1n disponibles.<\/li>\n<\/ul>\n<p><a href=\"https:\/\/www.sdi.com.au\/wp-content\/uploads\/2021\/07\/2020.001-AURA-Closing-Diastema-with-Composite-Resin-Ubiracy-Gaiao.pdf\" target=\"_blank\" rel=\"noopener\">Haga clic aqu\u00ed<\/a> para ver un ejemplo de un caso cl\u00ednico detallado de SDI.<\/p>\n<p><a href=\"https:\/\/www.sdi.com.au\/wp-content\/uploads\/2021\/08\/BRA_CaseStudy_AuraBF_Ruda_V3-1.pdf\" target=\"_blank\" rel=\"noopener\">Haga clic aqu\u00ed<\/a> para ver un ejemplo de un breve resumen de caso cl\u00ednico de SDI.[\/vc_column_text][\/vc_column_inner][\/vc_row_inner][\/vc_column][\/vc_row][vc_row gap=&#8221;10&#8243;][vc_column][vc_separator][vc_row_inner][vc_column_inner][vc_column_text]<\/p>\n<h3 style=\"font-weight: 400;\"><strong>Env\u00ede sus fotos cl\u00ednicas aqu\u00ed:<\/strong><\/h3>\n<p>[\/vc_column_text]<script type=\"text\/javascript\">\n\/* <![CDATA[ *\/\nvar gform;gform||(document.addEventListener(\"gform_main_scripts_loaded\",function(){gform.scriptsLoaded=!0}),document.addEventListener(\"gform\/theme\/scripts_loaded\",function(){gform.themeScriptsLoaded=!0}),window.addEventListener(\"DOMContentLoaded\",function(){gform.domLoaded=!0}),gform={domLoaded:!1,scriptsLoaded:!1,themeScriptsLoaded:!1,isFormEditor:()=>\"function\"==typeof InitializeEditor,callIfLoaded:function(o){return!(!gform.domLoaded||!gform.scriptsLoaded||!gform.themeScriptsLoaded&&!gform.isFormEditor()||(gform.isFormEditor()&&console.warn(\"The use of gform.initializeOnLoaded() is deprecated in the form editor context and will be removed in Gravity Forms 3.1.\"),o(),0))},initializeOnLoaded:function(o){gform.callIfLoaded(o)||(document.addEventListener(\"gform_main_scripts_loaded\",()=>{gform.scriptsLoaded=!0,gform.callIfLoaded(o)}),document.addEventListener(\"gform\/theme\/scripts_loaded\",()=>{gform.themeScriptsLoaded=!0,gform.callIfLoaded(o)}),window.addEventListener(\"DOMContentLoaded\",()=>{gform.domLoaded=!0,gform.callIfLoaded(o)}))},hooks:{action:{},filter:{}},addAction:function(o,r,e,t){gform.addHook(\"action\",o,r,e,t)},addFilter:function(o,r,e,t){gform.addHook(\"filter\",o,r,e,t)},doAction:function(o){gform.doHook(\"action\",o,arguments)},applyFilters:function(o){return gform.doHook(\"filter\",o,arguments)},removeAction:function(o,r){gform.removeHook(\"action\",o,r)},removeFilter:function(o,r,e){gform.removeHook(\"filter\",o,r,e)},addHook:function(o,r,e,t,n){null==gform.hooks[o][r]&&(gform.hooks[o][r]=[]);var d=gform.hooks[o][r];null==n&&(n=r+\"_\"+d.length),gform.hooks[o][r].push({tag:n,callable:e,priority:t=null==t?10:t})},doHook:function(r,o,e){var t;if(e=Array.prototype.slice.call(e,1),null!=gform.hooks[r][o]&&((o=gform.hooks[r][o]).sort(function(o,r){return o.priority-r.priority}),o.forEach(function(o){\"function\"!=typeof(t=o.callable)&&(t=window[t]),\"action\"==r?t.apply(null,e):e[0]=t.apply(null,e)})),\"filter\"==r)return e[0]},removeHook:function(o,r,t,n){var e;null!=gform.hooks[o][r]&&(e=(e=gform.hooks[o][r]).filter(function(o,r,e){return!!(null!=n&&n!=o.tag||null!=t&&t!=o.priority)}),gform.hooks[o][r]=e)}});\n\/* ]]> *\/\n<\/script>\n\n                <div class='gf_browser_gecko gform_wrapper gform_legacy_markup_wrapper gform-theme--no-framework' data-form-theme='legacy' data-form-index='0' id='gform_wrapper_16' ><form method='post' enctype='multipart\/form-data'  id='gform_16'  action='\/es-sa\/wp-json\/wp\/v2\/pages\/31859' data-formid='16' novalidate>\n                        <div class='gform-body gform_body'><ul id='gform_fields_16' class='gform_fields top_label form_sublabel_below description_below validation_below'><li id=\"field_16_12\" class=\"gfield gfield--type-honeypot gform_validation_container field_sublabel_below gfield--has-description field_description_below field_validation_below gfield_visibility_visible\"  ><label class='gfield_label gform-field-label' for='input_16_12'>Phone<\/label><div class='ginput_container'><input name='input_12' id='input_16_12' type='text' value='' autocomplete='new-password'\/><\/div><div class='gfield_description' id='gfield_description_16_12'>This field is for validation purposes and should be left unchanged.<\/div><\/li><li id=\"field_16_9\" class=\"gfield gfield--type-name gfield_contains_required field_sublabel_below gfield--no-description field_description_below field_validation_below gfield_visibility_visible\"  ><label class='gfield_label gform-field-label gfield_label_before_complex' >Nombre<span class=\"gfield_required\"><span class=\"gfield_required gfield_required_asterisk\">*<\/span><\/span><\/label><div class='ginput_complex ginput_container ginput_container--name has_prefix has_first_name no_middle_name has_last_name no_suffix gf_name_has_3 ginput_container_name gform-grid-row' id='input_16_9'>\n                            <span id='input_16_9_2_container' class='name_prefix name_prefix_select gform-grid-col gform-grid-col--size-auto' >\n                                                    <select name='input_9.2' id='input_16_9_2'    aria-required='false'   >\n                          <option value=''><\/option><option value='Dr.' >Dr.<\/option><option value='Miss' >Miss<\/option><option value='Mr.' >Mr.<\/option><option value='Mrs.' >Mrs.<\/option><option value='Ms.' >Ms.<\/option><option value='Prof.' >Prof.<\/option><option value='Rev.' >Rev.<\/option>\n                      <\/select>\n                                                    <label for='input_16_9_2' class='gform-field-label gform-field-label--type-sub '>T\u00edtulo<\/label>\n                                                  <\/span>\n                            <span id='input_16_9_3_container' class='name_first gform-grid-col gform-grid-col--size-auto' >\n                                                    <input type='text' name='input_9.3' id='input_16_9_3' value=''   aria-required='true'     \/>\n                                                    <label for='input_16_9_3' class='gform-field-label gform-field-label--type-sub '>Primer nombre<\/label>\n                                                <\/span>\n                            \n                            <span id='input_16_9_6_container' class='name_last gform-grid-col gform-grid-col--size-auto' >\n                                                    <input type='text' name='input_9.6' id='input_16_9_6' value=''   aria-required='true'     \/>\n                                                    <label for='input_16_9_6' class='gform-field-label gform-field-label--type-sub '>Apellido<\/label>\n                                                <\/span>\n                            \n                        <\/div><\/li><li id=\"field_16_6\" class=\"gfield gfield--type-text gfield_contains_required field_sublabel_below gfield--no-description field_description_below field_validation_below gfield_visibility_visible\"  ><label class='gfield_label gform-field-label' for='input_16_6'>Pa\u00eds<span class=\"gfield_required\"><span class=\"gfield_required gfield_required_asterisk\">*<\/span><\/span><\/label><div class='ginput_container ginput_container_text'><input name='input_6' id='input_16_6' type='text' value='' class='medium'     aria-required=\"true\" aria-invalid=\"false\"   \/><\/div><\/li><li id=\"field_16_3\" class=\"gfield gfield--type-email gfield_contains_required field_sublabel_below gfield--no-description field_description_below field_validation_below gfield_visibility_visible\"  ><label class='gfield_label gform-field-label gfield_label_before_complex' >Correo electr\u00f3nico<span class=\"gfield_required\"><span class=\"gfield_required gfield_required_asterisk\">*<\/span><\/span><\/label><div class='ginput_complex ginput_container ginput_container_email gform-grid-row' id='input_16_3_container'>\n                                <span id='input_16_3_1_container' class='ginput_left gform-grid-col gform-grid-col--size-auto'>\n                                    <input class='' type='email' name='input_3' id='input_16_3' value=''    aria-required=\"true\" aria-invalid=\"false\"  \/>\n                                    <label for='input_16_3' class='gform-field-label gform-field-label--type-sub '>Introduzca el correo electr\u00f3nico<\/label>\n                                <\/span>\n                                <span id='input_16_3_2_container' class='ginput_right gform-grid-col gform-grid-col--size-auto'>\n                                    <input class='' type='email' name='input_3_2' id='input_16_3_2' value=''    aria-required=\"true\" aria-invalid=\"false\"  \/>\n                                    <label for='input_16_3_2' class='gform-field-label gform-field-label--type-sub '>Confirmar correo electr\u00f3nico<\/label>\n                                <\/span>\n                                <div class='gf_clear gf_clear_complex'><\/div>\n                            <\/div><\/li><li id=\"field_16_11\" class=\"gfield gfield--type-textarea field_sublabel_below gfield--no-description field_description_below field_validation_below gfield_visibility_visible\"  ><label class='gfield_label gform-field-label' for='input_16_11'>Breve perfil biogr\u00e1fico<\/label><div class='ginput_container ginput_container_textarea'><textarea name='input_11' id='input_16_11' class='textarea large'    placeholder='m\u00e1ximo 50 palabras'  aria-invalid=\"false\"   rows='10' cols='50'><\/textarea><\/div><\/li><li id=\"field_16_8\" class=\"gfield gfield--type-fileupload field_sublabel_below gfield--has-description field_description_above field_validation_below gfield_visibility_visible\"  ><label class='gfield_label gform-field-label' for='gform_browse_button_16_8'>Subir archivo<\/label><div class='gfield_description' id='gfield_description_16_8'>Cargue todos los archivos para su estudio de caso. Puede cargar varios archivos. Sube como PDF, JPG, PNG, GIF, DOC, PPT. Tama\u00f1o m\u00e1ximo de archivo de 20 MB.<\/div><div class='ginput_container ginput_container_fileupload'><div id='gform_multifile_upload_16_8' data-settings='{&quot;runtimes&quot;:&quot;html5,flash,html4&quot;,&quot;browse_button&quot;:&quot;gform_browse_button_16_8&quot;,&quot;container&quot;:&quot;gform_multifile_upload_16_8&quot;,&quot;drop_element&quot;:&quot;gform_drag_drop_area_16_8&quot;,&quot;filelist&quot;:&quot;gform_preview_16_8&quot;,&quot;unique_names&quot;:true,&quot;file_data_name&quot;:&quot;file&quot;,&quot;url&quot;:&quot;https:\\\/\\\/www.sdi.com.au\\\/?gf_page=d39f791f21d67d1&quot;,&quot;flash_swf_url&quot;:&quot;https:\\\/\\\/www.sdi.com.au\\\/wp-includes\\\/js\\\/plupload\\\/plupload.flash.swf&quot;,&quot;silverlight_xap_url&quot;:&quot;https:\\\/\\\/www.sdi.com.au\\\/wp-includes\\\/js\\\/plupload\\\/plupload.silverlight.xap&quot;,&quot;filters&quot;:{&quot;mime_types&quot;:[{&quot;title&quot;:&quot;Allowed Files&quot;,&quot;extensions&quot;:&quot;jpg,png,gif,pdf,ppt,doc,docx,ppt,pptx&quot;}],&quot;max_file_size&quot;:&quot;20971520b&quot;},&quot;multipart&quot;:true,&quot;urlstream_upload&quot;:false,&quot;multipart_params&quot;:{&quot;form_id&quot;:16,&quot;field_id&quot;:8,&quot;_gform_file_upload_nonce_16_8&quot;:&quot;fcb4794061&quot;},&quot;gf_vars&quot;:{&quot;max_files&quot;:&quot;40&quot;,&quot;message_id&quot;:&quot;gform_multifile_messages_16_8&quot;,&quot;disallowed_extensions&quot;:[&quot;php&quot;,&quot;asp&quot;,&quot;aspx&quot;,&quot;cmd&quot;,&quot;csh&quot;,&quot;bat&quot;,&quot;html&quot;,&quot;htm&quot;,&quot;hta&quot;,&quot;jar&quot;,&quot;exe&quot;,&quot;com&quot;,&quot;js&quot;,&quot;lnk&quot;,&quot;htaccess&quot;,&quot;phar&quot;,&quot;phtml&quot;,&quot;ps1&quot;,&quot;ps2&quot;,&quot;php3&quot;,&quot;php4&quot;,&quot;php5&quot;,&quot;php6&quot;,&quot;py&quot;,&quot;rb&quot;,&quot;tmp&quot;]}}' class='gform_fileupload_multifile'>\n\t\t\t\t\t\t\t\t\t\t<div id='gform_drag_drop_area_16_8' class='gform_drop_area gform-theme-field-control'>\n\t\t\t\t\t\t\t\t\t\t\t<span class='gform_drop_instructions'>Drop files here or <\/span>\n\t\t\t\t\t\t\t\t\t\t\t<button type='button' id='gform_browse_button_16_8' class='button gform_button_select_files gform-theme-button gform-theme-button--control' aria-describedby=\"gfield_upload_rules_16_8 gfield_description_16_8\"  >Select files<\/button>\n\t\t\t\t\t\t\t\t\t\t<\/div>\n\t\t\t\t\t\t\t\t\t<\/div><span class='gfield_description gform_fileupload_rules' id='gfield_upload_rules_16_8'>Accepted file types: jpg, png, gif, pdf, ppt, doc, docx, ppt, pptx, Max. file size: 20 MB, Max. files: 40.<\/span><ul class='validation_message--hidden-on-empty gform-ul-reset' id='gform_multifile_messages_16_8'><\/ul> <div id='gform_preview_16_8' class='ginput_preview_list'><\/div><\/div><\/li><\/ul><\/div>\n        <div class='gform-footer gform_footer top_label'> <input type='submit' id='gform_submit_button_16' class='gform_button button' onclick='gform.submission.handleButtonClick(this);' data-submission-type='submit' value='Enviar'  \/> \n            <input type='hidden' class='gform_hidden' name='gform_submission_method' data-js='gform_submission_method_16' value='postback' \/>\n            <input type='hidden' class='gform_hidden' name='gform_theme' data-js='gform_theme_16' id='gform_theme_16' value='legacy' \/>\n            <input type='hidden' class='gform_hidden' name='gform_style_settings' data-js='gform_style_settings_16' id='gform_style_settings_16' value='[]' \/>\n            <input type='hidden' class='gform_hidden' name='is_submit_16' value='1' \/>\n            <input type='hidden' class='gform_hidden' name='gform_submit' value='16' \/>\n            \n            <input type='hidden' class='gform_hidden' name='gform_currency' data-currency='AUD' value='\/izNkPq6Di5jSUam7X8IJ16SjOva7bt00f3On2MPHVXf0bQREC67J0Y\/qSTot00t6\/ODNXyCBhv8o0fha49elhnlXtUx9DoNvxknirfa6BTGWPI=' \/>\n            <input type='hidden' class='gform_hidden' name='gform_unique_id' value='' \/>\n            <input type='hidden' class='gform_hidden' name='state_16' value='WyJbXSIsImM1YTVjMWE0NzViYWM3NGFhNzcxYmYyZTBjNTI2NmQ4Il0=' \/>\n            <input type='hidden' autocomplete='off' class='gform_hidden' name='gform_target_page_number_16' id='gform_target_page_number_16' value='0' \/>\n            <input type='hidden' autocomplete='off' class='gform_hidden' name='gform_source_page_number_16' id='gform_source_page_number_16' value='1' \/>\n            <input type='hidden' name='gform_field_values' value='' \/>\n            <input type='hidden' name='gform_uploaded_files' id='gform_uploaded_files_16' value='' \/>\n        <\/div>\n                        <\/form>\n                        <\/div><script type=\"text\/javascript\">\n\/* <![CDATA[ *\/\n gform.initializeOnLoaded( function() {gformInitSpinner( 16, 'https:\/\/www.sdi.com.au\/wp-content\/plugins\/gravityforms\/images\/spinner.svg', true );jQuery('#gform_ajax_frame_16').on('load',function(){var contents = jQuery(this).contents().find('*').html();var is_postback = contents.indexOf('GF_AJAX_POSTBACK') >= 0;if(!is_postback){return;}var form_content = jQuery(this).contents().find('#gform_wrapper_16');var is_confirmation = jQuery(this).contents().find('#gform_confirmation_wrapper_16').length > 0;var is_redirect = contents.indexOf('gformRedirect(){') >= 0;var is_form = form_content.length > 0 && ! is_redirect && ! is_confirmation;var mt = parseInt(jQuery('html').css('margin-top'), 10) + parseInt(jQuery('body').css('margin-top'), 10) + 100;if(is_form){jQuery('#gform_wrapper_16').html(form_content.html());if(form_content.hasClass('gform_validation_error')){jQuery('#gform_wrapper_16').addClass('gform_validation_error');} else {jQuery('#gform_wrapper_16').removeClass('gform_validation_error');}setTimeout( function() { \/* delay the scroll by 50 milliseconds to fix a bug in chrome *\/  }, 50 );if(window['gformInitDatepicker']) {gformInitDatepicker();}if(window['gformInitPriceFields']) {gformInitPriceFields();}var current_page = jQuery('#gform_source_page_number_16').val();gformInitSpinner( 16, 'https:\/\/www.sdi.com.au\/wp-content\/plugins\/gravityforms\/images\/spinner.svg', true );jQuery(document).trigger('gform_page_loaded', [16, current_page]);window['gf_submitting_16'] = false;}else if(!is_redirect){var confirmation_content = jQuery(this).contents().find('.GF_AJAX_POSTBACK').html();if(!confirmation_content){confirmation_content = contents;}jQuery('#gform_wrapper_16').replaceWith(confirmation_content);jQuery(document).trigger('gform_confirmation_loaded', [16]);window['gf_submitting_16'] = false;wp.a11y.speak(jQuery('#gform_confirmation_message_16').text());}else{jQuery('#gform_16').append(contents);if(window['gformRedirect']) {gformRedirect();}}jQuery(document).trigger(\"gform_pre_post_render\", [{ formId: \"16\", currentPage: \"current_page\", abort: function() { this.preventDefault(); } }]);        if (event && event.defaultPrevented) {                return;        }        const gformWrapperDiv = document.getElementById( \"gform_wrapper_16\" );        if ( gformWrapperDiv ) {            const visibilitySpan = document.createElement( \"span\" );            visibilitySpan.id = \"gform_visibility_test_16\";            gformWrapperDiv.insertAdjacentElement( \"afterend\", visibilitySpan );        }        const visibilityTestDiv = document.getElementById( \"gform_visibility_test_16\" );        let postRenderFired = false;        function triggerPostRender() {            if ( postRenderFired ) {                return;            }            postRenderFired = true;            gform.core.triggerPostRenderEvents( 16, current_page );            if ( visibilityTestDiv ) {                visibilityTestDiv.parentNode.removeChild( visibilityTestDiv );            }        }        function debounce( func, wait, immediate ) {            var timeout;            return function() {                var context = this, args = arguments;                var later = function() {                    timeout = null;                    if ( !immediate ) func.apply( context, args );                };                var callNow = immediate && !timeout;                clearTimeout( timeout );                timeout = setTimeout( later, wait );                if ( callNow ) func.apply( context, args );            };        }        const debouncedTriggerPostRender = debounce( function() {            triggerPostRender();        }, 200 );        if ( visibilityTestDiv && visibilityTestDiv.offsetParent === null ) {            const observer = new MutationObserver( ( mutations ) => {                mutations.forEach( ( mutation ) => {                    if ( mutation.type === 'attributes' && visibilityTestDiv.offsetParent !== null ) {                        debouncedTriggerPostRender();                        observer.disconnect();                    }                });            });            observer.observe( document.body, {                attributes: true,                childList: false,                subtree: true,                attributeFilter: [ 'style', 'class' ],            });        } else {            triggerPostRender();        }    } );} ); \n\/* ]]> *\/\n<\/script>\n[\/vc_column_inner][\/vc_row_inner][\/vc_column][\/vc_row][vc_row full_width=&#8221;stretch_row&#8221; css=&#8221;.vc_custom_1662083188663{background-color: #e2e2e2 !important;}&#8221;][vc_column][vc_row_inner][vc_column_inner width=&#8221;1\/2&#8243;][vc_custom_heading text=&#8221;INFORMACI\u00d3N DEL PRODUCTO&#8221; link=&#8221;url:https%3A%2F%2Fwww.sdi.com.au%2Fau%2Fes-sa%2Fstela-info-product-info%2F|||&#8221;][vc_btn title=&#8221;INFORMACI\u00d3N DEL PRODUCTO&#8221; style=&#8221;outline&#8221; shape=&#8221;square&#8221; color=&#8221;black&#8221; link=&#8221;url:https%3A%2F%2Fwww.sdi.com.au%2Fau%2Fes-sa%2Fstela-info-product-info%2F|||&#8221;][\/vc_column_inner][vc_column_inner width=&#8221;1\/2&#8243;][vc_custom_heading text=&#8221;DEVOLVER&#8221; link=&#8221;url:https%3A%2F%2Fwww.surveymonkey.com%2Fr%2F3GNTR3N||target:%20_blank|&#8221;][vc_btn title=&#8221;ENV\u00cdA TU COMENTARIO&#8221; style=&#8221;outline&#8221; shape=&#8221;square&#8221; color=&#8221;black&#8221; link=&#8221;url:https%3A%2F%2Fwww.surveymonkey.com%2Fr%2F3GNTR3N||target:%20_blank|&#8221;][\/vc_column_inner][\/vc_row_inner][vc_empty_space][\/vc_column][\/vc_row]<\/p>\n<\/div>","protected":false},"excerpt":{"rendered":"<p>[vc_row][vc_column][vc_row_inner][vc_column_inner][\/vc_column_inner][\/vc_row_inner][vc_column_text] Env\u00edo de fotos cl\u00ednicas SDI lo invita a usar cl\u00ednicamente estos materiales de restauraci\u00f3n en sus pacientes y documentar las restauraciones (en resumen o en detalle) con fotograf\u00edas de &hellip; <a href=\"https:\/\/www.sdi.com.au\/es-sa\/stela-case-study-submission\/\" class=\"more-link\">Continue reading<span class=\"screen-reader-text\"> &#8220;Stela Case Study Submission&#8221;<\/span><\/a><\/p>\n","protected":false},"author":9,"featured_media":0,"parent":0,"menu_order":0,"comment_status":"closed","ping_status":"closed","template":"page-templates\/internal-page.php","meta":{"_acf_changed":false,"_price":"","_stock":"","_tribe_ticket_header":"","_tribe_default_ticket_provider":"","_ticket_start_date":"","_ticket_end_date":"","_tribe_ticket_show_description":"","_tribe_ticket_show_not_going":false,"_tribe_ticket_use_global_stock":"","_tribe_ticket_global_stock_level":"","_global_stock_mode":"","_global_stock_cap":"","_tribe_rsvp_for_event":"","_tribe_ticket_going_count":"","_tribe_ticket_not_going_count":"","_tribe_tickets_list":"[]","_tribe_ticket_has_attendee_info_fields":false,"footnotes":"","_tec_slr_enabled":"","_tec_slr_layout":"","_wp_rev_ctl_limit":""},"class_list":["post-31859","page","type-page","status-publish","hentry"],"acf":[],"ticketed":false,"_links":{"self":[{"href":"https:\/\/www.sdi.com.au\/es-sa\/wp-json\/wp\/v2\/pages\/31859","targetHints":{"allow":["GET"]}}],"collection":[{"href":"https:\/\/www.sdi.com.au\/es-sa\/wp-json\/wp\/v2\/pages"}],"about":[{"href":"https:\/\/www.sdi.com.au\/es-sa\/wp-json\/wp\/v2\/types\/page"}],"author":[{"embeddable":true,"href":"https:\/\/www.sdi.com.au\/es-sa\/wp-json\/wp\/v2\/users\/9"}],"replies":[{"embeddable":true,"href":"https:\/\/www.sdi.com.au\/es-sa\/wp-json\/wp\/v2\/comments?post=31859"}],"version-history":[{"count":8,"href":"https:\/\/www.sdi.com.au\/es-sa\/wp-json\/wp\/v2\/pages\/31859\/revisions"}],"predecessor-version":[{"id":31909,"href":"https:\/\/www.sdi.com.au\/es-sa\/wp-json\/wp\/v2\/pages\/31859\/revisions\/31909"}],"wp:attachment":[{"href":"https:\/\/www.sdi.com.au\/es-sa\/wp-json\/wp\/v2\/media?parent=31859"}],"curies":[{"name":"wp","href":"https:\/\/api.w.org\/{rel}","templated":true}]}}