{"id":4385,"date":"2016-12-06T02:10:18","date_gmt":"2016-12-06T02:10:18","guid":{"rendered":"http:\/\/localhost\/sdi\/www\/es-sa\/company\/about-us\/"},"modified":"2023-02-20T21:14:57","modified_gmt":"2023-02-20T10:14:57","slug":"about-us","status":"publish","type":"page","link":"https:\/\/www.sdi.com.au\/es-sa\/company\/about-us\/","title":{"rendered":"\u00bfQui\u00e9nes somos?"},"content":{"rendered":"<div class=\"wpb-content-wrapper\"><p>[vc_row el_class=&#8221;no-padding&#8221;][vc_column][vc_row_inner el_class=&#8221;about_sec1 wrapp no-padding&#8221;][vc_column_inner el_class=&#8221;about_sec1_in&#8221;][vc_column_text el_class=&#8221;heading_title&#8221;]<\/p>\n<h1 class=\"withimage_noindent\">\u00bfQui\u00e9nes somos?<\/h1>\n<p>[\/vc_column_text][vc_empty_space height=&#8221;35px&#8221;][vc_column_text]SDI Limited est\u00e1 comprometida con la investigaci\u00f3n, el desarrollo, fabricaci\u00f3n y distribuci\u00f3n de materiales dentales restauradores especializados. Los productos SDI, son una combinaci\u00f3n de innovaci\u00f3n y excelencia para proporcionar materiales dentales ideales para la profesi\u00f3n dental.<\/p>\n<p>Fundada en 1972, SDI lleg\u00f3 a ser r\u00e1pidamente un l\u00edder mundial en materiales dentales restauradores especializados. Desde 1985, SDI est\u00e1 registrada en la Bolsa de Valores de Australia.<\/p>\n<p>Todos los productos SDI son manufacturados en Victoria, un estado en la regi\u00f3n del sur este de Australia. Los productos SDI son distribuidos a trav\u00e9s de distribuidores y comerciantes minoristas en m\u00e1s de 100 pa\u00edses alrededor de todo el mundo. SDI cuenta con oficinas y almacenes en Chicago, EUA; Colonia, Alemania y Sao Paulo, Brasil.[\/vc_column_text][\/vc_column_inner][\/vc_row_inner][\/vc_column][\/vc_row][vc_row el_class=&#8221;about_sec2 no-padding&#8221;][vc_column][vc_row_inner el_class=&#8221;wrapp no-padding quote_home&#8221;][vc_column_inner][vc_column_text]Producir y comercializar productos consumibles dentales innovadores de la m\u00e1s alta calidad para el Mercado mundial en un entorno laboral que atraiga empleados competentes, comprometidos y altamente motivados en aras de conseguir el m\u00e1ximo beneficio posible para los accionistas.[\/vc_column_text][vc_column_text el_class=&#8221;quote_home_name&#8221;]S D I[\/vc_column_text][\/vc_column_inner][\/vc_row_inner][\/vc_column][\/vc_row][vc_row el_class=&#8221;wrapp no-padding margin_top&#8221;][vc_column][vc_column_text]<div class=\"wk-categories clearfix\"><div class=\"cat_row_head_25 cat_row_head cat_row sdi-products\">\n\t\t<div class=\"cat_row_tbabs\">\n\t\t<div class=\"cat_row_tb\">\n\t\t<div class=\"cat_row_cell\">\n\t\t\t<h3>Productos SDI<\/h3>\n\t\t<\/div>\n\t\t<\/div>\n\t\t<\/div>\n\t<\/div><div class=\"cat_row wk-accesorios\">\n\t\t\t<div class=\"cat_row_tbabs\">\n\t\t\t<div class=\"cat_row_tb\">\n\t\t\t\t<div class=\"cat_row_cell ct_in\">\n\t\t\t\t\t<h3>Accesorios<\/h3>\n\t\t\t\t\t<img decoding=\"async\" class=\"alignnone size-medium wp-image-75\" src=\"https:\/\/www.sdi.com.au\/wp-content\/uploads\/2017\/05\/Zubehor.jpg\">\n\t\t\t\t<\/div>\n\t\t\t<\/div>\n\t\t\t<\/div>\n\t\t\t<div class=\"wk-shortdesc\">\n\t\t\t<div class=\"cat_row_tbabs\">\n\t\t\t<div class=\"cat_row_tb\">\n\t\t\t\t<div class=\"cat_row_cell ct_inpop\">\n\t\t\t\t<h3>Accesorios<\/h3>\n\t\t\t\t<img decoding=\"async\" class=\"alignnone size-medium wp-image-75\" src=\"https:\/\/www.sdi.com.au\/wp-content\/uploads\/2017\/05\/Zubehor.jpg\">\n\t\t\t\t<a href=\"https:\/\/www.sdi.com.au\/es-sa\/productos-es-sa\/accesorios\/\">Aprende m&aacute;s<\/a>\n\t\t\t\t<\/div>\n\t\t\t<\/div>\n\t\t\t<\/div>\n\t\t\t<\/div>\n\t\t<\/div>\n\t\t<div class=\"cat_row wk-adhesivos\">\n\t\t\t<div class=\"cat_row_tbabs\">\n\t\t\t<div class=\"cat_row_tb\">\n\t\t\t\t<div class=\"cat_row_cell ct_in\">\n\t\t\t\t\t<h3>Adhesivos<\/h3>\n\t\t\t\t\t<img decoding=\"async\" class=\"alignnone size-medium wp-image-75\" src=\"https:\/\/www.sdi.com.au\/wp-content\/uploads\/2017\/05\/adhesives.jpg\">\n\t\t\t\t<\/div>\n\t\t\t<\/div>\n\t\t\t<\/div>\n\t\t\t<div class=\"wk-shortdesc\">\n\t\t\t<div class=\"cat_row_tbabs\">\n\t\t\t<div class=\"cat_row_tb\">\n\t\t\t\t<div class=\"cat_row_cell ct_inpop\">\n\t\t\t\t<h3>Adhesivos<\/h3>\n\t\t\t\t<img decoding=\"async\" class=\"alignnone size-medium wp-image-75\" src=\"https:\/\/www.sdi.com.au\/wp-content\/uploads\/2017\/05\/adhesives.jpg\">\n\t\t\t\t<a href=\"https:\/\/www.sdi.com.au\/es-sa\/productos-es-sa\/adhesivos\/\">Aprende m&aacute;s<\/a>\n\t\t\t\t<\/div>\n\t\t\t<\/div>\n\t\t\t<\/div>\n\t\t\t<\/div>\n\t\t<\/div>\n\t\t<div class=\"cat_row wk-amalgamas-es-sa\">\n\t\t\t<div class=\"cat_row_tbabs\">\n\t\t\t<div class=\"cat_row_tb\">\n\t\t\t\t<div class=\"cat_row_cell ct_in\">\n\t\t\t\t\t<h3>Amalgamas<\/h3>\n\t\t\t\t\t<img decoding=\"async\" class=\"alignnone size-medium wp-image-75\" src=\"https:\/\/www.sdi.com.au\/wp-content\/uploads\/2017\/05\/amalgam.jpg\">\n\t\t\t\t<\/div>\n\t\t\t<\/div>\n\t\t\t<\/div>\n\t\t\t<div class=\"wk-shortdesc\">\n\t\t\t<div class=\"cat_row_tbabs\">\n\t\t\t<div class=\"cat_row_tb\">\n\t\t\t\t<div class=\"cat_row_cell ct_inpop\">\n\t\t\t\t<h3>Amalgamas<\/h3>\n\t\t\t\t<img decoding=\"async\" class=\"alignnone size-medium wp-image-75\" src=\"https:\/\/www.sdi.com.au\/wp-content\/uploads\/2017\/05\/amalgam.jpg\">\n\t\t\t\t<a href=\"https:\/\/www.sdi.com.au\/es-sa\/productos-es-sa\/amalgamas-es-sa\/\">Aprende m&aacute;s<\/a>\n\t\t\t\t<\/div>\n\t\t\t<\/div>\n\t\t\t<\/div>\n\t\t\t<\/div>\n\t\t<\/div>\n\t\t<div class=\"cat_row wk-blanqueamientos\">\n\t\t\t<div class=\"cat_row_tbabs\">\n\t\t\t<div class=\"cat_row_tb\">\n\t\t\t\t<div class=\"cat_row_cell ct_in\">\n\t\t\t\t\t<h3>Blanqueamientos<\/h3>\n\t\t\t\t\t<img decoding=\"async\" class=\"alignnone size-medium wp-image-75\" src=\"https:\/\/www.sdi.com.au\/wp-content\/uploads\/2017\/05\/Zahnaufhellung.jpg\">\n\t\t\t\t<\/div>\n\t\t\t<\/div>\n\t\t\t<\/div>\n\t\t\t<div class=\"wk-shortdesc\">\n\t\t\t<div class=\"cat_row_tbabs\">\n\t\t\t<div class=\"cat_row_tb\">\n\t\t\t\t<div class=\"cat_row_cell ct_inpop\">\n\t\t\t\t<h3>Blanqueamientos<\/h3>\n\t\t\t\t<img decoding=\"async\" class=\"alignnone size-medium wp-image-75\" src=\"https:\/\/www.sdi.com.au\/wp-content\/uploads\/2017\/05\/Zahnaufhellung.jpg\">\n\t\t\t\t<a href=\"https:\/\/www.sdi.com.au\/es-sa\/productos-es-sa\/blanqueamientos\/\">Aprende m&aacute;s<\/a>\n\t\t\t\t<\/div>\n\t\t\t<\/div>\n\t\t\t<\/div>\n\t\t\t<\/div>\n\t\t<\/div>\n\t\t<div class=\"cat_row wk-cementos\">\n\t\t\t<div class=\"cat_row_tbabs\">\n\t\t\t<div class=\"cat_row_tb\">\n\t\t\t\t<div class=\"cat_row_cell ct_in\">\n\t\t\t\t\t<h3>Cementos<\/h3>\n\t\t\t\t\t<img decoding=\"async\" class=\"alignnone size-medium wp-image-75\" src=\"https:\/\/www.sdi.com.au\/wp-content\/uploads\/2017\/05\/Zemente.jpg\">\n\t\t\t\t<\/div>\n\t\t\t<\/div>\n\t\t\t<\/div>\n\t\t\t<div class=\"wk-shortdesc\">\n\t\t\t<div class=\"cat_row_tbabs\">\n\t\t\t<div class=\"cat_row_tb\">\n\t\t\t\t<div class=\"cat_row_cell ct_inpop\">\n\t\t\t\t<h3>Cementos<\/h3>\n\t\t\t\t<img decoding=\"async\" class=\"alignnone size-medium wp-image-75\" src=\"https:\/\/www.sdi.com.au\/wp-content\/uploads\/2017\/05\/Zemente.jpg\">\n\t\t\t\t<a href=\"https:\/\/www.sdi.com.au\/es-sa\/productos-es-sa\/cementos\/\">Aprende m&aacute;s<\/a>\n\t\t\t\t<\/div>\n\t\t\t<\/div>\n\t\t\t<\/div>\n\t\t\t<\/div>\n\t\t<\/div>\n\t\t<div class=\"cat_row wk-composites-es-sa\">\n\t\t\t<div class=\"cat_row_tbabs\">\n\t\t\t<div class=\"cat_row_tb\">\n\t\t\t\t<div class=\"cat_row_cell ct_in\">\n\t\t\t\t\t<h3>Composites<\/h3>\n\t\t\t\t\t<img decoding=\"async\" class=\"alignnone size-medium wp-image-75\" src=\"https:\/\/www.sdi.com.au\/wp-content\/uploads\/2017\/05\/Komposit.jpg\">\n\t\t\t\t<\/div>\n\t\t\t<\/div>\n\t\t\t<\/div>\n\t\t\t<div class=\"wk-shortdesc\">\n\t\t\t<div class=\"cat_row_tbabs\">\n\t\t\t<div class=\"cat_row_tb\">\n\t\t\t\t<div class=\"cat_row_cell ct_inpop\">\n\t\t\t\t<h3>Composites<\/h3>\n\t\t\t\t<img decoding=\"async\" class=\"alignnone size-medium wp-image-75\" src=\"https:\/\/www.sdi.com.au\/wp-content\/uploads\/2017\/05\/Komposit.jpg\">\n\t\t\t\t<a href=\"https:\/\/www.sdi.com.au\/es-sa\/productos-es-sa\/composites-es-sa\/\">Aprende m&aacute;s<\/a>\n\t\t\t\t<\/div>\n\t\t\t<\/div>\n\t\t\t<\/div>\n\t\t\t<\/div>\n\t\t<\/div>\n\t\t<div class=\"cat_row wk-equipo\">\n\t\t\t<div class=\"cat_row_tbabs\">\n\t\t\t<div class=\"cat_row_tb\">\n\t\t\t\t<div class=\"cat_row_cell ct_in\">\n\t\t\t\t\t<h3>Equipo<\/h3>\n\t\t\t\t\t<img decoding=\"async\" class=\"alignnone size-medium wp-image-75\" src=\"https:\/\/www.sdi.com.au\/wp-content\/uploads\/2017\/05\/gerate.jpg\">\n\t\t\t\t<\/div>\n\t\t\t<\/div>\n\t\t\t<\/div>\n\t\t\t<div class=\"wk-shortdesc\">\n\t\t\t<div class=\"cat_row_tbabs\">\n\t\t\t<div class=\"cat_row_tb\">\n\t\t\t\t<div class=\"cat_row_cell ct_inpop\">\n\t\t\t\t<h3>Equipo<\/h3>\n\t\t\t\t<img decoding=\"async\" class=\"alignnone size-medium wp-image-75\" src=\"https:\/\/www.sdi.com.au\/wp-content\/uploads\/2017\/05\/gerate.jpg\">\n\t\t\t\t<a href=\"https:\/\/www.sdi.com.au\/es-sa\/productos-es-sa\/equipo\/\">Aprende m&aacute;s<\/a>\n\t\t\t\t<\/div>\n\t\t\t<\/div>\n\t\t\t<\/div>\n\t\t\t<\/div>\n\t\t<\/div>\n\t\t<div class=\"cat_row wk-etchants-es-sa\">\n\t\t\t<div class=\"cat_row_tbabs\">\n\t\t\t<div class=\"cat_row_tb\">\n\t\t\t\t<div class=\"cat_row_cell ct_in\">\n\t\t\t\t\t<h3>Etchants<\/h3>\n\t\t\t\t\t<img decoding=\"async\" class=\"alignnone size-medium wp-image-75\" src=\"https:\/\/www.sdi.com.au\/wp-content\/uploads\/2017\/05\/atzmittel.jpg\">\n\t\t\t\t<\/div>\n\t\t\t<\/div>\n\t\t\t<\/div>\n\t\t\t<div class=\"wk-shortdesc\">\n\t\t\t<div class=\"cat_row_tbabs\">\n\t\t\t<div class=\"cat_row_tb\">\n\t\t\t\t<div class=\"cat_row_cell ct_inpop\">\n\t\t\t\t<h3>Etchants<\/h3>\n\t\t\t\t<img decoding=\"async\" class=\"alignnone size-medium wp-image-75\" src=\"https:\/\/www.sdi.com.au\/wp-content\/uploads\/2017\/05\/atzmittel.jpg\">\n\t\t\t\t<a href=\"https:\/\/www.sdi.com.au\/es-sa\/productos-es-sa\/etchants-es-sa\/\">Aprende m&aacute;s<\/a>\n\t\t\t\t<\/div>\n\t\t\t<\/div>\n\t\t\t<\/div>\n\t\t\t<\/div>\n\t\t<\/div>\n\t\t<div class=\"cat_row wk-ionomeros-de-vidrio\">\n\t\t\t<div class=\"cat_row_tbabs\">\n\t\t\t<div class=\"cat_row_tb\">\n\t\t\t\t<div class=\"cat_row_cell ct_in\">\n\t\t\t\t\t<h3>Ion\u00f3meros de Vidrio<\/h3>\n\t\t\t\t\t<img decoding=\"async\" class=\"alignnone size-medium wp-image-75\" src=\"https:\/\/www.sdi.com.au\/wp-content\/uploads\/2017\/05\/glasionomere.jpg\">\n\t\t\t\t<\/div>\n\t\t\t<\/div>\n\t\t\t<\/div>\n\t\t\t<div class=\"wk-shortdesc\">\n\t\t\t<div class=\"cat_row_tbabs\">\n\t\t\t<div class=\"cat_row_tb\">\n\t\t\t\t<div class=\"cat_row_cell ct_inpop\">\n\t\t\t\t<h3>Ion\u00f3meros de Vidrio<\/h3>\n\t\t\t\t<img decoding=\"async\" class=\"alignnone size-medium wp-image-75\" src=\"https:\/\/www.sdi.com.au\/wp-content\/uploads\/2017\/05\/glasionomere.jpg\">\n\t\t\t\t<a href=\"https:\/\/www.sdi.com.au\/es-sa\/productos-es-sa\/ionomeros-de-vidrio\/\">Aprende m&aacute;s<\/a>\n\t\t\t\t<\/div>\n\t\t\t<\/div>\n\t\t\t<\/div>\n\t\t\t<\/div>\n\t\t<\/div>\n\t\t<div class=\"cat_row wk-riva-star-es-sa\">\n\t\t\t<div class=\"cat_row_tbabs\">\n\t\t\t<div class=\"cat_row_tb\">\n\t\t\t\t<div class=\"cat_row_cell ct_in\">\n\t\t\t\t\t<h3>SDF Riva Star<\/h3>\n\t\t\t\t\t<img decoding=\"async\" class=\"alignnone size-medium wp-image-75\" src=\"https:\/\/www.sdi.com.au\/wp-content\/uploads\/2017\/05\/Riva-Star.jpg\">\n\t\t\t\t<\/div>\n\t\t\t<\/div>\n\t\t\t<\/div>\n\t\t\t<div class=\"wk-shortdesc\">\n\t\t\t<div class=\"cat_row_tbabs\">\n\t\t\t<div class=\"cat_row_tb\">\n\t\t\t\t<div class=\"cat_row_cell ct_inpop\">\n\t\t\t\t<h3>SDF Riva Star<\/h3>\n\t\t\t\t<img decoding=\"async\" class=\"alignnone size-medium wp-image-75\" src=\"https:\/\/www.sdi.com.au\/wp-content\/uploads\/2017\/05\/Riva-Star.jpg\">\n\t\t\t\t<a href=\"https:\/\/www.sdi.com.au\/es-sa\/productos-es-sa\/riva-star-es-sa\/\">Aprende m&aacute;s<\/a>\n\t\t\t\t<\/div>\n\t\t\t<\/div>\n\t\t\t<\/div>\n\t\t\t<\/div>\n\t\t<\/div>\n\t\t<div class=\"cat_row wk-sellantes\">\n\t\t\t<div class=\"cat_row_tbabs\">\n\t\t\t<div class=\"cat_row_tb\">\n\t\t\t\t<div class=\"cat_row_cell ct_in\">\n\t\t\t\t\t<h3>Sellantes<\/h3>\n\t\t\t\t\t<img decoding=\"async\" class=\"alignnone size-medium wp-image-75\" src=\"https:\/\/www.sdi.com.au\/wp-content\/uploads\/2017\/05\/Versiegler.jpg\">\n\t\t\t\t<\/div>\n\t\t\t<\/div>\n\t\t\t<\/div>\n\t\t\t<div class=\"wk-shortdesc\">\n\t\t\t<div class=\"cat_row_tbabs\">\n\t\t\t<div class=\"cat_row_tb\">\n\t\t\t\t<div class=\"cat_row_cell ct_inpop\">\n\t\t\t\t<h3>Sellantes<\/h3>\n\t\t\t\t<img decoding=\"async\" class=\"alignnone size-medium wp-image-75\" src=\"https:\/\/www.sdi.com.au\/wp-content\/uploads\/2017\/05\/Versiegler.jpg\">\n\t\t\t\t<a href=\"https:\/\/www.sdi.com.au\/es-sa\/productos-es-sa\/sellantes\/\">Aprende m&aacute;s<\/a>\n\t\t\t\t<\/div>\n\t\t\t<\/div>\n\t\t\t<\/div>\n\t\t\t<\/div>\n\t\t<\/div>\n\t\t<\/div>[\/vc_column_text][\/vc_column][\/vc_row][vc_row el_class=&#8221;no-padding about_sec4&#8243;][vc_column][vc_gmaps link=&#8221;#E-8_JTNDaWZyYW1lJTIwc3JjJTNEJTIyaHR0cHMlM0ElMkYlMkZ3d3cuZ29vZ2xlLmNvbSUyRm1hcHMlMkZlbWJlZCUzRnBiJTNEJTIxMW0xOCUyMTFtMTIlMjExbTMlMjExZDMxNTAuNTEwMDQyMzE4MjgyJTIxMmQxNDUuMjc2MjY5MzE1ODAyMzIlMjEzZC0zNy44NDgzNTQ2NDM3OTc0MzUlMjEybTMlMjExZjAlMjEyZjAlMjEzZjAlMjEzbTIlMjExaTEwMjQlMjEyaTc2OCUyMTRmMTMuMSUyMTNtMyUyMTFtMiUyMTFzMHg2YWQ2M2I3MjJkNTgyMWNkJTI1M0EweDZhMWI4YmNiMWNkYTdjYTklMjEyc1NESSUyQkxpbWl0ZWQlMjE1ZTAlMjEzbTIlMjExc2lkJTIxMnNpZCUyMTR2MTQ4MTA5NzUxOTc0NSUyMiUyMHdpZHRoJTNEJTIyMTkyMCUyMiUyMGhlaWdodCUzRCUyMjU1MCUyMiUyMGZyYW1lYm9yZGVyJTNEJTIyMCUyMiUyMHN0eWxlJTNEJTIyYm9yZGVyJTNBMCUyMiUyMGFsbG93ZnVsbHNjcmVlbiUzRSUzQyUyRmlmcmFtZSUzRQ==&#8221; el_class=&#8221;google_map&#8221;][vc_row_inner el_class=&#8221;map_masking&#8221;][vc_column_inner][\/vc_column_inner][\/vc_row_inner][\/vc_column][\/vc_row][vc_row el_class=&#8221;no-padding about_sec5&#8243;][vc_column][vc_row_inner el_class=&#8221;wrapp no-padding&#8221;][vc_column_inner][vc_column_text el_class=&#8221;ctx_head&#8221;]Australia (Oficina Central)[\/vc_column_text][\/vc_column_inner][\/vc_row_inner][vc_row_inner el_class=&#8221;wrapp no-padding&#8221;][vc_column_inner width=&#8221;1\/2&#8243;][vc_column_text]SDI Limited.<br \/>\n5-9 Brunsdon Street<br \/>\nBayswater<br \/>\nVictoria 3153[\/vc_column_text][\/vc_column_inner][vc_column_inner width=&#8221;1\/2&#8243;][vc_column_text]Tel\u00e9fono +61 3 8727 7111<br \/>\nFax +61 3 8727 7222<br \/>\nLlame sin costo 1 800 337 003<br \/>\nEmail: <a href=\"mailto:info@sdi.com.au\">info@sdi.com.au<\/a>[\/vc_column_text][\/vc_column_inner][\/vc_row_inner][\/vc_column][\/vc_row][vc_row el_class=&#8221;about_sec6 no-padding&#8221;][vc_column][vc_row_inner el_class=&#8221;wrapp no-padding&#8221;][vc_column_inner][vc_column_text el_class=&#8221;ctx_head&#8221;]Additional Contact Information[\/vc_column_text][\/vc_column_inner][\/vc_row_inner][vc_row_inner el_class=&#8221;wrapp no-padding&#8221;][vc_column_inner width=&#8221;1\/2&#8243;][vc_column_text]<\/p>\n<h3><b>E.U.A. y Canad\u00e1 <\/b><\/h3>\n<p><span class=\"t0\">SDI (North America) Inc.<br \/>\n729 N.Route 83, Suite 315<br \/>\nBensenville 60106 IL<br \/>\nUSA<br \/>\n<\/span><span id=\"sdiContent\">Tel\u00e9fono<\/span><span class=\"t0\"> +1 630 238 8300<br \/>\nFax +1 630 238 9200<br \/>\nLlame sin costo 1 800 228 5166<\/span><br \/>\nEmail: <a href=\"mailto:USA.Canada@sdi.com.au\">USA.Canada@sdi.com.au<\/a><\/p>\n<h3><\/h3>\n<p>[\/vc_column_text][vc_column_text]<\/p>\n<h3>Irland<\/h3>\n<p><span id=\"sdiContent\">Tel\u00e9fono<\/span>: +353 1 886 9575<br \/>\nEmail: <a href=\"mailto:Ireland@sdi.com.au\">Ireland@sdi.com.au<\/a><\/p>\n<h3><\/h3>\n<p>[\/vc_column_text][vc_column_text]<\/p>\n<h3>Austria<\/h3>\n<p>Llame gratis: 00800 2255 734<br \/>\nEmail: <a href=\"mailto:Austria@sdi.com.au\">Austria@sdi.com.au<\/a><\/p>\n<h3><\/h3>\n<p>[\/vc_column_text][vc_column_text]<\/p>\n<h3>France<\/h3>\n<p>Llame gratis: 080 002 255 734<br \/>\nEmail: <a href=\"mailto:France@sdi.com.au\">France@sdi.com.au<\/a><\/p>\n<h3><\/h3>\n<p>[\/vc_column_text][vc_column_text]<\/p>\n<h3>Italy<\/h3>\n<p>Llame gratis: 800 780 625<br \/>\nEmail: <a href=\"mailto:Italy@sdi.com.au\">Italy@sdi.com.au<\/a>[\/vc_column_text][\/vc_column_inner][vc_column_inner width=&#8221;1\/2&#8243;][vc_column_text]<\/p>\n<h3>Brasil<\/h3>\n<p>SDI Holdings Pty Ltd do Brasil<br \/>\nAv. Doutor Reinaldo Schmithausen, 3141 A<br \/>\nCordeiros Itaja\u00ed &#8211; SC<br \/>\nCep: 88.310-004<br \/>\nBrasil<br \/>\n<span id=\"sdiContent\">Tel\u00e9fono<\/span> +55 (0) 11 3031 1700,<br \/>\nFax +55 (0) 11 3815 3311<br \/>\nEmail: <a href=\"mailto:Brasil@sdi.com.au\">Brasil@sdi.com.au<\/a><\/p>\n<h3><\/h3>\n<p>[\/vc_column_text][vc_column_text]<\/p>\n<h3>Alemania<\/h3>\n<p>SDI Germany GmbH<br \/>\nHansestrasse 85<br \/>\nD-51149, Cologne Germany<br \/>\n<span id=\"sdiContent\">Tel\u00e9fono<\/span> +49 (0) 2203 9255 0<br \/>\nFax +49 (0) 2203 9255 200<br \/>\nLlame gratis 0800 100 5759<br \/>\nEmail: <a href=\"mailto:Germany@sdi.com.au\">Germany@sdi.com.au<\/a><\/p>\n<h3><\/h3>\n<p>[\/vc_column_text][vc_column_text]<\/p>\n<h3>Reino Unido<\/h3>\n<p>Llame gratis: 00800 022 55 734<br \/>\nEmail: <a href=\"mailto:UK@sdi.com.au\">UK@sdi.com.au<\/a><\/p>\n<h3><\/h3>\n<p>[\/vc_column_text][vc_column_text]<\/p>\n<h3>Nueva Zelanda<\/h3>\n<p>Llame gratis: 0800 734 034<br \/>\nEmail: <a href=\"mailto:Info@sdi.com.au\">Info@sdi.com.au<\/a><\/p>\n<h3><\/h3>\n<p>[\/vc_column_text][\/vc_column_inner][\/vc_row_inner][\/vc_column][\/vc_row][vc_row][vc_column][\/vc_column][\/vc_row]<\/p>\n<\/div>","protected":false},"excerpt":{"rendered":"<p>[vc_row el_class=&#8221;no-padding&#8221;][vc_column][vc_row_inner el_class=&#8221;about_sec1 wrapp no-padding&#8221;][vc_column_inner el_class=&#8221;about_sec1_in&#8221;][vc_column_text el_class=&#8221;heading_title&#8221;] \u00bfQui\u00e9nes somos? [\/vc_column_text][vc_empty_space height=&#8221;35px&#8221;][vc_column_text]SDI Limited est\u00e1 comprometida con la investigaci\u00f3n, el desarrollo, fabricaci\u00f3n y distribuci\u00f3n de materiales dentales restauradores especializados. Los productos SDI, &hellip; <a href=\"https:\/\/www.sdi.com.au\/es-sa\/company\/about-us\/\" class=\"more-link\">Continue reading<span class=\"screen-reader-text\"> &#8220;\u00bfQui\u00e9nes somos?&#8221;<\/span><\/a><\/p>\n","protected":false},"author":14,"featured_media":0,"parent":4384,"menu_order":0,"comment_status":"closed","ping_status":"closed","template":"page-templates\/about-page.php","meta":{"_acf_changed":false,"_price":"","_stock":"","_tribe_ticket_header":"","_tribe_default_ticket_provider":"","_ticket_start_date":"","_ticket_end_date":"","_tribe_ticket_show_description":"","_tribe_ticket_show_not_going":false,"_tribe_ticket_use_global_stock":"","_tribe_ticket_global_stock_level":"","_global_stock_mode":"","_global_stock_cap":"","_tribe_rsvp_for_event":"","_tribe_ticket_going_count":"","_tribe_ticket_not_going_count":"","_tribe_tickets_list":"[]","_tribe_ticket_has_attendee_info_fields":false,"footnotes":"","_tec_slr_enabled":"","_tec_slr_layout":"","_wp_rev_ctl_limit":""},"class_list":["post-4385","page","type-page","status-publish","hentry"],"acf":[],"ticketed":false,"_links":{"self":[{"href":"https:\/\/www.sdi.com.au\/es-sa\/wp-json\/wp\/v2\/pages\/4385","targetHints":{"allow":["GET"]}}],"collection":[{"href":"https:\/\/www.sdi.com.au\/es-sa\/wp-json\/wp\/v2\/pages"}],"about":[{"href":"https:\/\/www.sdi.com.au\/es-sa\/wp-json\/wp\/v2\/types\/page"}],"author":[{"embeddable":true,"href":"https:\/\/www.sdi.com.au\/es-sa\/wp-json\/wp\/v2\/users\/14"}],"replies":[{"embeddable":true,"href":"https:\/\/www.sdi.com.au\/es-sa\/wp-json\/wp\/v2\/comments?post=4385"}],"version-history":[{"count":18,"href":"https:\/\/www.sdi.com.au\/es-sa\/wp-json\/wp\/v2\/pages\/4385\/revisions"}],"predecessor-version":[{"id":33420,"href":"https:\/\/www.sdi.com.au\/es-sa\/wp-json\/wp\/v2\/pages\/4385\/revisions\/33420"}],"up":[{"embeddable":true,"href":"https:\/\/www.sdi.com.au\/es-sa\/wp-json\/wp\/v2\/pages\/4384"}],"wp:attachment":[{"href":"https:\/\/www.sdi.com.au\/es-sa\/wp-json\/wp\/v2\/media?parent=4385"}],"curies":[{"name":"wp","href":"https:\/\/api.w.org\/{rel}","templated":true}]}}