{"id":4401,"date":"2016-12-26T08:58:01","date_gmt":"2016-12-26T08:58:01","guid":{"rendered":"http:\/\/localhost\/sdi\/www\/es-sa\/downloads\/pola-downloads\/"},"modified":"2025-09-02T12:02:45","modified_gmt":"2025-09-02T02:02:45","slug":"pola-downloads","status":"publish","type":"page","link":"https:\/\/www.sdi.com.au\/es-sa\/downloads\/pola-downloads\/","title":{"rendered":"Descargas de Pola"},"content":{"rendered":"<div class=\"wpb-content-wrapper\"><p>[vc_row][vc_column][vc_row_inner el_class=&#8221;no-padding&#8221;][vc_column_inner width=&#8221;2\/3&#8243;][vc_column_text]<\/p>\n<h1>Descargas de Pola<\/h1>\n<p>[\/vc_column_text][\/vc_column_inner][vc_column_inner width=&#8221;1\/3&#8243;][vc_single_image image=&#8221;30438&#8243; img_size=&#8221;full&#8221;][\/vc_column_inner][\/vc_row_inner][vc_row_inner el_class=&#8221;no-padding&#8221;][vc_column_inner width=&#8221;2\/3&#8243;][vc_column_text]<\/p>\n<h3>Informaci\u00f3n post operatoria<\/h3>\n<p>Informaci\u00f3n pr\u00e1ctica a la atenci\u00f3n del paciente despu\u00e9s de realizar su tratamiento de blanqueamiento dental.<\/p>\n<p><a href=\"\/downloads\/pola\/Pola-Post-Op-instructions-SPA-SA.pdf\"><strong>Descargar el documento PDF<\/strong><\/a>[\/vc_column_text][\/vc_column_inner][vc_column_inner width=&#8221;1\/3&#8243;][\/vc_column_inner][\/vc_row_inner][vc_row_inner][vc_column_inner width=&#8221;1\/2&#8243;][vc_column_text]<\/p>\n<h3>Tutorial Blanqueamiento Pola<\/h3>\n<p>Vea una descripci\u00f3n general de c\u00f3mo aplicar el blanqueamiento dental Pola. Como una de las formulaciones m\u00e1s confiables en todo el mundo, Pola es un sistema de blanqueamiento dental f\u00e1cil de usar y se puede aplicar desde casa en solo unos minutos. Esto se aplica a los productos SDI Pola; Pola de d\u00eda, Pola de noche y Pola de d\u00eda CP.<\/p>\n<p><a href=\"https:\/\/www.sdi.com.au\/wp-content\/uploads\/2021\/07\/AU-Pola-Take-Home-Instructions-5.pdf\" target=\"_blank\" rel=\"noopener\"><strong>Descargar Pola Take home blanqueamiento &#8211; Instrucciones paso a paso (PDF)<\/strong><\/a><\/p>\n<p><strong><a href=\"https:\/\/www.dropbox.com\/sh\/7rj9zxe4lflafis\/AADsN4fELkMZ1KBW5IOAZkDYa\/210702_SDI_Pola%20Whitening%20Tutorial%20-%20Clinical.mp4?dl=0\">Descargar v\u00eddeo blanqueamiento Pola (MP4)<\/a><\/strong>[\/vc_column_text][\/vc_column_inner][vc_column_inner width=&#8221;1\/2&#8243;][vc_video link=&#8221;https:\/\/youtu.be\/-t5ZoMJX1-w&#8221;][\/vc_column_inner][\/vc_row_inner][vc_row_inner][vc_column_inner][vc_separator][\/vc_column_inner][\/vc_row_inner][vc_row_inner][vc_column_inner width=&#8221;1\/2&#8243;][vc_column_text]<\/p>\n<h3>Soluci\u00f3n de problemas de la luz Pola<\/h3>\n<p>[\/vc_column_text][\/vc_column_inner][vc_column_inner width=&#8221;1\/2&#8243;][vc_video link=&#8221;https:\/\/youtu.be\/BaVCH3qRkNg?feature=shared&#8221; css=&#8221;&#8221;][\/vc_column_inner][\/vc_row_inner][\/vc_column][\/vc_row]<\/p>\n<\/div>","protected":false},"excerpt":{"rendered":"<p>[vc_row][vc_column][vc_row_inner el_class=&#8221;no-padding&#8221;][vc_column_inner width=&#8221;2\/3&#8243;][vc_column_text] Descargas de Pola [\/vc_column_text][\/vc_column_inner][vc_column_inner width=&#8221;1\/3&#8243;][vc_single_image image=&#8221;30438&#8243; img_size=&#8221;full&#8221;][\/vc_column_inner][\/vc_row_inner][vc_row_inner el_class=&#8221;no-padding&#8221;][vc_column_inner width=&#8221;2\/3&#8243;][vc_column_text] Informaci\u00f3n post operatoria Informaci\u00f3n pr\u00e1ctica a la atenci\u00f3n del paciente despu\u00e9s de realizar su tratamiento de blanqueamiento dental. &hellip; <a href=\"https:\/\/www.sdi.com.au\/es-sa\/downloads\/pola-downloads\/\" class=\"more-link\">Continue reading<span class=\"screen-reader-text\"> &#8220;Descargas de Pola&#8221;<\/span><\/a><\/p>\n","protected":false},"author":14,"featured_media":0,"parent":4388,"menu_order":0,"comment_status":"closed","ping_status":"closed","template":"page-templates\/internal-page.php","meta":{"_acf_changed":false,"_price":"","_stock":"","_tribe_ticket_header":"","_tribe_default_ticket_provider":"TEC\\Tickets\\Commerce\\Module","_ticket_start_date":"","_ticket_end_date":"","_tribe_ticket_show_description":"","_tribe_ticket_show_not_going":false,"_tribe_ticket_use_global_stock":"","_tribe_ticket_global_stock_level":"","_global_stock_mode":"","_global_stock_cap":"","_tribe_rsvp_for_event":"","_tribe_ticket_going_count":"","_tribe_ticket_not_going_count":"","_tribe_tickets_list":"[]","_tribe_ticket_has_attendee_info_fields":false,"footnotes":"","_tec_slr_enabled":"","_tec_slr_layout":"","_wp_rev_ctl_limit":""},"class_list":["post-4401","page","type-page","status-publish","hentry"],"acf":[],"ticketed":false,"_links":{"self":[{"href":"https:\/\/www.sdi.com.au\/es-sa\/wp-json\/wp\/v2\/pages\/4401","targetHints":{"allow":["GET"]}}],"collection":[{"href":"https:\/\/www.sdi.com.au\/es-sa\/wp-json\/wp\/v2\/pages"}],"about":[{"href":"https:\/\/www.sdi.com.au\/es-sa\/wp-json\/wp\/v2\/types\/page"}],"author":[{"embeddable":true,"href":"https:\/\/www.sdi.com.au\/es-sa\/wp-json\/wp\/v2\/users\/14"}],"replies":[{"embeddable":true,"href":"https:\/\/www.sdi.com.au\/es-sa\/wp-json\/wp\/v2\/comments?post=4401"}],"version-history":[{"count":28,"href":"https:\/\/www.sdi.com.au\/es-sa\/wp-json\/wp\/v2\/pages\/4401\/revisions"}],"predecessor-version":[{"id":186409,"href":"https:\/\/www.sdi.com.au\/es-sa\/wp-json\/wp\/v2\/pages\/4401\/revisions\/186409"}],"up":[{"embeddable":true,"href":"https:\/\/www.sdi.com.au\/es-sa\/wp-json\/wp\/v2\/pages\/4388"}],"wp:attachment":[{"href":"https:\/\/www.sdi.com.au\/es-sa\/wp-json\/wp\/v2\/media?parent=4401"}],"curies":[{"name":"wp","href":"https:\/\/api.w.org\/{rel}","templated":true}]}}