{"id":4451,"date":"2016-12-27T02:44:26","date_gmt":"2016-12-27T02:44:26","guid":{"rendered":"http:\/\/localhost\/sdi\/www\/es-sa\/company\/sdi-smile-vision\/"},"modified":"2019-08-14T10:32:09","modified_gmt":"2019-08-14T00:32:09","slug":"sdi-smile-vision","status":"publish","type":"page","link":"https:\/\/www.sdi.com.au\/es-sa\/company\/sdi-smile-vision\/","title":{"rendered":"SDI Tu Sonrisa. Nuestra Visi\u00f3n."},"content":{"rendered":"<div class=\"wpb-content-wrapper\"><p>[vc_row][vc_column][vc_row_inner el_class=&#8221;no-padding&#8221;][vc_column_inner][vc_column_text]<\/p>\n<h1>SDI Tu Sonrisa. Nuestra Visi\u00f3n.<\/h1>\n<p>[\/vc_column_text][vc_single_image image=&#8221;18958&#8243; img_size=&#8221;full&#8221;][vc_column_text]Las palabras definen SDI. Reflejan el enfoque de SDI en el objetivo final del dentista por lograr sonrisas perfectas para sus pacientes.<\/p>\n<p>Ayudar a los dentistas y al equipo dental a producir sonrisas bellas, saludables y de larga duraci\u00f3n, trabajar de manera eficiente y brindar calidad e innovaci\u00f3n a sus pacientes, es el objetivo principal de SDI.<\/p>\n<ul>\n<li><strong>Tu Sonrisa<\/strong> &#8211; Todo lo que hace SDI es para cumplir el objetivo final del dentista: Crear una sonrisa perfecta para sus pacientes. Perfecci\u00f3n equivale a excelencia. Materiales maravillosamente naturales y de larga duraci\u00f3n que son de f\u00e1cil uso para los dentistas.<\/li>\n<li><strong>Nuestra Visi\u00f3n<\/strong> &#8211; SDI innova continuamente para proporcionar materiales dentales que ayuden a los dentistas y sus equipos a crear la sonrisa perfecta. El proceso de investigaci\u00f3n y desarrollo es de suma importancia en SDI. SDI debe liderar el mercado y prever las necesidades de los dentistas a trav\u00e9s de nuestra propia investigaci\u00f3n y la innovaci\u00f3n de productos.<\/li>\n<\/ul>\n<p>[\/vc_column_text][\/vc_column_inner][\/vc_row_inner][\/vc_column][\/vc_row]<\/p>\n<\/div>","protected":false},"excerpt":{"rendered":"<p>[vc_row][vc_column][vc_row_inner el_class=&#8221;no-padding&#8221;][vc_column_inner][vc_column_text] SDI Tu Sonrisa. Nuestra Visi\u00f3n. [\/vc_column_text][vc_single_image image=&#8221;18958&#8243; img_size=&#8221;full&#8221;][vc_column_text]Las palabras definen SDI. Reflejan el enfoque de SDI en el objetivo final del dentista por lograr sonrisas perfectas para sus &hellip; <a href=\"https:\/\/www.sdi.com.au\/es-sa\/company\/sdi-smile-vision\/\" class=\"more-link\">Continue reading<span class=\"screen-reader-text\"> &#8220;SDI Tu Sonrisa. Nuestra Visi\u00f3n.&#8221;<\/span><\/a><\/p>\n","protected":false},"author":14,"featured_media":0,"parent":4384,"menu_order":4,"comment_status":"closed","ping_status":"closed","template":"page-templates\/internal-page.php","meta":{"_acf_changed":false,"_price":"","_stock":"","_tribe_ticket_header":"","_tribe_default_ticket_provider":"","_ticket_start_date":"","_ticket_end_date":"","_tribe_ticket_show_description":"","_tribe_ticket_show_not_going":false,"_tribe_ticket_use_global_stock":"","_tribe_ticket_global_stock_level":"","_global_stock_mode":"","_global_stock_cap":"","_tribe_rsvp_for_event":"","_tribe_ticket_going_count":"","_tribe_ticket_not_going_count":"","_tribe_tickets_list":"[]","_tribe_ticket_has_attendee_info_fields":false,"footnotes":"","_tec_slr_enabled":"","_tec_slr_layout":"","_wp_rev_ctl_limit":""},"class_list":["post-4451","page","type-page","status-publish","hentry"],"acf":[],"ticketed":false,"_links":{"self":[{"href":"https:\/\/www.sdi.com.au\/es-sa\/wp-json\/wp\/v2\/pages\/4451","targetHints":{"allow":["GET"]}}],"collection":[{"href":"https:\/\/www.sdi.com.au\/es-sa\/wp-json\/wp\/v2\/pages"}],"about":[{"href":"https:\/\/www.sdi.com.au\/es-sa\/wp-json\/wp\/v2\/types\/page"}],"author":[{"embeddable":true,"href":"https:\/\/www.sdi.com.au\/es-sa\/wp-json\/wp\/v2\/users\/14"}],"replies":[{"embeddable":true,"href":"https:\/\/www.sdi.com.au\/es-sa\/wp-json\/wp\/v2\/comments?post=4451"}],"version-history":[{"count":6,"href":"https:\/\/www.sdi.com.au\/es-sa\/wp-json\/wp\/v2\/pages\/4451\/revisions"}],"predecessor-version":[{"id":20470,"href":"https:\/\/www.sdi.com.au\/es-sa\/wp-json\/wp\/v2\/pages\/4451\/revisions\/20470"}],"up":[{"embeddable":true,"href":"https:\/\/www.sdi.com.au\/es-sa\/wp-json\/wp\/v2\/pages\/4384"}],"wp:attachment":[{"href":"https:\/\/www.sdi.com.au\/es-sa\/wp-json\/wp\/v2\/media?parent=4451"}],"curies":[{"name":"wp","href":"https:\/\/api.w.org\/{rel}","templated":true}]}}