{"id":16630,"date":"2018-02-06T00:37:53","date_gmt":"2018-02-06T00:37:53","guid":{"rendered":"https:\/\/www.sdi.com.au\/au\/?page_id=16630"},"modified":"2018-02-06T23:26:46","modified_gmt":"2018-02-06T23:26:46","slug":"warranty","status":"publish","type":"page","link":"https:\/\/www.sdi.com.au\/es-sp\/warranty\/","title":{"rendered":"Registro de Garant\u00eda"},"content":{"rendered":"<div class=\"wpb-content-wrapper\"><p>[vc_row][vc_column][vc_column_text]<\/p>\n<h1>Registro de Garant\u00eda<\/h1>\n<p>Los campos requeridos est\u00e1n marcados con el s\u00edmbolo <span class=\"required-symbol\">*<\/span>[\/vc_column_text][\/vc_column][\/vc_row][vc_row][vc_column width=&#8221;1\/3&#8243;]\n<div class=\"wpcf7 no-js\" id=\"wpcf7-f16609-o1\" lang=\"en-AU\" dir=\"ltr\" data-wpcf7-id=\"16609\">\n<div class=\"screen-reader-response\"><p role=\"status\" aria-live=\"polite\" aria-atomic=\"true\"><\/p> <ul><\/ul><\/div>\n<form action=\"\/es-sp\/wp-json\/wp\/v2\/pages\/16630#wpcf7-f16609-o1\" method=\"post\" class=\"wpcf7-form init\" aria-label=\"Contact form\" enctype=\"multipart\/form-data\" novalidate=\"novalidate\" data-status=\"init\">\n<fieldset class=\"hidden-fields-container\"><input type=\"hidden\" name=\"_wpcf7\" value=\"16609\" \/><input type=\"hidden\" name=\"_wpcf7_version\" value=\"6.1.5\" \/><input type=\"hidden\" name=\"_wpcf7_locale\" value=\"en_AU\" \/><input type=\"hidden\" name=\"_wpcf7_unit_tag\" value=\"wpcf7-f16609-o1\" \/><input type=\"hidden\" name=\"_wpcf7_container_post\" value=\"0\" \/><input type=\"hidden\" name=\"_wpcf7_posted_data_hash\" value=\"\" \/><input type=\"hidden\" name=\"_wpcf7cf_hidden_group_fields\" value=\"[]\" \/><input type=\"hidden\" name=\"_wpcf7cf_hidden_groups\" value=\"[]\" \/><input type=\"hidden\" name=\"_wpcf7cf_visible_groups\" value=\"[]\" \/><input type=\"hidden\" name=\"_wpcf7cf_repeaters\" value=\"[]\" \/><input type=\"hidden\" name=\"_wpcf7cf_steps\" value=\"{}\" \/><input type=\"hidden\" name=\"_wpcf7cf_options\" value=\"{&quot;form_id&quot;:16609,&quot;conditions&quot;:[],&quot;settings&quot;:{&quot;animation&quot;:&quot;yes&quot;,&quot;animation_intime&quot;:200,&quot;animation_outtime&quot;:200,&quot;conditions_ui&quot;:&quot;normal&quot;,&quot;notice_dismissed&quot;:false}}\" \/><input type=\"hidden\" name=\"_wpcf7_recaptcha_response\" value=\"\" \/>\n<\/fieldset>\n<p><label> Producto <span class='required-symbol'>*<\/span><\/label><br \/>\n<span class=\"wpcf7-form-control-wrap\" data-name=\"menu-658\"><select class=\"wpcf7-form-control wpcf7-select wpcf7-validates-as-required\" id=\"product-selector\" aria-required=\"true\" aria-invalid=\"false\" name=\"menu-658\"><option value=\"\">&#8212;Please choose an option&#8212;<\/option><option value=\"LED Radiometer\">LED Radiometer<\/option><option value=\"Ultramat 2\">Ultramat 2<\/option><option value=\"Ultramat S\">Ultramat S<\/option><option value=\"Radii Cal\">Radii Cal<\/option><option value=\"Radii Plus\">Radii Plus<\/option><option value=\"Radii Xpert\">Radii Xpert<\/option><option value=\"Radii-Cal CX\">Radii-Cal CX<\/option><option value=\"Radiometer X\">Radiometer X<\/option><\/select><\/span>\n<\/p>\n<p><label> N\u00famero de modelo <span class='required-symbol'>*<\/span><\/label><br \/>\n<span class=\"wpcf7-form-control-wrap\" data-name=\"menu-220\"><select class=\"wpcf7-form-control wpcf7-select wpcf7-validates-as-required\" id=\"model-selector\" aria-required=\"true\" aria-invalid=\"false\" name=\"menu-220\"><option value=\"Select Model\">Select Model<\/option><\/select><\/span>\n<\/p>\n<p><label> Nombre <span class='required-symbol'>*<\/span><br \/>\n<span class=\"wpcf7-form-control-wrap\" data-name=\"your-name\"><input size=\"40\" maxlength=\"400\" class=\"wpcf7-form-control wpcf7-text wpcf7-validates-as-required\" aria-required=\"true\" aria-invalid=\"false\" value=\"\" type=\"text\" name=\"your-name\" \/><\/span> <\/label>\n<\/p>\n<p><label> Nombre Compa\u00f1ia <span class='required-symbol'>*<\/span><br \/>\n<span class=\"wpcf7-form-control-wrap\" data-name=\"company-name\"><input size=\"40\" maxlength=\"400\" class=\"wpcf7-form-control wpcf7-text wpcf7-validates-as-required\" aria-required=\"true\" aria-invalid=\"false\" value=\"\" type=\"text\" name=\"company-name\" \/><\/span> <\/label>\n<\/p>\n<p><label> Direcci\u00f3n <span class='required-symbol'>*<\/span><br \/>\n<span class=\"wpcf7-form-control-wrap\" data-name=\"street-address\"><input size=\"40\" maxlength=\"400\" class=\"wpcf7-form-control wpcf7-text wpcf7-validates-as-required\" aria-required=\"true\" aria-invalid=\"false\" value=\"\" type=\"text\" name=\"street-address\" \/><\/span> <\/label>\n<\/p>\n<p><label> Poblaci\u00f3n <span class='required-symbol'>*<\/span><br \/>\n<span class=\"wpcf7-form-control-wrap\" data-name=\"city-address\"><input size=\"40\" maxlength=\"400\" class=\"wpcf7-form-control wpcf7-text wpcf7-validates-as-required\" aria-required=\"true\" aria-invalid=\"false\" value=\"\" type=\"text\" name=\"city-address\" \/><\/span> <\/label>\n<\/p>\n<p><label> Provincia <span class='required-symbol'>*<\/span><br \/>\n<span class=\"wpcf7-form-control-wrap\" data-name=\"state\"><input size=\"40\" maxlength=\"400\" class=\"wpcf7-form-control wpcf7-text wpcf7-validates-as-required\" aria-required=\"true\" aria-invalid=\"false\" value=\"\" type=\"text\" name=\"state\" \/><\/span> <\/label>\n<\/p>\n<p><label> C\u00f3digo Postal <span class='required-symbol'>*<\/span><br \/>\n<span class=\"wpcf7-form-control-wrap\" data-name=\"zip-code\"><input size=\"40\" maxlength=\"400\" class=\"wpcf7-form-control wpcf7-text wpcf7-validates-as-required\" aria-required=\"true\" aria-invalid=\"false\" value=\"\" type=\"text\" name=\"zip-code\" \/><\/span> <\/label>\n<\/p>\n<p><label> Pa\u00eds <span class='required-symbol'>*<\/span><br \/>\n<span class=\"wpcf7-form-control-wrap\" data-name=\"your-country\"><select class=\"wpcf7-form-control wpcf7-select wpcf7-validates-as-required\" id=\"countries-dropdown\" aria-required=\"true\" aria-invalid=\"false\" name=\"your-country\"><option value=\"\">&#8212;Please choose an option&#8212;<\/option><\/select><\/span> <\/label>\n<\/p>\n<p><label> Tel\u00e9fono <span class='required-symbol'>*<\/span><br \/>\n<span class=\"wpcf7-form-control-wrap\" data-name=\"tel-535\"><input size=\"40\" maxlength=\"400\" class=\"wpcf7-form-control wpcf7-tel wpcf7-validates-as-required wpcf7-text wpcf7-validates-as-tel\" aria-required=\"true\" aria-invalid=\"false\" value=\"\" type=\"tel\" name=\"tel-535\" \/><\/span> <\/label>\n<\/p>\n<p><label> Fax<br \/>\n<span class=\"wpcf7-form-control-wrap\" data-name=\"tel-536\"><input size=\"40\" maxlength=\"400\" class=\"wpcf7-form-control wpcf7-tel wpcf7-text wpcf7-validates-as-tel\" aria-invalid=\"false\" value=\"\" type=\"tel\" name=\"tel-536\" \/><\/span> <\/label>\n<\/p>\n<p><label> Email <span class='required-symbol'>*<\/span><br \/>\n<span class=\"wpcf7-form-control-wrap\" data-name=\"your-email\"><input size=\"40\" maxlength=\"400\" class=\"wpcf7-form-control wpcf7-email wpcf7-validates-as-required wpcf7-text wpcf7-validates-as-email\" aria-required=\"true\" aria-invalid=\"false\" value=\"\" type=\"email\" name=\"your-email\" \/><\/span> <\/label>\n<\/p>\n<p><label> Fecha de compra <span class='required-symbol'>*<\/span><br \/>\n<span class=\"wpcf7-form-control-wrap\" data-name=\"date-241\"><input class=\"wpcf7-form-control wpcf7-date wpcf7-validates-as-required wpcf7-validates-as-date\" aria-required=\"true\" aria-invalid=\"false\" value=\"\" type=\"date\" name=\"date-241\" \/><\/span> <\/label>\n<\/p>\n<p><label> N\u00famero de factura <span class='required-symbol'>*<\/span><br \/>\n<span class=\"wpcf7-form-control-wrap\" data-name=\"invoice-number\"><input size=\"40\" maxlength=\"400\" class=\"wpcf7-form-control wpcf7-text wpcf7-validates-as-required\" aria-required=\"true\" aria-invalid=\"false\" value=\"\" type=\"text\" name=\"invoice-number\" \/><\/span> <\/label>\n<\/p>\n<p><label> Nombre del distribuidor<br \/>\n<span class=\"wpcf7-form-control-wrap\" data-name=\"dealer-purchased\"><input size=\"40\" maxlength=\"400\" class=\"wpcf7-form-control wpcf7-text\" aria-invalid=\"false\" value=\"\" type=\"text\" name=\"dealer-purchased\" \/><\/span> <\/label>\n<\/p>\n<p><label> N\u00famero de serie producto <span class='required-symbol'>*<\/span><br \/>\n<span class=\"wpcf7-form-control-wrap\" data-name=\"unit-serial\"><input size=\"40\" maxlength=\"400\" class=\"wpcf7-form-control wpcf7-text wpcf7-validates-as-required\" aria-required=\"true\" aria-invalid=\"false\" value=\"\" type=\"text\" name=\"unit-serial\" \/><\/span> <\/label>\n<\/p>\n<p><label> Upload Invoice (max: 5MB)<br \/>\n<span class=\"wpcf7-form-control-wrap\" data-name=\"file-621\"><input size=\"40\" class=\"wpcf7-form-control wpcf7-file\" accept=\"audio\/*,video\/*,image\/*\" aria-invalid=\"false\" type=\"file\" name=\"file-621\" \/><\/span><\/label>\n<\/p>\n<p><label>\tDeseo recibir informaci\u00f3n via email de futuras promociones, as\u00ed como de las noticias del sector dental<\/label><br \/>\n<span class=\"wpcf7-form-control-wrap\" data-name=\"radio-839\"><span class=\"wpcf7-form-control wpcf7-radio\"><span class=\"wpcf7-list-item first\"><input type=\"radio\" name=\"radio-839\" value=\"Si\" checked=\"checked\" \/><span class=\"wpcf7-list-item-label\">Si<\/span><\/span><span class=\"wpcf7-list-item last\"><input type=\"radio\" name=\"radio-839\" value=\"No\" \/><span class=\"wpcf7-list-item-label\">No<\/span><\/span><\/span><\/span>\n<\/p>\n<p><input class=\"wpcf7-form-control wpcf7-submit has-spinner\" type=\"submit\" value=\"Send\" \/>\n<\/p><div class=\"wpcf7-response-output\" aria-hidden=\"true\"><\/div>\n<\/form>\n<\/div>\n[\/vc_column][vc_column width=&#8221;1\/3&#8243;][vc_raw_html]JTNDZGl2JTIwY2xhc3MlM0QlMjJwcm9kdWN0LWltYWdlJTIyJTNFJTNDaW1nJTIwc3R5bGUlM0QlMjJtYXgtd2lkdGglM0ElMjAxMDAlMjUlM0IlMjIlMjBzcmMlM0QlMjIlMjIlM0UlM0MlMkZpbWclM0UlM0MlMkZkaXYlM0UlMjA=[\/vc_raw_html][\/vc_column][vc_column width=&#8221;1\/3&#8243;][\/vc_column][\/vc_row]<\/p>\n<\/div>","protected":false},"excerpt":{"rendered":"<p>[vc_row][vc_column][vc_column_text] Registro de Garant\u00eda Los campos requeridos est\u00e1n marcados con el s\u00edmbolo *[\/vc_column_text][\/vc_column][\/vc_row][vc_row][vc_column width=&#8221;1\/3&#8243;][\/vc_column][vc_column width=&#8221;1\/3&#8243;][vc_raw_html]JTNDZGl2JTIwY2xhc3MlM0QlMjJwcm9kdWN0LWltYWdlJTIyJTNFJTNDaW1nJTIwc3R5bGUlM0QlMjJtYXgtd2lkdGglM0ElMjAxMDAlMjUlM0IlMjIlMjBzcmMlM0QlMjIlMjIlM0UlM0MlMkZpbWclM0UlM0MlMkZkaXYlM0UlMjA=[\/vc_raw_html][\/vc_column][vc_column width=&#8221;1\/3&#8243;][\/vc_column][\/vc_row]<\/p>\n","protected":false},"author":14,"featured_media":0,"parent":0,"menu_order":0,"comment_status":"closed","ping_status":"closed","template":"page-templates\/warranty-page.php","meta":{"_acf_changed":false,"_price":"","_stock":"","_tribe_ticket_header":"","_tribe_default_ticket_provider":"","_ticket_start_date":"","_ticket_end_date":"","_tribe_ticket_show_description":"","_tribe_ticket_show_not_going":false,"_tribe_ticket_use_global_stock":"","_tribe_ticket_global_stock_level":"","_global_stock_mode":"","_global_stock_cap":"","_tribe_rsvp_for_event":"","_tribe_ticket_going_count":"","_tribe_ticket_not_going_count":"","_tribe_tickets_list":"[]","_tribe_ticket_has_attendee_info_fields":false,"footnotes":"","_tec_slr_enabled":"","_tec_slr_layout":"","_wp_rev_ctl_limit":""},"class_list":["post-16630","page","type-page","status-publish","hentry"],"acf":[],"ticketed":false,"_links":{"self":[{"href":"https:\/\/www.sdi.com.au\/es-sp\/wp-json\/wp\/v2\/pages\/16630","targetHints":{"allow":["GET"]}}],"collection":[{"href":"https:\/\/www.sdi.com.au\/es-sp\/wp-json\/wp\/v2\/pages"}],"about":[{"href":"https:\/\/www.sdi.com.au\/es-sp\/wp-json\/wp\/v2\/types\/page"}],"author":[{"embeddable":true,"href":"https:\/\/www.sdi.com.au\/es-sp\/wp-json\/wp\/v2\/users\/14"}],"replies":[{"embeddable":true,"href":"https:\/\/www.sdi.com.au\/es-sp\/wp-json\/wp\/v2\/comments?post=16630"}],"version-history":[{"count":1,"href":"https:\/\/www.sdi.com.au\/es-sp\/wp-json\/wp\/v2\/pages\/16630\/revisions"}],"predecessor-version":[{"id":16645,"href":"https:\/\/www.sdi.com.au\/es-sp\/wp-json\/wp\/v2\/pages\/16630\/revisions\/16645"}],"wp:attachment":[{"href":"https:\/\/www.sdi.com.au\/es-sp\/wp-json\/wp\/v2\/media?parent=16630"}],"curies":[{"name":"wp","href":"https:\/\/api.w.org\/{rel}","templated":true}]}}