{"id":6564,"date":"2016-12-26T08:58:01","date_gmt":"2016-12-26T08:58:01","guid":{"rendered":"http:\/\/localhost\/sdi\/www\/es-sp\/pola-downloads\/"},"modified":"2025-09-02T12:03:29","modified_gmt":"2025-09-02T02:03:29","slug":"pola-downloads","status":"publish","type":"page","link":"https:\/\/www.sdi.com.au\/es-sp\/downloads\/pola-downloads\/","title":{"rendered":"Descargas Pola"},"content":{"rendered":"<div class=\"wpb-content-wrapper\"><p>[vc_row][vc_column][vc_row_inner el_class=&#8221;no-padding&#8221;][vc_column_inner width=&#8221;2\/3&#8243;][vc_column_text]<\/p>\n<h1>Descargas Pola<\/h1>\n<p>[\/vc_column_text][\/vc_column_inner][vc_column_inner width=&#8221;1\/3&#8243;][vc_single_image image=&#8221;22982&#8243; img_size=&#8221;full&#8221;][\/vc_column_inner][\/vc_row_inner][vc_row_inner el_class=&#8221;download_item&#8221;][vc_column_inner width=&#8221;2\/3&#8243;][vc_column_text]<\/p>\n<h3>Informaci\u00f3n post operatoria<\/h3>\n<p>Informaci\u00f3n pr\u00e1ctica a la atenci\u00f3n del paciente despu\u00e9s de realizar su tratamiento de blanqueamiento dental.<\/p>\n<p><a href=\"\/downloads\/pola\/Pola-Post-Op-instructions-SPA.pdf\"><strong>Descargar el documento PDF<\/strong><\/a>[\/vc_column_text][\/vc_column_inner][vc_column_inner width=&#8221;1\/3&#8243;][\/vc_column_inner][\/vc_row_inner][vc_row_inner][vc_column_inner][vc_separator][\/vc_column_inner][\/vc_row_inner][vc_row_inner][vc_column_inner width=&#8221;1\/2&#8243;][vc_column_text]<\/p>\n<h3>Soluci\u00f3n de problemas de la Pola Light<\/h3>\n<p>[\/vc_column_text][\/vc_column_inner][vc_column_inner width=&#8221;1\/2&#8243;][vc_video link=&#8221;https:\/\/youtu.be\/BaVCH3qRkNg?feature=shared&#8221; css=&#8221;&#8221;][\/vc_column_inner][\/vc_row_inner][\/vc_column][\/vc_row]<\/p>\n<\/div>","protected":false},"excerpt":{"rendered":"<p>[vc_row][vc_column][vc_row_inner el_class=&#8221;no-padding&#8221;][vc_column_inner width=&#8221;2\/3&#8243;][vc_column_text] Descargas Pola [\/vc_column_text][\/vc_column_inner][vc_column_inner width=&#8221;1\/3&#8243;][vc_single_image image=&#8221;22982&#8243; img_size=&#8221;full&#8221;][\/vc_column_inner][\/vc_row_inner][vc_row_inner el_class=&#8221;download_item&#8221;][vc_column_inner width=&#8221;2\/3&#8243;][vc_column_text] Informaci\u00f3n post operatoria Informaci\u00f3n pr\u00e1ctica a la atenci\u00f3n del paciente despu\u00e9s de realizar su tratamiento de blanqueamiento dental. Descargar &hellip; <a href=\"https:\/\/www.sdi.com.au\/es-sp\/downloads\/pola-downloads\/\" class=\"more-link\">Continue reading<span class=\"screen-reader-text\"> &#8220;Descargas Pola&#8221;<\/span><\/a><\/p>\n","protected":false},"author":14,"featured_media":0,"parent":6629,"menu_order":0,"comment_status":"closed","ping_status":"closed","template":"page-templates\/internal-page.php","meta":{"_acf_changed":false,"_price":"","_stock":"","_tribe_ticket_header":"","_tribe_default_ticket_provider":"TEC\\Tickets\\Commerce\\Module","_ticket_start_date":"","_ticket_end_date":"","_tribe_ticket_show_description":"","_tribe_ticket_show_not_going":false,"_tribe_ticket_use_global_stock":"","_tribe_ticket_global_stock_level":"","_global_stock_mode":"","_global_stock_cap":"","_tribe_rsvp_for_event":"","_tribe_ticket_going_count":"","_tribe_ticket_not_going_count":"","_tribe_tickets_list":"[]","_tribe_ticket_has_attendee_info_fields":false,"footnotes":"","_tec_slr_enabled":"","_tec_slr_layout":"","_wp_rev_ctl_limit":""},"class_list":["post-6564","page","type-page","status-publish","hentry"],"acf":[],"ticketed":false,"_links":{"self":[{"href":"https:\/\/www.sdi.com.au\/es-sp\/wp-json\/wp\/v2\/pages\/6564","targetHints":{"allow":["GET"]}}],"collection":[{"href":"https:\/\/www.sdi.com.au\/es-sp\/wp-json\/wp\/v2\/pages"}],"about":[{"href":"https:\/\/www.sdi.com.au\/es-sp\/wp-json\/wp\/v2\/types\/page"}],"author":[{"embeddable":true,"href":"https:\/\/www.sdi.com.au\/es-sp\/wp-json\/wp\/v2\/users\/14"}],"replies":[{"embeddable":true,"href":"https:\/\/www.sdi.com.au\/es-sp\/wp-json\/wp\/v2\/comments?post=6564"}],"version-history":[{"count":15,"href":"https:\/\/www.sdi.com.au\/es-sp\/wp-json\/wp\/v2\/pages\/6564\/revisions"}],"predecessor-version":[{"id":186410,"href":"https:\/\/www.sdi.com.au\/es-sp\/wp-json\/wp\/v2\/pages\/6564\/revisions\/186410"}],"up":[{"embeddable":true,"href":"https:\/\/www.sdi.com.au\/es-sp\/wp-json\/wp\/v2\/pages\/6629"}],"wp:attachment":[{"href":"https:\/\/www.sdi.com.au\/es-sp\/wp-json\/wp\/v2\/media?parent=6564"}],"curies":[{"name":"wp","href":"https:\/\/api.w.org\/{rel}","templated":true}]}}