{"id":184732,"date":"2025-04-07T09:03:30","date_gmt":"2025-04-06T23:03:30","guid":{"rendered":"https:\/\/www.sdi.com.au\/front-desk\/"},"modified":"2025-10-13T20:27:51","modified_gmt":"2025-10-13T09:27:51","slug":"front-desk","status":"publish","type":"page","link":"https:\/\/www.sdi.com.au\/fr-ca\/front-desk\/","title":{"rendered":"Front Desk"},"content":{"rendered":"<div class=\"wpb-content-wrapper\"><p>[vc_row][vc_column][vc_row_inner][vc_column_inner width=&#8221;1\/2&#8243;][vc_column_text css=&#8221;&#8221;]<\/p>\n<h1>R\u00e9ception<\/h1>\n<p>T\u00e9l\u00e9chargez notre mat\u00e9riel de marketing gratuit pour vous aider \u00e0 promouvoir votre pratique de blanchiment[\/vc_column_text][\/vc_column_inner][vc_column_inner width=&#8221;1\/2&#8243;][vc_single_image image=&#8221;181335&#8243; img_size=&#8221;medium&#8221;][\/vc_column_inner][\/vc_row_inner][\/vc_column][\/vc_row][vc_row][vc_column][vc_tta_accordion style=&#8221;flat&#8221; c_icon=&#8221;chevron&#8221; active_section=&#8221;0&#8243; collapsible_all=&#8221;true&#8221;][vc_tta_section title=&#8221;Affiches&#8221; tab_id=&#8221;1745298575947-6fcb1e08-939f&#8221;][vc_row_inner][vc_column_inner][vc_column_text css=&#8221;&#8221;]<\/p>\n<h3>Affiches<\/h3>\n<p>Des \u00e9tapes simples pour commencer:<\/p>\n<ol>\n<li>Cliquez sur l\u2019affiche requise et t\u00e9l\u00e9chargez-la.<\/li>\n<li>Imprimez l\u2019affiche.<\/li>\n<li>Affichez-la dans la salle d\u2019attente pour une sensibilisation de premier plan.<\/li>\n<\/ol>\n<p>[\/vc_column_text][\/vc_column_inner][\/vc_row_inner][vc_row_inner][vc_column_inner width=&#8221;1\/3&#8243;][vc_column_text css=&#8221;&#8221;]Affiche Pola Day<br \/>\n<strong>M110028<\/strong><\/p>\n<p><a href=\"\/downloads\/pola\/M110050 A POSTER POLA DAY ENG NEW_FA.pdf\" target=\"_blank\" rel=\"noopener\">Download<\/a><\/p>\n<p><img loading=\"lazy\" decoding=\"async\" class=\"alignnone wp-image-183045 size-medium\" style=\"border: 1px solid #000;\" src=\"https:\/\/www.sdi.com.au\/wp-content\/uploads\/2017\/01\/M110028-a-poster-pola-day-fre-can-212x300.jpg\" alt=\"\" width=\"212\" height=\"300\" srcset=\"https:\/\/www.sdi.com.au\/wp-content\/uploads\/2017\/01\/M110028-a-poster-pola-day-fre-can-212x300.jpg 212w, https:\/\/www.sdi.com.au\/wp-content\/uploads\/2017\/01\/M110028-a-poster-pola-day-fre-can.jpg 333w\" sizes=\"auto, (max-width: 212px) 85vw, 212px\" \/>[\/vc_column_text][\/vc_column_inner][vc_column_inner width=&#8221;1\/3&#8243;][vc_column_text css=&#8221;&#8221;]Affiche Pola Night<br \/>\n<strong>M110029<\/strong><\/p>\n<p><a href=\"\/downloads\/pola\/M110051 A POSTER POLA NIGHT ENG NEW_FA.pdf\" target=\"_blank\" rel=\"noopener\">Download<\/a><\/p>\n<p><img loading=\"lazy\" decoding=\"async\" class=\"alignnone wp-image-183065 size-medium\" style=\"border: 1px solid #000;\" src=\"https:\/\/www.sdi.com.au\/wp-content\/uploads\/2017\/01\/M110029-a-poster-pola-night-fre-can-212x300.jpg\" alt=\"\" width=\"212\" height=\"300\" srcset=\"https:\/\/www.sdi.com.au\/wp-content\/uploads\/2017\/01\/M110029-a-poster-pola-night-fre-can-212x300.jpg 212w, https:\/\/www.sdi.com.au\/wp-content\/uploads\/2017\/01\/M110029-a-poster-pola-night-fre-can.jpg 333w\" sizes=\"auto, (max-width: 212px) 85vw, 212px\" \/>[\/vc_column_text][\/vc_column_inner][vc_column_inner width=&#8221;1\/3&#8243;][vc_column_text css=&#8221;&#8221;]POSTER POLA OFFICE+<br \/>\n<b>Reorder M110171<\/b><\/p>\n<p><a href=\"\/downloads\/pola\/M110171-A-POSTER-POLA-OFFICE+-ENG.pdf\" target=\"_blank\" rel=\"noopener\">Download<\/a><\/p>\n<p><img loading=\"lazy\" decoding=\"async\" class=\"alignnone wp-image-26612 size-medium\" style=\"border: 1px solid #000;\" src=\"\/wp-content\/uploads\/2025\/10\/M110171-poster-pola-office-212x300-1.jpg\" alt=\"\" width=\"212\" height=\"300\" \/>[\/vc_column_text][\/vc_column_inner][\/vc_row_inner][\/vc_tta_section][vc_tta_section title=&#8221;Pack de photos&#8221; tab_id=&#8221;1745298576263-484ddc90-dada&#8221;][vc_row_inner][vc_column_inner][vc_column_text css=&#8221;&#8221;]<\/p>\n<h3>Pack de photos<\/h3>\n<p>[\/vc_column_text][\/vc_column_inner][\/vc_row_inner][vc_separator][vc_row_inner][vc_column_inner width=&#8221;1\/3&#8243;][vc_column_text]<b>Pola Day \u2013 mini kit<\/b><br \/>\n<a href=\"\/downloads\/Image_library\/pola\/POLA-DAY-MINI-KT-lo.jpg\" target=\"_blank\" rel=\"noopener noreferrer\">Lo Res<\/a> | <a href=\"\/downloads\/Image_library\/pola\/POLA-DAY-MINI-KT-hi.jpg\" target=\"_blank\" rel=\"noopener noreferrer\">Hi Res<\/a><\/p>\n<p><img loading=\"lazy\" decoding=\"async\" class=\"alignnone wp-image-811 size-full\" src=\"\/downloads\/Image_library\/pola\/POLA-DAY-MINI-KT-th.jpg\" width=\"125\" height=\"125\" \/>[\/vc_column_text][\/vc_column_inner][vc_column_inner width=&#8221;1\/3&#8243;][vc_column_text]<b>Pola Day \u2013 10 syringe kit<\/b><br \/>\n<a href=\"\/downloads\/Image_library\/pola\/pola-day-10-syr-kit_lo.jpg\" target=\"_blank\" rel=\"noopener noreferrer\">Lo Res<\/a> | <a href=\"\/downloads\/Image_library\/pola\/pola-day-10-syr-kit_hi.jpg\" target=\"_blank\" rel=\"noopener noreferrer\">Hi Res<\/a><\/p>\n<p><img loading=\"lazy\" decoding=\"async\" class=\"alignnone wp-image-811 size-full\" src=\"\/downloads\/Image_library\/pola\/pola-day-10-syr-kit_th.jpg\" width=\"125\" height=\"125\" \/>[\/vc_column_text][\/vc_column_inner][vc_column_inner width=&#8221;1\/3&#8243;][vc_column_text]<b>Pola Day CP 35% \u2013 4 syringe kit<\/b><br \/>\n<a href=\"\/downloads\/Image_library\/pola\/pola_Day_CP_4syr_2023_lo.jpg\" target=\"_blank\" rel=\"noopener noreferrer\">Lo Res<\/a> | <a href=\"\/downloads\/Image_library\/pola\/pola_Day_CP_4syr_2023_hi.jpg\" target=\"_blank\" rel=\"noopener noreferrer\">Hi Res<\/a><\/p>\n<p><img loading=\"lazy\" decoding=\"async\" class=\"alignnone wp-image-805 size-full\" src=\"\/downloads\/Image_library\/pola\/pola_Day_CP_4syr_2023_th.jpg\" width=\"125\" height=\"125\" \/>[\/vc_column_text][\/vc_column_inner][\/vc_row_inner][vc_separator][vc_row_inner][vc_column_inner width=&#8221;1\/3&#8243;][vc_column_text]<strong>Pola Night \u2013 4 syringe kit<\/strong><br \/>\n<a href=\"\/downloads\/Image_library\/pola\/Pola-Night-mini-kit_lo.jpg\" target=\"_blank\" rel=\"noopener noreferrer\">Lo Res<\/a> | <a href=\"\/downloads\/Image_library\/pola\/Pola-Night-mini-kit_hi.jpg\" target=\"_blank\" rel=\"noopener noreferrer\">Hi Res<\/a><\/p>\n<p><img loading=\"lazy\" decoding=\"async\" class=\"alignnone wp-image-799 size-full\" src=\"\/downloads\/Image_library\/pola\/Pola-Night-mini-kit_th.jpg\" width=\"125\" height=\"125\" \/>[\/vc_column_text][\/vc_column_inner][vc_column_inner width=&#8221;1\/3&#8243;][vc_column_text]<b>Pola Night \u2013 10 Syringe kit<\/b><br \/>\n<a href=\"\/downloads\/Image_library\/pola\/Pola-Night-10-syr-2023_lo.jpg\" target=\"_blank\" rel=\"noopener noreferrer\">Lo Res<\/a> | <a href=\"\/downloads\/Image_library\/pola\/Pola-Night-10-syr-2023_hi.jpg\" target=\"_blank\" rel=\"noopener noreferrer\">Hi Res<\/a><\/p>\n<p><img loading=\"lazy\" decoding=\"async\" class=\"alignnone wp-image-861 size-full\" src=\"\/downloads\/Image_library\/pola\/Pola-Night-10-syr-2023_th.jpg\" width=\"125\" height=\"125\" \/>[\/vc_column_text][\/vc_column_inner][vc_column_inner width=&#8221;1\/3&#8243;][vc_column_text]<strong>Pola Night dispenser \u2013 50 syringe kit<\/strong><br \/>\n<a href=\"\/downloads\/Image_library\/pola\/pola_N_50Box-lo.jpg\" target=\"_blank\" rel=\"noopener noreferrer\">Lo Res<\/a> | <a href=\"\/downloads\/Image_library\/pola\/pola_N_50Box-hi.jpg\" target=\"_blank\" rel=\"noopener noreferrer\">Hi Res<\/a><\/p>\n<p><img loading=\"lazy\" decoding=\"async\" class=\"alignnone wp-image-858 size-full\" src=\"\/downloads\/Image_library\/pola\/pola_N_50Box-hi.jpg\" width=\"125\" height=\"110\" \/>[\/vc_column_text][\/vc_column_inner][\/vc_row_inner][vc_separator][vc_row_inner][vc_column_inner width=&#8221;1\/3&#8243;][vc_column_text]<b>Pola Office+ \u00a01 patient kit<\/b><br \/>\n<a href=\"\/downloads\/Image_library\/pola\/polaoffice+_box_1patient-lo.jpg\" target=\"_blank\" rel=\"noopener noreferrer\">Lo Res<\/a> | <a href=\"\/downloads\/Image_library\/pola\/polaoffice+_box_1patient-hi.jpg\" target=\"_blank\" rel=\"noopener noreferrer\">Hi Res<\/a><\/p>\n<p><img loading=\"lazy\" decoding=\"async\" class=\"alignnone wp-image-846 size-full\" src=\"\/downloads\/Image_library\/pola\/polaoffice+_box_1patient-th.jpg\" width=\"125\" height=\"89\" \/>[\/vc_column_text][\/vc_column_inner][vc_column_inner width=&#8221;1\/3&#8243;][vc_column_text css=&#8221;&#8221;]<b>Pola Office+ 3 patient kit<\/b><br \/>\n<a href=\"\/downloads\/Image_library\/pola\/polaoffice+_3patient_lo.jpg\" target=\"_blank\" rel=\"noopener noreferrer\">Lo Res<\/a> | <a href=\"\/downloads\/Image_library\/pola\/polaoffice+_3patient_hi.jpg\" target=\"_blank\" rel=\"noopener noreferrer\">Hi Res<\/a><\/p>\n<p><img loading=\"lazy\" decoding=\"async\" class=\"alignnone wp-image-843 size-full\" src=\"\/downloads\/Image_library\/pola\/polaoffice+_3patient_th.jpg\" width=\"125\" height=\"125\" \/>[\/vc_column_text][\/vc_column_inner][vc_column_inner width=&#8221;1\/3&#8243;][vc_column_text]<b>Pola Office \u2013 3 patient kit<\/b><br \/>\n<a href=\"\/downloads\/Image_library\/pola\/polaoffice_3patient_2020_lo.jpg\" target=\"_blank\" rel=\"noopener noreferrer\">Lo Res<\/a> | <a href=\"\/downloads\/Image_library\/pola\/polaoffice_3patient_2020_hi.jpg\" target=\"_blank\" rel=\"noopener noreferrer\">Hi Res<\/a><\/p>\n<p><img loading=\"lazy\" decoding=\"async\" class=\"alignnone wp-image-849 size-full\" src=\"\/downloads\/Image_library\/pola\/polaoffice_3patient_2020_th.jpg\" width=\"103\" height=\"125\" \/>[\/vc_column_text][\/vc_column_inner][\/vc_row_inner][vc_separator][vc_row_inner][vc_column_inner width=&#8221;1\/3&#8243;][vc_column_text]<b>Pola Light LED<\/b><br \/>\n<a href=\"\/downloads\/Image_library\/pola\/pola-light_LED_lo.jpg\" target=\"_blank\" rel=\"noopener noreferrer\">Lo Res<\/a>\u00a0 | \u00a0<a href=\"\/downloads\/Image_library\/pola\/pola-light_LED_hi.jpg\" target=\"_blank\" rel=\"noopener noreferrer\">Hi Res<\/a><\/p>\n<p><img loading=\"lazy\" decoding=\"async\" src=\"\/downloads\/Image_library\/pola\/pola-light_LED_th.jpg\" width=\"125\" height=\"126\" \/>[\/vc_column_text][\/vc_column_inner][vc_column_inner width=&#8221;1\/3&#8243;][vc_column_text]<b>Pola Light box\u00a0<\/b><br \/>\n<a href=\"\/downloads\/Image_library\/pola\/Pola_light_lo.jpg\">Lo Res<\/a> \u00a0| \u00a0<a href=\"\/downloads\/Image_library\/pola\/Pola_light_hi.jpg\" target=\"_blank\" rel=\"noopener noreferrer\">Hi Res<\/a><\/p>\n<p><img loading=\"lazy\" decoding=\"async\" class=\"alignnone wp-image-840 size-full\" src=\"\/downloads\/Image_library\/pola\/Pola_light_th.jpg\" width=\"125\" height=\"125\" \/>[\/vc_column_text][\/vc_column_inner][vc_column_inner width=&#8221;1\/3&#8243;][vc_column_text]<b>Pola Stand<\/b><br \/>\n<a href=\"\/downloads\/Image_library\/pola\/polastand-lo.jpg\">Lo Res<\/a> \u00a0| \u00a0<a href=\"\/downloads\/Image_library\/pola\/polastand-hi.jpg\" target=\"_blank\" rel=\"noopener noreferrer\">Hi Res<\/a><\/p>\n<p><img decoding=\"async\" class=\"alignnone wp-image-840 size-full\" src=\"\/downloads\/Image_library\/pola\/polastand-th.jpg\" \/>[\/vc_column_text][\/vc_column_inner][\/vc_row_inner][\/vc_tta_section][vc_tta_section title=&#8221;Fiches de donn\u00e9es de s\u00e9curit\u00e9 (FDS)&#8221; tab_id=&#8221;1745298576650-7f0c03dc-63bb&#8221;][vc_row_inner][vc_column_inner][vc_column_text css=&#8221;&#8221;]<\/p>\n<h3>Fiches de donn\u00e9es de s\u00e9curit\u00e9 (FDS)<\/h3>\n<p>[\/vc_column_text][vc_column_text css=&#8221;&#8221;]<a href=\"https:\/\/www.sdi.com.au\/pdfs\/sds\/fr-ca\/pola%20day%209.5%20hp_sdi_sds_fr-ca.pdf\" target=\"_blank\" rel=\"noopener\">Download Pola Day 9.5% hydrogen peroxide SDS<\/a><\/p>\n<p><a href=\"https:\/\/www.sdi.com.au\/pdfs\/sds\/fr-ca\/pola%20night%2010%20cp_sdi_sds_fr-ca.pdf\" target=\"_blank\" rel=\"noopener\">Download Pola Night 10% carbamine peroxide SDS<\/a><\/p>\n<p><a href=\"https:\/\/www.sdi.com.au\/pdfs\/sds\/fr-ca\/pola%20night%2016%20cp_sdi_sds_fr-ca.pdf\" target=\"_blank\" rel=\"noopener\">Download Pola Night 16% carbamine peroxide SDS<\/a><\/p>\n<p><a href=\"https:\/\/www.sdi.com.au\/pdfs\/sds\/fr-ca\/pola%20night%2022%20cp_sdi_sds_fr-ca.pdf\" target=\"_blank\" rel=\"noopener\">Download Pola Night 22% carbamine peroxide SDS<\/a><\/p>\n<p><a href=\"https:\/\/www.sdi.com.au\/pdfs\/sds\/fr-ca\/pola%20day%20cp_sdi_sds_fr-ca.pdf\" target=\"_blank\" rel=\"noopener\">Download Pola Day CP SDS<\/a><\/p>\n<p><a href=\"https:\/\/www.sdi.com.au\/pdfs\/sds\/fr-ca\/pola%20luminate_sdi_sds_fr-ca.pdf\">Download Pola Luminate SDS<\/a><\/p>\n<p><a href=\"https:\/\/www.sdi.com.au\/pdfs\/sds\/fr-ca\/pola%20office%20plus%2037.5%20hp_sdi_sds_fr-ca.pdf\" target=\"_blank\" rel=\"noopener\">Download Pola Office+ 37.5% HP SDS<\/a><\/p>\n<p>[\/vc_column_text][\/vc_column_inner][\/vc_row_inner][\/vc_tta_section][\/vc_tta_accordion][\/vc_column][\/vc_row]<\/p>\n<\/div>","protected":false},"excerpt":{"rendered":"<p>[vc_row][vc_column][vc_row_inner][vc_column_inner width=&#8221;1\/2&#8243;][vc_column_text css=&#8221;&#8221;] R\u00e9ception T\u00e9l\u00e9chargez notre mat\u00e9riel de marketing gratuit pour vous aider \u00e0 promouvoir votre pratique de blanchiment[\/vc_column_text][\/vc_column_inner][vc_column_inner width=&#8221;1\/2&#8243;][vc_single_image image=&#8221;181335&#8243; img_size=&#8221;medium&#8221;][\/vc_column_inner][\/vc_row_inner][\/vc_column][\/vc_row][vc_row][vc_column][vc_tta_accordion style=&#8221;flat&#8221; c_icon=&#8221;chevron&#8221; active_section=&#8221;0&#8243; collapsible_all=&#8221;true&#8221;][vc_tta_section title=&#8221;Affiches&#8221; tab_id=&#8221;1745298575947-6fcb1e08-939f&#8221;][vc_row_inner][vc_column_inner][vc_column_text css=&#8221;&#8221;] Affiches &hellip; <a href=\"https:\/\/www.sdi.com.au\/fr-ca\/front-desk\/\" class=\"more-link\">Continue reading<span class=\"screen-reader-text\"> &#8220;Front Desk&#8221;<\/span><\/a><\/p>\n","protected":false},"author":9,"featured_media":0,"parent":0,"menu_order":0,"comment_status":"closed","ping_status":"closed","template":"page-templates\/internal-page.php","meta":{"_acf_changed":false,"_price":"","_stock":"","_tribe_ticket_header":"","_tribe_default_ticket_provider":"TEC\\Tickets\\Commerce\\Module","_ticket_start_date":"","_ticket_end_date":"","_tribe_ticket_show_description":"","_tribe_ticket_show_not_going":false,"_tribe_ticket_use_global_stock":"","_tribe_ticket_global_stock_level":"","_global_stock_mode":"","_global_stock_cap":"","_tribe_rsvp_for_event":"","_tribe_ticket_going_count":"","_tribe_ticket_not_going_count":"","_tribe_tickets_list":"[]","_tribe_ticket_has_attendee_info_fields":false,"footnotes":"","_tec_slr_enabled":"","_tec_slr_layout":"","_wp_rev_ctl_limit":""},"class_list":["post-184732","page","type-page","status-publish","hentry"],"acf":[],"ticketed":false,"_links":{"self":[{"href":"https:\/\/www.sdi.com.au\/fr-ca\/wp-json\/wp\/v2\/pages\/184732","targetHints":{"allow":["GET"]}}],"collection":[{"href":"https:\/\/www.sdi.com.au\/fr-ca\/wp-json\/wp\/v2\/pages"}],"about":[{"href":"https:\/\/www.sdi.com.au\/fr-ca\/wp-json\/wp\/v2\/types\/page"}],"author":[{"embeddable":true,"href":"https:\/\/www.sdi.com.au\/fr-ca\/wp-json\/wp\/v2\/users\/9"}],"replies":[{"embeddable":true,"href":"https:\/\/www.sdi.com.au\/fr-ca\/wp-json\/wp\/v2\/comments?post=184732"}],"version-history":[{"count":5,"href":"https:\/\/www.sdi.com.au\/fr-ca\/wp-json\/wp\/v2\/pages\/184732\/revisions"}],"predecessor-version":[{"id":187202,"href":"https:\/\/www.sdi.com.au\/fr-ca\/wp-json\/wp\/v2\/pages\/184732\/revisions\/187202"}],"wp:attachment":[{"href":"https:\/\/www.sdi.com.au\/fr-ca\/wp-json\/wp\/v2\/media?parent=184732"}],"curies":[{"name":"wp","href":"https:\/\/api.w.org\/{rel}","templated":true}]}}