{"id":184733,"date":"2025-04-07T09:18:33","date_gmt":"2025-04-06T23:18:33","guid":{"rendered":"https:\/\/www.sdi.com.au\/treatment-room-resources\/"},"modified":"2026-03-17T12:15:11","modified_gmt":"2026-03-17T01:15:11","slug":"treatment-room-resources","status":"publish","type":"page","link":"https:\/\/www.sdi.com.au\/fr-ca\/treatment-room-resources\/","title":{"rendered":"Treatment Room Resources"},"content":{"rendered":"<div class=\"wpb-content-wrapper\"><p>[vc_row][vc_column][vc_row_inner][vc_column_inner width=&#8221;1\/2&#8243;][vc_column_text css=&#8221;&#8221;]<\/p>\n<h1>Salle de traitement<\/h1>\n<p>[\/vc_column_text][\/vc_column_inner][vc_column_inner width=&#8221;1\/2&#8243;][vc_single_image image=&#8221;181355&#8243; img_size=&#8221;medium&#8221;][\/vc_column_inner][\/vc_row_inner][\/vc_column][\/vc_row][vc_row][vc_column][vc_tta_accordion style=&#8221;flat&#8221; c_icon=&#8221;chevron&#8221; active_section=&#8221;0&#8243; collapsible_all=&#8221;true&#8221;][vc_tta_section title=&#8221;Vid\u00e9os d\u2019instructions&#8221; tab_id=&#8221;1743722093308-f236b051-a4e4&#8243;][vc_row_inner disable_element=&#8221;yes&#8221;][vc_column_inner][vc_column_text css=&#8221;&#8221;]<\/p>\n<h3>Vid\u00e9os d\u2019instructions<\/h3>\n<p>[\/vc_column_text][\/vc_column_inner][\/vc_row_inner][vc_row_inner][vc_column_inner][vc_column_text css=&#8221;&#8221;]<\/p>\n<h3>Vid\u00e9os d\u2019instructions<\/h3>\n<p>[\/vc_column_text][vc_column_text css=&#8221;&#8221;]<strong>Information postop\u00e9ratoire<\/strong><\/p>\n<p>Des renseignements pratiques pour aider votre patient \u00e0 entretenir son nouveau sourire apr\u00e8s la proc\u00e9dure de blanchiment.<\/p>\n<p><a href=\"\/downloads\/pola\/Pola-Post-Op-instructions-CA-FR.pdf\" target=\"_blank\" rel=\"noopener\"><strong>T\u00e9l\u00e9chargez la fiche d\u2019instructions postop\u00e9ratoire Pola<\/strong><\/a>[\/vc_column_text][\/vc_column_inner][\/vc_row_inner][vc_separator][vc_row_inner][vc_column_inner width=&#8221;1\/2&#8243;][vc_column_text css=&#8221;&#8221;]<strong>Introduction au syst\u00e8me de blanchiment des dents Pola<\/strong>[\/vc_column_text][\/vc_column_inner][vc_column_inner width=&#8221;1\/2&#8243;][vc_video link=&#8221;https:\/\/youtu.be\/MyTXr8OkfNs&#8221; css=&#8221;&#8221;][\/vc_column_inner][\/vc_row_inner][vc_separator][vc_row_inner][vc_column_inner width=&#8221;1\/2&#8243;][vc_column_text css=&#8221;&#8221;]<strong>Vid\u00e9o d&#8217;instructions Pola Day \/ Night<\/strong>[\/vc_column_text][\/vc_column_inner][vc_column_inner width=&#8221;1\/2&#8243;][vc_video link=&#8221;https:\/\/youtu.be\/3J6h8ezRC1g&#8221; css=&#8221;&#8221;][\/vc_column_inner][\/vc_row_inner][vc_separator][vc_row_inner][vc_column_inner width=&#8221;1\/2&#8243;][vc_column_text css=&#8221;&#8221;]<strong>Vid\u00e9o d&#8217;instructions Pola Light<\/strong>[\/vc_column_text][\/vc_column_inner][vc_column_inner width=&#8221;1\/2&#8243;][vc_video link=&#8221;https:\/\/youtu.be\/tNj6_bG4Oh8&#8243; css=&#8221;&#8221;][\/vc_column_inner][\/vc_row_inner][vc_separator][vc_row_inner][vc_column_inner width=&#8221;1\/2&#8243;][vc_column_text css=&#8221;&#8221;]<strong>Vid\u00e9o de d\u00e9pannage Pola Light<\/strong>[\/vc_column_text][\/vc_column_inner][vc_column_inner width=&#8221;1\/2&#8243;][vc_video link=&#8221;https:\/\/youtu.be\/itpixufOaCA?feature=shared&#8221; css=&#8221;&#8221;][\/vc_column_inner][\/vc_row_inner][vc_separator][vc_row_inner][vc_column_inner width=&#8221;1\/2&#8243;][vc_column_text css=&#8221;&#8221;]<strong>Instructions \u00e9tape par \u00e9tape pour Pola Office+<\/strong>[\/vc_column_text][\/vc_column_inner][vc_column_inner width=&#8221;1\/2&#8243;][vc_video link=&#8221;https:\/\/youtu.be\/HvhBwRp9fMw&#8221; css=&#8221;&#8221;][\/vc_column_inner][\/vc_row_inner][\/vc_tta_section][vc_tta_section title=&#8221;Ressources cliniques&#8221; tab_id=&#8221;1743722058961-8bbff8e3-7f76&#8243;][vc_row_inner][vc_column_inner][vc_column_text css=&#8221;&#8221;]<\/p>\n<h3>Ressources cliniques<\/h3>\n<p>Vous y trouverez des \u00e9tudes de cas et des articles int\u00e9ressants sur les produits Pola.<\/p>\n<p><b>Take Home<\/b><\/p>\n<table border=\"0\" width=\"100%\">\n<tbody>\n<tr>\n<td>\n<ol>\n<li><a href=\"https:\/\/www.sdi.com.au\/wp-content\/uploads\/2021\/03\/2021-Aug-Pola-Rapid-Dental-Advisor.pdf\" target=\"_blank\" rel=\"noopener\">2021 Clinical Evaluation \u2013 Pola Light \u2013 Dental Advisor<\/a><\/li>\n<\/ol>\n<\/td>\n<\/tr>\n<\/tbody>\n<\/table>\n<p><b>In Office<\/b><\/p>\n<table border=\"0\" width=\"100%\">\n<tbody>\n<tr>\n<td>\n<ol>\n<li><a href=\"https:\/\/www.sdi.com.au\/fr-ca\/downloads\/research-abstracts\/research-abstracts-pola-office\/#p1\" target=\"_self\" rel=\"noopener\">Eisdorfer J. M.; Bleaching for Various Complexions; Dentistry Today, December 2002.<\/a><\/li>\n<li><a href=\"https:\/\/www.sdi.com.au\/fr-ca\/downloads\/research-abstracts\/research-abstracts-pola-office\/#p2\" target=\"_self\" rel=\"noopener\">Hermeler L.; In Office Bleaching: A proven concept; Dentalzeitung, Fachhandelsorgan des BVD, issue 4th August 2003.<\/a><\/li>\n<li><a href=\"https:\/\/www.sdi.com.au\/fr-ca\/downloads\/research-abstracts\/research-abstracts-pola-office\/#p3\" target=\"_self\" rel=\"noopener\">Lorenzo J. A. and et al; Blanqueamiento dental vital combinado: una alternativa terap\u00e9utica en las discoloraciones dentales de car\u00e1cter moderado\/severo; Archivos de Odonto Estomatolog\u00eda, volumen 20, n\u00famero 7, Septiembre 2004.<\/a><\/li>\n<li><a href=\"https:\/\/www.sdi.com.au\/fr-ca\/downloads\/research-abstracts\/research-abstracts-pola-office\/#p4\" target=\"_self\" rel=\"noopener\">Possenti A. and et al; Sbiancamento Professionale Con L\u2019uso Del Laser ND-YAG (In-office bleaching with Nd-Yag laser); Rivista Italiana Igiene Dentale 2005 Mag-Ago; 1(2):37, Universita degli Studi di Roma.<\/a><\/li>\n<li><a href=\"https:\/\/www.sdi.com.au\/fr-ca\/downloads\/research-abstracts\/research-abstracts-pola-office\/#p5\" target=\"_self\" rel=\"noopener\">Characteristics of 8 in-office bleach systems; CRA Newsletter, Volume 27, Issue 3, March 2003, Page 1-3.<\/a><\/li>\n<li><a href=\"https:\/\/www.sdi.com.au\/fr-ca\/downloads\/research-abstracts\/research-abstracts-pola-office\/#p6\" target=\"_self\" rel=\"noopener\">In-Office Tooth Lightening \u2013 1-Year Recall; CRA Newsletter, Volume 28, Issue 6, June 2004, Page 1-2.<\/a><\/li>\n<li><a href=\"https:\/\/www.sdi.com.au\/fr-ca\/downloads\/research-abstracts\/research-abstracts-pola-office\/#p7\" target=\"_self\" rel=\"noopener\">Franchi I., Portolini S., Consolo U.; Professional Clinical Bleaching with Pola Office: 6 Month Clinical Results with Spectrophotometric Analysis; 2005<\/a>.<\/li>\n<li><a href=\"https:\/\/www.sdi.com.au\/fr-ca\/downloads\/research-abstracts\/research-abstracts-pola-office\/#p8\" target=\"_self\" rel=\"noopener\">Pola Office; THE DENTAL ADVISOR, Vol. 23, No. 3, April 2006.<\/a><\/li>\n<\/ol>\n<\/td>\n<\/tr>\n<\/tbody>\n<\/table>\n<p>[\/vc_column_text][\/vc_column_inner][\/vc_row_inner][vc_separator][vc_row_inner][vc_column_inner width=&#8221;1\/2&#8243;][vc_column_text]<b>Videos<\/b><\/p>\n<p><em><strong>To bleach or not to bleach?<\/strong><\/em><\/p>\n<p>A webinar by Dr Munther Sulieman on tooth bleaching, focusing on SDI Pola tooth whitening. Latvian translation by Dr Baiba Roze.[\/vc_column_text][\/vc_column_inner][vc_column_inner width=&#8221;1\/2&#8243;][vc_video link=&#8221;https:\/\/youtu.be\/25tc7w0MEeU?feature=shared&#8221;][\/vc_column_inner][\/vc_row_inner][\/vc_tta_section][vc_tta_section title=&#8221;Fiches de donn\u00e9es de s\u00e9curit\u00e9 (FDS)&#8221; tab_id=&#8221;1743722111360-4919bdf5-ee37&#8243;][vc_row_inner][vc_column_inner][vc_column_text css=&#8221;&#8221;]<\/p>\n<h3>Fiches de donn\u00e9es de s\u00e9curit\u00e9 (FDS)<\/h3>\n<p>[\/vc_column_text][vc_column_text css=&#8221;&#8221;]<a href=\"https:\/\/www.sdi.com.au\/pdfs\/sds\/fr-ca\/pola%20day%209.5%20hp_sdi_sds_fr-ca.pdf\" target=\"_blank\" rel=\"noopener\">Download Pola Day 9.5% hydrogen peroxide SDS<\/a><\/p>\n<p><a href=\"https:\/\/www.sdi.com.au\/pdfs\/sds\/fr-ca\/pola%20night%2010%20cp_sdi_sds_fr-ca.pdf\" target=\"_blank\" rel=\"noopener\">Download Pola Night 10% carbamine peroxide SDS<\/a><\/p>\n<p><a href=\"https:\/\/www.sdi.com.au\/pdfs\/sds\/fr-ca\/pola%20night%2016%20cp_sdi_sds_fr-ca.pdf\" target=\"_blank\" rel=\"noopener\">Download Pola Night 16% carbamine peroxide SDS<\/a><\/p>\n<p><a href=\"https:\/\/www.sdi.com.au\/pdfs\/sds\/fr-ca\/pola%20night%2022%20cp_sdi_sds_fr-ca.pdf\" target=\"_blank\" rel=\"noopener\">Download Pola Night 22% carbamine peroxide SDS<\/a><\/p>\n<p><a href=\"https:\/\/www.sdi.com.au\/pdfs\/sds\/fr-ca\/pola%20day%20cp_sdi_sds_fr-ca.pdf\" target=\"_blank\" rel=\"noopener\">Download Pola Day CP SDS<\/a><\/p>\n<p><a href=\"https:\/\/www.sdi.com.au\/pdfs\/sds\/fr-ca\/pola%20luminate_sdi_sds_fr-ca.pdf\">Download Pola Luminate SDS<\/a><\/p>\n<p><a href=\"https:\/\/www.sdi.com.au\/pdfs\/sds\/fr-ca\/pola%20office%20plus%2037.5%20hp_sdi_sds_fr-ca.pdf\" target=\"_blank\" rel=\"noopener\">Download Pola Office+ 37.5% HP SDS<\/a>[\/vc_column_text][\/vc_column_inner][\/vc_row_inner][\/vc_tta_section][vc_tta_section title=&#8221;Cas cliniques&#8221; tab_id=&#8221;1743981000593-0448af0b-3a87&#8243;][vc_row_inner][vc_column_inner][vc_column_text css=&#8221;&#8221;]<\/p>\n<h3>Cas cliniques<\/h3>\n<p>[\/vc_column_text][\/vc_column_inner][\/vc_row_inner][vc_row_inner][vc_column_inner][vc_column_text]<\/p>\n<h5>Pola Day<\/h5>\n<p>[\/vc_column_text][\/vc_column_inner][\/vc_row_inner][vc_row_inner][vc_column_inner width=&#8221;1\/2&#8243;][vc_column_text]<b>Dr. David Carralero Plaza<\/b><\/p>\n<p>Product: Pola Day 6% HP<\/p>\n<p><img loading=\"lazy\" decoding=\"async\" class=\"alignnone size-medium wp-image-181558\" src=\"https:\/\/www.sdi.com.au\/wp-content\/uploads\/2025\/04\/Dr.-David-Carralero-Plaza_Before-and-after-300x290.png\" alt=\"\" width=\"300\" height=\"290\" srcset=\"https:\/\/www.sdi.com.au\/wp-content\/uploads\/2025\/04\/Dr.-David-Carralero-Plaza_Before-and-after-300x290.png 300w, https:\/\/www.sdi.com.au\/wp-content\/uploads\/2025\/04\/Dr.-David-Carralero-Plaza_Before-and-after.png 500w\" sizes=\"auto, (max-width: 300px) 85vw, 300px\" \/>[\/vc_column_text][\/vc_column_inner][vc_column_inner width=&#8221;1\/2&#8243;][\/vc_column_inner][\/vc_row_inner][vc_separator][vc_row_inner][vc_column_inner][vc_column_text]<\/p>\n<h5>Pola Night<\/h5>\n<p>[\/vc_column_text][\/vc_column_inner][\/vc_row_inner][vc_row_inner][vc_column_inner width=&#8221;1\/2&#8243;][vc_column_text]<b>Dr. Rodrigo Fonseca <\/b><\/p>\n<p>Product: Pola Night<\/p>\n<p><img loading=\"lazy\" decoding=\"async\" class=\"alignnone size-medium wp-image-181538\" src=\"https:\/\/www.sdi.com.au\/wp-content\/uploads\/2025\/04\/Dr-Rodrigo-Fonseca_Before-and-after-300x290.png\" alt=\"\" width=\"300\" height=\"290\" srcset=\"https:\/\/www.sdi.com.au\/wp-content\/uploads\/2025\/04\/Dr-Rodrigo-Fonseca_Before-and-after-300x290.png 300w, https:\/\/www.sdi.com.au\/wp-content\/uploads\/2025\/04\/Dr-Rodrigo-Fonseca_Before-and-after.png 500w\" sizes=\"auto, (max-width: 300px) 85vw, 300px\" \/>[\/vc_column_text][\/vc_column_inner][vc_column_inner width=&#8221;1\/2&#8243;][vc_column_text]<b>Dr. Isabel Gir\u00e1ldez De Luis <\/b><\/p>\n<p>Product: Pola Night 10% CP<\/p>\n<p><img loading=\"lazy\" decoding=\"async\" class=\"alignnone size-medium wp-image-181578\" src=\"https:\/\/www.sdi.com.au\/wp-content\/uploads\/2025\/04\/Dr-Isabel-Giraldez-De-LuisBefore-and-after-300x290.png\" alt=\"\" width=\"300\" height=\"290\" srcset=\"https:\/\/www.sdi.com.au\/wp-content\/uploads\/2025\/04\/Dr-Isabel-Giraldez-De-LuisBefore-and-after-300x290.png 300w, https:\/\/www.sdi.com.au\/wp-content\/uploads\/2025\/04\/Dr-Isabel-Giraldez-De-LuisBefore-and-after.png 500w\" sizes=\"auto, (max-width: 300px) 85vw, 300px\" \/>[\/vc_column_text][\/vc_column_inner][\/vc_row_inner][vc_row_inner][vc_column_inner width=&#8221;1\/2&#8243;][vc_column_text]<b>Dr. Marta Peydro Herrero And Dr. Jos\u00e9 Amengual Lorenzo \u2013 Spain <\/b><\/p>\n<p>Product: Pola Night 10% CP<\/p>\n<p><img loading=\"lazy\" decoding=\"async\" class=\"alignnone size-medium wp-image-181598\" src=\"https:\/\/www.sdi.com.au\/wp-content\/uploads\/2025\/04\/Marta-Peydro-Herrero_Before-and-after-300x290.png\" alt=\"\" width=\"300\" height=\"290\" srcset=\"https:\/\/www.sdi.com.au\/wp-content\/uploads\/2025\/04\/Marta-Peydro-Herrero_Before-and-after-300x290.png 300w, https:\/\/www.sdi.com.au\/wp-content\/uploads\/2025\/04\/Marta-Peydro-Herrero_Before-and-after.png 500w\" sizes=\"auto, (max-width: 300px) 85vw, 300px\" \/>[\/vc_column_text][\/vc_column_inner][vc_column_inner width=&#8221;1\/2&#8243;][vc_column_text]<b>Prof. Leandro Martins<\/b><\/p>\n<p>Product: Pola Night 10% CP<\/p>\n<p><img loading=\"lazy\" decoding=\"async\" class=\"alignnone size-medium wp-image-181618\" src=\"https:\/\/www.sdi.com.au\/wp-content\/uploads\/2025\/04\/Prof-Leandro-MartinsBefore-and-after-300x290.png\" alt=\"\" width=\"300\" height=\"290\" srcset=\"https:\/\/www.sdi.com.au\/wp-content\/uploads\/2025\/04\/Prof-Leandro-MartinsBefore-and-after-300x290.png 300w, https:\/\/www.sdi.com.au\/wp-content\/uploads\/2025\/04\/Prof-Leandro-MartinsBefore-and-after.png 500w\" sizes=\"auto, (max-width: 300px) 85vw, 300px\" \/>[\/vc_column_text][\/vc_column_inner][\/vc_row_inner][vc_separator][vc_row_inner][vc_column_inner][vc_column_text]<\/p>\n<h5>Pola Office+<\/h5>\n<p>[\/vc_column_text][\/vc_column_inner][\/vc_row_inner][vc_row_inner][vc_column_inner width=&#8221;1\/2&#8243;][vc_column_text]<b>Prof. Alessandra Reis<\/b><\/p>\n<p>Product: Pola Office+<\/p>\n<p><img loading=\"lazy\" decoding=\"async\" class=\"alignnone size-medium wp-image-181638\" src=\"https:\/\/www.sdi.com.au\/wp-content\/uploads\/2025\/04\/Alessandra-Reis-Before-and-after-300x290.png\" alt=\"\" width=\"300\" height=\"290\" srcset=\"https:\/\/www.sdi.com.au\/wp-content\/uploads\/2025\/04\/Alessandra-Reis-Before-and-after-300x290.png 300w, https:\/\/www.sdi.com.au\/wp-content\/uploads\/2025\/04\/Alessandra-Reis-Before-and-after.png 500w\" sizes=\"auto, (max-width: 300px) 85vw, 300px\" \/>[\/vc_column_text][\/vc_column_inner][vc_column_inner width=&#8221;1\/2&#8243;][vc_column_text]<b>Dr. Jos\u00e9 Amengual Lorenzo And Dr. Marta Peydro Herrero \u2013 Spain<\/b><\/p>\n<p>Product: Pola Office+ 37% and Pola Night 16% CP<\/p>\n<p><img loading=\"lazy\" decoding=\"async\" class=\"alignnone size-medium wp-image-181658\" src=\"https:\/\/www.sdi.com.au\/wp-content\/uploads\/2025\/04\/Dr.-Jose-Amengual-Lorenzo-Before-and-after-300x290.png\" alt=\"\" width=\"300\" height=\"290\" srcset=\"https:\/\/www.sdi.com.au\/wp-content\/uploads\/2025\/04\/Dr.-Jose-Amengual-Lorenzo-Before-and-after-300x290.png 300w, https:\/\/www.sdi.com.au\/wp-content\/uploads\/2025\/04\/Dr.-Jose-Amengual-Lorenzo-Before-and-after.png 500w\" sizes=\"auto, (max-width: 300px) 85vw, 300px\" \/>[\/vc_column_text][\/vc_column_inner][\/vc_row_inner][\/vc_tta_section][vc_tta_section title=&#8221;Brochures&#8221; tab_id=&#8221;1743981024823-f9350edd-8d3e&#8221;][vc_row_inner][vc_column_inner][vc_column_text css=&#8221;&#8221;]<\/p>\n<h3>Brochures<\/h3>\n<p>D\u00e9couvrez la gamme de produits Pola et les avantages de chaque produit.[\/vc_column_text][\/vc_column_inner][\/vc_row_inner][vc_row_inner][vc_column_inner width=&#8221;1\/2&#8243;][vc_column_text css=&#8221;&#8221;]<strong>\u00c0 emporter \u00e0 la maison<\/strong><\/p>\n<p><a href=\"https:\/\/www.sdi.com.au\/pdfs\/brochures\/fr-ca\/polacollection_sdi_brochures_fr-ca.pdf\" target=\"_blank\" rel=\"noopener\">T\u00e9l\u00e9charger le catalogue Pola Smiles en PDF<\/a>[\/vc_column_text][\/vc_column_inner][vc_column_inner width=&#8221;1\/2&#8243;][\/vc_column_inner][\/vc_row_inner][\/vc_tta_section][vc_tta_section title=&#8221;Guide de traitement&#8221; tab_id=&#8221;1754373687644-df8a7300-ae2f&#8221;][vc_row_inner][vc_column_inner][vc_column_text css=&#8221;&#8221;]<\/p>\n<h3>Guide de traitement<\/h3>\n<p>Guide de traitement de blanchiment des dents en cabinet et \u00e0 domicile de Pola.<\/p>\n<p><img loading=\"lazy\" decoding=\"async\" class=\"alignnone size-full wp-image-187184\" src=\"https:\/\/www.sdi.com.au\/wp-content\/uploads\/2025\/10\/pola-treatment-guide-ca-fr-1.jpg\" alt=\"\" width=\"232\" height=\"300\" \/><\/p>\n<p><a href=\"https:\/\/www.sdi.com.au\/downloads\/pola\/Pola-in-office-and-take-home-whitening-Treatment-guide-CA-FR.pdf\" target=\"_blank\" rel=\"noopener\">T\u00e9l\u00e9charger le PDF<\/a>[\/vc_column_text][\/vc_column_inner][\/vc_row_inner][\/vc_tta_section][\/vc_tta_accordion][\/vc_column][\/vc_row]<\/p>\n<\/div>","protected":false},"excerpt":{"rendered":"<p>[vc_row][vc_column][vc_row_inner][vc_column_inner width=&#8221;1\/2&#8243;][vc_column_text css=&#8221;&#8221;] Salle de traitement [\/vc_column_text][\/vc_column_inner][vc_column_inner width=&#8221;1\/2&#8243;][vc_single_image image=&#8221;181355&#8243; img_size=&#8221;medium&#8221;][\/vc_column_inner][\/vc_row_inner][\/vc_column][\/vc_row][vc_row][vc_column][vc_tta_accordion style=&#8221;flat&#8221; c_icon=&#8221;chevron&#8221; active_section=&#8221;0&#8243; collapsible_all=&#8221;true&#8221;][vc_tta_section title=&#8221;Vid\u00e9os d\u2019instructions&#8221; tab_id=&#8221;1743722093308-f236b051-a4e4&#8243;][vc_row_inner disable_element=&#8221;yes&#8221;][vc_column_inner][vc_column_text css=&#8221;&#8221;] Vid\u00e9os d\u2019instructions [\/vc_column_text][\/vc_column_inner][\/vc_row_inner][vc_row_inner][vc_column_inner][vc_column_text css=&#8221;&#8221;] Vid\u00e9os d\u2019instructions [\/vc_column_text][vc_column_text css=&#8221;&#8221;]Information postop\u00e9ratoire Des renseignements &hellip; <a href=\"https:\/\/www.sdi.com.au\/fr-ca\/treatment-room-resources\/\" class=\"more-link\">Continue reading<span class=\"screen-reader-text\"> &#8220;Treatment Room Resources&#8221;<\/span><\/a><\/p>\n","protected":false},"author":9,"featured_media":0,"parent":0,"menu_order":0,"comment_status":"closed","ping_status":"closed","template":"page-templates\/internal-page.php","meta":{"_acf_changed":false,"_price":"","_stock":"","_tribe_ticket_header":"","_tribe_default_ticket_provider":"","_ticket_start_date":"","_ticket_end_date":"","_tribe_ticket_show_description":"","_tribe_ticket_show_not_going":false,"_tribe_ticket_use_global_stock":"","_tribe_ticket_global_stock_level":"","_global_stock_mode":"","_global_stock_cap":"","_tribe_rsvp_for_event":"","_tribe_ticket_going_count":"","_tribe_ticket_not_going_count":"","_tribe_tickets_list":"[]","_tribe_ticket_has_attendee_info_fields":false,"footnotes":"","_tec_slr_enabled":"","_tec_slr_layout":"","_wp_rev_ctl_limit":""},"class_list":["post-184733","page","type-page","status-publish","hentry"],"acf":[],"ticketed":false,"_links":{"self":[{"href":"https:\/\/www.sdi.com.au\/fr-ca\/wp-json\/wp\/v2\/pages\/184733","targetHints":{"allow":["GET"]}}],"collection":[{"href":"https:\/\/www.sdi.com.au\/fr-ca\/wp-json\/wp\/v2\/pages"}],"about":[{"href":"https:\/\/www.sdi.com.au\/fr-ca\/wp-json\/wp\/v2\/types\/page"}],"author":[{"embeddable":true,"href":"https:\/\/www.sdi.com.au\/fr-ca\/wp-json\/wp\/v2\/users\/9"}],"replies":[{"embeddable":true,"href":"https:\/\/www.sdi.com.au\/fr-ca\/wp-json\/wp\/v2\/comments?post=184733"}],"version-history":[{"count":16,"href":"https:\/\/www.sdi.com.au\/fr-ca\/wp-json\/wp\/v2\/pages\/184733\/revisions"}],"predecessor-version":[{"id":190138,"href":"https:\/\/www.sdi.com.au\/fr-ca\/wp-json\/wp\/v2\/pages\/184733\/revisions\/190138"}],"wp:attachment":[{"href":"https:\/\/www.sdi.com.au\/fr-ca\/wp-json\/wp\/v2\/media?parent=184733"}],"curies":[{"name":"wp","href":"https:\/\/api.w.org\/{rel}","templated":true}]}}