{"id":3771,"date":"2017-01-30T04:02:36","date_gmt":"2017-01-30T04:02:36","guid":{"rendered":"http:\/\/localhost\/sdi\/www\/fr-ca\/news\/"},"modified":"2019-04-30T11:13:22","modified_gmt":"2019-04-30T01:13:22","slug":"news","status":"publish","type":"page","link":"https:\/\/www.sdi.com.au\/fr-ca\/news\/","title":{"rendered":"Actualit\u00e9s"},"content":{"rendered":"<div class=\"wpb-content-wrapper\"><p>[vc_row][vc_column][vc_row_inner el_class=&#8221;no-padding&#8221;][vc_column_inner][vc_column_text]<\/p>\n<h1>Actualit\u00e9s<\/h1>\n<p>[\/vc_column_text][\/vc_column_inner][\/vc_row_inner][vc_row_inner el_class=&#8221;no-padding item_landing&#8221;][vc_column_inner width=&#8221;1\/3&#8243;][vc_column_text el_class=&#8221;landing_page_item grey1&#8243;]<\/p>\n<h3>Ev\u00e8nements dentaires<\/h3>\n<p>Veuillez s\u00e9lectionner le pays desir\u00e9 dans la liste d\u00e9roulante ci-dessous pour voir les \u00e9v\u00e8nements dentaires dans votre r\u00e9gion.<\/p>\n<p><a href=\"dental-events\/\">Lire La Suite<\/a>[\/vc_column_text][\/vc_column_inner][vc_column_inner width=&#8221;1\/3&#8243;][vc_column_text el_class=&#8221;landing_page_item grey2&#8243;]<\/p>\n<h3>Offres sp\u00e9ciales<\/h3>\n<p>SDI propose \u00e0 ses clients un grand nombre de promotions.<\/p>\n<p><a href=\"specials\/\">Lire La Suite<\/a>[\/vc_column_text][\/vc_column_inner][vc_column_inner width=&#8221;1\/3&#8243;][vc_column_text el_class=&#8221;landing_page_item grey3&#8243;]<\/p>\n<h3>Abonnez-vouse<\/h3>\n<p>SDI vous recontactera. Merci de remplir le formulaire ci-dessous afin de vous tenir inform\u00e9 des nouveaut\u00e9s, des offres promotionnelles, des \u00e9venements et de l\u2019actualit\u00e9.<\/p>\n<p><a href=\"subscribe\/\">Lire La Suite<\/a>[\/vc_column_text][\/vc_column_inner][\/vc_row_inner][\/vc_column][\/vc_row]<\/p>\n<\/div>","protected":false},"excerpt":{"rendered":"<p>[vc_row][vc_column][vc_row_inner el_class=&#8221;no-padding&#8221;][vc_column_inner][vc_column_text] Actualit\u00e9s [\/vc_column_text][\/vc_column_inner][\/vc_row_inner][vc_row_inner el_class=&#8221;no-padding item_landing&#8221;][vc_column_inner width=&#8221;1\/3&#8243;][vc_column_text el_class=&#8221;landing_page_item grey1&#8243;] Ev\u00e8nements dentaires Veuillez s\u00e9lectionner le pays desir\u00e9 dans la liste d\u00e9roulante ci-dessous pour voir les \u00e9v\u00e8nements dentaires dans votre r\u00e9gion. Lire &hellip; <a href=\"https:\/\/www.sdi.com.au\/fr-ca\/news\/\" class=\"more-link\">Continue reading<span class=\"screen-reader-text\"> &#8220;Actualit\u00e9s&#8221;<\/span><\/a><\/p>\n","protected":false},"author":14,"featured_media":0,"parent":0,"menu_order":0,"comment_status":"closed","ping_status":"closed","template":"page-templates\/internal-page.php","meta":{"_acf_changed":false,"_price":"","_stock":"","_tribe_ticket_header":"","_tribe_default_ticket_provider":"","_ticket_start_date":"","_ticket_end_date":"","_tribe_ticket_show_description":"","_tribe_ticket_show_not_going":false,"_tribe_ticket_use_global_stock":"","_tribe_ticket_global_stock_level":"","_global_stock_mode":"","_global_stock_cap":"","_tribe_rsvp_for_event":"","_tribe_ticket_going_count":"","_tribe_ticket_not_going_count":"","_tribe_tickets_list":"[]","_tribe_ticket_has_attendee_info_fields":false,"footnotes":"","_tec_slr_enabled":"","_tec_slr_layout":"","_wp_rev_ctl_limit":""},"class_list":["post-3771","page","type-page","status-publish","hentry"],"acf":[],"ticketed":false,"_links":{"self":[{"href":"https:\/\/www.sdi.com.au\/fr-ca\/wp-json\/wp\/v2\/pages\/3771","targetHints":{"allow":["GET"]}}],"collection":[{"href":"https:\/\/www.sdi.com.au\/fr-ca\/wp-json\/wp\/v2\/pages"}],"about":[{"href":"https:\/\/www.sdi.com.au\/fr-ca\/wp-json\/wp\/v2\/types\/page"}],"author":[{"embeddable":true,"href":"https:\/\/www.sdi.com.au\/fr-ca\/wp-json\/wp\/v2\/users\/14"}],"replies":[{"embeddable":true,"href":"https:\/\/www.sdi.com.au\/fr-ca\/wp-json\/wp\/v2\/comments?post=3771"}],"version-history":[{"count":7,"href":"https:\/\/www.sdi.com.au\/fr-ca\/wp-json\/wp\/v2\/pages\/3771\/revisions"}],"predecessor-version":[{"id":18997,"href":"https:\/\/www.sdi.com.au\/fr-ca\/wp-json\/wp\/v2\/pages\/3771\/revisions\/18997"}],"wp:attachment":[{"href":"https:\/\/www.sdi.com.au\/fr-ca\/wp-json\/wp\/v2\/media?parent=3771"}],"curies":[{"name":"wp","href":"https:\/\/api.w.org\/{rel}","templated":true}]}}