{"id":3790,"date":"2016-12-06T02:11:59","date_gmt":"2016-12-06T02:11:59","guid":{"rendered":"http:\/\/localhost\/sdi\/www\/fr-ca\/downloads\/"},"modified":"2019-04-05T14:07:28","modified_gmt":"2019-04-05T03:07:28","slug":"downloads","status":"publish","type":"page","link":"https:\/\/www.sdi.com.au\/fr-ca\/downloads\/","title":{"rendered":"Downloads"},"content":{"rendered":"<div class=\"wpb-content-wrapper\"><p>[vc_row][vc_column][vc_row_inner el_class=&#8221;no-padding&#8221;][vc_column_inner][vc_column_text]<\/p>\n<h1>Download<\/h1>\n<p>[\/vc_column_text][\/vc_column_inner][\/vc_row_inner][vc_row_inner el_class=&#8221;no-padding item_landing&#8221;][vc_column_inner width=&#8221;1\/3&#8243;][vc_column_text el_class=&#8221;landing_page_item grey1&#8243;]<\/p>\n<h3>Brochure<\/h3>\n<p>Pour consulter les fichiers pdf ci-dessous, Adobe Acrobat Reader doit avoir \u00e9t\u00e9 install\u00e9 au pr\u00e9alable sur votre ordinateur.<\/p>\n<p><a href=\"\/fr-ca\/downloads\/brochure-library\/\">Lire La Suite<\/a>[\/vc_column_text][\/vc_column_inner][vc_column_inner width=&#8221;1\/3&#8243;][vc_column_text el_class=&#8221;landing_page_item grey2&#8243;]<\/p>\n<h3>Instructions<\/h3>\n<p>Pour consulter les fichiers pdf ci-dessous, Adobe Acrobat Reader doit avoir \u00e9t\u00e9 install\u00e9 au pr\u00e9alable sur votre ordinateur.<br \/>\n<a href=\"\/fr-ca\/downloads\/instructions\/\">Lire La Suite<\/a>[\/vc_column_text][\/vc_column_inner][vc_column_inner width=&#8221;1\/3&#8243;][vc_column_text el_class=&#8221;landing_page_item grey3&#8243;]<\/p>\n<h3>Case Study<\/h3>\n<p><a href=\"\/fr-ca\/downloads\/case-study\/\">Lire La Suite<\/a>[\/vc_column_text][\/vc_column_inner][\/vc_row_inner][vc_row_inner el_class=&#8221;no-padding item_landing&#8221;][vc_column_inner width=&#8221;1\/3&#8243;][vc_column_text el_class=&#8221;landing_page_item grey4&#8243;]<\/p>\n<h3>SDF R\u00e9sum\u00e9 Clinique<\/h3>\n<p><a href=\"\/fr-ca\/downloads\/sdf-clinical-summary\/\">Lire La Suite<\/a>[\/vc_column_text][\/vc_column_inner][vc_column_inner width=&#8221;1\/3&#8243;][vc_column_text el_class=&#8221;landing_page_item grey1&#8243;]<\/p>\n<h3>Banque d\u2019images<\/h3>\n<p><a href=\"\/fr-ca\/downloads\/image-library\/\">Lire La Suite<\/a>[\/vc_column_text][\/vc_column_inner][vc_column_inner width=&#8221;1\/3&#8243;][vc_column_text el_class=&#8221;landing_page_item grey2&#8243;]<\/p>\n<h3>Videos<\/h3>\n<p><a href=\"video-library\/\">Lire La Suite<\/a>[\/vc_column_text][\/vc_column_inner][\/vc_row_inner][vc_row_inner el_class=&#8221;no-padding item_landing&#8221;][vc_column_inner width=&#8221;1\/3&#8243;][vc_column_text el_class=&#8221;landing_page_item grey3&#8243;]<\/p>\n<h3>R\u00e9sum\u00e9s de recherche<\/h3>\n<p><a href=\"research-abstracts\/\">Lire La Suite<\/a>[\/vc_column_text][\/vc_column_inner][vc_column_inner width=&#8221;1\/3&#8243;][vc_column_text el_class=&#8221;landing_page_item grey4&#8243;]<\/p>\n<h3>Pola Downloads<\/h3>\n<p><a href=\"\/fr-ca\/downloads\/pola-downloads\/\">Lire La Suite<\/a>[\/vc_column_text][\/vc_column_inner][vc_column_inner width=&#8221;1\/3&#8243;][vc_column_text el_class=&#8221;landing_page_item grey1&#8243;]<\/p>\n<h3>Fiches donn\u00e9es s\u00e9curit\u00e9<\/h3>\n<p>Pour consulter les fichiers pdf ci-dessous, Adobe Acrobat Reader doit avoir \u00e9t\u00e9 install\u00e9 au pr\u00e9alable sur votre ordinateur.<\/p>\n<p><a href=\"\/fr-ca\/downloads\/sds\/\">Lire La Suite<\/a>[\/vc_column_text][\/vc_column_inner][\/vc_row_inner][\/vc_column][\/vc_row]<\/p>\n<\/div>","protected":false},"excerpt":{"rendered":"<p>[vc_row][vc_column][vc_row_inner el_class=&#8221;no-padding&#8221;][vc_column_inner][vc_column_text] Download [\/vc_column_text][\/vc_column_inner][\/vc_row_inner][vc_row_inner el_class=&#8221;no-padding item_landing&#8221;][vc_column_inner width=&#8221;1\/3&#8243;][vc_column_text el_class=&#8221;landing_page_item grey1&#8243;] Brochure Pour consulter les fichiers pdf ci-dessous, Adobe Acrobat Reader doit avoir \u00e9t\u00e9 install\u00e9 au pr\u00e9alable sur votre ordinateur. Lire La &hellip; <a href=\"https:\/\/www.sdi.com.au\/fr-ca\/downloads\/\" class=\"more-link\">Continue reading<span class=\"screen-reader-text\"> &#8220;Downloads&#8221;<\/span><\/a><\/p>\n","protected":false},"author":14,"featured_media":0,"parent":0,"menu_order":4,"comment_status":"closed","ping_status":"closed","template":"page-templates\/internal-page.php","meta":{"_acf_changed":false,"_price":"","_stock":"","_tribe_ticket_header":"","_tribe_default_ticket_provider":"","_ticket_start_date":"","_ticket_end_date":"","_tribe_ticket_show_description":"","_tribe_ticket_show_not_going":false,"_tribe_ticket_use_global_stock":"","_tribe_ticket_global_stock_level":"","_global_stock_mode":"","_global_stock_cap":"","_tribe_rsvp_for_event":"","_tribe_ticket_going_count":"","_tribe_ticket_not_going_count":"","_tribe_tickets_list":"[]","_tribe_ticket_has_attendee_info_fields":false,"footnotes":"","_tec_slr_enabled":"","_tec_slr_layout":"","_wp_rev_ctl_limit":""},"class_list":["post-3790","page","type-page","status-publish","hentry"],"acf":[],"ticketed":false,"_links":{"self":[{"href":"https:\/\/www.sdi.com.au\/fr-ca\/wp-json\/wp\/v2\/pages\/3790","targetHints":{"allow":["GET"]}}],"collection":[{"href":"https:\/\/www.sdi.com.au\/fr-ca\/wp-json\/wp\/v2\/pages"}],"about":[{"href":"https:\/\/www.sdi.com.au\/fr-ca\/wp-json\/wp\/v2\/types\/page"}],"author":[{"embeddable":true,"href":"https:\/\/www.sdi.com.au\/fr-ca\/wp-json\/wp\/v2\/users\/14"}],"replies":[{"embeddable":true,"href":"https:\/\/www.sdi.com.au\/fr-ca\/wp-json\/wp\/v2\/comments?post=3790"}],"version-history":[{"count":8,"href":"https:\/\/www.sdi.com.au\/fr-ca\/wp-json\/wp\/v2\/pages\/3790\/revisions"}],"predecessor-version":[{"id":18924,"href":"https:\/\/www.sdi.com.au\/fr-ca\/wp-json\/wp\/v2\/pages\/3790\/revisions\/18924"}],"wp:attachment":[{"href":"https:\/\/www.sdi.com.au\/fr-ca\/wp-json\/wp\/v2\/media?parent=3790"}],"curies":[{"name":"wp","href":"https:\/\/api.w.org\/{rel}","templated":true}]}}