{"id":3894,"date":"2016-12-27T02:44:26","date_gmt":"2016-12-27T02:44:26","guid":{"rendered":"http:\/\/localhost\/sdi\/www\/fr-ca\/company\/sdi-smile-vision\/"},"modified":"2019-08-14T10:25:29","modified_gmt":"2019-08-14T00:25:29","slug":"sdi-smile-vision","status":"publish","type":"page","link":"https:\/\/www.sdi.com.au\/fr-ca\/company\/sdi-smile-vision\/","title":{"rendered":"SDI Votre Sourire. Notre Vision."},"content":{"rendered":"<div class=\"wpb-content-wrapper\"><p>[vc_row][vc_column][vc_row_inner el_class=&#8221;no-padding&#8221;][vc_column_inner][vc_column_text]<\/p>\n<h1>SDI Votre Sourire. Notre Vision.<\/h1>\n<p>[\/vc_column_text][vc_single_image image=&#8221;18958&#8243; img_size=&#8221;full&#8221;][vc_column_text]Ces mots d\u00e9finissent SDI. Ils refl\u00e8tent l&#8217;attention que porte SDI \u00e0 l&#8217;objectif final des dentistes qui est de r\u00e9aliser des sourires parfaits pour leurs patients.<\/p>\n<p>Aider les dentistes et leur \u00e9quipe \u00e0 r\u00e9aliser pour leurs patients des sourires, beaux, sains, durables, \u00e0 travailler efficacement, et leur offrir qualit\u00e9 et innovation, est l&#8217;objectif cl\u00e9 de SDI.<\/p>\n<ul>\n<li><strong>Votre Sourire<\/strong> &#8211; SDI met tout en oeuvre pour l&#8217;objectif ultime des dentistes: Cr\u00e9er un sourire parfait pour leurs patients. Perfection synonyme d&#8217;excellence. Magnifiquement naturel, mat\u00e9riaux durables qui sont simples \u00e0 utiliser pour les dentistes.<\/li>\n<li><strong>Notre Vision<\/strong> &#8211; SDI innove continuellement pour fournir des mat\u00e9riaux dentaires qui aident les dentistes et leur \u00e9quipe \u00e0 cr\u00e9er le sourire parfait. Recherche et d\u00e9veloppement sont essentiels pour SDI. SDI doit mener le march\u00e9 et anticiper les besoins des chirurgiens-dentistes par la recherche et l&#8217;innovation produit.<\/li>\n<\/ul>\n<p>[\/vc_column_text][\/vc_column_inner][\/vc_row_inner][\/vc_column][\/vc_row]<\/p>\n<\/div>","protected":false},"excerpt":{"rendered":"<p>[vc_row][vc_column][vc_row_inner el_class=&#8221;no-padding&#8221;][vc_column_inner][vc_column_text] SDI Votre Sourire. Notre Vision. [\/vc_column_text][vc_single_image image=&#8221;18958&#8243; img_size=&#8221;full&#8221;][vc_column_text]Ces mots d\u00e9finissent SDI. Ils refl\u00e8tent l&#8217;attention que porte SDI \u00e0 l&#8217;objectif final des dentistes qui est de r\u00e9aliser des sourires &hellip; <a href=\"https:\/\/www.sdi.com.au\/fr-ca\/company\/sdi-smile-vision\/\" class=\"more-link\">Continue reading<span class=\"screen-reader-text\"> &#8220;SDI Votre Sourire. Notre Vision.&#8221;<\/span><\/a><\/p>\n","protected":false},"author":14,"featured_media":0,"parent":3781,"menu_order":4,"comment_status":"closed","ping_status":"closed","template":"page-templates\/internal-page.php","meta":{"_acf_changed":false,"_price":"","_stock":"","_tribe_ticket_header":"","_tribe_default_ticket_provider":"","_ticket_start_date":"","_ticket_end_date":"","_tribe_ticket_show_description":"","_tribe_ticket_show_not_going":false,"_tribe_ticket_use_global_stock":"","_tribe_ticket_global_stock_level":"","_global_stock_mode":"","_global_stock_cap":"","_tribe_rsvp_for_event":"","_tribe_ticket_going_count":"","_tribe_ticket_not_going_count":"","_tribe_tickets_list":"[]","_tribe_ticket_has_attendee_info_fields":false,"footnotes":"","_tec_slr_enabled":"","_tec_slr_layout":"","_wp_rev_ctl_limit":""},"class_list":["post-3894","page","type-page","status-publish","hentry"],"acf":[],"ticketed":false,"_links":{"self":[{"href":"https:\/\/www.sdi.com.au\/fr-ca\/wp-json\/wp\/v2\/pages\/3894","targetHints":{"allow":["GET"]}}],"collection":[{"href":"https:\/\/www.sdi.com.au\/fr-ca\/wp-json\/wp\/v2\/pages"}],"about":[{"href":"https:\/\/www.sdi.com.au\/fr-ca\/wp-json\/wp\/v2\/types\/page"}],"author":[{"embeddable":true,"href":"https:\/\/www.sdi.com.au\/fr-ca\/wp-json\/wp\/v2\/users\/14"}],"replies":[{"embeddable":true,"href":"https:\/\/www.sdi.com.au\/fr-ca\/wp-json\/wp\/v2\/comments?post=3894"}],"version-history":[{"count":4,"href":"https:\/\/www.sdi.com.au\/fr-ca\/wp-json\/wp\/v2\/pages\/3894\/revisions"}],"predecessor-version":[{"id":20466,"href":"https:\/\/www.sdi.com.au\/fr-ca\/wp-json\/wp\/v2\/pages\/3894\/revisions\/20466"}],"up":[{"embeddable":true,"href":"https:\/\/www.sdi.com.au\/fr-ca\/wp-json\/wp\/v2\/pages\/3781"}],"wp:attachment":[{"href":"https:\/\/www.sdi.com.au\/fr-ca\/wp-json\/wp\/v2\/media?parent=3894"}],"curies":[{"name":"wp","href":"https:\/\/api.w.org\/{rel}","templated":true}]}}