{"id":5566,"date":"2016-12-06T02:10:18","date_gmt":"2016-12-06T02:10:18","guid":{"rendered":"http:\/\/localhost\/sdi\/www\/fr\/company\/about-us\/"},"modified":"2023-09-28T15:24:48","modified_gmt":"2023-09-28T05:24:48","slug":"about-us","status":"publish","type":"page","link":"https:\/\/www.sdi.com.au\/fr-fr\/company\/about-us\/","title":{"rendered":"A propos de SDI"},"content":{"rendered":"<div class=\"wpb-content-wrapper\"><p>[vc_row el_class=&#8221;no-padding&#8221;][vc_column][vc_row_inner el_class=&#8221;about_sec1 wrapp no-padding&#8221;][vc_column_inner el_class=&#8221;about_sec1_in&#8221;][vc_column_text el_class=&#8221;heading_title&#8221;]<\/p>\n<h1>A propos de SDI<\/h1>\n<p>[\/vc_column_text][vc_column_text]SDI Limited est principalement impliqu\u00e9e dans la recherche et le d\u00e9veloppement, la fabrication et la commercialisation de mat\u00e9riaux dentaires sp\u00e9cialis\u00e9s. Les produits SDI sont une combinaison d\u2019innovation et d\u2019excellence pour fournir les mat\u00e9riaux de restauration id\u00e9aux pour la profession dentaire.<\/p>\n<p>Tous les produits de SDI sont fabriqu\u00e9s \u00e0 Victoria, un \u00c9tat du sud-est de l\u2019Australie. Les produits SDI sont vendus par l\u2019interm\u00e9diaire de distributeurs et de d\u00e9taillants dans plus de 100 pays \u00e0 travers le monde. SDI a des bureaux et aux \u00c9tats-Unis, en Allemagne et au Br\u00e9sil.<\/p>\n<p>Fond\u00e9e en 1972, SDI est en train de devenir un leader mondial des mat\u00e9riaux dentaires sp\u00e9cialis\u00e9s et en 1985, SDI \u00e9tait cot\u00e9e \u00e0 la bourse australienne.[\/vc_column_text][\/vc_column_inner][\/vc_row_inner][\/vc_column][\/vc_row][vc_row el_class=&#8221;about_sec2 no-padding&#8221;][vc_column][vc_row_inner el_class=&#8221;wrapp no-padding quote_home&#8221;][vc_column_inner][vc_column_text]SDI d\u00e9veloppe et fournit continuellement des produits qui souscrivent \u00e0 la notion de \u00abDentisterie Minimalement Invasive\u00bb, qui est la nouvelle fronti\u00e8re clinique qui adopte la philosophie qui int\u00e8gre la pr\u00e9vention, la remin\u00e9ralisation et une intervention \u00e0 minima.[\/vc_column_text][vc_column_text el_class=&#8221;quote_home_name&#8221;]S D I[\/vc_column_text][\/vc_column_inner][\/vc_row_inner][\/vc_column][\/vc_row][vc_row el_class=&#8221;wrapp no-padding margin_top&#8221;][vc_column][vc_column_text]<div class=\"wk-categories clearfix\"><div class=\"cat_row_head_25 cat_row_head cat_row sdi-products\">\n\t\t<div class=\"cat_row_tbabs\">\n\t\t<div class=\"cat_row_tb\">\n\t\t<div class=\"cat_row_cell\">\n\t\t\t<h3>Produits SDI<\/h3>\n\t\t<\/div>\n\t\t<\/div>\n\t\t<\/div>\n\t<\/div><div class=\"cat_row wk-accessoires-fr\">\n\t\t\t<div class=\"cat_row_tbabs\">\n\t\t\t<div class=\"cat_row_tb\">\n\t\t\t\t<div class=\"cat_row_cell ct_in\">\n\t\t\t\t\t<h3>Accessoires<\/h3>\n\t\t\t\t\t<img decoding=\"async\" class=\"alignnone size-medium wp-image-75\" src=\"https:\/\/www.sdi.com.au\/wp-content\/uploads\/2017\/05\/Zubehor.jpg\">\n\t\t\t\t<\/div>\n\t\t\t<\/div>\n\t\t\t<\/div>\n\t\t\t<div class=\"wk-shortdesc\">\n\t\t\t<div class=\"cat_row_tbabs\">\n\t\t\t<div class=\"cat_row_tb\">\n\t\t\t\t<div class=\"cat_row_cell ct_inpop\">\n\t\t\t\t<h3>Accessoires<\/h3>\n\t\t\t\t<img decoding=\"async\" class=\"alignnone size-medium wp-image-75\" src=\"https:\/\/www.sdi.com.au\/wp-content\/uploads\/2017\/05\/Zubehor.jpg\">\n\t\t\t\t<a href=\"https:\/\/www.sdi.com.au\/fr-fr\/produits-fr\/accessoires-fr\/\">Apprendre plus<\/a>\n\t\t\t\t<\/div>\n\t\t\t<\/div>\n\t\t\t<\/div>\n\t\t\t<\/div>\n\t\t<\/div>\n\t\t<div class=\"cat_row wk-adhesifs-fr\">\n\t\t\t<div class=\"cat_row_tbabs\">\n\t\t\t<div class=\"cat_row_tb\">\n\t\t\t\t<div class=\"cat_row_cell ct_in\">\n\t\t\t\t\t<h3>Adh\u00e9sifs<\/h3>\n\t\t\t\t\t<img decoding=\"async\" class=\"alignnone size-medium wp-image-75\" src=\"https:\/\/www.sdi.com.au\/wp-content\/uploads\/2017\/05\/adhesives.jpg\">\n\t\t\t\t<\/div>\n\t\t\t<\/div>\n\t\t\t<\/div>\n\t\t\t<div class=\"wk-shortdesc\">\n\t\t\t<div class=\"cat_row_tbabs\">\n\t\t\t<div class=\"cat_row_tb\">\n\t\t\t\t<div class=\"cat_row_cell ct_inpop\">\n\t\t\t\t<h3>Adh\u00e9sifs<\/h3>\n\t\t\t\t<img decoding=\"async\" class=\"alignnone size-medium wp-image-75\" src=\"https:\/\/www.sdi.com.au\/wp-content\/uploads\/2017\/05\/adhesives.jpg\">\n\t\t\t\t<a href=\"https:\/\/www.sdi.com.au\/fr-fr\/produits-fr\/adhesifs-fr\/\">Apprendre plus<\/a>\n\t\t\t\t<\/div>\n\t\t\t<\/div>\n\t\t\t<\/div>\n\t\t\t<\/div>\n\t\t<\/div>\n\t\t<div class=\"cat_row wk-amalgames-fr\">\n\t\t\t<div class=\"cat_row_tbabs\">\n\t\t\t<div class=\"cat_row_tb\">\n\t\t\t\t<div class=\"cat_row_cell ct_in\">\n\t\t\t\t\t<h3>Amalgames<\/h3>\n\t\t\t\t\t<img decoding=\"async\" class=\"alignnone size-medium wp-image-75\" src=\"https:\/\/www.sdi.com.au\/wp-content\/uploads\/2017\/05\/amalgam.jpg\">\n\t\t\t\t<\/div>\n\t\t\t<\/div>\n\t\t\t<\/div>\n\t\t\t<div class=\"wk-shortdesc\">\n\t\t\t<div class=\"cat_row_tbabs\">\n\t\t\t<div class=\"cat_row_tb\">\n\t\t\t\t<div class=\"cat_row_cell ct_inpop\">\n\t\t\t\t<h3>Amalgames<\/h3>\n\t\t\t\t<img decoding=\"async\" class=\"alignnone size-medium wp-image-75\" src=\"https:\/\/www.sdi.com.au\/wp-content\/uploads\/2017\/05\/amalgam.jpg\">\n\t\t\t\t<a href=\"https:\/\/www.sdi.com.au\/fr-fr\/produits-fr\/amalgames-fr\/\">Apprendre plus<\/a>\n\t\t\t\t<\/div>\n\t\t\t<\/div>\n\t\t\t<\/div>\n\t\t\t<\/div>\n\t\t<\/div>\n\t\t<div class=\"cat_row wk-appareils-fr\">\n\t\t\t<div class=\"cat_row_tbabs\">\n\t\t\t<div class=\"cat_row_tb\">\n\t\t\t\t<div class=\"cat_row_cell ct_in\">\n\t\t\t\t\t<h3>Appareils<\/h3>\n\t\t\t\t\t<img decoding=\"async\" class=\"alignnone size-medium wp-image-75\" src=\"https:\/\/www.sdi.com.au\/wp-content\/uploads\/2017\/05\/gerate.jpg\">\n\t\t\t\t<\/div>\n\t\t\t<\/div>\n\t\t\t<\/div>\n\t\t\t<div class=\"wk-shortdesc\">\n\t\t\t<div class=\"cat_row_tbabs\">\n\t\t\t<div class=\"cat_row_tb\">\n\t\t\t\t<div class=\"cat_row_cell ct_inpop\">\n\t\t\t\t<h3>Appareils<\/h3>\n\t\t\t\t<img decoding=\"async\" class=\"alignnone size-medium wp-image-75\" src=\"https:\/\/www.sdi.com.au\/wp-content\/uploads\/2017\/05\/gerate.jpg\">\n\t\t\t\t<a href=\"https:\/\/www.sdi.com.au\/fr-fr\/produits-fr\/appareils-fr\/\">Apprendre plus<\/a>\n\t\t\t\t<\/div>\n\t\t\t<\/div>\n\t\t\t<\/div>\n\t\t\t<\/div>\n\t\t<\/div>\n\t\t<div class=\"cat_row wk-ciments-fr\">\n\t\t\t<div class=\"cat_row_tbabs\">\n\t\t\t<div class=\"cat_row_tb\">\n\t\t\t\t<div class=\"cat_row_cell ct_in\">\n\t\t\t\t\t<h3>Ciments<\/h3>\n\t\t\t\t\t<img decoding=\"async\" class=\"alignnone size-medium wp-image-75\" src=\"https:\/\/www.sdi.com.au\/wp-content\/uploads\/2017\/05\/Zemente.jpg\">\n\t\t\t\t<\/div>\n\t\t\t<\/div>\n\t\t\t<\/div>\n\t\t\t<div class=\"wk-shortdesc\">\n\t\t\t<div class=\"cat_row_tbabs\">\n\t\t\t<div class=\"cat_row_tb\">\n\t\t\t\t<div class=\"cat_row_cell ct_inpop\">\n\t\t\t\t<h3>Ciments<\/h3>\n\t\t\t\t<img decoding=\"async\" class=\"alignnone size-medium wp-image-75\" src=\"https:\/\/www.sdi.com.au\/wp-content\/uploads\/2017\/05\/Zemente.jpg\">\n\t\t\t\t<a href=\"https:\/\/www.sdi.com.au\/fr-fr\/produits-fr\/ciments-fr\/\">Apprendre plus<\/a>\n\t\t\t\t<\/div>\n\t\t\t<\/div>\n\t\t\t<\/div>\n\t\t\t<\/div>\n\t\t<\/div>\n\t\t<div class=\"cat_row wk-composites-fr\">\n\t\t\t<div class=\"cat_row_tbabs\">\n\t\t\t<div class=\"cat_row_tb\">\n\t\t\t\t<div class=\"cat_row_cell ct_in\">\n\t\t\t\t\t<h3>Composites<\/h3>\n\t\t\t\t\t<img decoding=\"async\" class=\"alignnone size-medium wp-image-75\" src=\"https:\/\/www.sdi.com.au\/wp-content\/uploads\/2017\/05\/Komposit.jpg\">\n\t\t\t\t<\/div>\n\t\t\t<\/div>\n\t\t\t<\/div>\n\t\t\t<div class=\"wk-shortdesc\">\n\t\t\t<div class=\"cat_row_tbabs\">\n\t\t\t<div class=\"cat_row_tb\">\n\t\t\t\t<div class=\"cat_row_cell ct_inpop\">\n\t\t\t\t<h3>Composites<\/h3>\n\t\t\t\t<img decoding=\"async\" class=\"alignnone size-medium wp-image-75\" src=\"https:\/\/www.sdi.com.au\/wp-content\/uploads\/2017\/05\/Komposit.jpg\">\n\t\t\t\t<a href=\"https:\/\/www.sdi.com.au\/fr-fr\/produits-fr\/composites-fr\/\">Apprendre plus<\/a>\n\t\t\t\t<\/div>\n\t\t\t<\/div>\n\t\t\t<\/div>\n\t\t\t<\/div>\n\t\t<\/div>\n\t\t<div class=\"cat_row wk-mordancage-fr\">\n\t\t\t<div class=\"cat_row_tbabs\">\n\t\t\t<div class=\"cat_row_tb\">\n\t\t\t\t<div class=\"cat_row_cell ct_in\">\n\t\t\t\t\t<h3>Mordan\u00e7age<\/h3>\n\t\t\t\t\t<img decoding=\"async\" class=\"alignnone size-medium wp-image-75\" src=\"https:\/\/www.sdi.com.au\/wp-content\/uploads\/2017\/05\/atzmittel.jpg\">\n\t\t\t\t<\/div>\n\t\t\t<\/div>\n\t\t\t<\/div>\n\t\t\t<div class=\"wk-shortdesc\">\n\t\t\t<div class=\"cat_row_tbabs\">\n\t\t\t<div class=\"cat_row_tb\">\n\t\t\t\t<div class=\"cat_row_cell ct_inpop\">\n\t\t\t\t<h3>Mordan\u00e7age<\/h3>\n\t\t\t\t<img decoding=\"async\" class=\"alignnone size-medium wp-image-75\" src=\"https:\/\/www.sdi.com.au\/wp-content\/uploads\/2017\/05\/atzmittel.jpg\">\n\t\t\t\t<a href=\"https:\/\/www.sdi.com.au\/fr-fr\/produits-fr\/mordancage-fr\/\">Apprendre plus<\/a>\n\t\t\t\t<\/div>\n\t\t\t<\/div>\n\t\t\t<\/div>\n\t\t\t<\/div>\n\t\t<\/div>\n\t\t<div class=\"cat_row wk-blanchiment\">\n\t\t\t<div class=\"cat_row_tbabs\">\n\t\t\t<div class=\"cat_row_tb\">\n\t\t\t\t<div class=\"cat_row_cell ct_in\">\n\t\t\t\t\t<h3>Pola<\/h3>\n\t\t\t\t\t<img decoding=\"async\" class=\"alignnone size-medium wp-image-75\" src=\"https:\/\/www.sdi.com.au\/wp-content\/uploads\/2017\/05\/Zahnaufhellung.jpg\">\n\t\t\t\t<\/div>\n\t\t\t<\/div>\n\t\t\t<\/div>\n\t\t\t<div class=\"wk-shortdesc\">\n\t\t\t<div class=\"cat_row_tbabs\">\n\t\t\t<div class=\"cat_row_tb\">\n\t\t\t\t<div class=\"cat_row_cell ct_inpop\">\n\t\t\t\t<h3>Pola<\/h3>\n\t\t\t\t<img decoding=\"async\" class=\"alignnone size-medium wp-image-75\" src=\"https:\/\/www.sdi.com.au\/wp-content\/uploads\/2017\/05\/Zahnaufhellung.jpg\">\n\t\t\t\t<a href=\"https:\/\/www.sdi.com.au\/fr-fr\/produits-fr\/blanchiment\/\">Apprendre plus<\/a>\n\t\t\t\t<\/div>\n\t\t\t<\/div>\n\t\t\t<\/div>\n\t\t\t<\/div>\n\t\t<\/div>\n\t\t<div class=\"cat_row wk-riva-star-fr\">\n\t\t\t<div class=\"cat_row_tbabs\">\n\t\t\t<div class=\"cat_row_tb\">\n\t\t\t\t<div class=\"cat_row_cell ct_in\">\n\t\t\t\t\t<h3>SDF Riva Star<\/h3>\n\t\t\t\t\t<img decoding=\"async\" class=\"alignnone size-medium wp-image-75\" src=\"https:\/\/www.sdi.com.au\/wp-content\/uploads\/2017\/05\/Riva-Star.jpg\">\n\t\t\t\t<\/div>\n\t\t\t<\/div>\n\t\t\t<\/div>\n\t\t\t<div class=\"wk-shortdesc\">\n\t\t\t<div class=\"cat_row_tbabs\">\n\t\t\t<div class=\"cat_row_tb\">\n\t\t\t\t<div class=\"cat_row_cell ct_inpop\">\n\t\t\t\t<h3>SDF Riva Star<\/h3>\n\t\t\t\t<img decoding=\"async\" class=\"alignnone size-medium wp-image-75\" src=\"https:\/\/www.sdi.com.au\/wp-content\/uploads\/2017\/05\/Riva-Star.jpg\">\n\t\t\t\t<a href=\"https:\/\/www.sdi.com.au\/fr-fr\/produits-fr\/riva-star-fr\/\">Apprendre plus<\/a>\n\t\t\t\t<\/div>\n\t\t\t<\/div>\n\t\t\t<\/div>\n\t\t\t<\/div>\n\t\t<\/div>\n\t\t<div class=\"cat_row wk-sealant\">\n\t\t\t<div class=\"cat_row_tbabs\">\n\t\t\t<div class=\"cat_row_tb\">\n\t\t\t\t<div class=\"cat_row_cell ct_in\">\n\t\t\t\t\t<h3>Sealant<\/h3>\n\t\t\t\t\t<img decoding=\"async\" class=\"alignnone size-medium wp-image-75\" src=\"https:\/\/www.sdi.com.au\/wp-content\/uploads\/2017\/05\/Versiegler.jpg\">\n\t\t\t\t<\/div>\n\t\t\t<\/div>\n\t\t\t<\/div>\n\t\t\t<div class=\"wk-shortdesc\">\n\t\t\t<div class=\"cat_row_tbabs\">\n\t\t\t<div class=\"cat_row_tb\">\n\t\t\t\t<div class=\"cat_row_cell ct_inpop\">\n\t\t\t\t<h3>Sealant<\/h3>\n\t\t\t\t<img decoding=\"async\" class=\"alignnone size-medium wp-image-75\" src=\"https:\/\/www.sdi.com.au\/wp-content\/uploads\/2017\/05\/Versiegler.jpg\">\n\t\t\t\t<a href=\"https:\/\/www.sdi.com.au\/fr-fr\/produits-fr\/sealant\/\">Apprendre plus<\/a>\n\t\t\t\t<\/div>\n\t\t\t<\/div>\n\t\t\t<\/div>\n\t\t\t<\/div>\n\t\t<\/div>\n\t\t<div class=\"cat_row wk-verres-ionomere\">\n\t\t\t<div class=\"cat_row_tbabs\">\n\t\t\t<div class=\"cat_row_tb\">\n\t\t\t\t<div class=\"cat_row_cell ct_in\">\n\t\t\t\t\t<h3>Verres Ionom\u00e8re<\/h3>\n\t\t\t\t\t<img decoding=\"async\" class=\"alignnone size-medium wp-image-75\" src=\"https:\/\/www.sdi.com.au\/wp-content\/uploads\/2017\/05\/glasionomere.jpg\">\n\t\t\t\t<\/div>\n\t\t\t<\/div>\n\t\t\t<\/div>\n\t\t\t<div class=\"wk-shortdesc\">\n\t\t\t<div class=\"cat_row_tbabs\">\n\t\t\t<div class=\"cat_row_tb\">\n\t\t\t\t<div class=\"cat_row_cell ct_inpop\">\n\t\t\t\t<h3>Verres Ionom\u00e8re<\/h3>\n\t\t\t\t<img decoding=\"async\" class=\"alignnone size-medium wp-image-75\" src=\"https:\/\/www.sdi.com.au\/wp-content\/uploads\/2017\/05\/glasionomere.jpg\">\n\t\t\t\t<a href=\"https:\/\/www.sdi.com.au\/fr-fr\/produits-fr\/verres-ionomere\/\">Apprendre plus<\/a>\n\t\t\t\t<\/div>\n\t\t\t<\/div>\n\t\t\t<\/div>\n\t\t\t<\/div>\n\t\t<\/div>\n\t\t<\/div>[\/vc_column_text][\/vc_column][\/vc_row][vc_row el_class=&#8221;no-padding about_sec4&#8243;][vc_column][vc_gmaps link=&#8221;#E-8_JTNDaWZyYW1lJTIwc3JjJTNEJTIyaHR0cHMlM0ElMkYlMkZ3d3cuZ29vZ2xlLmNvbSUyRm1hcHMlMkZlbWJlZCUzRnBiJTNEJTIxMW0xOCUyMTFtMTIlMjExbTMlMjExZDMxNTAuNTEwMDQyMzE4MjgyJTIxMmQxNDUuMjc2MjY5MzE1ODAyMzIlMjEzZC0zNy44NDgzNTQ2NDM3OTc0MzUlMjEybTMlMjExZjAlMjEyZjAlMjEzZjAlMjEzbTIlMjExaTEwMjQlMjEyaTc2OCUyMTRmMTMuMSUyMTNtMyUyMTFtMiUyMTFzMHg2YWQ2M2I3MjJkNTgyMWNkJTI1M0EweDZhMWI4YmNiMWNkYTdjYTklMjEyc1NESSUyQkxpbWl0ZWQlMjE1ZTAlMjEzbTIlMjExc2lkJTIxMnNpZCUyMTR2MTQ4MTA5NzUxOTc0NSUyMiUyMHdpZHRoJTNEJTIyMTkyMCUyMiUyMGhlaWdodCUzRCUyMjU1MCUyMiUyMGZyYW1lYm9yZGVyJTNEJTIyMCUyMiUyMHN0eWxlJTNEJTIyYm9yZGVyJTNBMCUyMiUyMGFsbG93ZnVsbHNjcmVlbiUzRSUzQyUyRmlmcmFtZSUzRQ==&#8221; el_class=&#8221;google_map&#8221;][vc_row_inner el_class=&#8221;map_masking&#8221;][vc_column_inner][\/vc_column_inner][\/vc_row_inner][\/vc_column][\/vc_row][vc_row el_class=&#8221;no-padding about_sec5&#8243;][vc_column][vc_row_inner el_class=&#8221;wrapp no-padding&#8221;][vc_column_inner][vc_column_text el_class=&#8221;ctx_head&#8221;]Australie (Si\u00e8ge social)[\/vc_column_text][\/vc_column_inner][\/vc_row_inner][vc_row_inner el_class=&#8221;wrapp no-padding&#8221;][vc_column_inner width=&#8221;1\/2&#8243;][vc_column_text]SDI Limited.<br \/>\n3-13 Brunsdon Street<br \/>\nBayswater<br \/>\nVictoria 3153[\/vc_column_text][\/vc_column_inner][vc_column_inner width=&#8221;1\/2&#8243;][vc_column_text]T\u00e9l\u00e9phone +61 3 8727 7111<br \/>\nFax +61 3 8727 7222<br \/>\nToll Free 1 800 337 003<br \/>\nEmail: <a href=\"mailto:info@sdi.com.au\">info@sdi.com.au<\/a>[\/vc_column_text][\/vc_column_inner][\/vc_row_inner][\/vc_column][\/vc_row][vc_row el_class=&#8221;about_sec6 no-padding&#8221;][vc_column][vc_row_inner el_class=&#8221;wrapp no-padding&#8221;][vc_column_inner][vc_column_text el_class=&#8221;ctx_head&#8221;]Autres coordonn\u00e9es[\/vc_column_text][\/vc_column_inner][\/vc_row_inner][vc_row_inner el_class=&#8221;wrapp no-padding&#8221;][vc_column_inner width=&#8221;1\/2&#8243;][vc_column_text]<\/p>\n<h3>USA et Canada<\/h3>\n<p>SDI (North America) Inc.<br \/>\n1279 Hamilton Parkway<br \/>\nItasca, IL 60143<br \/>\nUSA<br \/>\nT\u00e9l\u00e9phone: +1 630 361 9200<br \/>\nFax: +1 630 361 9222<br \/>\nToll Free 1 800 228 5166<br \/>\nEmail: <a href=\"mailto:USA.Canada@sdi.com.au\">USA.Canada@sdi.com.au<\/a>[\/vc_column_text][vc_column_text]<\/p>\n<h3>Nouvelle Z\u00e9lande<\/h3>\n<p>Free phone: 0800 734 034<br \/>\nEmail: <a href=\"mailto:Info@sdi.com.au\">Info@sdi.com.au<\/a>[\/vc_column_text][vc_column_text]<\/p>\n<h3>Royaume-Uni<\/h3>\n<p>Free Phone: 00800 0225 5734<br \/>\nEmail: <a href=\"mailto:UK@sdi.com.au\">UK@sdi.com.au<\/a>[\/vc_column_text][vc_column_text]<\/p>\n<h3>Irlande<\/h3>\n<p>Free phone: 0800 0225 5734<br \/>\nEmail: <a href=\"mailto:Ireland@sdi.com.au\">Ireland@sdi.com.au<\/a>[\/vc_column_text][vc_column_text]<\/p>\n<h3>Autriche<\/h3>\n<p>Free Phone: 00800 2255 734<br \/>\nEmail: <a href=\"mailto:Austria@sdi.com.au\">Austria@sdi.com.au<\/a>[\/vc_column_text][vc_column_text]<\/p>\n<h3>France<\/h3>\n<p>T\u00e9l\u00e9phone: 080 002 255 734 (appel gratuit)<br \/>\nEmail: <a href=\"mailto:France@sdi.com.au\">France@sdi.com.au<\/a><br \/>\n[\/vc_column_text][\/vc_column_inner][vc_column_inner width=&#8221;1\/2&#8243;][vc_column_text]<\/p>\n<h3>Br\u00e9sil<\/h3>\n<p>SDI Holdings Pty Ltd do Brasil<br \/>\nAv. Doutor Reinaldo Schmithausen, 3141 A<br \/>\nCordeiros Itaja\u00ed &#8211; SC<br \/>\nCep: 88.310-004<br \/>\nBrasil<br \/>\nT\u00e9l\u00e9phone +55 11 3092 7100<br \/>\nFax +55 11 3092 7101<br \/>\nEmail: <a href=\"mailto:Brasil@sdi.com.au\">Brasil@sdi.com.au<\/a>[\/vc_column_text][vc_column_text]<\/p>\n<h3>Allemagne<\/h3>\n<p>SDI Germany GmbH<br \/>\nHansestrasse 85<br \/>\n51149, Cologne Germany<br \/>\nT\u00e9l\u00e9phone +49 (0) 2203 9255 0<br \/>\nFax +49 (0) 2203 9255 200<br \/>\nFree phone 0800 1005759<br \/>\nEmail: <a href=\"mailto:Germany@sdi.com.au\">Germany@sdi.com.au<\/a>[\/vc_column_text][vc_column_text]<\/p>\n<h3>Espagne<\/h3>\n<p>Free Phone: 00800 0225 5734<br \/>\nEmail: <a href=\"mailto:Spain@sdi.com.au\">Spain@sdi.com.au<\/a>[\/vc_column_text][vc_column_text]<\/p>\n<h3>Italie<\/h3>\n<p>Free Phone: 800 780 625<br \/>\nEmail: <a href=\"mailto:Italy@sdi.com.au\">Italy@sdi.com.au<\/a>[\/vc_column_text][\/vc_column_inner][\/vc_row_inner][\/vc_column][\/vc_row]<\/p>\n<\/div>","protected":false},"excerpt":{"rendered":"<p>[vc_row el_class=&#8221;no-padding&#8221;][vc_column][vc_row_inner el_class=&#8221;about_sec1 wrapp no-padding&#8221;][vc_column_inner el_class=&#8221;about_sec1_in&#8221;][vc_column_text el_class=&#8221;heading_title&#8221;] A propos de SDI [\/vc_column_text][vc_column_text]SDI Limited est principalement impliqu\u00e9e dans la recherche et le d\u00e9veloppement, la fabrication et la commercialisation de mat\u00e9riaux dentaires &hellip; <a href=\"https:\/\/www.sdi.com.au\/fr-fr\/company\/about-us\/\" class=\"more-link\">Continue reading<span class=\"screen-reader-text\"> &#8220;A propos de SDI&#8221;<\/span><\/a><\/p>\n","protected":false},"author":14,"featured_media":0,"parent":5563,"menu_order":0,"comment_status":"closed","ping_status":"closed","template":"page-templates\/about-page.php","meta":{"_acf_changed":false,"_price":"","_stock":"","_tribe_ticket_header":"","_tribe_default_ticket_provider":"","_ticket_start_date":"","_ticket_end_date":"","_tribe_ticket_show_description":"","_tribe_ticket_show_not_going":false,"_tribe_ticket_use_global_stock":"","_tribe_ticket_global_stock_level":"","_global_stock_mode":"","_global_stock_cap":"","_tribe_rsvp_for_event":"","_tribe_ticket_going_count":"","_tribe_ticket_not_going_count":"","_tribe_tickets_list":"[]","_tribe_ticket_has_attendee_info_fields":false,"footnotes":"","_tec_slr_enabled":"","_tec_slr_layout":"","_wp_rev_ctl_limit":""},"class_list":["post-5566","page","type-page","status-publish","hentry"],"acf":[],"ticketed":false,"_links":{"self":[{"href":"https:\/\/www.sdi.com.au\/fr-fr\/wp-json\/wp\/v2\/pages\/5566","targetHints":{"allow":["GET"]}}],"collection":[{"href":"https:\/\/www.sdi.com.au\/fr-fr\/wp-json\/wp\/v2\/pages"}],"about":[{"href":"https:\/\/www.sdi.com.au\/fr-fr\/wp-json\/wp\/v2\/types\/page"}],"author":[{"embeddable":true,"href":"https:\/\/www.sdi.com.au\/fr-fr\/wp-json\/wp\/v2\/users\/14"}],"replies":[{"embeddable":true,"href":"https:\/\/www.sdi.com.au\/fr-fr\/wp-json\/wp\/v2\/comments?post=5566"}],"version-history":[{"count":8,"href":"https:\/\/www.sdi.com.au\/fr-fr\/wp-json\/wp\/v2\/pages\/5566\/revisions"}],"predecessor-version":[{"id":172531,"href":"https:\/\/www.sdi.com.au\/fr-fr\/wp-json\/wp\/v2\/pages\/5566\/revisions\/172531"}],"up":[{"embeddable":true,"href":"https:\/\/www.sdi.com.au\/fr-fr\/wp-json\/wp\/v2\/pages\/5563"}],"wp:attachment":[{"href":"https:\/\/www.sdi.com.au\/fr-fr\/wp-json\/wp\/v2\/media?parent=5566"}],"curies":[{"name":"wp","href":"https:\/\/api.w.org\/{rel}","templated":true}]}}