{"id":17578,"date":"2018-05-23T11:37:58","date_gmt":"2018-05-23T01:37:58","guid":{"rendered":"https:\/\/www.sdi.com.au\/cz-cz\/?page_id=17578"},"modified":"2020-02-20T10:06:59","modified_gmt":"2020-02-19T23:06:59","slug":"privacy","status":"publish","type":"page","link":"https:\/\/www.sdi.com.au\/fr\/privacy\/","title":{"rendered":"Privacy"},"content":{"rendered":"<h3><strong>Politique de confidentialit\u00e9 et de s\u00e9curit\u00e9<\/strong><\/h3>\n<p><strong>Introduction <\/strong><\/p>\n<p>SDI Limited consid\u00e8re la confidentialit\u00e9 des clients comme un \u00e9l\u00e9ment important de notre relation avec nos clients. La politique de confidentialit\u00e9 suivante s&#8217;applique \u00e0 tous les clients SDI Limited, \u00e0 tous les utilisateurs des sites Web SDI Limited et est conforme aux normes de confidentialit\u00e9 Internet. Si vous avez des questions ou des pr\u00e9occupations concernant cette d\u00e9claration, vous devez d&#8217;abord nous contacter \u00e0 <a href=\"mailto:info@sdi.com.au\">info@sdi.com.au<\/a>.<\/p>\n<p><strong>Collecte d&#8217;informations<\/strong><\/p>\n<p>Afin d&#8217;utiliser le site Web de SDI Limited, www.sdi.com.au, nous pouvons vous demander des informations pour fournir le meilleur service possible. Toute correspondance peut \u00e9galement \u00eatre collect\u00e9e et stock\u00e9e, notamment en ce qui concerne les ventes, l&#8217;assistance et les comptes, y compris les adresses e-mail. Toute information collect\u00e9e par SDI Limited est collect\u00e9e par correspondance de vous ou de votre entreprise. Cela peut se faire par t\u00e9l\u00e9phone, e-mail, courrier, fax ou directement via notre site Web.<\/p>\n<p><strong>Utilisation des informations sur la collection<\/strong><\/p>\n<p>Tous les d\u00e9tails collect\u00e9s aupr\u00e8s des clients SDI Limited ou des visiteurs du site Web sont n\u00e9cessaires afin de vous fournir nos produits et \/ ou services, et un haut niveau de service client. La correspondance est enregistr\u00e9e afin de fournir des r\u00e9f\u00e9rences de service et d&#8217;aider au d\u00e9veloppement de notre personnel.<\/p>\n<p><strong>Stockage des informations collect\u00e9es<\/strong><\/p>\n<p>La s\u00e9curit\u00e9 de vos informations personnelles est importante pour nous. Lorsque vous saisissez des informations sensibles (telles que des num\u00e9ros de carte de cr\u00e9dit) sur notre site Web, nous chiffrons ces informations \u00e0 l&#8217;aide de la technologie SSL (Secure Socket Layer). Lorsque les d\u00e9tails de la carte de cr\u00e9dit sont collect\u00e9s sur notre page de paiement, nous les transmettons simplement \u00e0 notre passerelle de paiement (First Data) afin d&#8217;\u00eatre trait\u00e9s selon les besoins. Nous ne conservons pas les d\u00e9tails complets de votre carte de cr\u00e9dit. Nous suivons les normes de l&#8217;industrie g\u00e9n\u00e9ralement accept\u00e9es pour prot\u00e9ger les informations personnelles qui nous sont soumises, \u00e0 la fois pendant la transmission et une fois que nous les recevons. Si vous avez des questions sur la s\u00e9curit\u00e9 de notre site Web, vous pouvez nous envoyer un courriel \u00e0 <a href=\"mailto:info@sdi.com.au\">info@sdi.com.au<\/a>.<\/p>\n<p><strong>S\u00e9curit\u00e9 des paiements en ligne<\/strong><\/p>\n<p>SDI Limited utilise la First Data Payment Gateway pour ses transactions de paiement en ligne par carte de cr\u00e9dit. First Data traite les transactions en ligne par carte de cr\u00e9dit pour des milliers de commer\u00e7ants australiens et internationaux, offrant un moyen s\u00fbr et s\u00e9curis\u00e9 de collecter les paiements via Internet. Toutes les transactions par carte de cr\u00e9dit en ligne effectu\u00e9es sur ce site \u00e0 l&#8217;aide de la passerelle First Data sont des paiements s\u00e9curis\u00e9s et respectent les normes ci-dessous:<\/p>\n<ul>\n<li>Les paiements sont enti\u00e8rement automatis\u00e9s avec une r\u00e9ponse imm\u00e9diate.<\/li>\n<li>Votre num\u00e9ro de carte de cr\u00e9dit complet ne peut pas \u00eatre consult\u00e9 par SDI Limited ou toute autre partie ext\u00e9rieure.<\/li>\n<li>Toutes les transactions sont effectu\u00e9es sous un certificat de s\u00e9curit\u00e9 SSL 128 bits.<\/li>\n<li>Toutes les donn\u00e9es de transaction sont crypt\u00e9es pour le stockage dans le centre de donn\u00e9es bancaire de First Data, prot\u00e9geant ainsi davantage les donn\u00e9es de votre carte de cr\u00e9dit.<\/li>\n<li>First Data est un processeur tiers autoris\u00e9 pour toutes les grandes banques australiennes et internationales.<\/li>\n<li>First Data ne touche \u00e0 aucun moment vos fonds; toutes les sommes sont directement transf\u00e9r\u00e9es de votre carte de cr\u00e9dit vers le compte marchand d\u00e9tenu par SDI Limited.<\/li>\n<li>Pour plus d&#8217;informations sur First Data et les paiements par carte de cr\u00e9dit en ligne, veuillez visiter <a href=\"http:\/\/www.firstdata.com.au\">www.firstdata.com.au<\/a><\/li>\n<\/ul>\n<p><strong>Acc\u00e8s aux informations collect\u00e9es<\/strong><\/p>\n<p>Si vos informations personnelles identifiables changent, ou si vous ne souhaitez plus notre service, vous pouvez les corriger, mettre \u00e0 jour, supprimer ou d\u00e9sactiver en nous envoyant un e-mail \u00e0 <a href=\"mailto:info@sdi.com.au\">info@sdi.com.au<\/a><\/p>\n<p><strong>Ordres\u00a0 Commandes<\/strong><\/p>\n<p>Si vous achetez un produit ou un service chez nous, nous pouvons vous demander certaines informations personnellement identifiables. Vous devrez peut-\u00eatre fournir des informations de contact (telles que le nom, l&#8217;adresse e-mail et l&#8217;adresse postale). Nous utilisons ces informations \u00e0 des fins de facturation et pour ex\u00e9cuter vos commandes. Si nous avons du mal \u00e0 traiter une commande, nous utiliserons ces informations pour vous contacter.<\/p>\n<p><strong>Les communications<\/strong><\/p>\n<p>SDI Limited utilise des informations personnellement identifiables pour les communications essentielles, telles que les e-mails, les informations de compte et les d\u00e9tails de service essentiels. Nous pouvons \u00e9galement utiliser ces informations \u00e0 d&#8217;autres fins, y compris certains e-mails promotionnels. Si \u00e0 tout moment un client souhaite ne pas recevoir une telle correspondance, il peut demander \u00e0 \u00eatre retir\u00e9 de toute liste de diffusion en nous envoyant un e-mail \u00e0 <a href=\"mailto:info@sdi.com.au\">info@sdi.com.au<\/a> Vous serez inform\u00e9 lorsque vos informations personnelles seront collect\u00e9es par un tiers qui est pas notre agent \/ fournisseur de services, vous pouvez donc faire un choix \u00e9clair\u00e9 de partager ou non vos informations avec cette partie.<\/p>\n<p><strong>Tiers<\/strong><\/p>\n<p>SDI Limited peut, \u00e0 sa discr\u00e9tion, utiliser d&#8217;autres tiers pour fournir des services essentiels sur notre site ou pour nos processus commerciaux. Nous pouvons partager vos coordonn\u00e9es si n\u00e9cessaire pour que le tiers fournisse ce service. Il est interdit \u00e0 ces tiers d&#8217;utiliser vos informations personnelles identifiables \u00e0 toute autre fin. SDI Limited ne partage aucune information avec des tiers pour des utilisations inconnues ou non li\u00e9es.<\/p>\n<p><strong>L\u00e9gal<\/strong><\/p>\n<p>Nous nous r\u00e9servons le droit de divulguer vos informations personnelles identifiables comme l&#8217;exige la loi et lorsque nous pensons que la divulgation est n\u00e9cessaire pour prot\u00e9ger nos droits et \/ ou pour se conformer \u00e0 une proc\u00e9dure judiciaire, une ordonnance d&#8217;un tribunal ou une proc\u00e9dure judiciaire.<\/p>\n<p><strong>Liens<\/strong><\/p>\n<p>Les liens du site www.sdi.com.au vers des entit\u00e9s externes ne sont pas couverts par cette politique. Les termes et conditions \u00e9nonc\u00e9s dans cette d\u00e9claration de confidentialit\u00e9 ne couvrent que le nom de domaine de sdi.com.au et d&#8217;autres sites Web li\u00e9s \u00e0 SDI Limited.<\/p>\n<p><strong>Modifications de la politique de confidentialit\u00e9 et de s\u00e9curit\u00e9<\/strong><\/p>\n<p>Si nous d\u00e9cidons de modifier notre politique de confidentialit\u00e9, nous publierons ces modifications dans cette d\u00e9claration de confidentialit\u00e9, la page d&#8217;accueil et les autres endroits que nous jugeons appropri\u00e9s afin que vous sachiez quelles informations nous collectons, comment nous les utilisons et dans quelles circonstances, si tout, nous le divulguons. Nous nous r\u00e9servons le droit de modifier cette d\u00e9claration de confidentialit\u00e9 \u00e0 tout moment. Si nous apportons des modifications importantes \u00e0 cette politique, nous vous en informerons par un avis sur notre site Web.<\/p>\n","protected":false},"excerpt":{"rendered":"<p>Politique de confidentialit\u00e9 et de s\u00e9curit\u00e9 Introduction SDI Limited consid\u00e8re la confidentialit\u00e9 des clients comme un \u00e9l\u00e9ment important de notre relation avec nos clients. La politique de confidentialit\u00e9 suivante s&#8217;applique &hellip; <a href=\"https:\/\/www.sdi.com.au\/fr\/privacy\/\" class=\"more-link\">Continue reading<span class=\"screen-reader-text\"> &#8220;Privacy&#8221;<\/span><\/a><\/p>\n","protected":false},"author":14,"featured_media":0,"parent":0,"menu_order":0,"comment_status":"closed","ping_status":"closed","template":"page-templates\/internal-page.php","meta":{"_acf_changed":false,"_price":"","_stock":"","_tribe_ticket_header":"","_tribe_default_ticket_provider":"","_ticket_start_date":"","_ticket_end_date":"","_tribe_ticket_show_description":"","_tribe_ticket_show_not_going":false,"_tribe_ticket_use_global_stock":"","_tribe_ticket_global_stock_level":"","_global_stock_mode":"","_global_stock_cap":"","_tribe_rsvp_for_event":"","_tribe_ticket_going_count":"","_tribe_ticket_not_going_count":"","_tribe_tickets_list":"[]","_tribe_ticket_has_attendee_info_fields":false,"footnotes":"","_tec_slr_enabled":"","_tec_slr_layout":"","_wp_rev_ctl_limit":""},"class_list":["post-17578","page","type-page","status-publish","hentry"],"acf":[],"ticketed":false,"_links":{"self":[{"href":"https:\/\/www.sdi.com.au\/fr\/wp-json\/wp\/v2\/pages\/17578","targetHints":{"allow":["GET"]}}],"collection":[{"href":"https:\/\/www.sdi.com.au\/fr\/wp-json\/wp\/v2\/pages"}],"about":[{"href":"https:\/\/www.sdi.com.au\/fr\/wp-json\/wp\/v2\/types\/page"}],"author":[{"embeddable":true,"href":"https:\/\/www.sdi.com.au\/fr\/wp-json\/wp\/v2\/users\/14"}],"replies":[{"embeddable":true,"href":"https:\/\/www.sdi.com.au\/fr\/wp-json\/wp\/v2\/comments?post=17578"}],"version-history":[{"count":3,"href":"https:\/\/www.sdi.com.au\/fr\/wp-json\/wp\/v2\/pages\/17578\/revisions"}],"predecessor-version":[{"id":22096,"href":"https:\/\/www.sdi.com.au\/fr\/wp-json\/wp\/v2\/pages\/17578\/revisions\/22096"}],"wp:attachment":[{"href":"https:\/\/www.sdi.com.au\/fr\/wp-json\/wp\/v2\/media?parent=17578"}],"curies":[{"name":"wp","href":"https:\/\/api.w.org\/{rel}","templated":true}]}}