{"id":8190,"date":"2016-12-26T08:56:08","date_gmt":"2016-12-26T08:56:08","guid":{"rendered":"http:\/\/localhost\/sdi\/www\/fr\/research-abstracts\/"},"modified":"2025-11-14T14:06:30","modified_gmt":"2025-11-14T03:06:30","slug":"research-abstracts","status":"publish","type":"page","link":"https:\/\/www.sdi.com.au\/fr\/downloads\/research-abstracts\/","title":{"rendered":"R\u00e9sum\u00e9s de recherche"},"content":{"rendered":"<div class=\"wpb-content-wrapper\"><p>[vc_row][vc_column][vc_row_inner el_class=&#8221;no-padding&#8221;][vc_column_inner width=&#8221;2\/3&#8243;][vc_column_text]<\/p>\n<h1>R\u00e9sum\u00e9s de recherche<\/h1>\n<p>[\/vc_column_text][vc_column_text]Veuillez trouver la liste des r\u00e9sum\u00e9s de recherche de nos produits. Pour rechercher le resum\u00e9 de recherche d\u2019un produit en particulier, veuillez cliquer sur le lien ci-dessous.<\/p>\n<p>Pour demander une copie de recherche complete, cliquez sur le lien &#8220;Request Full Copy&#8221; et envoyez nous un e-mail en indiquant votre nom complet, le nom de votre soci\u00e9t\u00e9, votre poste et vos coordonn\u00e9es afin de pouvoir vous contacter. Veuillez noter que ces documents ne sont disponibles qu\u2019en anglais.[\/vc_column_text][\/vc_column_inner][vc_column_inner width=&#8221;1\/3&#8243;][vc_empty_space height=&#8221;30px&#8221;][vc_single_image image=&#8221;30438&#8243; img_size=&#8221;full&#8221;][\/vc_column_inner][\/vc_row_inner][vc_row_inner el_class=&#8221;download_item&#8221;][vc_column_inner width=&#8221;1\/4&#8243;][vc_column_text]<\/p>\n<table>\n<tbody>\n<tr>\n<td width=\"35\"><img loading=\"lazy\" decoding=\"async\" class=\"alignnone wp-image-531 size-full\" src=\"\/wp-content\/uploads\/2017\/01\/CONSEAL-F_SYRINGES-sth.jpg\" width=\"25\" height=\"25\" \/><\/td>\n<td><b><a href=\"\/fr\/research-abstracts\/research-abstracts-conseal-f\/\">conseal f<\/a><\/b><\/td>\n<\/tr>\n<\/tbody>\n<\/table>\n<p>[\/vc_column_text][vc_column_text]<\/p>\n<table>\n<tbody>\n<tr>\n<td width=\"35\"><img loading=\"lazy\" decoding=\"async\" class=\"alignnone wp-image-779 size-full\" src=\"\/wp-content\/uploads\/2017\/01\/F-400-30g-Powder-sth.jpg\" width=\"25\" height=\"25\" \/><\/td>\n<td><b><a class=\"jce_file\" title=\"f-400\" href=\"\/fr\/research-abstracts\/research-abstracts-f400\/\">f-400<\/a><\/b><\/td>\n<\/tr>\n<\/tbody>\n<\/table>\n<p>[\/vc_column_text][vc_column_text]<\/p>\n<table>\n<tbody>\n<tr>\n<td width=\"35\"><img loading=\"lazy\" decoding=\"async\" class=\"alignnone wp-image-559 size-full\" src=\"\/wp-content\/uploads\/2017\/01\/Glacier-syr-n-comp-sth.jpg\" width=\"25\" height=\"25\" \/><\/td>\n<td><b><a class=\"jce_file\" title=\"glacier\" href=\"\/fr\/research-abstracts\/research-abstracts-glacier\/\">glacier<\/a><\/b><\/td>\n<\/tr>\n<\/tbody>\n<\/table>\n<p>[\/vc_column_text][vc_column_text]<\/p>\n<table>\n<tbody>\n<tr>\n<td width=\"35\"><img loading=\"lazy\" decoding=\"async\" class=\"alignnone wp-image-561 size-full\" src=\"\/wp-content\/uploads\/2017\/01\/GS-80-capsule-sth.jpg\" width=\"25\" height=\"25\" \/><\/td>\n<td><b><a href=\"\/fr\/research-abstracts\/research-abstracts-gs80\/\">gs-80<\/a><\/b><\/td>\n<\/tr>\n<\/tbody>\n<\/table>\n<p>[\/vc_column_text][vc_column_text]<\/p>\n<table>\n<tbody>\n<tr>\n<td width=\"35\"><img loading=\"lazy\" decoding=\"async\" class=\"alignnone wp-image-565 size-full\" src=\"\/wp-content\/uploads\/2017\/01\/Radiometer-sth.jpg\" width=\"25\" height=\"25\" \/><\/td>\n<td><b><a href=\"\/fr\/research-abstracts\/research-abstracts-led-radiometer\/\">LED radiometer<\/a><\/b><\/td>\n<\/tr>\n<\/tbody>\n<\/table>\n<p>[\/vc_column_text][vc_column_text]<\/p>\n<table>\n<tbody>\n<tr>\n<td width=\"35\"><img loading=\"lazy\" decoding=\"async\" class=\"alignnone wp-image-586 size-full\" src=\"\/wp-content\/uploads\/2017\/01\/Lojic_plus-cap-sth.jpg\" width=\"25\" height=\"25\" \/><\/td>\n<td><b><a class=\"jce_file\" title=\"new ultrafine\" href=\"\/fr\/research-abstracts\/research-abstracts-lojic\/\">lojic +<\/a><\/b><\/td>\n<\/tr>\n<\/tbody>\n<\/table>\n<p>[\/vc_column_text][\/vc_column_inner][vc_column_inner width=&#8221;1\/4&#8243;][vc_column_text]<\/p>\n<table>\n<tbody>\n<tr>\n<td width=\"35\"><img loading=\"lazy\" decoding=\"async\" class=\"alignnone wp-image-1313 size-full\" src=\"\/wp-content\/uploads\/2017\/01\/Luna-Syringes-sth.jpg\" width=\"25\" height=\"25\" \/><\/td>\n<td><a href=\"\/fr\/research-abstracts\/research-abstracts-luna\/\"><b>luna <\/b><\/a><\/td>\n<\/tr>\n<\/tbody>\n<\/table>\n<p>[\/vc_column_text][vc_column_text]<\/p>\n<table>\n<tbody>\n<tr>\n<td width=\"35\"><img loading=\"lazy\" decoding=\"async\" class=\"alignnone wp-image-589 size-full\" src=\"\/wp-content\/uploads\/2017\/01\/Permite-capsule-sth.jpg\" width=\"25\" height=\"25\" \/><\/td>\n<td><b><a class=\"jce_file\" title=\"new ultrafine\" href=\"\/fr\/research-abstracts\/research-abstracts-permite\/\">permite<\/a><\/b><\/td>\n<\/tr>\n<\/tbody>\n<\/table>\n<p>[\/vc_column_text][vc_column_text]<\/p>\n<table>\n<tbody>\n<tr>\n<td width=\"35\"><img loading=\"lazy\" decoding=\"async\" class=\"alignnone wp-image-793 size-full\" src=\"\/pdfs\/icons\/poladay polanight.jpg\" width=\"25\" height=\"25\" \/><\/td>\n<td><b><a href=\"\/fr\/research-abstracts\/research-abstracts-pola-day-pola-night\/\">pola day \/ pola night<\/a><\/b><\/td>\n<\/tr>\n<\/tbody>\n<\/table>\n<p>[\/vc_column_text][vc_column_text]<\/p>\n<table>\n<tbody>\n<tr>\n<td width=\"35\"><img loading=\"lazy\" decoding=\"async\" class=\"alignnone wp-image-793 size-full\" src=\"\/pdfs\/icons\/polaoffice.jpg\" width=\"25\" height=\"25\" \/><\/td>\n<td><b><a href=\"\/fr\/research-abstracts\/research-abstracts-pola-office\/\">pola office<\/a><\/b><\/td>\n<\/tr>\n<\/tbody>\n<\/table>\n<p>[\/vc_column_text][vc_column_text]<\/p>\n<table>\n<tbody>\n<tr>\n<td width=\"35\"><img loading=\"lazy\" decoding=\"async\" class=\"alignnone wp-image-793 size-full\" src=\"\/pdfs\/icons\/polaoffice plus.jpg\" width=\"25\" height=\"25\" \/><\/td>\n<td><b><a href=\"\/fr\/research-abstracts\/research-abstracts-pola-office-2\/\">pola office+<\/a> <\/b><\/td>\n<\/tr>\n<\/tbody>\n<\/table>\n<p>[\/vc_column_text][vc_column_text]<\/p>\n<table>\n<tbody>\n<tr>\n<td width=\"35\"><img loading=\"lazy\" decoding=\"async\" class=\"alignnone wp-image-793 size-full\" src=\"\/pdfs\/icons\/poladay cp.jpg\" width=\"25\" height=\"25\" \/><\/td>\n<td><b><a href=\"\/fr\/research-abstracts\/research-abstracts-pola-day-cp-pola-zing\/\">pola day CP \/ pola zing<\/a><\/b><\/td>\n<\/tr>\n<\/tbody>\n<\/table>\n<p>[\/vc_column_text][\/vc_column_inner][vc_column_inner width=&#8221;1\/4&#8243;][vc_column_text]<\/p>\n<table>\n<tbody>\n<tr>\n<td width=\"35\"><img loading=\"lazy\" decoding=\"async\" class=\"alignnone wp-image-599 size-full\" src=\"\/wp-content\/uploads\/2017\/01\/Radii-Plus-sth.jpg\" width=\"25\" height=\"25\" \/><\/td>\n<td><b><a href=\"\/fr\/research-abstracts\/research-abstracts-radii-plus\/\">radii plus<\/a><\/b><\/td>\n<\/tr>\n<\/tbody>\n<\/table>\n<p>[\/vc_column_text][vc_column_text]<\/p>\n<table>\n<tbody>\n<tr>\n<td width=\"35\"><img loading=\"lazy\" decoding=\"async\" class=\"alignnone wp-image-639 size-full\" src=\"\/wp-content\/uploads\/2017\/01\/Riva-BondLC-Capsule-sth.jpg\" width=\"25\" height=\"25\" \/><\/td>\n<td><b><a href=\"\/fr\/research-abstracts\/research-abstracts-riva-bond-lc\/\">riva bond LC<\/a> <\/b><\/td>\n<\/tr>\n<\/tbody>\n<\/table>\n<p>[\/vc_column_text][vc_column_text]<\/p>\n<table>\n<tbody>\n<tr>\n<td width=\"35\"><img loading=\"lazy\" decoding=\"async\" class=\"alignnone wp-image-640 size-full\" src=\"\/wp-content\/uploads\/2017\/01\/RIva-Light-Cure-Capsule-sth.jpg\" width=\"25\" height=\"25\" \/><\/td>\n<td><b><a href=\"\/fr\/research-abstracts\/research-abstracts-riva-light-cure\/\">riva light cure \/ riva light cure HV<\/a><\/b><\/td>\n<\/tr>\n<\/tbody>\n<\/table>\n<p>[\/vc_column_text][vc_column_text]<\/p>\n<table>\n<tbody>\n<tr>\n<td width=\"35\"><img loading=\"lazy\" decoding=\"async\" class=\"alignnone wp-image-641 size-full\" src=\"\/wp-content\/uploads\/2017\/01\/Riva-Luting-Capsule-sth.jpg\" width=\"25\" height=\"25\" \/><\/td>\n<td><b><a href=\"https:\/\/www.sdi.com.au\/fr\/research-abstracts\/research-abstracts-riva-luting\/\">riva luting<\/a><\/b><\/td>\n<\/tr>\n<\/tbody>\n<\/table>\n<p>[\/vc_column_text][vc_column_text]<\/p>\n<table>\n<tbody>\n<tr>\n<td width=\"35\"><img loading=\"lazy\" decoding=\"async\" class=\"alignnone wp-image-642 size-full\" src=\"\/wp-content\/uploads\/2017\/01\/Riva-Lut-PlusCapSML-JPN-sth.jpg\" width=\"25\" height=\"25\" \/><\/td>\n<td><b><a href=\"\/fr\/research-abstracts\/research-abstracts-riva-luting-plus-research\/\">riva luting plus<\/a><\/b><\/td>\n<\/tr>\n<\/tbody>\n<\/table>\n<p>[\/vc_column_text][vc_column_text]<\/p>\n<table>\n<tbody>\n<tr>\n<td width=\"35\"><img loading=\"lazy\" decoding=\"async\" class=\"alignnone wp-image-643 size-full\" src=\"\/wp-content\/uploads\/2017\/01\/Riva-Prot-White-Capsule-sth.jpg\" width=\"25\" height=\"25\" \/><\/td>\n<td><b><a href=\"\/fr\/research-abstracts\/research-abstracts-riva-protect-research\/\">riva protect<\/a><\/b><\/td>\n<\/tr>\n<\/tbody>\n<\/table>\n<p>[\/vc_column_text][vc_column_text]<\/p>\n<table>\n<tbody>\n<tr>\n<td width=\"35\"><img loading=\"lazy\" decoding=\"async\" class=\"alignnone wp-image-680 size-full\" src=\"\/wp-content\/uploads\/2017\/01\/Riva-Self-Cure-Capsule-sth.jpg\" width=\"25\" height=\"25\" \/><\/td>\n<td><b><a href=\"\/fr\/research-abstracts\/riva-self-cure-riva-self-cure-hv-research\/\">riva self cure \/ riva self cure HV<\/a><\/b><\/td>\n<\/tr>\n<\/tbody>\n<\/table>\n<p>[\/vc_column_text][\/vc_column_inner][vc_column_inner width=&#8221;1\/4&#8243;][vc_column_text]<\/p>\n<table>\n<tbody>\n<tr>\n<td width=\"35\"><img loading=\"lazy\" decoding=\"async\" class=\"alignnone wp-image-681 size-full\" src=\"\/wp-content\/uploads\/2017\/01\/Riva-Silver-Capsule-sth.jpg\" width=\"25\" height=\"25\" \/><\/td>\n<td><b><a href=\"\/fr\/research-abstracts\/research-abstracts-riva-silver-research\/\">riva silver<\/a><\/b><\/td>\n<\/tr>\n<\/tbody>\n<\/table>\n<p>[\/vc_column_text][vc_column_text]<\/p>\n<table>\n<tbody>\n<tr>\n<td width=\"35\"><img loading=\"lazy\" decoding=\"async\" class=\"alignnone wp-image-682 size-full\" src=\"\/wp-content\/uploads\/2017\/01\/Riva-Star-Capsule-sth.jpg\" width=\"25\" height=\"25\" \/><\/td>\n<td><b><a href=\"\/fr\/research-abstracts\/research-abstracts-riva-star-research\/\">riva star<\/a> <\/b><\/td>\n<\/tr>\n<\/tbody>\n<\/table>\n<p>[\/vc_column_text][vc_column_text]<\/p>\n<table>\n<tbody>\n<tr>\n<td width=\"35\"><img loading=\"lazy\" decoding=\"async\" class=\"alignnone wp-image-684 size-full\" src=\"\/wp-content\/uploads\/2017\/01\/Rok-Syr-Complets-sth.jpg\" width=\"25\" height=\"25\" \/><\/td>\n<td><b><a class=\"jce_file\" title=\"rok\" href=\"\/fr\/research-abstracts\/research-abstracts-rok-research\/\">rok<\/a><\/b><\/td>\n<\/tr>\n<\/tbody>\n<\/table>\n<p>[\/vc_column_text][vc_column_text]<\/p>\n<table>\n<tbody>\n<tr>\n<td width=\"35\"><img loading=\"lazy\" decoding=\"async\" class=\"alignnone wp-image-717 size-full\" src=\"\/wp-content\/uploads\/2017\/01\/seT-capsule-sth.jpg\" width=\"25\" height=\"25\" \/><\/td>\n<td><b><a href=\"\/fr\/research-abstracts\/research-abstracts-set-research\/\">seT<\/a><\/b><\/td>\n<\/tr>\n<\/tbody>\n<\/table>\n<p>[\/vc_column_text][vc_column_text]<\/p>\n<table>\n<tbody>\n<tr>\n<td width=\"35\"><img loading=\"lazy\" decoding=\"async\" class=\"alignnone wp-image-1296 size-full\" src=\"\/wp-content\/uploads\/2017\/01\/seT-PP-syringe-tips-sth.jpg\" width=\"25\" height=\"25\" \/><\/td>\n<td><b><a href=\"\/fr\/research-abstracts\/research-abstracts-set-pp-research\/\">seT PP<\/a><\/b><\/td>\n<\/tr>\n<\/tbody>\n<\/table>\n<p>[\/vc_column_text][vc_column_text]<\/p>\n<table>\n<tbody>\n<tr>\n<td width=\"35\"><img loading=\"lazy\" decoding=\"async\" class=\"alignnone wp-image-793 size-full\" src=\"\/pdfs\/icons\/soothe.jpg\" width=\"25\" height=\"25\" \/><\/td>\n<td><b><a href=\"\/fr\/research-abstracts\/research-abstracts-soothe-research\/\">soothe<\/a><\/b><\/td>\n<\/tr>\n<\/tbody>\n<\/table>\n<p>[\/vc_column_text][vc_column_text]<\/p>\n<table>\n<tbody>\n<tr>\n<td width=\"35\"><img loading=\"lazy\" decoding=\"async\" class=\"alignnone wp-image-721 size-full\" src=\"\/wp-content\/uploads\/2017\/01\/Stae-Bottle-sth.jpg\" width=\"25\" height=\"25\" \/><\/td>\n<td><b><a href=\"\/fr\/research-abstracts\/research-abstracts-stae-research\/\">stae<\/a><\/b><\/td>\n<\/tr>\n<\/tbody>\n<\/table>\n<p>[\/vc_column_text][vc_column_text]<\/p>\n<table>\n<tbody>\n<tr>\n<td width=\"35\"><img loading=\"lazy\" decoding=\"async\" class=\"alignnone wp-image-733 size-full\" src=\"\/wp-content\/uploads\/2017\/01\/Wave-Syringes-Comp-sth.jpg\" width=\"25\" height=\"25\" \/><\/td>\n<td><b><a href=\"\/fr\/research-abstracts\/research-abstracts-wave-research\/\">wave<\/a><\/b><\/td>\n<\/tr>\n<\/tbody>\n<\/table>\n<p>[\/vc_column_text][\/vc_column_inner][\/vc_row_inner][\/vc_column][\/vc_row]<\/p>\n<\/div>","protected":false},"excerpt":{"rendered":"<p>[vc_row][vc_column][vc_row_inner el_class=&#8221;no-padding&#8221;][vc_column_inner width=&#8221;2\/3&#8243;][vc_column_text] R\u00e9sum\u00e9s de recherche [\/vc_column_text][vc_column_text]Veuillez trouver la liste des r\u00e9sum\u00e9s de recherche de nos produits. Pour rechercher le resum\u00e9 de recherche d\u2019un produit en particulier, veuillez cliquer sur &hellip; <a href=\"https:\/\/www.sdi.com.au\/fr\/downloads\/research-abstracts\/\" class=\"more-link\">Continue reading<span class=\"screen-reader-text\"> &#8220;R\u00e9sum\u00e9s de recherche&#8221;<\/span><\/a><\/p>\n","protected":false},"author":14,"featured_media":0,"parent":8238,"menu_order":0,"comment_status":"closed","ping_status":"closed","template":"page-templates\/internal-page.php","meta":{"_acf_changed":false,"_price":"","_stock":"","_tribe_ticket_header":"","_tribe_default_ticket_provider":"","_ticket_start_date":"","_ticket_end_date":"","_tribe_ticket_show_description":"","_tribe_ticket_show_not_going":false,"_tribe_ticket_use_global_stock":"","_tribe_ticket_global_stock_level":"","_global_stock_mode":"","_global_stock_cap":"","_tribe_rsvp_for_event":"","_tribe_ticket_going_count":"","_tribe_ticket_not_going_count":"","_tribe_tickets_list":"[]","_tribe_ticket_has_attendee_info_fields":false,"footnotes":"","_tec_slr_enabled":"","_tec_slr_layout":"","_wp_rev_ctl_limit":""},"class_list":["post-8190","page","type-page","status-publish","hentry"],"acf":[],"ticketed":false,"_links":{"self":[{"href":"https:\/\/www.sdi.com.au\/fr\/wp-json\/wp\/v2\/pages\/8190","targetHints":{"allow":["GET"]}}],"collection":[{"href":"https:\/\/www.sdi.com.au\/fr\/wp-json\/wp\/v2\/pages"}],"about":[{"href":"https:\/\/www.sdi.com.au\/fr\/wp-json\/wp\/v2\/types\/page"}],"author":[{"embeddable":true,"href":"https:\/\/www.sdi.com.au\/fr\/wp-json\/wp\/v2\/users\/14"}],"replies":[{"embeddable":true,"href":"https:\/\/www.sdi.com.au\/fr\/wp-json\/wp\/v2\/comments?post=8190"}],"version-history":[{"count":8,"href":"https:\/\/www.sdi.com.au\/fr\/wp-json\/wp\/v2\/pages\/8190\/revisions"}],"predecessor-version":[{"id":187948,"href":"https:\/\/www.sdi.com.au\/fr\/wp-json\/wp\/v2\/pages\/8190\/revisions\/187948"}],"up":[{"embeddable":true,"href":"https:\/\/www.sdi.com.au\/fr\/wp-json\/wp\/v2\/pages\/8238"}],"wp:attachment":[{"href":"https:\/\/www.sdi.com.au\/fr\/wp-json\/wp\/v2\/media?parent=8190"}],"curies":[{"name":"wp","href":"https:\/\/api.w.org\/{rel}","templated":true}]}}