{"id":8276,"date":"2016-12-26T08:03:04","date_gmt":"2016-12-26T08:03:04","guid":{"rendered":"http:\/\/localhost\/sdi\/www\/fr\/downloads\/case-study\/"},"modified":"2021-11-26T09:38:53","modified_gmt":"2021-11-25T22:38:53","slug":"case-study","status":"publish","type":"page","link":"https:\/\/www.sdi.com.au\/fr\/downloads\/case-study\/","title":{"rendered":"Case Study"},"content":{"rendered":"<div class=\"wpb-content-wrapper\"><p>[vc_row][vc_column][vc_row_inner el_class=&#8221;no-padding&#8221;][vc_column_inner width=&#8221;2\/3&#8243;][vc_column_text]<\/p>\n<h1>Case Study<\/h1>\n<p>[\/vc_column_text][\/vc_column_inner][vc_column_inner width=&#8221;1\/3&#8243;][vc_single_image image=&#8221;330&#8243; img_size=&#8221;full&#8221;][\/vc_column_inner][\/vc_row_inner][vc_row_inner el_class=&#8221;download_item&#8221;][vc_column_inner][vc_column_text]<\/p>\n<h3><b>Aura case study<\/b><\/h3>\n<p>1. Le nouvel Aura pour l\u2019esth\u00e9tique dentaire &#8211; Dr. Linda Greenwall &#8211; Hampstead, UK<br \/>\n<a class=\"jce_file\" title=\"Cliquez ici pour t\u00e9l\u00e9charger le PDF\" href=\"\/wp-content\/uploads\/2017\/02\/Aura_Case_Study_1_Linda_FR.pdf\" target=\"_blank\" rel=\"noopener\">Cliquez ici pour t\u00e9l\u00e9charger le PDF<\/a><\/p>\n<p>2. Facettes directes avec les mat\u00e9riaux composites Aura &#8211; Dr. Hugh Flax<br \/>\n<a class=\"jce_file\" title=\"Cliquez ici pour t\u00e9l\u00e9charger le PDF\" href=\"\/wp-content\/uploads\/2017\/02\/Aura_Case_Study_2_Hugh_FR.pdf\" target=\"_blank\" rel=\"noopener\">Cliquez ici pour t\u00e9l\u00e9charger le PDF<\/a><\/p>\n<p>3. Aura Posterior Mat\u00e9riau en vrac de restauration &#8211; Dr. Robert A. Lowe, DDS<br \/>\n<a class=\"jce_file\" title=\"Cliquez ici pour t\u00e9l\u00e9charger le PDF\" href=\"\/wp-content\/uploads\/2017\/02\/Aura_Case_Study_3_Bob_FR.pdf\" target=\"_blank\" rel=\"noopener\">Cliquez ici pour t\u00e9l\u00e9charger le PDF<\/a><\/p>\n<p>4. \u00c9mail ant\u00e9rieur Aura \/ Dentine restauratrice &#8211; Dr.\u2009Gregor Thomas, DDS, MSc, PhD<br \/>\n<a class=\"jce_file\" title=\"Cliquez ici pour t\u00e9l\u00e9charger le PDF\" href=\"\/wp-content\/uploads\/2017\/02\/Aura_Case_Study_4_Gregor_FR.pdf\" target=\"_blank\" rel=\"noopener\">Cliquez ici pour t\u00e9l\u00e9charger le PDF<\/a><\/p>\n<p>5. Strates de facettes et Remplacement non invasif de l\u2019incisive inf\u00e9rieure manquante &#8211; Dr. Terry Wong, B.Sc.<br \/>\n<a class=\"jce_file\" title=\"Cliquez ici pour t\u00e9l\u00e9charger le PDF\" href=\"\/wp-content\/uploads\/2017\/02\/Aura_Case_Study_5_Terry_FR.pdf\" target=\"_blank\" rel=\"noopener\">Cliquez ici pour t\u00e9l\u00e9charger le PDF<\/a><\/p>\n<p>6. Une technique simple et rapide pour restaurer esth\u00e9tiquement une dent ant\u00e9rieure avec une hypomin\u00e9ralisation molaire-incisive grave (MIH) &#8211; Dr. Patrick Rouas (France)<br \/>\n<a class=\"jce_file\" title=\"Cliquez ici pour t\u00e9l\u00e9charger le PDF\" href=\"\/wp-content\/uploads\/2017\/02\/Aura_Case_Study_6_Rouas_FR.pdf\" target=\"_blank\" rel=\"noopener\">Cliquez ici pour t\u00e9l\u00e9charger le PDF<\/a><\/p>\n<p>7. Une m\u00e9thode simple et rapide pour r\u00e9parer de mani\u00e8re esth\u00e9tique une cavit\u00e9 post\u00e9rieure d\u00e9fectueuse de classe II &#8211; Dr. Graeme Milicich<br \/>\n<a class=\"jce_file\" title=\"Cliquez ici pour t\u00e9l\u00e9charger le PDF\" href=\"\/wp-content\/uploads\/2017\/02\/Aura_Case_Study_7_Graeme_FR.pdf\" target=\"_blank\" rel=\"noopener\">Cliquez ici pour t\u00e9l\u00e9charger le PDF<\/a><\/p>\n<p>8. Technique id\u00e9ale pour restaurer une pr\u00e9molaire avec carie profonde en utilisant le syst\u00e8me composite Aura (SDI Ltd.) &#8211; Dr. Graeme Milicich<br \/>\n<a class=\"jce_file\" title=\"Cliquez ici pour t\u00e9l\u00e9charger le PDF\" href=\"\/wp-content\/uploads\/2017\/02\/Aura_Case_Study_8_Graeme_FR.pdf\" target=\"_blank\" rel=\"noopener\">Cliquez ici pour t\u00e9l\u00e9charger le PDF<\/a><\/p>\n<p>9. Traitement de restauration d\u2019une dent pr\u00e9c\u00e9demment blanchie &#8211; Dr Gonzalo Llambes Arenas et Dr Jose Amengual Lorenzo<br \/>\n<a class=\"jce_file\" title=\"Cliquez ici pour t\u00e9l\u00e9charger le PDF\" href=\"\/wp-content\/uploads\/2017\/02\/Aura_Case_Study_9_-Gonzalo_FR.pdf\" target=\"_blank\" rel=\"noopener\">Cliquez ici pour t\u00e9l\u00e9charger le PDF<\/a><\/p>\n<p>10. R\u00e9alisation de composites stratifies &#8211; Dr Guillaume Piskorski \u2013 France<br \/>\n<a href=\"https:\/\/www.sdi.com.au\/wp-content\/uploads\/2021\/11\/Dr-Guillaume-Piskorski-241-003.pdf\" target=\"_blank\" rel=\"noopener\">Cliquez ici pour t\u00e9l\u00e9charger le PDF<\/a>[\/vc_column_text][\/vc_column_inner][\/vc_row_inner][\/vc_column][\/vc_row]<\/p>\n<\/div>","protected":false},"excerpt":{"rendered":"<p>[vc_row][vc_column][vc_row_inner el_class=&#8221;no-padding&#8221;][vc_column_inner width=&#8221;2\/3&#8243;][vc_column_text] Case Study [\/vc_column_text][\/vc_column_inner][vc_column_inner width=&#8221;1\/3&#8243;][vc_single_image image=&#8221;330&#8243; img_size=&#8221;full&#8221;][\/vc_column_inner][\/vc_row_inner][vc_row_inner el_class=&#8221;download_item&#8221;][vc_column_inner][vc_column_text] Aura case study 1. Le nouvel Aura pour l\u2019esth\u00e9tique dentaire &#8211; Dr. Linda Greenwall &#8211; Hampstead, UK Cliquez ici pour &hellip; <a href=\"https:\/\/www.sdi.com.au\/fr\/downloads\/case-study\/\" class=\"more-link\">Continue reading<span class=\"screen-reader-text\"> &#8220;Case Study&#8221;<\/span><\/a><\/p>\n","protected":false},"author":14,"featured_media":0,"parent":8238,"menu_order":0,"comment_status":"closed","ping_status":"closed","template":"page-templates\/internal-page.php","meta":{"_acf_changed":false,"_price":"","_stock":"","_tribe_ticket_header":"","_tribe_default_ticket_provider":"","_ticket_start_date":"","_ticket_end_date":"","_tribe_ticket_show_description":"","_tribe_ticket_show_not_going":false,"_tribe_ticket_use_global_stock":"","_tribe_ticket_global_stock_level":"","_global_stock_mode":"","_global_stock_cap":"","_tribe_rsvp_for_event":"","_tribe_ticket_going_count":"","_tribe_ticket_not_going_count":"","_tribe_tickets_list":"[]","_tribe_ticket_has_attendee_info_fields":false,"footnotes":"","_tec_slr_enabled":"","_tec_slr_layout":"","_wp_rev_ctl_limit":""},"class_list":["post-8276","page","type-page","status-publish","hentry"],"acf":[],"ticketed":false,"_links":{"self":[{"href":"https:\/\/www.sdi.com.au\/fr\/wp-json\/wp\/v2\/pages\/8276","targetHints":{"allow":["GET"]}}],"collection":[{"href":"https:\/\/www.sdi.com.au\/fr\/wp-json\/wp\/v2\/pages"}],"about":[{"href":"https:\/\/www.sdi.com.au\/fr\/wp-json\/wp\/v2\/types\/page"}],"author":[{"embeddable":true,"href":"https:\/\/www.sdi.com.au\/fr\/wp-json\/wp\/v2\/users\/14"}],"replies":[{"embeddable":true,"href":"https:\/\/www.sdi.com.au\/fr\/wp-json\/wp\/v2\/comments?post=8276"}],"version-history":[{"count":2,"href":"https:\/\/www.sdi.com.au\/fr\/wp-json\/wp\/v2\/pages\/8276\/revisions"}],"predecessor-version":[{"id":28762,"href":"https:\/\/www.sdi.com.au\/fr\/wp-json\/wp\/v2\/pages\/8276\/revisions\/28762"}],"up":[{"embeddable":true,"href":"https:\/\/www.sdi.com.au\/fr\/wp-json\/wp\/v2\/pages\/8238"}],"wp:attachment":[{"href":"https:\/\/www.sdi.com.au\/fr\/wp-json\/wp\/v2\/media?parent=8276"}],"curies":[{"name":"wp","href":"https:\/\/api.w.org\/{rel}","templated":true}]}}