{"id":6556,"date":"2016-12-05T08:45:51","date_gmt":"2016-12-05T08:45:51","guid":{"rendered":"http:\/\/localhost\/sdi\/www\/pl-pl\/home\/"},"modified":"2020-04-02T00:08:31","modified_gmt":"2020-04-01T13:08:31","slug":"home","status":"publish","type":"page","link":"https:\/\/www.sdi.com.au\/pl-pl\/","title":{"rendered":"Home"},"content":{"rendered":"<div class=\"wpb-content-wrapper\"><p>[vc_row css_animation=&#8221;none&#8221; css=&#8221;.vc_custom_1519000015798{padding-top: 0px !important;padding-right: 0px !important;padding-bottom: 0px !important;padding-left: 0px !important;}&#8221; el_class=&#8221;no-padding home_sec1&#8243;][vc_column]\n\t\t\t<!-- START Homepage plpl V2 REVOLUTION SLIDER 6.7.41 --><p class=\"rs-p-wp-fix\"><\/p>\n\t\t\t<rs-module-wrap id=\"rev_slider_21_1_wrapper\" data-source=\"gallery\" style=\"visibility:hidden;background:transparent;padding:0;margin:0px auto;margin-top:0;margin-bottom:0;\">\n\t\t\t\t<rs-module id=\"rev_slider_21_1\" style=\"\" data-version=\"6.7.41\">\n\t\t\t\t\t<rs-slides style=\"overflow: hidden; position: absolute;\">\n\t\t\t\t\t\t<rs-slide style=\"position: absolute;\" data-key=\"rs-63\" data-title=\"Homepage Front slide\" data-duration=\"15000\" data-anim=\"adpr:false;\" data-in=\"o:0;\" data-out=\"a:false;\">\n\t\t\t\t\t\t\t<img decoding=\"async\" src=\"\/\/www.sdi.com.au\/wp-content\/plugins\/revslider\/sr6\/assets\/assets\/dummy.png\" alt=\"\" title=\"Home\" class=\"rev-slidebg tp-rs-img rs-lazyload\" data-lazyload=\"\/\/www.sdi.com.au\/wp-content\/uploads\/revslider\/homepage-polish\/sdihomepageslider.jpg\" data-no-retina>\n<!--\n\t\t\t\t\t\t\t--><rs-layer\n\t\t\t\t\t\t\t\tid=\"slider-21-slide-63-layer-1\" \n\t\t\t\t\t\t\t\tdata-type=\"text\"\n\t\t\t\t\t\t\t\tdata-rsp_ch=\"on\"\n\t\t\t\t\t\t\t\tdata-xy=\"xo:1385px,484px,415px,222px;yo:195px,157px,133px,114px;\"\n\t\t\t\t\t\t\t\tdata-text=\"s:76,76,50,34;l:76,76,50,34;fw:100;a:inherit;\"\n\t\t\t\t\t\t\t\tdata-dim=\"w:188px,188px,284px,284px;h:77px,77px,51px,51px;\"\n\t\t\t\t\t\t\t\tdata-frame_0=\"x:50px;\"\n\t\t\t\t\t\t\t\tdata-frame_1=\"st:600;sp:400;sR:600;\"\n\t\t\t\t\t\t\t\tdata-frame_999=\"o:0;st:4010;sR:3010;\"\n\t\t\t\t\t\t\t\tstyle=\"z-index:5;font-family:\"Kelson-Light\" !important;text-transform:uppercase;\"\n\t\t\t\t\t\t\t>Tw\u00f3j\n \n\t\t\t\t\t\t\t<\/rs-layer><!--\n\n\t\t\t\t\t\t\t--><rs-layer\n\t\t\t\t\t\t\t\tid=\"slider-21-slide-63-layer-2\" \n\t\t\t\t\t\t\t\tdata-type=\"text\"\n\t\t\t\t\t\t\t\tdata-rsp_ch=\"on\"\n\t\t\t\t\t\t\t\tdata-xy=\"xo:1699px,779px,622px,367px;yo:196px,157px,135px,115px;\"\n\t\t\t\t\t\t\t\tdata-text=\"s:76,76,50,34;l:76,76,50,34;a:inherit;\"\n\t\t\t\t\t\t\t\tdata-dim=\"w:247px,247px,297px,297px;h:77px,77px,51px,51px;\"\n\t\t\t\t\t\t\t\tdata-frame_0=\"x:50px;\"\n\t\t\t\t\t\t\t\tdata-frame_1=\"st:600;sp:400;sR:600;\"\n\t\t\t\t\t\t\t\tdata-frame_999=\"o:0;st:4010;sR:3010;\"\n\t\t\t\t\t\t\t\tstyle=\"z-index:7;font-family:\"Kelson\" !important;text-transform:uppercase;\"\n\t\t\t\t\t\t\t>Nasza \n\t\t\t\t\t\t\t<\/rs-layer><!--\n\n\t\t\t\t\t\t\t--><rs-layer\n\t\t\t\t\t\t\t\tid=\"slider-21-slide-63-layer-4\" \n\t\t\t\t\t\t\t\tclass=\"tp-shape tp-shapewrapper\"\n\t\t\t\t\t\t\t\tdata-type=\"shape\"\n\t\t\t\t\t\t\t\tdata-rsp_ch=\"on\"\n\t\t\t\t\t\t\t\tdata-xy=\"xo:1313px,461px,388px,202px;yo:188px,154px,120px,105px;\"\n\t\t\t\t\t\t\t\tdata-text=\"fw:600;a:inherit;\"\n\t\t\t\t\t\t\t\tdata-dim=\"w:3px;h:154px,154px,119px,100px;\"\n\t\t\t\t\t\t\t\tdata-frame_0=\"x:50px;\"\n\t\t\t\t\t\t\t\tdata-frame_1=\"st:600;sp:400;sR:600;\"\n\t\t\t\t\t\t\t\tdata-frame_999=\"o:0;st:4010;sR:3010;\"\n\t\t\t\t\t\t\t\tstyle=\"z-index:6;background-color:#ffffff;\"\n\t\t\t\t\t\t\t> \n\t\t\t\t\t\t\t<\/rs-layer><!--\n\n\t\t\t\t\t\t\t--><rs-layer\n\t\t\t\t\t\t\t\tid=\"slider-21-slide-63-layer-10\" \n\t\t\t\t\t\t\t\tdata-type=\"text\"\n\t\t\t\t\t\t\t\tdata-rsp_ch=\"on\"\n\t\t\t\t\t\t\t\tdata-xy=\"xo:1296px,650px,507px,263px;yo:93px,34px,39px,17px;\"\n\t\t\t\t\t\t\t\tdata-text=\"w:normal;s:46,46,35,34;l:45,45,35,34;fw:100;a:inherit;\"\n\t\t\t\t\t\t\t\tdata-dim=\"w:290px,290px,215px,211px;h:auto,auto,106px,103px;\"\n\t\t\t\t\t\t\t\tdata-frame_1=\"st:4330;sR:4330;\"\n\t\t\t\t\t\t\t\tdata-frame_999=\"st:w;sp:220;sR:10370;\"\n\t\t\t\t\t\t\t\tstyle=\"z-index:8;font-family:\"Kelson-Light\" !important;\"\n\t\t\t\t\t\t\t>Innowacyjna Stomatologia dla lepszego zdrowia \n\t\t\t\t\t\t\t<\/rs-layer><!--\n\n\t\t\t\t\t\t\t--><rs-layer\n\t\t\t\t\t\t\t\tid=\"slider-21-slide-63-layer-11\" \n\t\t\t\t\t\t\t\tdata-type=\"text\"\n\t\t\t\t\t\t\t\tdata-rsp_ch=\"on\"\n\t\t\t\t\t\t\t\tdata-xy=\"xo:1301px,651px,509px,266px;yo:304px,240px,208px,178px;\"\n\t\t\t\t\t\t\t\tdata-text=\"w:normal;s:46,46,35,34;l:45,45,35,34;fw:700,700,400,400;a:inherit;\"\n\t\t\t\t\t\t\t\tdata-dim=\"w:293px,293px,205px,201px;h:auto,auto,141px,auto;\"\n\t\t\t\t\t\t\t\tdata-frame_1=\"st:6910;sp:400;sR:6910;\"\n\t\t\t\t\t\t\t\tdata-frame_999=\"e:nothing;st:w;sp:330;sR:7690;\"\n\t\t\t\t\t\t\t\tstyle=\"z-index:9;font-family:\"Kelson\" !important;\"\n\t\t\t\t\t\t\t>Wyznaczanie trend\u00f3w w stomatologii naukowej. \n\t\t\t\t\t\t\t<\/rs-layer><!--\n\n\t\t\t\t\t\t\t--><rs-layer\n\t\t\t\t\t\t\t\tid=\"slider-21-slide-63-layer-12\" \n\t\t\t\t\t\t\t\tclass=\"tp-shape tp-shapewrapper\"\n\t\t\t\t\t\t\t\tdata-type=\"shape\"\n\t\t\t\t\t\t\t\tdata-rsp_ch=\"on\"\n\t\t\t\t\t\t\t\tdata-xy=\"x:c;xo:339px,291px,227px,122px;y:m;yo:-115px,-125px,-109px,-136px;\"\n\t\t\t\t\t\t\t\tdata-text=\"a:inherit;\"\n\t\t\t\t\t\t\t\tdata-dim=\"w:374px,374px,283px,200px;h:2px;\"\n\t\t\t\t\t\t\t\tdata-frame_1=\"st:5700;sR:5700;\"\n\t\t\t\t\t\t\t\tdata-frame_999=\"st:w;sp:180;sR:9000;\"\n\t\t\t\t\t\t\t\tstyle=\"z-index:10;background-color:#ffffff;\"\n\t\t\t\t\t\t\t> \n\t\t\t\t\t\t\t<\/rs-layer><!--\n\n\t\t\t\t\t\t\t--><rs-layer\n\t\t\t\t\t\t\t\tid=\"slider-21-slide-63-layer-14\" \n\t\t\t\t\t\t\t\tdata-type=\"text\"\n\t\t\t\t\t\t\t\tdata-rsp_ch=\"on\"\n\t\t\t\t\t\t\t\tdata-xy=\"xo:1385px,484px,415px,222px;yo:275px,236px,186px,166px;\"\n\t\t\t\t\t\t\t\tdata-text=\"s:76,76,50,34;l:76,76,50,34;fw:100;a:inherit;\"\n\t\t\t\t\t\t\t\tdata-dim=\"w:342px,342px,284px,284px;h:77px,77px,51px,51px;\"\n\t\t\t\t\t\t\t\tdata-frame_0=\"x:50px;\"\n\t\t\t\t\t\t\t\tdata-frame_1=\"st:600;sp:400;sR:600;\"\n\t\t\t\t\t\t\t\tdata-frame_999=\"o:0;st:4010;sR:3010;\"\n\t\t\t\t\t\t\t\tstyle=\"z-index:11;font-family:\"Kelson-Light\" !important;text-transform:uppercase;\"\n\t\t\t\t\t\t\t>U\u015bmiech. \n\t\t\t\t\t\t\t<\/rs-layer><!--\n\n\t\t\t\t\t\t\t--><rs-layer\n\t\t\t\t\t\t\t\tid=\"slider-21-slide-63-layer-15\" \n\t\t\t\t\t\t\t\tdata-type=\"text\"\n\t\t\t\t\t\t\t\tdata-rsp_ch=\"on\"\n\t\t\t\t\t\t\t\tdata-xy=\"xo:1726px,779px,623px,367px;yo:273px,235px,187px,167px;\"\n\t\t\t\t\t\t\t\tdata-text=\"s:76,76,50,34;l:76,76,50,34;a:inherit;\"\n\t\t\t\t\t\t\t\tdata-dim=\"w:227px,227px,297px,297px;h:77px,77px,51px,51px;\"\n\t\t\t\t\t\t\t\tdata-frame_0=\"x:50px;\"\n\t\t\t\t\t\t\t\tdata-frame_1=\"st:600;sp:400;sR:600;\"\n\t\t\t\t\t\t\t\tdata-frame_999=\"o:0;st:4010;sR:3010;\"\n\t\t\t\t\t\t\t\tstyle=\"z-index:12;font-family:\"Kelson\" !important;text-transform:uppercase;\"\n\t\t\t\t\t\t\t>Wizja. \n\t\t\t\t\t\t\t<\/rs-layer><!--\n-->\t\t\t\t\t<\/rs-slide>\n\t\t\t\t\t<\/rs-slides>\n\t\t\t\t<\/rs-module>\n\t\t\t\t<script>\n\t\t\t\t\tsetREVStartSize({c: 'rev_slider_21_1',rl:[1240,1024,778,480],el:[800,700,600,600],gw:[2200,1024,778,480],gh:[800,700,600,600],type:'standard',justify:'',layout:'fullwidth',mh:\"0\"});if (window.RS_MODULES!==undefined && window.RS_MODULES.modules!==undefined && window.RS_MODULES.modules[\"revslider211\"]!==undefined) {window.RS_MODULES.modules[\"revslider211\"].once = false;window.revapi21 = undefined;if (window.RS_MODULES.checkMinimal!==undefined) window.RS_MODULES.checkMinimal()}\n\t\t\t\t<\/script>\n\t\t\t<\/rs-module-wrap>\n\t\t\t<!-- END REVOLUTION SLIDER -->\n[\/vc_column][\/vc_row][vc_row equal_height=&#8221;yes&#8221; el_class=&#8221;wrapp no-padding home_sec2 homepage_sec2_override&#8221; css=&#8221;.vc_custom_1525146720378{padding-top: 90px !important;padding-bottom: 45px !important;}&#8221;][vc_column width=&#8221;1\/3&#8243;][vc_column_text el_class=&#8221;sec1_welcome&#8221;]<\/p>\n<h3 style=\"text-align: center;\">O SDI<\/h3>\n<p style=\"text-align: center;\">Za\u0142o\u017cona w 1972 roku, SDI jest wiod\u0105cym producentem specjalistycznych materia\u0142\u00f3w stomatologicznych sprzedawanych w ponad 100 krajach na ca\u0142ym \u015bwiecie.<\/p>\n<p>[\/vc_column_text][\/vc_column][vc_column width=&#8221;1\/3&#8243; el_class=&#8221;home_made1&#8243;][vc_column_text]<\/p>\n<h3>Wyprodukowane w Australii.<br \/>\nZnane na ca\u0142ym \u015bwiecie.<\/h3>\n<p>Wszystkie produkty SDI s\u0105 produkowane w stanie Wiktoria, w po\u0142udniowo-wschodnim regionie Australii.<\/p>\n<p>[\/vc_column_text][\/vc_column][vc_column width=&#8221;1\/3&#8243; el_class=&#8221;home_made1&#8243;][vc_column_text]<\/p>\n<h3>MISJA SDI<\/h3>\n<p>Innowacyjna Stomatologia dla lepszego zdrowia.<\/p>\n<p>[\/vc_column_text][\/vc_column][\/vc_row][vc_row el_class=&#8221;no-padding homepage-product-slider-section&#8221;][vc_column][vc_column_text]<\/p>\n<h1 style=\"text-align: center; color: #333;\">SDI\u00a0Produkty<\/h1>\n<p>[\/vc_column_text][vc_column_text]<div class='white' style='background:rgba(0,0,0,0); border:solid 0px rgba(0,0,0,0); border-radius:0px; padding:0px 0px 0px 0px;'>\n<div id='slider_18351' class='owl-carousel sa_owl_theme owl-pagination-true autohide-arrows' data-slider-id='slider_18351' style='visibility:hidden;'>\n<div id='slider_18351_slide01' class='sa_hover_container' style='padding:5% 5%; margin:0px 0%; '><a class=\"product-slider-link\" href=\"\/pl-pl\/products\/accessories\">\r\n<div class=\"product-slider-heading-container\">\r\n<h3 class=\"product-slider-heading\"> Akcesoria pomocnicze\r\n<\/h3>\r\n<\/div>\r\n<div style=\"background-image: url('\/wp-content\/uploads\/2018\/02\/Assorted-Points-hi.jpg');\" class=\"product-slider-container\">\r\n<\/div>\r\n<\/a>\r\n<\/div>\n<div id='slider_18351_slide02' class='sa_hover_container' style='padding:5% 5%; margin:0px 0%; '><a class=\"product-slider-link\" href=\"\/pl-pl\/products\/adhesives\">\r\n<div class=\"product-slider-heading-container\">\r\n<h3 class=\"product-slider-heading\">Materia\u0142y \u0142\u0105cz\u0105ce<\/h3>\r\n<\/div>\r\n<div class=\"product-slider-container\" style=\"background-image: url('\/wp-content\/uploads\/2018\/02\/Riva-Bond-x-3-hi.jpg');\">\u00a0<\/div>\r\n<\/a><\/div>\n<div id='slider_18351_slide03' class='sa_hover_container' style='padding:5% 5%; margin:0px 0%; '><a class=\"product-slider-link\" href=\"\/pl-pl\/products\/alloys\/\">\r\n<div class=\"product-slider-heading-container\">\r\n<h3 class=\"product-slider-heading\">Amalgamaty<\/h3>\r\n<\/div>\r\n<div class=\"product-slider-container\" style=\"background-image: url('\/wp-content\/uploads\/2018\/02\/Permite-Box50-Jar500-hi.jpg');\">\u00a0<\/div>\r\n<\/a><\/div>\n<div id='slider_18351_slide04' class='sa_hover_container' style='padding:5% 5%; margin:0px 0%; '><a class=\"product-slider-link\" href=\"\/pl-pl\/products\/cements\">\r\n<div class=\"product-slider-heading-container\">\r\n<h3 class=\"product-slider-heading\">Cementy<\/h3>\r\n<\/div>\r\n<div class=\"product-slider-container\" style=\"background-image: url('\/wp-content\/uploads\/2018\/02\/SeT-capsules-x-3-hi.jpg');\">\u00a0<\/div>\r\n<\/a><\/div>\n<div id='slider_18351_slide05' class='sa_hover_container' style='padding:5% 5%; margin:0px 0%; '><a class=\"product-slider-link\" href=\"\/pl-pl\/products\/composites\">\r\n<div class=\"product-slider-heading-container\">\r\n<h3 class=\"product-slider-heading\">Kompozyty<\/h3>\r\n<\/div>\r\n<div class=\"product-slider-container\" style=\"background-image: url('\/wp-content\/uploads\/2018\/02\/Aura-Syringe-x-4-hi.jpg');\">\u00a0<\/div>\r\n<\/a><\/div>\n<div id='slider_18351_slide06' class='sa_hover_container' style='padding:5% 5%; margin:0px 0%; '><a class=\"product-slider-link\" href=\"\/pl-pl\/products\/equipment\">\r\n<div class=\"product-slider-heading-container\">\r\n<h3 class=\"product-slider-heading\">Sprz\u0119t<\/h3>\r\n<\/div>\r\n<div class=\"product-slider-container\" style=\"background-image: url('\/wp-content\/uploads\/2018\/02\/Ultramat-2-hi.jpg');\">\u00a0<\/div>\r\n<\/a><\/div>\n<div id='slider_18351_slide07' class='sa_hover_container' style='padding:5% 5%; margin:0px 0%; '><a class=\"product-slider-link\" href=\"\/pl-pl\/products\/etchants\">\r\n<div class=\"product-slider-heading-container\">\r\n<h3 class=\"product-slider-heading\">Wytrawiacze<\/h3>\r\n<\/div>\r\n<div class=\"product-slider-container\" style=\"background-image: url('\/wp-content\/uploads\/2018\/02\/Superetch-Syringes-hi.jpg');\">\u00a0<\/div>\r\n<\/a><\/div>\n<div id='slider_18351_slide08' class='sa_hover_container' style='padding:5% 5%; margin:0px 0%; '><a class=\"product-slider-link\" href=\"\/pl-pl\/products\/glass-ionomers\">\r\n<div class=\"product-slider-heading-container\">\r\n<h3 class=\"product-slider-heading\">Glasjonomery<\/h3>\r\n<\/div>\r\n<div class=\"product-slider-container\" style=\"background-image: url('\/wp-content\/uploads\/2018\/02\/Riva-SC-caps-x-3-hi.jpg');\">\u00a0<\/div>\r\n<\/a><\/div>\n<div id='slider_18351_slide09' class='sa_hover_container' style='padding:5% 5%; margin:0px 0%; '><a class=\"product-slider-link\" href=\"\/pl-pl\/products\/riva-star\">\r\n<div class=\"product-slider-heading-container\">\r\n<h3 class=\"product-slider-heading\">Riva Star<\/h3>\r\n<\/div>\r\n<div class=\"product-slider-container\" style=\"background-image: url('\/wp-content\/uploads\/2018\/02\/Riva-Star-2-x-Caps-hi.jpg');\">\u00a0<\/div>\r\n<\/a><\/div>\n<div id='slider_18351_slide10' class='sa_hover_container' style='padding:5% 5%; margin:0px 0%; '><a class=\"product-slider-link\" href=\"\/pl-pl\/products\/sealants\">\r\n<div class=\"product-slider-heading-container\">\r\n<h3 class=\"product-slider-heading\">Uszczelniacze<\/h3>\r\n<\/div>\r\n<div class=\"product-slider-container\" style=\"background-image: url('\/wp-content\/uploads\/2018\/02\/Conseal-f-syr-n-com-hi.jpg');\">\u00a0<\/div>\r\n<\/a><\/div>\n<div id='slider_18351_slide11' class='sa_hover_container' style='padding:5% 5%; margin:0px 0%; '><a class=\"product-slider-link\" href=\"\/pl-pl\/products\/tooth-whitening-au\">\r\n<div class=\"product-slider-heading-container\">\r\n<h3 class=\"product-slider-heading\">Wybielanie z\u0119b\u00f3w<\/h3>\r\n<\/div>\r\n<div style=\"background-image: url('\/wp-content\/\/uploads\/2021\/10\/polaoffice_3patient_2.jpg');\" class=\"product-slider-container\">\u00a0<\/div>\r\n<\/a><\/div>\n<\/div>\n<\/div>\n<script type='text\/javascript'>\n\tjQuery(document).ready(function() {\n\t\tjQuery('#slider_18351').owlCarousel({\n\t\t\tresponsive:{\n\t\t\t\t0:{ items:1 },\n\t\t\t\t480:{ items:2 },\n\t\t\t\t768:{ items:3 },\n\t\t\t\t980:{ items:4 },\n\t\t\t\t1200:{ items:5 },\n\t\t\t\t1500:{ items:6 }\n\t\t\t},\n\t\t\tautoplay : true,\n\t\t\tautoplayTimeout : 30000,\n\t\t\tautoplayHoverPause : true,\n\t\t\tsmartSpeed : 200,\n\t\t\tfluidSpeed : 200,\n\t\t\tautoplaySpeed : 200,\n\t\t\tnavSpeed : 200,\n\t\t\tdotsSpeed : 200,\n\t\t\tloop : true,\n\t\t\tnav : true,\n\t\t\tnavText : ['Previous','Next'],\n\t\t\tdots : true,\n\t\t\tresponsiveRefreshRate : 200,\n\t\t\tslideBy : 1,\n\t\t\tmergeFit : true,\n\t\t\tautoHeight : false,\n\t\t\tmouseDrag : true,\n\t\t\ttouchDrag : true\n\t\t});\n\t\tjQuery('#slider_18351').css('visibility', 'visible');\n\t\tsa_resize_slider_18351();\n\t\twindow.addEventListener('resize', sa_resize_slider_18351);\n\t\tfunction sa_resize_slider_18351() {\n\t\t\tvar min_height = '50';\n\t\t\tvar win_width = jQuery(window).width();\n\t\t\tvar slider_width = jQuery('#slider_18351').width();\n\t\t\tif (win_width < 480) {\n\t\t\t\tvar slide_width = slider_width \/ 1;\n\t\t\t} else if (win_width < 768) {\n\t\t\t\tvar slide_width = slider_width \/ 2;\n\t\t\t} else if (win_width < 980) {\n\t\t\t\tvar slide_width = slider_width \/ 3;\n\t\t\t} else if (win_width < 1200) {\n\t\t\t\tvar slide_width = slider_width \/ 4;\n\t\t\t} else if (win_width < 1500) {\n\t\t\t\tvar slide_width = slider_width \/ 5;\n\t\t\t} else {\n\t\t\t\tvar slide_width = slider_width \/ 6;\n\t\t\t}\n\t\t\tslide_width = Math.round(slide_width);\n\t\t\tvar slide_height = '0';\n\t\t\tif (min_height == 'aspect43') {\n\t\t\t\tslide_height = (slide_width \/ 4) * 3;\t\t\t\tslide_height = Math.round(slide_height);\n\t\t\t} else if (min_height == 'aspect169') {\n\t\t\t\tslide_height = (slide_width \/ 16) * 9;\t\t\t\tslide_height = Math.round(slide_height);\n\t\t\t} else {\n\t\t\t\tslide_height = (slide_width \/ 100) * min_height;\t\t\t\tslide_height = Math.round(slide_height);\n\t\t\t}\n\t\t\tjQuery('#slider_18351 .owl-item .sa_hover_container').css('min-height', slide_height+'px');\n\t\t}\n\t\tvar owl_goto = jQuery('#slider_18351');\n\t\tjQuery('.slider_18351_goto1').click(function(event){\n\t\t\towl_goto.trigger('to.owl.carousel', 0);\n\t\t});\n\t\tjQuery('.slider_18351_goto2').click(function(event){\n\t\t\towl_goto.trigger('to.owl.carousel', 1);\n\t\t});\n\t\tjQuery('.slider_18351_goto3').click(function(event){\n\t\t\towl_goto.trigger('to.owl.carousel', 2);\n\t\t});\n\t\tjQuery('.slider_18351_goto4').click(function(event){\n\t\t\towl_goto.trigger('to.owl.carousel', 3);\n\t\t});\n\t\tjQuery('.slider_18351_goto5').click(function(event){\n\t\t\towl_goto.trigger('to.owl.carousel', 4);\n\t\t});\n\t\tjQuery('.slider_18351_goto6').click(function(event){\n\t\t\towl_goto.trigger('to.owl.carousel', 5);\n\t\t});\n\t\tjQuery('.slider_18351_goto7').click(function(event){\n\t\t\towl_goto.trigger('to.owl.carousel', 6);\n\t\t});\n\t\tjQuery('.slider_18351_goto8').click(function(event){\n\t\t\towl_goto.trigger('to.owl.carousel', 7);\n\t\t});\n\t\tjQuery('.slider_18351_goto9').click(function(event){\n\t\t\towl_goto.trigger('to.owl.carousel', 8);\n\t\t});\n\t\tjQuery('.slider_18351_goto10').click(function(event){\n\t\t\towl_goto.trigger('to.owl.carousel', 9);\n\t\t});\n\t\tjQuery('.slider_18351_goto11').click(function(event){\n\t\t\towl_goto.trigger('to.owl.carousel', 10);\n\t\t});\n\t\tvar resize_18390 = jQuery('.owl-carousel');\n\t\tresize_18390.on('initialized.owl.carousel', function(e) {\n\t\t\tif (typeof(Event) === 'function') {\n\t\t\t\twindow.dispatchEvent(new Event('resize'));\n\t\t\t} else {\n\t\t\t\tvar evt = window.document.createEvent('UIEvents');\n\t\t\t\tevt.initUIEvent('resize', true, false, window, 0);\n\t\t\t\twindow.dispatchEvent(evt);\n\t\t\t}\n\t\t});\n\t});\n<\/script>\n[\/vc_column_text][\/vc_column][\/vc_row][vc_row el_class=&#8221;wrapp homepage-event-an-specials-container&#8221; css=&#8221;.vc_custom_1519106311881{background-color: #ffffff !important;}&#8221;][vc_column][vc_row_inner el_class=&#8221;wrapp &#8220;][vc_column_inner el_class=&#8221;homepage-events-container&#8221; width=&#8221;1\/2&#8243;][vc_column_text el_class=&#8221;homepage-specials-section-title&#8221;]<\/p>\n<h3>Wydarzenia<\/h3>\n<p>[\/vc_column_text][vc_column_text]<\/p>\n<p><a class=\"homepage-view-specials-button\" href=\"\/pl-pl\/news\/dental-events\/\">Zobacz wszystkie wydarzenia<\/a><\/p>\n<p>[\/vc_column_text][\/vc_column_inner][vc_column_inner width=&#8221;1\/2&#8243;][vc_column_text el_class=&#8221;homepage-specials-section-title&#8221;]<\/p>\n<h3>Oferty specjalne<\/h3>\n<p>[\/vc_column_text][vc_column_text]<div class=\"white\" style=\"background:rgba(0,0,0,0); border:solid 0px rgba(0,0,0,0); border-radius:0px; padding:0px 0px 0px 0px;\">\r\n    <div id=\"slider_specials\" class=\"owl-carousel sa_owl_theme owl-pagination-true autohide-arrows\" data-slider-id=\"slider_specials\" style=\"visibility:hidden;\">\r\n            <\/div>\r\n<\/div>\r\n<a class=\"homepage-view-specials-button\" href=\"\/pl-pl\/news\/specials\/\">Zobacz aktualne oferty specjalne<\/a>[\/vc_column_text][\/vc_column_inner][\/vc_row_inner][\/vc_column][\/vc_row][vc_row el_class=&#8221;no-padding home_sec5&#8243; css=&#8221;.vc_custom_1524209586797{background: #3d3d3d url(https:\/\/sdi.com.au\/wp-content\/uploads\/2018\/04\/sdi-home-1.jpg?id=17032) !important;background-position: center !important;background-repeat: no-repeat !important;background-size: cover !important;width: 100vw;position: relative;left: 50%;right: 50%;margin-left: -50vw;margin-right: -50vw;}&#8221;][vc_column][vc_row_inner el_class=&#8221;wrapp no-padding quote_home&#8221;][vc_column_inner][vc_column_text]<\/p>\n<p>Wyznaczanie trend\u00f3w w stomatologii naukowej.<\/p>\n<p>[\/vc_column_text][vc_column_text el_class=&#8221;quote_home_name&#8221;]<\/p>\n<p>WIZJA SDI<\/p>\n<p>[\/vc_column_text][\/vc_column_inner][\/vc_row_inner][\/vc_column][\/vc_row][vc_row css=&#8221;.vc_custom_1519084051654{margin-top: 0px !important;}&#8221; el_id=&#8221;homepage-subscribe-row&#8221;][vc_column][vc_column_text el_class=&#8221;homepage-subscribe-title&#8221;]Zapisz si\u0119 do naszego newslettera[\/vc_column_text][vc_column_text css=&#8221;.vc_custom_1585746508207{margin-top: 0px !important;margin-bottom: 0px !important;border-top-width: 0px !important;border-bottom-width: 0px !important;padding-top: 0px !important;padding-bottom: 0px !important;}&#8221; el_class=&#8221;homepage-subscribe-form-textfield&#8221;]<style id='mailster-form-default' type='text\/css'>.mailster-embeded-form body{background:0;padding:0;margin:0}.mailster-embeded-form .mailster-form-body{padding:5px !important;margin:auto !important}.mailster-form-wrap{max-width:100%;max-height:95%;min-width:100px;-webkit-overflow-scrolling:touch}.mailster-form{margin-bottom:20px;position:relative}.mailster-form:before{content:'';position:absolute;display:block;height:100%;width:100%;z-index:1;background-repeat:no-repeat;background-position:center center;background-size:20px 20px;background-image:url('https:\/\/www.sdi.com.au\/wp-content\/plugins\/mailster\/assets\/css\/..\/img\/loading.gif');visibility:hidden;opacity:0;transition:opacity .15s ease-in-out}.mailster-form.loading:before{opacity:1;visibility:visible}@media only screen and (-webkit-min-device-pixel-ratio:2),only screen and (min-resolution:192dpi){.mailster-form:before{background-image:url('https:\/\/www.sdi.com.au\/wp-content\/plugins\/mailster\/assets\/css\/..\/img\/loading_2x.gif')}}.mailster-form:after,.mailster-form-fields:after{content:'.';visibility:hidden;display:block;height:0;clear:both}.mailster-form .mailster-form-fields{transition:all .15s ease-in-out}.mailster-form.completed .mailster-form-fields{height:0;min-height:0;opacity:0;overflow:hidden}.mailster-form,.mailster-form .input,.mailster-form .mailster-form-info{width:100%;box-sizing:border-box}.mailster-embeded-form .mailster-form{margin-bottom:3px}.mailster-form .mailster-wrapper{position:relative;margin-bottom:2px;transition:opacity .15s ease-in-out}.mailster-form.loading .mailster-wrapper{opacity:.2}.mailster-form textarea.input{resize:vertical;height:150px}.mailster-form li{list-style:none !important;margin-left:0;padding-left:0}span.mailster-required{font-size:120%;font-weight:700;color:#bf4d4d}.mailster-lists-wrapper ul{list-style:none;margin-left:0;padding-left:0}.mailster-lists-wrapper ul li{margin-left:0}.mailster-list-description{color:inherit;display:block;margin-left:25px;font-size:.8em}.mailster-form-info{height:0;border-radius:2px;padding:5px;margin-bottom:4px;color:#fff;padding:9px 16px;transition:all .2s;-webkit-transform:scale(0);-moz-transform:scale(0);-ms-transform:scale(0);transform:scale(0)}.mailster-form.loading .mailster-form-info{opacity:0}.mailster-form-info a{color:#fff}.mailster-form-info.success,.mailster-form-info.error{display:block;height:100%;-webkit-transform:scale(1);-moz-transform:scale(1);-ms-transform:scale(1);transform:scale(1)}.mailster-form .error input,.mailster-form .error select,.mailster-form .error textarea{outline:2px solid #bf4d4d;outline-offset:0}.mailster-form-info.error{background:#bf4d4d}.mailster-form-info.success{background-color:#6fbf4d;text-align:center}.mailster-form-info ul,.mailster-form .mailster-form-info p{margin:0;padding:0;max-width:initial}.mailster-form-info ul li{color:inherit;margin-left:0}.mailster-submit-wrapper{margin-top:6px}.mailster-form .submit-button{cursor:pointer}.mailster-form .submit-button:focus{outline:0}<\/style><form action=\"https:\/\/www.sdi.com.au\/pl-pl\/mailster\/subscribe\/\" method=\"post\" class=\"mailster-form mailster-form-submit mailster-ajax-form mailster-form-13\" novalidate><input name=\"_action\" type=\"hidden\" value=\"subscribe\">\n<input name=\"_timestamp\" type=\"hidden\" value=\"1777892936\">\n<input name=\"_referer\" type=\"hidden\" value=\"https:\/\/www.sdi.com.au\/pl-pl\/wp-json\/wp\/v2\/pages\/6556\">\n<input name=\"_nonce\" type=\"hidden\" value=\"76b5d6e166\">\n<input name=\"formid\" type=\"hidden\" value=\"13\">\n<div class=\"mailster-form-fields\">\n<div class=\"mailster-wrapper mailster-email-wrapper\"><input id=\"mailster-email-13\" name=\"email\" type=\"email\" value=\"\" placeholder=\"Email\" class=\"input mailster-email mailster-required\" aria-required=\"true\" aria-label=\"Email\" spellcheck=\"false\"><\/div>\n<div class=\"mailster-wrapper mailster-submit-wrapper form-submit\"><input name=\"submit\" type=\"submit\" value=\"Zapisz si\u0119\" class=\"submit-button button\" aria-label=\"Zapisz si\u0119\"><\/div>\n<\/div>\n<\/form>\n[\/vc_column_text][\/vc_column][\/vc_row]<\/p>\n<\/div>","protected":false},"excerpt":{"rendered":"<p>[vc_row css_animation=&#8221;none&#8221; css=&#8221;.vc_custom_1519000015798{padding-top: 0px !important;padding-right: 0px !important;padding-bottom: 0px !important;padding-left: 0px !important;}&#8221; el_class=&#8221;no-padding home_sec1&#8243;][vc_column][\/vc_column][\/vc_row][vc_row equal_height=&#8221;yes&#8221; el_class=&#8221;wrapp no-padding home_sec2 homepage_sec2_override&#8221; css=&#8221;.vc_custom_1525146720378{padding-top: 90px !important;padding-bottom: 45px !important;}&#8221;][vc_column width=&#8221;1\/3&#8243;][vc_column_text el_class=&#8221;sec1_welcome&#8221;] O SDI Za\u0142o\u017cona w 1972 &hellip; <a href=\"https:\/\/www.sdi.com.au\/pl-pl\/\" class=\"more-link\">Continue reading<span class=\"screen-reader-text\"> &#8220;Home&#8221;<\/span><\/a><\/p>\n","protected":false},"author":14,"featured_media":0,"parent":0,"menu_order":0,"comment_status":"closed","ping_status":"closed","template":"page-templates\/homepage.php","meta":{"_acf_changed":false,"_price":"","_stock":"","_tribe_ticket_header":"","_tribe_default_ticket_provider":"","_ticket_start_date":"","_ticket_end_date":"","_tribe_ticket_show_description":"","_tribe_ticket_show_not_going":false,"_tribe_ticket_use_global_stock":"","_tribe_ticket_global_stock_level":"","_global_stock_mode":"","_global_stock_cap":"","_tribe_rsvp_for_event":"","_tribe_ticket_going_count":"","_tribe_ticket_not_going_count":"","_tribe_tickets_list":"[]","_tribe_ticket_has_attendee_info_fields":false,"footnotes":"","_tec_slr_enabled":"","_tec_slr_layout":"","_wp_rev_ctl_limit":""},"class_list":["post-6556","page","type-page","status-publish","hentry"],"acf":[],"ticketed":false,"_links":{"self":[{"href":"https:\/\/www.sdi.com.au\/pl-pl\/wp-json\/wp\/v2\/pages\/6556","targetHints":{"allow":["GET"]}}],"collection":[{"href":"https:\/\/www.sdi.com.au\/pl-pl\/wp-json\/wp\/v2\/pages"}],"about":[{"href":"https:\/\/www.sdi.com.au\/pl-pl\/wp-json\/wp\/v2\/types\/page"}],"author":[{"embeddable":true,"href":"https:\/\/www.sdi.com.au\/pl-pl\/wp-json\/wp\/v2\/users\/14"}],"replies":[{"embeddable":true,"href":"https:\/\/www.sdi.com.au\/pl-pl\/wp-json\/wp\/v2\/comments?post=6556"}],"version-history":[{"count":26,"href":"https:\/\/www.sdi.com.au\/pl-pl\/wp-json\/wp\/v2\/pages\/6556\/revisions"}],"predecessor-version":[{"id":22492,"href":"https:\/\/www.sdi.com.au\/pl-pl\/wp-json\/wp\/v2\/pages\/6556\/revisions\/22492"}],"wp:attachment":[{"href":"https:\/\/www.sdi.com.au\/pl-pl\/wp-json\/wp\/v2\/media?parent=6556"}],"curies":[{"name":"wp","href":"https:\/\/api.w.org\/{rel}","templated":true}]}}