{"id":6561,"date":"2017-01-30T04:02:36","date_gmt":"2017-01-30T04:02:36","guid":{"rendered":"http:\/\/localhost\/sdi\/www\/pl-pl\/news\/"},"modified":"2019-04-05T13:52:21","modified_gmt":"2019-04-05T02:52:21","slug":"news","status":"publish","type":"page","link":"https:\/\/www.sdi.com.au\/pl-pl\/news\/","title":{"rendered":"Aktualno\u015bci"},"content":{"rendered":"<div class=\"wpb-content-wrapper\"><p>[vc_row][vc_column][vc_row_inner el_class=&#8221;no-padding&#8221;][vc_column_inner][vc_column_text]<\/p>\n<h1>Aktualno\u015bci<\/h1>\n<p>[\/vc_column_text][\/vc_column_inner][\/vc_row_inner][vc_row_inner el_class=&#8221;no-padding item_landing&#8221;][vc_column_inner width=&#8221;1\/3&#8243;][vc_column_text el_class=&#8221;landing_page_item grey1&#8243;]<\/p>\n<h3>Wydarzenia<\/h3>\n<p>Prosz\u0119 wybra\u0107 kraj z listy poni\u017cej aby przejrze\u0107 wydarzenia stomatologiczne w swoim regionie.<\/p>\n<p><a href=\"dental-events\/\">Ucz si\u0119 wi\u0119cej<br \/>\n<\/a>[\/vc_column_text][\/vc_column_inner][vc_column_inner width=&#8221;1\/3&#8243;][vc_column_text el_class=&#8221;landing_page_item grey2&#8243;]<\/p>\n<h3>Promocje<\/h3>\n<p>SDI zapewnia klientom szeroki zakres promocji.<br \/>\n<a href=\"specials\/\">Ucz si\u0119 wi\u0119cej<br \/>\n<\/a>[\/vc_column_text][\/vc_column_inner][vc_column_inner width=&#8221;1\/3&#8243;][vc_column_text el_class=&#8221;landing_page_item grey3&#8243;]<\/p>\n<h3>Subskrypcja<\/h3>\n<p>Pozosta\u0144 w kontakcie z SDI. Prosz\u0119 wype\u0142ni\u0107 poni\u017cszy formularz, aby by\u0107 na bie\u017c\u0105co z wszystkimi nowymi produktami, promocjami, wydarzeniami i nowo\u015bciami stomatologicznymi.<\/p>\n<p><a href=\"subscribe\/\">Ucz si\u0119 wi\u0119cej<br \/>\n<\/a>[\/vc_column_text][\/vc_column_inner][\/vc_row_inner][\/vc_column][\/vc_row]<\/p>\n<\/div>","protected":false},"excerpt":{"rendered":"<p>[vc_row][vc_column][vc_row_inner el_class=&#8221;no-padding&#8221;][vc_column_inner][vc_column_text] Aktualno\u015bci [\/vc_column_text][\/vc_column_inner][\/vc_row_inner][vc_row_inner el_class=&#8221;no-padding item_landing&#8221;][vc_column_inner width=&#8221;1\/3&#8243;][vc_column_text el_class=&#8221;landing_page_item grey1&#8243;] Wydarzenia Prosz\u0119 wybra\u0107 kraj z listy poni\u017cej aby przejrze\u0107 wydarzenia stomatologiczne w swoim regionie. Ucz si\u0119 wi\u0119cej [\/vc_column_text][\/vc_column_inner][vc_column_inner width=&#8221;1\/3&#8243;][vc_column_text el_class=&#8221;landing_page_item grey2&#8243;] &hellip; <a href=\"https:\/\/www.sdi.com.au\/pl-pl\/news\/\" class=\"more-link\">Continue reading<span class=\"screen-reader-text\"> &#8220;Aktualno\u015bci&#8221;<\/span><\/a><\/p>\n","protected":false},"author":14,"featured_media":0,"parent":0,"menu_order":0,"comment_status":"closed","ping_status":"closed","template":"page-templates\/internal-page.php","meta":{"_acf_changed":false,"_price":"","_stock":"","_tribe_ticket_header":"","_tribe_default_ticket_provider":"","_ticket_start_date":"","_ticket_end_date":"","_tribe_ticket_show_description":"","_tribe_ticket_show_not_going":false,"_tribe_ticket_use_global_stock":"","_tribe_ticket_global_stock_level":"","_global_stock_mode":"","_global_stock_cap":"","_tribe_rsvp_for_event":"","_tribe_ticket_going_count":"","_tribe_ticket_not_going_count":"","_tribe_tickets_list":"[]","_tribe_ticket_has_attendee_info_fields":false,"footnotes":"","_tec_slr_enabled":"","_tec_slr_layout":"","_wp_rev_ctl_limit":""},"class_list":["post-6561","page","type-page","status-publish","hentry"],"acf":[],"ticketed":false,"_links":{"self":[{"href":"https:\/\/www.sdi.com.au\/pl-pl\/wp-json\/wp\/v2\/pages\/6561","targetHints":{"allow":["GET"]}}],"collection":[{"href":"https:\/\/www.sdi.com.au\/pl-pl\/wp-json\/wp\/v2\/pages"}],"about":[{"href":"https:\/\/www.sdi.com.au\/pl-pl\/wp-json\/wp\/v2\/types\/page"}],"author":[{"embeddable":true,"href":"https:\/\/www.sdi.com.au\/pl-pl\/wp-json\/wp\/v2\/users\/14"}],"replies":[{"embeddable":true,"href":"https:\/\/www.sdi.com.au\/pl-pl\/wp-json\/wp\/v2\/comments?post=6561"}],"version-history":[{"count":6,"href":"https:\/\/www.sdi.com.au\/pl-pl\/wp-json\/wp\/v2\/pages\/6561\/revisions"}],"predecessor-version":[{"id":18910,"href":"https:\/\/www.sdi.com.au\/pl-pl\/wp-json\/wp\/v2\/pages\/6561\/revisions\/18910"}],"wp:attachment":[{"href":"https:\/\/www.sdi.com.au\/pl-pl\/wp-json\/wp\/v2\/media?parent=6561"}],"curies":[{"name":"wp","href":"https:\/\/api.w.org\/{rel}","templated":true}]}}