{"id":6604,"date":"2016-12-06T02:10:18","date_gmt":"2016-12-06T02:10:18","guid":{"rendered":"http:\/\/localhost\/sdi\/www\/pl-pl\/company\/about-us\/"},"modified":"2023-02-20T21:18:13","modified_gmt":"2023-02-20T10:18:13","slug":"about-us","status":"publish","type":"page","link":"https:\/\/www.sdi.com.au\/pl-pl\/company\/about-us\/","title":{"rendered":"O nas"},"content":{"rendered":"<div class=\"wpb-content-wrapper\"><p>[vc_row el_class=&#8221;no-padding&#8221;][vc_column][vc_row_inner el_class=&#8221;about_sec1 wrapp no-padding&#8221;][vc_column_inner el_class=&#8221;about_sec1_in&#8221;][vc_column_text el_class=&#8221;heading_title&#8221;]<\/p>\n<h1>O nas<\/h1>\n<p>[\/vc_column_text][vc_column_text]SDI Limited zajmuje si\u0119 przede wszystkim badaniami, rozwojem, produkcj\u0105 i sprzeda\u017c\u0105 specjalistycznych materia\u0142\u00f3w stomatologicznych. Produkty firmy SDI to po\u0142\u0105czenie innowacyjno\u015bci i doskona\u0142o\u015bci, dlatego stanowi\u0105 idealne rozwi\u0105zanie dla stomatologii odtw\u00f3rczej.<\/p>\n<p>Za\u0142o\u017cona w 1972 roku, SDI szybko staje si\u0119 \u015bwiatowym liderem w produkcji specjalistycznych materia\u0142\u00f3w stomatologicznych, a od 1985 roku, SDI jest notowana na Australijskiej Gie\u0142dzie Papier\u00f3w Warto\u015bciowych.[\/vc_column_text][\/vc_column_inner][\/vc_row_inner][\/vc_column][\/vc_row][vc_row el_class=&#8221;about_sec2 no-padding&#8221;][vc_column][vc_row_inner el_class=&#8221;wrapp no-padding quote_home&#8221;][vc_column_inner][vc_column_text]SDI nieustannie rozwija i dostarcza produkty,\u00a0kt\u00f3re s\u0105 zgodne z poj\u0119ciem stomatologii minimalnie inwazyjnej,\u00a0wyznaczaj\u0105cej nowe granice w stomatologii klinicznej\u00a0przyjmuj\u0105c filozofi\u0119 integracji profilaktyki,\u00a0remineralizacji i minimalnej interwencji.[\/vc_column_text][vc_column_text el_class=&#8221;quote_home_name&#8221;]S D I[\/vc_column_text][\/vc_column_inner][\/vc_row_inner][\/vc_column][\/vc_row][vc_row el_class=&#8221;wrapp no-padding margin_top&#8221;][vc_column][vc_column_text]<div class=\"wk-categories clearfix\"><div class=\"cat_row_head_25 cat_row_head cat_row sdi-products\">\n\t\t<div class=\"cat_row_tbabs\">\n\t\t<div class=\"cat_row_tb\">\n\t\t<div class=\"cat_row_cell\">\n\t\t\t<h3>SDI Produkty<\/h3>\n\t\t<\/div>\n\t\t<\/div>\n\t\t<\/div>\n\t<\/div><div class=\"cat_row wk-akcesoria-pomocnicze\">\n\t\t\t<div class=\"cat_row_tbabs\">\n\t\t\t<div class=\"cat_row_tb\">\n\t\t\t\t<div class=\"cat_row_cell ct_in\">\n\t\t\t\t\t<h3>Akcesoria pomocnicze<\/h3>\n\t\t\t\t\t<img decoding=\"async\" class=\"alignnone size-medium wp-image-75\" src=\"https:\/\/www.sdi.com.au\/wp-content\/uploads\/2017\/05\/Zubehor.jpg\">\n\t\t\t\t<\/div>\n\t\t\t<\/div>\n\t\t\t<\/div>\n\t\t\t<div class=\"wk-shortdesc\">\n\t\t\t<div class=\"cat_row_tbabs\">\n\t\t\t<div class=\"cat_row_tb\">\n\t\t\t\t<div class=\"cat_row_cell ct_inpop\">\n\t\t\t\t<h3>Akcesoria pomocnicze<\/h3>\n\t\t\t\t<img decoding=\"async\" class=\"alignnone size-medium wp-image-75\" src=\"https:\/\/www.sdi.com.au\/wp-content\/uploads\/2017\/05\/Zubehor.jpg\">\n\t\t\t\t<a href=\"https:\/\/www.sdi.com.au\/pl-pl\/produkty-pl-pl\/akcesoria-pomocnicze\/\">czytaj wi&#x119;cej<\/a>\n\t\t\t\t<\/div>\n\t\t\t<\/div>\n\t\t\t<\/div>\n\t\t\t<\/div>\n\t\t<\/div>\n\t\t<div class=\"cat_row wk-amalgam_pl-pl\">\n\t\t\t<div class=\"cat_row_tbabs\">\n\t\t\t<div class=\"cat_row_tb\">\n\t\t\t\t<div class=\"cat_row_cell ct_in\">\n\t\t\t\t\t<h3>Amalgamaty<\/h3>\n\t\t\t\t\t<img decoding=\"async\" class=\"alignnone size-medium wp-image-75\" src=\"https:\/\/www.sdi.com.au\/wp-content\/uploads\/2017\/05\/amalgam.jpg\">\n\t\t\t\t<\/div>\n\t\t\t<\/div>\n\t\t\t<\/div>\n\t\t\t<div class=\"wk-shortdesc\">\n\t\t\t<div class=\"cat_row_tbabs\">\n\t\t\t<div class=\"cat_row_tb\">\n\t\t\t\t<div class=\"cat_row_cell ct_inpop\">\n\t\t\t\t<h3>Amalgamaty<\/h3>\n\t\t\t\t<img decoding=\"async\" class=\"alignnone size-medium wp-image-75\" src=\"https:\/\/www.sdi.com.au\/wp-content\/uploads\/2017\/05\/amalgam.jpg\">\n\t\t\t\t<a href=\"https:\/\/www.sdi.com.au\/pl-pl\/produkty-pl-pl\/amalgam_pl-pl\/\">czytaj wi&#x119;cej<\/a>\n\t\t\t\t<\/div>\n\t\t\t<\/div>\n\t\t\t<\/div>\n\t\t\t<\/div>\n\t\t<\/div>\n\t\t<div class=\"cat_row wk-cementy\">\n\t\t\t<div class=\"cat_row_tbabs\">\n\t\t\t<div class=\"cat_row_tb\">\n\t\t\t\t<div class=\"cat_row_cell ct_in\">\n\t\t\t\t\t<h3>Cementy<\/h3>\n\t\t\t\t\t<img decoding=\"async\" class=\"alignnone size-medium wp-image-75\" src=\"https:\/\/www.sdi.com.au\/wp-content\/uploads\/2017\/05\/Zemente.jpg\">\n\t\t\t\t<\/div>\n\t\t\t<\/div>\n\t\t\t<\/div>\n\t\t\t<div class=\"wk-shortdesc\">\n\t\t\t<div class=\"cat_row_tbabs\">\n\t\t\t<div class=\"cat_row_tb\">\n\t\t\t\t<div class=\"cat_row_cell ct_inpop\">\n\t\t\t\t<h3>Cementy<\/h3>\n\t\t\t\t<img decoding=\"async\" class=\"alignnone size-medium wp-image-75\" src=\"https:\/\/www.sdi.com.au\/wp-content\/uploads\/2017\/05\/Zemente.jpg\">\n\t\t\t\t<a href=\"https:\/\/www.sdi.com.au\/pl-pl\/produkty-pl-pl\/cementy\/\">czytaj wi&#x119;cej<\/a>\n\t\t\t\t<\/div>\n\t\t\t<\/div>\n\t\t\t<\/div>\n\t\t\t<\/div>\n\t\t<\/div>\n\t\t<div class=\"cat_row wk-glasjonomery\">\n\t\t\t<div class=\"cat_row_tbabs\">\n\t\t\t<div class=\"cat_row_tb\">\n\t\t\t\t<div class=\"cat_row_cell ct_in\">\n\t\t\t\t\t<h3>Glasjonomery (Riva)<\/h3>\n\t\t\t\t\t<img decoding=\"async\" class=\"alignnone size-medium wp-image-75\" src=\"https:\/\/www.sdi.com.au\/wp-content\/uploads\/2017\/05\/glasionomere.jpg\">\n\t\t\t\t<\/div>\n\t\t\t<\/div>\n\t\t\t<\/div>\n\t\t\t<div class=\"wk-shortdesc\">\n\t\t\t<div class=\"cat_row_tbabs\">\n\t\t\t<div class=\"cat_row_tb\">\n\t\t\t\t<div class=\"cat_row_cell ct_inpop\">\n\t\t\t\t<h3>Glasjonomery (Riva)<\/h3>\n\t\t\t\t<img decoding=\"async\" class=\"alignnone size-medium wp-image-75\" src=\"https:\/\/www.sdi.com.au\/wp-content\/uploads\/2017\/05\/glasionomere.jpg\">\n\t\t\t\t<a href=\"https:\/\/www.sdi.com.au\/pl-pl\/produkty-pl-pl\/glasjonomery\/\">czytaj wi&#x119;cej<\/a>\n\t\t\t\t<\/div>\n\t\t\t<\/div>\n\t\t\t<\/div>\n\t\t\t<\/div>\n\t\t<\/div>\n\t\t<div class=\"cat_row wk-kompozyty\">\n\t\t\t<div class=\"cat_row_tbabs\">\n\t\t\t<div class=\"cat_row_tb\">\n\t\t\t\t<div class=\"cat_row_cell ct_in\">\n\t\t\t\t\t<h3>Kompozyty<\/h3>\n\t\t\t\t\t<img decoding=\"async\" class=\"alignnone size-medium wp-image-75\" src=\"https:\/\/www.sdi.com.au\/wp-content\/uploads\/2017\/05\/Komposit.jpg\">\n\t\t\t\t<\/div>\n\t\t\t<\/div>\n\t\t\t<\/div>\n\t\t\t<div class=\"wk-shortdesc\">\n\t\t\t<div class=\"cat_row_tbabs\">\n\t\t\t<div class=\"cat_row_tb\">\n\t\t\t\t<div class=\"cat_row_cell ct_inpop\">\n\t\t\t\t<h3>Kompozyty<\/h3>\n\t\t\t\t<img decoding=\"async\" class=\"alignnone size-medium wp-image-75\" src=\"https:\/\/www.sdi.com.au\/wp-content\/uploads\/2017\/05\/Komposit.jpg\">\n\t\t\t\t<a href=\"https:\/\/www.sdi.com.au\/pl-pl\/produkty-pl-pl\/kompozyty\/\">czytaj wi&#x119;cej<\/a>\n\t\t\t\t<\/div>\n\t\t\t<\/div>\n\t\t\t<\/div>\n\t\t\t<\/div>\n\t\t<\/div>\n\t\t<div class=\"cat_row wk-materialy-laczace\">\n\t\t\t<div class=\"cat_row_tbabs\">\n\t\t\t<div class=\"cat_row_tb\">\n\t\t\t\t<div class=\"cat_row_cell ct_in\">\n\t\t\t\t\t<h3>Materia\u0142y \u0142\u0105cz\u0105ce<\/h3>\n\t\t\t\t\t<img decoding=\"async\" class=\"alignnone size-medium wp-image-75\" src=\"https:\/\/www.sdi.com.au\/wp-content\/uploads\/2017\/05\/adhesives.jpg\">\n\t\t\t\t<\/div>\n\t\t\t<\/div>\n\t\t\t<\/div>\n\t\t\t<div class=\"wk-shortdesc\">\n\t\t\t<div class=\"cat_row_tbabs\">\n\t\t\t<div class=\"cat_row_tb\">\n\t\t\t\t<div class=\"cat_row_cell ct_inpop\">\n\t\t\t\t<h3>Materia\u0142y \u0142\u0105cz\u0105ce<\/h3>\n\t\t\t\t<img decoding=\"async\" class=\"alignnone size-medium wp-image-75\" src=\"https:\/\/www.sdi.com.au\/wp-content\/uploads\/2017\/05\/adhesives.jpg\">\n\t\t\t\t<a href=\"https:\/\/www.sdi.com.au\/pl-pl\/produkty-pl-pl\/materialy-laczace\/\">czytaj wi&#x119;cej<\/a>\n\t\t\t\t<\/div>\n\t\t\t<\/div>\n\t\t\t<\/div>\n\t\t\t<\/div>\n\t\t<\/div>\n\t\t<div class=\"cat_row wk-wybielanie-zebow\">\n\t\t\t<div class=\"cat_row_tbabs\">\n\t\t\t<div class=\"cat_row_tb\">\n\t\t\t\t<div class=\"cat_row_cell ct_in\">\n\t\t\t\t\t<h3>Pola<\/h3>\n\t\t\t\t\t<img decoding=\"async\" class=\"alignnone size-medium wp-image-75\" src=\"https:\/\/www.sdi.com.au\/wp-content\/uploads\/2017\/05\/Zahnaufhellung.jpg\">\n\t\t\t\t<\/div>\n\t\t\t<\/div>\n\t\t\t<\/div>\n\t\t\t<div class=\"wk-shortdesc\">\n\t\t\t<div class=\"cat_row_tbabs\">\n\t\t\t<div class=\"cat_row_tb\">\n\t\t\t\t<div class=\"cat_row_cell ct_inpop\">\n\t\t\t\t<h3>Pola<\/h3>\n\t\t\t\t<img decoding=\"async\" class=\"alignnone size-medium wp-image-75\" src=\"https:\/\/www.sdi.com.au\/wp-content\/uploads\/2017\/05\/Zahnaufhellung.jpg\">\n\t\t\t\t<a href=\"https:\/\/www.sdi.com.au\/pl-pl\/produkty-pl-pl\/wybielanie-zebow\/\">czytaj wi&#x119;cej<\/a>\n\t\t\t\t<\/div>\n\t\t\t<\/div>\n\t\t\t<\/div>\n\t\t\t<\/div>\n\t\t<\/div>\n\t\t<div class=\"cat_row wk-riva-star-pl-pl\">\n\t\t\t<div class=\"cat_row_tbabs\">\n\t\t\t<div class=\"cat_row_tb\">\n\t\t\t\t<div class=\"cat_row_cell ct_in\">\n\t\t\t\t\t<h3>SDF Riva Star<\/h3>\n\t\t\t\t\t<img decoding=\"async\" class=\"alignnone size-medium wp-image-75\" src=\"https:\/\/www.sdi.com.au\/wp-content\/uploads\/2017\/05\/Riva-Star.jpg\">\n\t\t\t\t<\/div>\n\t\t\t<\/div>\n\t\t\t<\/div>\n\t\t\t<div class=\"wk-shortdesc\">\n\t\t\t<div class=\"cat_row_tbabs\">\n\t\t\t<div class=\"cat_row_tb\">\n\t\t\t\t<div class=\"cat_row_cell ct_inpop\">\n\t\t\t\t<h3>SDF Riva Star<\/h3>\n\t\t\t\t<img decoding=\"async\" class=\"alignnone size-medium wp-image-75\" src=\"https:\/\/www.sdi.com.au\/wp-content\/uploads\/2017\/05\/Riva-Star.jpg\">\n\t\t\t\t<a href=\"https:\/\/www.sdi.com.au\/pl-pl\/produkty-pl-pl\/riva-star-pl-pl\/\">czytaj wi&#x119;cej<\/a>\n\t\t\t\t<\/div>\n\t\t\t<\/div>\n\t\t\t<\/div>\n\t\t\t<\/div>\n\t\t<\/div>\n\t\t<div class=\"cat_row wk-sprzet\">\n\t\t\t<div class=\"cat_row_tbabs\">\n\t\t\t<div class=\"cat_row_tb\">\n\t\t\t\t<div class=\"cat_row_cell ct_in\">\n\t\t\t\t\t<h3>Sprz\u0119t<\/h3>\n\t\t\t\t\t<img decoding=\"async\" class=\"alignnone size-medium wp-image-75\" src=\"https:\/\/www.sdi.com.au\/wp-content\/uploads\/2017\/05\/gerate.jpg\">\n\t\t\t\t<\/div>\n\t\t\t<\/div>\n\t\t\t<\/div>\n\t\t\t<div class=\"wk-shortdesc\">\n\t\t\t<div class=\"cat_row_tbabs\">\n\t\t\t<div class=\"cat_row_tb\">\n\t\t\t\t<div class=\"cat_row_cell ct_inpop\">\n\t\t\t\t<h3>Sprz\u0119t<\/h3>\n\t\t\t\t<img decoding=\"async\" class=\"alignnone size-medium wp-image-75\" src=\"https:\/\/www.sdi.com.au\/wp-content\/uploads\/2017\/05\/gerate.jpg\">\n\t\t\t\t<a href=\"https:\/\/www.sdi.com.au\/pl-pl\/produkty-pl-pl\/sprzet\/\">czytaj wi&#x119;cej<\/a>\n\t\t\t\t<\/div>\n\t\t\t<\/div>\n\t\t\t<\/div>\n\t\t\t<\/div>\n\t\t<\/div>\n\t\t<div class=\"cat_row wk-uszczelniacze\">\n\t\t\t<div class=\"cat_row_tbabs\">\n\t\t\t<div class=\"cat_row_tb\">\n\t\t\t\t<div class=\"cat_row_cell ct_in\">\n\t\t\t\t\t<h3>Uszczelniacze<\/h3>\n\t\t\t\t\t<img decoding=\"async\" class=\"alignnone size-medium wp-image-75\" src=\"https:\/\/www.sdi.com.au\/wp-content\/uploads\/2017\/05\/Versiegler.jpg\">\n\t\t\t\t<\/div>\n\t\t\t<\/div>\n\t\t\t<\/div>\n\t\t\t<div class=\"wk-shortdesc\">\n\t\t\t<div class=\"cat_row_tbabs\">\n\t\t\t<div class=\"cat_row_tb\">\n\t\t\t\t<div class=\"cat_row_cell ct_inpop\">\n\t\t\t\t<h3>Uszczelniacze<\/h3>\n\t\t\t\t<img decoding=\"async\" class=\"alignnone size-medium wp-image-75\" src=\"https:\/\/www.sdi.com.au\/wp-content\/uploads\/2017\/05\/Versiegler.jpg\">\n\t\t\t\t<a href=\"https:\/\/www.sdi.com.au\/pl-pl\/produkty-pl-pl\/uszczelniacze\/\">czytaj wi&#x119;cej<\/a>\n\t\t\t\t<\/div>\n\t\t\t<\/div>\n\t\t\t<\/div>\n\t\t\t<\/div>\n\t\t<\/div>\n\t\t<div class=\"cat_row wk-wytrawiacze\">\n\t\t\t<div class=\"cat_row_tbabs\">\n\t\t\t<div class=\"cat_row_tb\">\n\t\t\t\t<div class=\"cat_row_cell ct_in\">\n\t\t\t\t\t<h3>Wytrawiacze<\/h3>\n\t\t\t\t\t<img decoding=\"async\" class=\"alignnone size-medium wp-image-75\" src=\"https:\/\/www.sdi.com.au\/wp-content\/uploads\/2017\/05\/atzmittel.jpg\">\n\t\t\t\t<\/div>\n\t\t\t<\/div>\n\t\t\t<\/div>\n\t\t\t<div class=\"wk-shortdesc\">\n\t\t\t<div class=\"cat_row_tbabs\">\n\t\t\t<div class=\"cat_row_tb\">\n\t\t\t\t<div class=\"cat_row_cell ct_inpop\">\n\t\t\t\t<h3>Wytrawiacze<\/h3>\n\t\t\t\t<img decoding=\"async\" class=\"alignnone size-medium wp-image-75\" src=\"https:\/\/www.sdi.com.au\/wp-content\/uploads\/2017\/05\/atzmittel.jpg\">\n\t\t\t\t<a href=\"https:\/\/www.sdi.com.au\/pl-pl\/produkty-pl-pl\/wytrawiacze\/\">czytaj wi&#x119;cej<\/a>\n\t\t\t\t<\/div>\n\t\t\t<\/div>\n\t\t\t<\/div>\n\t\t\t<\/div>\n\t\t<\/div>\n\t\t<\/div>[\/vc_column_text][\/vc_column][\/vc_row][vc_row el_class=&#8221;no-padding about_sec4&#8243;][vc_column][vc_gmaps link=&#8221;#E-8_JTNDaWZyYW1lJTIwc3JjJTNEJTIyaHR0cHMlM0ElMkYlMkZ3d3cuZ29vZ2xlLmNvbSUyRm1hcHMlMkZlbWJlZCUzRnBiJTNEJTIxMW0xOCUyMTFtMTIlMjExbTMlMjExZDMxNTAuNTEwMDQyMzE4MjgyJTIxMmQxNDUuMjc2MjY5MzE1ODAyMzIlMjEzZC0zNy44NDgzNTQ2NDM3OTc0MzUlMjEybTMlMjExZjAlMjEyZjAlMjEzZjAlMjEzbTIlMjExaTEwMjQlMjEyaTc2OCUyMTRmMTMuMSUyMTNtMyUyMTFtMiUyMTFzMHg2YWQ2M2I3MjJkNTgyMWNkJTI1M0EweDZhMWI4YmNiMWNkYTdjYTklMjEyc1NESSUyQkxpbWl0ZWQlMjE1ZTAlMjEzbTIlMjExc2lkJTIxMnNpZCUyMTR2MTQ4MTA5NzUxOTc0NSUyMiUyMHdpZHRoJTNEJTIyMTkyMCUyMiUyMGhlaWdodCUzRCUyMjU1MCUyMiUyMGZyYW1lYm9yZGVyJTNEJTIyMCUyMiUyMHN0eWxlJTNEJTIyYm9yZGVyJTNBMCUyMiUyMGFsbG93ZnVsbHNjcmVlbiUzRSUzQyUyRmlmcmFtZSUzRQ==&#8221; el_class=&#8221;google_map&#8221;][vc_row_inner el_class=&#8221;map_masking&#8221;][vc_column_inner][\/vc_column_inner][\/vc_row_inner][\/vc_column][\/vc_row][vc_row el_class=&#8221;no-padding about_sec5&#8243;][vc_column][vc_row_inner el_class=&#8221;wrapp no-padding&#8221;][vc_column_inner][vc_column_text el_class=&#8221;ctx_head&#8221;]Australia (Head Office)[\/vc_column_text][\/vc_column_inner][\/vc_row_inner][vc_row_inner el_class=&#8221;wrapp no-padding&#8221;][vc_column_inner width=&#8221;1\/2&#8243;][vc_column_text]SDI Limited.<br \/>\n3-13 Brunsdon Street<br \/>\nBayswater<br \/>\nVictoria 3153[\/vc_column_text][\/vc_column_inner][vc_column_inner width=&#8221;1\/2&#8243;][vc_column_text]Telephone +61 3 8727 7111<br \/>\nFax +61 3 8727 7222<br \/>\nToll Free 1 800 337 003<br \/>\nEmail: <a href=\"mailto:info@sdi.com.au\">info@sdi.com.au<\/a>[\/vc_column_text][\/vc_column_inner][\/vc_row_inner][\/vc_column][\/vc_row][vc_row el_class=&#8221;about_sec6 no-padding&#8221;][vc_column][vc_row_inner el_class=&#8221;wrapp no-padding&#8221;][vc_column_inner][vc_column_text el_class=&#8221;ctx_head&#8221;]Dodatkowe dane\u00a0kontaktowe[\/vc_column_text][\/vc_column_inner][\/vc_row_inner][vc_row_inner el_class=&#8221;wrapp no-padding&#8221;][vc_column_inner width=&#8221;1\/2&#8243;][vc_column_text]<\/p>\n<h3>USA and Canada<\/h3>\n<p>SDI (North America) Inc.<br \/>\n1279 Hamilton Parkway<br \/>\nItasca, IL 60143<br \/>\nUSA<br \/>\nTel +1 630 361 9200<br \/>\nFax +1 630 361 9222<br \/>\nToll Free 1 800 228 5166<br \/>\nEmail: <a href=\"mailto:USA.Canada@sdi.com.au\">USA.Canada@sdi.com.au<\/a>[\/vc_column_text][vc_column_text]<\/p>\n<h3>New Zealand<\/h3>\n<p>Free phone: 0800 734 034<br \/>\nEmail: <a href=\"mailto:Info@sdi.com.au\">Info@sdi.com.au<\/a>[\/vc_column_text][vc_column_text]<\/p>\n<h3>United Kingdom<\/h3>\n<p>Free Phone: 00800 0225 5734<br \/>\nEmail: <a href=\"mailto:UK@sdi.com.au\">UK@sdi.com.au<\/a>[\/vc_column_text][vc_column_text]<\/p>\n<h3>Ireland<\/h3>\n<p>Free phone: 0800 0225 5734<br \/>\nEmail: <a href=\"mailto:Ireland@sdi.com.au\">Ireland@sdi.com.au<\/a>[\/vc_column_text][vc_column_text]<\/p>\n<h3>Austria<\/h3>\n<p>Free Phone: 00800 2255 734<br \/>\nEmail: <a href=\"mailto:Austria@sdi.com.au\">Austria@sdi.com.au<\/a>[\/vc_column_text][vc_column_text]<\/p>\n<h3>France<\/h3>\n<p>Free Phone: 080 002 255 734<br \/>\nEmail: <a href=\"mailto:France@sdi.com.au\">France@sdi.com.au<\/a>[\/vc_column_text][\/vc_column_inner][vc_column_inner width=&#8221;1\/2&#8243;][vc_column_text]<\/p>\n<h3>Brazil<\/h3>\n<p>SDI Holdings Pty Ltd do Brasil<br \/>\nAv. Doutor Reinaldo Schmithausen, 3141 A<br \/>\nCordeiros Itaja\u00ed &#8211; SC<br \/>\nCep: 88.310-004<br \/>\nBrasil<br \/>\nTel +55 11 3092 7100<br \/>\nFax +55 11 3092 7101<br \/>\nEmail: <a href=\"mailto:Brasil@sdi.com.au\">Brasil@sdi.com.au<\/a>[\/vc_column_text][vc_column_text]<\/p>\n<h3>Germany<\/h3>\n<p>SDI Germany GmbH<br \/>\nHansestrasse 85<br \/>\n51149, Cologne Germany<br \/>\nTel +49 (0) 2203 9255 0<br \/>\nFax +49 (0) 2203 9255 200<br \/>\nFree phone 0800 1005759<br \/>\nEmail: <a href=\"mailto:Germany@sdi.com.au\">Germany@sdi.com.au<\/a>[\/vc_column_text][vc_column_text]<\/p>\n<h3>Spain<\/h3>\n<p>Free Phone: 00800 0225 5734<br \/>\nEmail: <a href=\"mailto:Spain@sdi.com.au\">Spain@sdi.com.au<\/a>[\/vc_column_text][vc_column_text]<\/p>\n<h3>Italy<\/h3>\n<p>Free Phone: 800 780 625<br \/>\nEmail: <a href=\"mailto:Italy@sdi.com.au\">Italy@sdi.com.au<\/a>[\/vc_column_text][\/vc_column_inner][\/vc_row_inner][\/vc_column][\/vc_row]<\/p>\n<\/div>","protected":false},"excerpt":{"rendered":"<p>[vc_row el_class=&#8221;no-padding&#8221;][vc_column][vc_row_inner el_class=&#8221;about_sec1 wrapp no-padding&#8221;][vc_column_inner el_class=&#8221;about_sec1_in&#8221;][vc_column_text el_class=&#8221;heading_title&#8221;] O nas [\/vc_column_text][vc_column_text]SDI Limited zajmuje si\u0119 przede wszystkim badaniami, rozwojem, produkcj\u0105 i sprzeda\u017c\u0105 specjalistycznych materia\u0142\u00f3w stomatologicznych. Produkty firmy SDI to po\u0142\u0105czenie innowacyjno\u015bci i &hellip; <a href=\"https:\/\/www.sdi.com.au\/pl-pl\/company\/about-us\/\" class=\"more-link\">Continue reading<span class=\"screen-reader-text\"> &#8220;O nas&#8221;<\/span><\/a><\/p>\n","protected":false},"author":14,"featured_media":0,"parent":6598,"menu_order":0,"comment_status":"closed","ping_status":"closed","template":"page-templates\/about-page.php","meta":{"_acf_changed":false,"_price":"","_stock":"","_tribe_ticket_header":"","_tribe_default_ticket_provider":"","_ticket_start_date":"","_ticket_end_date":"","_tribe_ticket_show_description":"","_tribe_ticket_show_not_going":false,"_tribe_ticket_use_global_stock":"","_tribe_ticket_global_stock_level":"","_global_stock_mode":"","_global_stock_cap":"","_tribe_rsvp_for_event":"","_tribe_ticket_going_count":"","_tribe_ticket_not_going_count":"","_tribe_tickets_list":"[]","_tribe_ticket_has_attendee_info_fields":false,"footnotes":"","_tec_slr_enabled":"","_tec_slr_layout":"","_wp_rev_ctl_limit":""},"class_list":["post-6604","page","type-page","status-publish","hentry"],"acf":[],"ticketed":false,"_links":{"self":[{"href":"https:\/\/www.sdi.com.au\/pl-pl\/wp-json\/wp\/v2\/pages\/6604","targetHints":{"allow":["GET"]}}],"collection":[{"href":"https:\/\/www.sdi.com.au\/pl-pl\/wp-json\/wp\/v2\/pages"}],"about":[{"href":"https:\/\/www.sdi.com.au\/pl-pl\/wp-json\/wp\/v2\/types\/page"}],"author":[{"embeddable":true,"href":"https:\/\/www.sdi.com.au\/pl-pl\/wp-json\/wp\/v2\/users\/14"}],"replies":[{"embeddable":true,"href":"https:\/\/www.sdi.com.au\/pl-pl\/wp-json\/wp\/v2\/comments?post=6604"}],"version-history":[{"count":5,"href":"https:\/\/www.sdi.com.au\/pl-pl\/wp-json\/wp\/v2\/pages\/6604\/revisions"}],"predecessor-version":[{"id":33428,"href":"https:\/\/www.sdi.com.au\/pl-pl\/wp-json\/wp\/v2\/pages\/6604\/revisions\/33428"}],"up":[{"embeddable":true,"href":"https:\/\/www.sdi.com.au\/pl-pl\/wp-json\/wp\/v2\/pages\/6598"}],"wp:attachment":[{"href":"https:\/\/www.sdi.com.au\/pl-pl\/wp-json\/wp\/v2\/media?parent=6604"}],"curies":[{"name":"wp","href":"https:\/\/api.w.org\/{rel}","templated":true}]}}