{"id":6873,"date":"2016-12-27T02:44:26","date_gmt":"2016-12-27T02:44:26","guid":{"rendered":"http:\/\/localhost\/sdi\/www\/pl-pl\/company\/sdi-smile-vision\/"},"modified":"2019-08-14T10:58:16","modified_gmt":"2019-08-14T00:58:16","slug":"sdi-smile-vision","status":"publish","type":"page","link":"https:\/\/www.sdi.com.au\/pl-pl\/company\/sdi-smile-vision\/","title":{"rendered":"SDI Tw\u00f3j U\u015bmiech. Nasza Wizja."},"content":{"rendered":"<div class=\"wpb-content-wrapper\"><p>[vc_row][vc_column][vc_row_inner el_class=&#8221;no-padding&#8221;][vc_column_inner][vc_column_text]<\/p>\n<h1>SDI Tw\u00f3j U\u015bmiech. Nasza Wizja.<\/h1>\n<p>[\/vc_column_text][vc_single_image image=&#8221;18958&#8243; img_size=&#8221;full&#8221;][vc_column_text]Te s\u0142owa definiuj\u0105 firm\u0119 SDI. Odzwierciedlaj\u0105 fakt, \u017ce firma SDI koncentruje si\u0119 na podstawowym celu dentyst\u00f3w, jakim jest zapewnienie pacjentom doskona\u0142ego u\u015bmiechu.<\/p>\n<p>Pomoc dentystom i ich zespo\u0142om, aby mog\u0142y zapewnia\u0107 pi\u0119kny, zdrowy, d\u0142ugotrwa\u0142y u\u015bmiech, wydajnie pracowa\u0107 oraz oferowa\u0107 pacjentom jako\u015b\u0107 i innowacyjno\u015b\u0107 to g\u0142\u00f3wny cel firmy SDI.<\/p>\n<ul>\n<li><strong>Tw\u00f3j u\u015bmiech<\/strong> &#8211; wszystko, co robi firma SDI ma s\u0142u\u017cy\u0107 najwa\u017cniejszemu celowi dentyst\u00f3w: Zapewnia\u0107 pacjentom doskona\u0142y u\u015bmiech. Perfekcja oznacza doskona\u0142o\u015b\u0107. Naturalnie pi\u0119knie, wytrzyma\u0142e materia\u0142y, z kt\u00f3rych denty\u015bci mog\u0105 korzysta\u0107 w prosty spos\u00f3b.<\/li>\n<li><strong>Nasza wizja<\/strong> &#8211; firma SDI ci\u0105gle poszukuje innowacji, aby m\u00f3c oferowa\u0107 materia\u0142y stomatologiczne, kt\u00f3re pomagaj\u0105 dentystom i ich zespo\u0142om tworzy\u0107 pi\u0119kny u\u015bmiech. Badania i rozw\u00f3j odgrywaj\u0105 nadrz\u0119dn\u0105 rol\u0119 w firmie SDI. Firma SDI musi przewodzi\u0107 na rynku i przewidywa\u0107 potrzeby dentyst\u00f3w, wykorzystuj\u0105c w tym celu w\u0142asne badania i innowacyjno\u015b\u0107 w zakresie produktu.<\/li>\n<\/ul>\n<p>[\/vc_column_text][\/vc_column_inner][\/vc_row_inner][\/vc_column][\/vc_row]<\/p>\n<\/div>","protected":false},"excerpt":{"rendered":"<p>[vc_row][vc_column][vc_row_inner el_class=&#8221;no-padding&#8221;][vc_column_inner][vc_column_text] SDI Tw\u00f3j U\u015bmiech. Nasza Wizja. [\/vc_column_text][vc_single_image image=&#8221;18958&#8243; img_size=&#8221;full&#8221;][vc_column_text]Te s\u0142owa definiuj\u0105 firm\u0119 SDI. Odzwierciedlaj\u0105 fakt, \u017ce firma SDI koncentruje si\u0119 na podstawowym celu dentyst\u00f3w, jakim jest zapewnienie pacjentom doskona\u0142ego &hellip; <a href=\"https:\/\/www.sdi.com.au\/pl-pl\/company\/sdi-smile-vision\/\" class=\"more-link\">Continue reading<span class=\"screen-reader-text\"> &#8220;SDI Tw\u00f3j U\u015bmiech. Nasza Wizja.&#8221;<\/span><\/a><\/p>\n","protected":false},"author":14,"featured_media":0,"parent":6598,"menu_order":4,"comment_status":"closed","ping_status":"closed","template":"page-templates\/internal-page.php","meta":{"_acf_changed":false,"_price":"","_stock":"","_tribe_ticket_header":"","_tribe_default_ticket_provider":"","_ticket_start_date":"","_ticket_end_date":"","_tribe_ticket_show_description":"","_tribe_ticket_show_not_going":false,"_tribe_ticket_use_global_stock":"","_tribe_ticket_global_stock_level":"","_global_stock_mode":"","_global_stock_cap":"","_tribe_rsvp_for_event":"","_tribe_ticket_going_count":"","_tribe_ticket_not_going_count":"","_tribe_tickets_list":"[]","_tribe_ticket_has_attendee_info_fields":false,"footnotes":"","_tec_slr_enabled":"","_tec_slr_layout":"","_wp_rev_ctl_limit":""},"class_list":["post-6873","page","type-page","status-publish","hentry"],"acf":[],"ticketed":false,"_links":{"self":[{"href":"https:\/\/www.sdi.com.au\/pl-pl\/wp-json\/wp\/v2\/pages\/6873","targetHints":{"allow":["GET"]}}],"collection":[{"href":"https:\/\/www.sdi.com.au\/pl-pl\/wp-json\/wp\/v2\/pages"}],"about":[{"href":"https:\/\/www.sdi.com.au\/pl-pl\/wp-json\/wp\/v2\/types\/page"}],"author":[{"embeddable":true,"href":"https:\/\/www.sdi.com.au\/pl-pl\/wp-json\/wp\/v2\/users\/14"}],"replies":[{"embeddable":true,"href":"https:\/\/www.sdi.com.au\/pl-pl\/wp-json\/wp\/v2\/comments?post=6873"}],"version-history":[{"count":4,"href":"https:\/\/www.sdi.com.au\/pl-pl\/wp-json\/wp\/v2\/pages\/6873\/revisions"}],"predecessor-version":[{"id":20482,"href":"https:\/\/www.sdi.com.au\/pl-pl\/wp-json\/wp\/v2\/pages\/6873\/revisions\/20482"}],"up":[{"embeddable":true,"href":"https:\/\/www.sdi.com.au\/pl-pl\/wp-json\/wp\/v2\/pages\/6598"}],"wp:attachment":[{"href":"https:\/\/www.sdi.com.au\/pl-pl\/wp-json\/wp\/v2\/media?parent=6873"}],"curies":[{"name":"wp","href":"https:\/\/api.w.org\/{rel}","templated":true}]}}