{"id":169046,"date":"2023-05-30T16:27:35","date_gmt":"2023-05-30T06:27:35","guid":{"rendered":"https:\/\/www.sdi.com.au\/stela-the-true-amalgam-alternative-2\/"},"modified":"2023-06-23T15:47:20","modified_gmt":"2023-06-23T05:47:20","slug":"stela-amalgam-alternative-info","status":"publish","type":"page","link":"https:\/\/www.sdi.com.au\/pt-br\/stela-amalgam-alternative-info\/","title":{"rendered":"Stela \u2013 the true amalgam alternative"},"content":{"rendered":"<div class=\"wpb-content-wrapper\"><p>[vc_row][vc_column][vc_row_inner][vc_column_inner width=&#8221;1\/2&#8243;][vc_column_text]<\/p>\n<h2>Stela: O Futuro das resinas compostas!<\/h2>\n<p>[\/vc_column_text][vc_column_text]A SDI aproveitou seus 50 anos de experi\u00eancia em materiais de am\u00e1lgama para desenvolver Stela \u2013 a verdadeira alternativa do am\u00e1lgama.<\/p>\n<p>Stela \u00e9 um comp\u00f3sito inovador autopolimeriz\u00e1vel de alto desempenho que foidesenvolvido desde o in\u00edcio para substituir o am\u00e1lgama.<\/p>\n<p>Benef\u00edcios Stela:<\/p>\n<ul>\n<li>alta resist\u00eancia \u00e0 compress\u00e3o e flex\u00e3o<\/li>\n<li>indicado para uso em restaura\u00e7\u00f5es classe I, II, III e V<\/li>\n<li>profundidade de polimeriza\u00e7\u00e3o ilimitada<\/li>\n<li>interface livre de fendas<\/li>\n<li>processo simples de 2 etapas<\/li>\n<li>sem condicionamento<\/li>\n<li>sem necessidade de uso de fotopolimerizador<\/li>\n<li>dispon\u00edvel em seringa ou c\u00e1psula automix.<\/li>\n<\/ul>\n<p>[\/vc_column_text][\/vc_column_inner][vc_column_inner width=&#8221;1\/2&#8243;][vc_single_image image=&#8221;169779&#8243; img_size=&#8221;full&#8221;][\/vc_column_inner][\/vc_row_inner][\/vc_column][\/vc_row][vc_row full_width=&#8221;stretch_row&#8221; el_class=&#8221;quote-row2&#8243; css=&#8221;.vc_custom_1685767093007{padding-top: 20px !important;padding-bottom: 20px !important;}&#8221;][vc_column][vc_row_inner][vc_column_inner][vc_column_text]<\/p>\n<p>A tecnologia inovadora de Stela \u00e9 o resultado da parceria entre os cientistas da SDI e engenheiros de tr\u00eas universidades australianas de ponta; a Universidade de Nova Gales do Sul, a Universidade de Sydney e a Universidade de Wollongong. Stela n\u00e3o \u00e9 apenas um composto \u2013 \u00e9 um sistema completo de ponta-a-ponta formulado para proporcionar restaura\u00e7\u00f5es mais resistentes e eficientes.<\/p>\n<p>[\/vc_column_text][\/vc_column_inner][\/vc_row_inner][\/vc_column][\/vc_row][vc_row][vc_column][vc_row_inner][vc_column_inner][vc_column_text]<\/p>\n<h3><strong>A for\u00e7a superior de Stela <\/strong><\/h3>\n<p>[\/vc_column_text][\/vc_column_inner][\/vc_row_inner][vc_row_inner][vc_column_inner width=&#8221;1\/2&#8243;][vc_column_text]<\/p>\n<p><strong>Stela \u00e9 indicado para uso em restaura\u00e7\u00f5es classes I, II, III e V. <\/strong><\/p>\n<p>O sistema iniciador Stela desencadea o processo de endurecimento r\u00e1pido pela convers\u00e3o de mon\u00f4meros em cadeias de pol\u00edmeros. Simultaneamente, essas cadeias, de forma r\u00e1pida e densa, geram liga\u00e7\u00f5es cruzadas uma com a outra, formando uma rede complexa. Esta rede gera o materiais de preenchimento de forma confi\u00e1vel. Os resultados; propriedades mec\u00e2nicas impressionantes.<\/p>\n<p>[\/vc_column_text][\/vc_column_inner][vc_column_inner width=&#8221;1\/2&#8243;][vc_column_text]<\/p>\n<p>Stela possui uma grande resist\u00eancia \u00e0 compress\u00e3o que protege os dentes contra elevadas for\u00e7as oclusais, e uma grande resist\u00eancia flexural que reduz a probabilidade de falhas em raz\u00e3o de grandes tens\u00f5es. A resist\u00eancia de um material restaurador deve ser sempre julgada pela combina\u00e7\u00e3o de suas propriedades compressivas e flexurais e Stela tem o perfeito equil\u00edbrio entre ambos, com desempenho superior \u00e0 maioria de outros comp\u00f3sitos.<\/p>\n<p>[\/vc_column_text][\/vc_column_inner][\/vc_row_inner][vc_row_inner][vc_column_inner][vc_single_image image=&#8221;169663&#8243; img_size=&#8221;full&#8221; onclick=&#8221;link_image&#8221;][vc_column_text]<\/p>\n<p class=\"p1\" style=\"font-size: 12px;\">Fonte: Departamento de Pesquisa e Desenvolvimento SDI<br \/>\n^ Stela Automix<\/p>\n<p>[\/vc_column_text][\/vc_column_inner][\/vc_row_inner][vc_separator][vc_row_inner][vc_column_inner width=&#8221;1\/2&#8243;][vc_column_text]<\/p>\n<h3><strong>15 segundos de prepara\u00e7\u00e3o: restaura\u00e7\u00e3o em 2 etapas<\/strong><\/h3>\n<p><b>Stela \u00e9 aplicado em um processo simplificado de duas etapas; primer, seguido do comp\u00f3sito. <\/b><\/p>\n<p>Enquanto sistemas comp\u00f3sitos tradicionais podem levar at\u00e9 120 segundos para serem inseridos, as restaura\u00e7\u00f5es de Stela est\u00e3o prontas para inser\u00e7\u00e3o em apenas 15 segundos. Isso se obt\u00e9m eliminando-se as etapas tradicionais e demoradas de condicionamento \u00e1cido, primer, adesivo e fotopolimeriza\u00e7\u00e3o. Com o sistema de duas etapas de Stela, os cl\u00ednicos podem se beneficiar com menor tempo na cadeira, altos \u00edndices de satisfa\u00e7\u00e3o de pacientes e restaura\u00e7\u00f5es duradouras.<\/p>\n<p>Stela possui tempo de trabalho de 1,5 minutos e tempo de presa de autopolimeriza\u00e7\u00e3o de 4 minutos. [\/vc_column_text][\/vc_column_inner][vc_column_inner width=&#8221;1\/2&#8243;][vc_single_image image=&#8221;169703&#8243; img_size=&#8221;large&#8221; onclick=&#8221;link_image&#8221;][vc_single_image image=&#8221;169683&#8243; img_size=&#8221;large&#8221; onclick=&#8221;link_image&#8221;][\/vc_column_inner][\/vc_row_inner][vc_separator][\/vc_column][\/vc_row][vc_row css=&#8221;.vc_custom_1685767280430{padding-top: 20px !important;padding-bottom: 20px !important;}&#8221;][vc_column][vc_row_inner][vc_column_inner][vc_column_text]<\/p>\n<h3><strong>Sua escolha: Seringa ou c c\u00e1psula<\/strong><\/h3>\n<p>Stela est\u00e1 dispon\u00edvel em sistemas tanto de c\u00e1psulas quanto de seringa, ambos usados em conjunto com Stela Primer.<\/p>\n<p>A cor universal oferece efeito camale\u00e3oque equilibra translucidez e opacidade. Este efeito excepcional se mistura com as estruturas circundantes do dente para produzir uma transi\u00e7\u00e3o impec\u00e1vel e resultados est\u00e9ticos. Stela \u00e9 indicado para uma ampla gama de usos cl\u00ednicos, incluindo restaura\u00e7\u00f5es de Classe I, II, III e V, base ou forramento, reconstru\u00e7\u00f5es de n\u00facleo e veda\u00e7\u00e3o de cavidades de acesso endod\u00f4ntico.<br \/>\n[\/vc_column_text][\/vc_column_inner][\/vc_row_inner][vc_row_inner][vc_column_inner width=&#8221;1\/2&#8243;][vc_column_text]<\/p>\n<p><strong>O sistema Stela Automix<\/strong><\/p>\n<p>[\/vc_column_text][vc_single_image image=&#8221;169723&#8243; img_size=&#8221;full&#8221;][\/vc_column_inner][vc_column_inner width=&#8221;1\/2&#8243;][vc_column_text]<strong>O sistema de c\u00e1psulas Stela <\/strong>[\/vc_column_text][vc_single_image image=&#8221;169743&#8243; img_size=&#8221;full&#8221;][\/vc_column_inner][\/vc_row_inner][vc_separator][\/vc_column][\/vc_row][vc_row css=&#8221;.vc_custom_1685767280430{padding-top: 20px !important;padding-bottom: 20px !important;}&#8221;][vc_column][vc_row_inner][vc_column_inner width=&#8221;1\/2&#8243;][vc_column_text]<\/p>\n<h3><strong>Uma cor: est\u00e9tica camale\u00e3o<\/strong><\/h3>\n<p>Ao contr\u00e1rio de muitos comp\u00f3sitos autopolimeriz\u00e1veis, Stela foi formulado sem amina terci\u00e1ria. Este componente j\u00e1 demonstrou contribuir para o amarelecimento de restaura\u00e7\u00f5es com o tempo.1,2 Com Stela, os cl\u00ednicos podem estar certos de que suas restaura\u00e7\u00f5es melhoraram a estabilidade da cor a longo prazo.<\/p>\n<p>Stela est\u00e1 dispon\u00edvel em uma cor universal, desenvolvida com efeito camale\u00e3o para mimetizar a tonalidade dos dentes ao redor.<br \/>\n[\/vc_column_text][\/vc_column_inner][vc_column_inner width=&#8221;1\/2&#8243;][vc_single_image image=&#8221;168442&#8243; img_size=&#8221;full&#8221; onclick=&#8221;link_image&#8221;][vc_column_text]<\/p>\n<p class=\"p1\" style=\"font-size: 12px;\">Imagens cortesia do Prof. Dr. Rocio Lazo<\/p>\n<p>[\/vc_column_text][\/vc_column_inner][\/vc_row_inner][vc_separator][\/vc_column][\/vc_row][vc_row full_width=&#8221;stretch_row&#8221; css=&#8221;.vc_custom_1685767210832{padding-top: 20px !important;padding-bottom: 20px !important;}&#8221;][vc_column][vc_row_inner][vc_column_inner width=&#8221;1\/3&#8243;][vc_column_text]<img loading=\"lazy\" decoding=\"async\" class=\"alignnone wp-image-33700 size-medium\" src=\"https:\/\/www.sdi.com.au\/wp-content\/uploads\/2022\/07\/study_stela_selfetch-300x288.png\" alt=\"\" width=\"300\" height=\"288\" srcset=\"https:\/\/www.sdi.com.au\/wp-content\/uploads\/2022\/07\/study_stela_selfetch-300x288.png 300w, https:\/\/www.sdi.com.au\/wp-content\/uploads\/2022\/07\/study_stela_selfetch.png 409w\" sizes=\"auto, (max-width: 300px) 85vw, 300px\" \/><\/p>\n<p class=\"p1\" style=\"font-size: 12px;\">INTERFACE ADESIVA DA STELA (AUTOATAQUE \u00c1CIDO)<br \/>\nFONTE: SAURO, Salvator et al. 2022<sup>6<\/sup><\/p>\n<p>[\/vc_column_text][\/vc_column_inner][vc_column_inner width=&#8221;2\/3&#8243;][vc_column_text]<\/p>\n<h3><strong>Restaura\u00e7\u00f5es livres de lacunas<\/strong><\/h3>\n<p>Stela inclui uma tecnologia inovadora que permite interface sem fendas. Ao fotoativar um comp\u00f3sito, a polimeriza\u00e7\u00e3o come\u00e7a na \u00e1rea mais pr\u00f3xima da fonte de luz, com a consequente contra\u00e7\u00e3o de polimeriza\u00e7\u00e3o resultante que puxa o restaurador das paredes da cavidade, criando microfendas.3,4,5 Stela n\u00e3o requer fotopolimeriza\u00e7\u00e3o e Stela Primer cont\u00e9m um catalisador que inicia o processo de cura na interface de restaura\u00e7\u00e3o. Esta sequ\u00eancia de polimeriza\u00e7\u00e3o atenua a tens\u00e3o de contra\u00e7\u00e3o por permitir uma interface sem fendas, reduzindo a sensibilidade p\u00f3s-operat\u00f3ria e o risco de falha prematura.[\/vc_column_text][\/vc_column_inner][\/vc_row_inner][vc_separator][\/vc_column][\/vc_row][vc_row full_width=&#8221;stretch_row&#8221; css=&#8221;.vc_custom_1685767210832{padding-top: 20px !important;padding-bottom: 20px !important;}&#8221;][vc_column][vc_row_inner][vc_column_inner width=&#8221;1\/2&#8243;][vc_column_text]<\/p>\n<p>Stela Primer tamb\u00e9m cont\u00e9m 10-MPD e demonstra resist\u00eancia de uni\u00e3o superior em compara\u00e7\u00e3o a outras combina\u00e7\u00f5es adesivo\/comp\u00f3sito de destaque.<\/p>\n<p>Al\u00e9m disso, Stela cont\u00e9m fl\u00faor, c\u00e1lcio e estr\u00f4ncio, e n\u00e3o cont\u00e9m BPA e HEMA. E Stela oferece uma radiopacidade de 308% de alum\u00ednio para um f\u00e1cil diagn\u00f3stico.<\/p>\n<p>Stela \u00e9 a op\u00e7\u00e3o ideal para cl\u00ednicos que busquem um material restaurador resistente, confi\u00e1vel e de alto desempenho, que seja simples, f\u00e1cil e n\u00e3o comprometa a est\u00e9tica. A interface sem fendas d Stela e o seu processo simplificado reduzem a sensibilidade e aumentam a longevidade, resultando em pacientes fi\u00e9is e dentistas confiantes.<\/p>\n<p><strong>Stela \u00e9 uma inova\u00e7\u00e3o australiana desenvolvida e fabricada na Austr\u00e1lia pela SDI Limited.<\/strong><\/p>\n<p>[\/vc_column_text][\/vc_column_inner][vc_column_inner width=&#8221;1\/2&#8243;][vc_column_text]<\/p>\n<h3><strong>A for\u00e7a de liga\u00e7\u00e3o superior de Stela <\/strong><\/h3>\n<p>[\/vc_column_text][vc_single_image image=&#8221;33694&#8243; img_size=&#8221;medium&#8221; onclick=&#8221;link_image&#8221;][vc_column_text]<\/p>\n<p class=\"p1\" style=\"font-size: 12px;\">Resultados de resist\u00eancia de uni\u00e3o \u00e0 microtra\u00e7\u00e3o<br \/>\nSOURCE: SAURO, Salvatore et al. 2022<sup>6<\/sup><\/p>\n<p>[\/vc_column_text][\/vc_column_inner][\/vc_row_inner][\/vc_column][\/vc_row][vc_row full_width=&#8221;stretch_row&#8221; el_class=&#8221;quote-row2&#8243; css=&#8221;.vc_custom_1685768457413{padding-top: 20px !important;}&#8221;][vc_column][vc_row_inner][vc_column_inner][vc_column_text]<\/p>\n<h3>Clinical photos<\/h3>\n<p>[\/vc_column_text][\/vc_column_inner][\/vc_row_inner][vc_row_inner][vc_column_inner width=&#8221;1\/5&#8243;][vc_single_image image=&#8221;33840&#8243; img_size=&#8221;full&#8221;][\/vc_column_inner][vc_column_inner width=&#8221;4\/5&#8243;][vc_column_text]<\/p>\n<h5><img loading=\"lazy\" decoding=\"async\" class=\"alignnone size-full wp-image-33842\" src=\"https:\/\/www.sdi.com.au\/wp-content\/uploads\/2022\/07\/valencia-flag.png\" alt=\"\" width=\"30\" height=\"21\" \/> DR JOS\u00c9 CEDILLO<\/h5>\n<p><span class=\"s1\" style=\"font-size: 12px;\">Fellow e Diplomado do Congresso Mundial de Odontologia Minimamente Invasiva &#8211; Val\u00eancia<\/span>[\/vc_column_text][\/vc_column_inner][\/vc_row_inner][vc_row_inner][vc_column_inner width=&#8221;1\/5&#8243;][\/vc_column_inner][vc_column_inner width=&#8221;2\/5&#8243;][vc_single_image image=&#8221;33843&#8243; img_size=&#8221;full&#8221;][vc_column_text]Primeiros e segundos molares inferiores com restaura\u00e7\u00f5es de resina defeituosas[\/vc_column_text][\/vc_column_inner][vc_column_inner width=&#8221;2\/5&#8243;][vc_single_image image=&#8221;33846&#8243; img_size=&#8221;full&#8221;][vc_column_text]C\u00e1ries removidas e cavidades de Classe I grandes preparadas[\/vc_column_text][\/vc_column_inner][\/vc_row_inner][vc_row_inner][vc_column_inner width=&#8221;1\/5&#8243;][\/vc_column_inner][vc_column_inner width=&#8221;2\/5&#8243;][vc_single_image image=&#8221;33845&#8243; img_size=&#8221;full&#8221;][vc_column_text]Aplica\u00e7\u00e3o de hidr\u00f3xido de c\u00e1lcio para proteger a \u00e1rea mais profunda de uma cavidade, seguida pela aplica\u00e7\u00e3o da Stela Primer[\/vc_column_text][\/vc_column_inner][vc_column_inner width=&#8221;2\/5&#8243;][vc_single_image image=&#8221;33846&#8243; img_size=&#8221;full&#8221;][vc_column_text]Restaura\u00e7\u00e3o Conclu\u00edda[\/vc_column_text][\/vc_column_inner][\/vc_row_inner][vc_separator color=&#8221;custom&#8221; accent_color=&#8221;#0a0a0a&#8221;][vc_row_inner][vc_column_inner width=&#8221;1\/5&#8243;][vc_single_image image=&#8221;33626&#8243; img_size=&#8221;full&#8221;][\/vc_column_inner][vc_column_inner width=&#8221;4\/5&#8243;][vc_column_text]<em><strong>&#8220;Moving away from incremental techniques using a chemically cured bulk composite allows us to work faster and with a highly reproducible and safer process.&#8221;<\/strong><\/em>[\/vc_column_text][vc_column_text]<\/p>\n<h5><img loading=\"lazy\" decoding=\"async\" class=\"alignnone wp-image-33627\" src=\"https:\/\/www.sdi.com.au\/wp-content\/uploads\/2022\/07\/peru-flag.png\" alt=\"\" width=\"30\" height=\"21\" \/> Dr Eraldo Pesaressi<\/h5>\n<p><span class=\"s1\" style=\"font-size: 12px;\">PhD in Medical Science, Research associate at the University of San Martin de Porres &#8211; Lima &#8211; Peru<\/span>[\/vc_column_text][\/vc_column_inner][\/vc_row_inner][vc_row_inner][vc_column_inner width=&#8221;1\/5&#8243;][\/vc_column_inner][vc_column_inner width=&#8221;1\/5&#8243;][vc_single_image image=&#8221;33621&#8243; img_size=&#8221;full&#8221;][vc_column_text]<strong>Step 1:<\/strong> Molar with decay[\/vc_column_text][\/vc_column_inner][vc_column_inner width=&#8221;1\/5&#8243;][vc_single_image image=&#8221;33622&#8243; img_size=&#8221;full&#8221;][vc_column_text]<strong>Step 2:<\/strong> After caries removal and isolation with rubber dam[\/vc_column_text][\/vc_column_inner][vc_column_inner width=&#8221;1\/5&#8243;][vc_single_image image=&#8221;33623&#8243; img_size=&#8221;full&#8221;][vc_column_text]<strong>Step 3:<\/strong> Application of Stela Primer[\/vc_column_text][\/vc_column_inner][vc_column_inner width=&#8221;1\/5&#8243;][vc_single_image image=&#8221;33624&#8243; img_size=&#8221;full&#8221;][vc_column_text]<strong>Step 4:<\/strong> Restoration completed[\/vc_column_text][\/vc_column_inner][\/vc_row_inner][vc_separator color=&#8221;custom&#8221; accent_color=&#8221;#0a0a0a&#8221;][vc_row_inner][vc_column_inner width=&#8221;1\/5&#8243;][vc_single_image image=&#8221;33632&#8243; img_size=&#8221;full&#8221;][\/vc_column_inner][vc_column_inner width=&#8221;4\/5&#8243;][vc_column_text]<em><strong>&#8220;I used Stela with different protocols, including directly, without pulp protection and it did not cause sensitivity. Thank you, SDI, for sharing these wonderful developments in our profession!&#8221;<\/strong><\/em>[\/vc_column_text][vc_column_text]<\/p>\n<h5><img loading=\"lazy\" decoding=\"async\" src=\"https:\/\/www.sdi.com.au\/wp-content\/uploads\/2022\/07\/columbia-flag.png\" alt=\"\" width=\"30\" height=\"21\" \/> PROF DR GONZALO ARANA GORDILO<\/h5>\n<p><span class=\"s1\" style=\"font-size: 12px;\">Professor in multiple Colombian universities International Lecturer in Biomaterials and Dental Aesthetics<\/span>[\/vc_column_text][\/vc_column_inner][\/vc_row_inner][vc_row_inner][vc_column_inner width=&#8221;1\/5&#8243;][\/vc_column_inner][vc_column_inner width=&#8221;2\/5&#8243;][vc_single_image image=&#8221;33633&#8243; img_size=&#8221;518&#215;260&#8243;][vc_column_text]Cavity prepared and ready to be isolated with rubber dam[\/vc_column_text][\/vc_column_inner][vc_column_inner width=&#8221;2\/5&#8243;][vc_single_image image=&#8221;33634&#8243; img_size=&#8221;518&#215;260&#8243;][vc_column_text]Final aspect after finishing and polishing[\/vc_column_text][\/vc_column_inner][\/vc_row_inner][vc_separator color=&#8221;custom&#8221; accent_color=&#8221;#0a0a0a&#8221;][vc_row_inner][vc_column_inner width=&#8221;1\/5&#8243;][vc_single_image image=&#8221;33647&#8243; img_size=&#8221;full&#8221;][\/vc_column_inner][vc_column_inner width=&#8221;4\/5&#8243;][vc_column_text]<em><strong>A aplica\u00e7\u00e3o de Stela \u00e9 muito f\u00e1cil e ap\u00f3s 4 minutos a restaura\u00e7\u00e3o apresentava a mesma cor do dente. Excelente polimento! Produto perfeito! <\/strong><\/em>[\/vc_column_text][vc_column_text]<\/p>\n<h5><img loading=\"lazy\" decoding=\"async\" src=\"https:\/\/www.sdi.com.au\/wp-content\/uploads\/2022\/07\/peru-flag.png\" alt=\"\" width=\"30\" height=\"21\" \/> PROF DR ROCIO LAZO<\/h5>\n<p><span class=\"s1\" style=\"font-size: 12px;\">[\/vc_column_text][\/vc_column_inner][\/vc_row_inner][vc_row_inner][vc_column_inner width=&#8221;1\/5&#8243;][\/vc_column_inner][vc_column_inner width=&#8221;2\/5&#8243;][vc_single_image image=&#8221;33649&#8243; img_size=&#8221;518&#215;260&#8243;][vc_column_text]Cavidade preparada e pronta para ser isolada com len\u00e7ol de borracha[\/vc_column_text][\/vc_column_inner][vc_column_inner width=&#8221;2\/5&#8243;][vc_single_image image=&#8221;33648&#8243; img_size=&#8221;518&#215;260&#8243;][vc_column_text]Aspecto final ap\u00f3s acabamento e polimento[\/vc_column_text][\/vc_column_inner][\/vc_row_inner][vc_separator color=&#8221;custom&#8221; accent_color=&#8221;#0a0a0a&#8221;][\/vc_column][\/vc_row][vc_row full_width=&#8221;stretch_row&#8221; el_class=&#8221;quote-row3&#8243; css=&#8221;.vc_custom_1685968502785{padding-top: 20px !important;padding-bottom: 20px !important;}&#8221;][vc_column][vc_row_inner][vc_column_inner][vc_column_text]<\/span><\/p>\n<p class=\"p1\" style=\"font-size: 12px;\">REFERENCES:<\/p>\n<ol>\n<li style=\"font-size: 12px;\">Andrea Kowalska et al. The Photoinitiators Used in Resin Based Dental Composite &#8211; A Review and Future Perspectives, 2021<\/li>\n<li style=\"font-size: 12px;\">Andrea Kowalska et al. Can TPO as Photoinitiator Replace \u201cGolden Mean\u201d Camphorquinone and Tertiary Amines in Dental Composites?, 2022<\/li>\n<li style=\"font-size: 12px;\">Hamdi Hosni Hamama. Recent advances in posterior resin composite restorations in Applications of Nanocomposite Materials in Dentistry, 2019.<\/li>\n<li style=\"font-size: 12px;\">S.R. Schricker. Composite resin polymerization and relevant parameters in Orthodontic Applications of Biomaterials, 2017.<\/li>\n<li style=\"font-size: 12px;\">Gary S. Berkowitz et al. Postoperative Hypersensitivity and Its Relationship to Preparation Variables in Class I Resin-Based Composite Restorations: Findings from the Practitioners Engaged in Applied Research and Learning (PEARL) Network. Part 1. Compend Contin Educ Dent. 2013 Mar; 34(3): e44\u2013e52.<\/li>\n<li style=\"font-size: 12px;\">Salvatore Sauro et al.Microtensile bond strength and interfacial adaptation of two bulk-fill composites compared to a conventional composite restorative system, 2022.<\/li>\n<\/ol>\n<p>[\/vc_column_text][\/vc_column_inner][\/vc_row_inner][\/vc_column][\/vc_row][vc_row][vc_column][vc_separator][vc_row_inner][vc_column_inner][vc_column_text]<\/p>\n<h3>Solicite mais informa\u00e7\u00f5es sobre Stela<\/h3>\n<p>[\/vc_column_text]\n<div class=\"wpcf7 no-js\" id=\"wpcf7-f169971-o1\" lang=\"en-AU\" dir=\"ltr\" data-wpcf7-id=\"169971\">\n<div class=\"screen-reader-response\"><p role=\"status\" aria-live=\"polite\" aria-atomic=\"true\"><\/p> <ul><\/ul><\/div>\n<form action=\"\/pt-br\/wp-json\/wp\/v2\/pages\/169046#wpcf7-f169971-o1\" method=\"post\" class=\"wpcf7-form init\" aria-label=\"Contact form\" novalidate=\"novalidate\" data-status=\"init\">\n<fieldset class=\"hidden-fields-container\"><input type=\"hidden\" name=\"_wpcf7\" value=\"169971\" \/><input type=\"hidden\" name=\"_wpcf7_version\" value=\"6.1.5\" \/><input type=\"hidden\" name=\"_wpcf7_locale\" value=\"en_AU\" \/><input type=\"hidden\" name=\"_wpcf7_unit_tag\" value=\"wpcf7-f169971-o1\" \/><input type=\"hidden\" name=\"_wpcf7_container_post\" value=\"0\" \/><input type=\"hidden\" name=\"_wpcf7_posted_data_hash\" value=\"\" \/><input type=\"hidden\" name=\"_wpcf7cf_hidden_group_fields\" value=\"[]\" \/><input type=\"hidden\" name=\"_wpcf7cf_hidden_groups\" value=\"[]\" \/><input type=\"hidden\" name=\"_wpcf7cf_visible_groups\" value=\"[]\" \/><input type=\"hidden\" name=\"_wpcf7cf_repeaters\" value=\"[]\" \/><input type=\"hidden\" name=\"_wpcf7cf_steps\" value=\"{}\" \/><input type=\"hidden\" name=\"_wpcf7cf_options\" value=\"{&quot;form_id&quot;:169971,&quot;conditions&quot;:[],&quot;settings&quot;:{&quot;animation&quot;:&quot;yes&quot;,&quot;animation_intime&quot;:200,&quot;animation_outtime&quot;:200,&quot;conditions_ui&quot;:&quot;normal&quot;,&quot;notice_dismissed&quot;:false}}\" \/><input type=\"hidden\" name=\"_wpcf7_recaptcha_response\" value=\"\" \/>\n<\/fieldset>\n<div class=\"contact_form\">\n\t<div class=\"row\">\n\t\t<div class=\"col-md-12\">\n\t\t\t<p><span><strong>Primeiro nome*<\/strong><\/span><span class=\"wpcf7-form-control-wrap\" data-name=\"first-name\"><input size=\"40\" maxlength=\"400\" class=\"wpcf7-form-control wpcf7-text wpcf7-validates-as-required\" aria-required=\"true\" aria-invalid=\"false\" value=\"\" type=\"text\" name=\"first-name\" \/><\/span>\n\t\t\t<\/p>\n\t\t<\/div>\n\t\t<div class=\"col-md-12\">\n\t\t\t<p><span><strong>Sobrenome*<\/strong><\/span><span class=\"wpcf7-form-control-wrap\" data-name=\"last-name\"><input size=\"40\" maxlength=\"400\" class=\"wpcf7-form-control wpcf7-text wpcf7-validates-as-required\" aria-required=\"true\" aria-invalid=\"false\" value=\"\" type=\"text\" name=\"last-name\" \/><\/span>\n\t\t\t<\/p>\n\t\t<\/div>\n\t<\/div>\n\t<div class=\"row\">\n\t\t<div class=\"col-md-12\">\n\t\t\t<p><span><strong>Email*<\/strong><\/span><span class=\"wpcf7-form-control-wrap\" data-name=\"email\"><input size=\"40\" maxlength=\"400\" class=\"wpcf7-form-control wpcf7-email wpcf7-validates-as-required wpcf7-text wpcf7-validates-as-email\" aria-required=\"true\" aria-invalid=\"false\" value=\"\" type=\"email\" name=\"email\" \/><\/span>\n\t\t\t<\/p>\n\t\t<\/div>\n\t<\/div>\n\t<div class=\"row\">\n\t\t<div class=\"col-md-12\">\n\t\t\t<p><span><strong>Pa\u00eds*<\/strong><\/span><span class=\"wpcf7-form-control-wrap\" data-name=\"country\"><input size=\"40\" maxlength=\"400\" class=\"wpcf7-form-control wpcf7-text wpcf7-validates-as-required\" aria-required=\"true\" aria-invalid=\"false\" value=\"\" type=\"text\" name=\"country\" \/><\/span>\n\t\t\t<\/p>\n\t\t<\/div>\n\t<\/div>\n\t<div class=\"row\">\n\t\t<div class=\"col-md-12\">\n\t\t\t<p><span><strong>Coment\u00e1rios e sugest\u00f5es <\/strong><\/span><span class=\"wpcf7-form-control-wrap\" data-name=\"Message\"><input size=\"40\" maxlength=\"400\" class=\"wpcf7-form-control wpcf7-text\" aria-invalid=\"false\" placeholder=\"Adicione sua mensagem aqui\" value=\"\" type=\"text\" name=\"Message\" \/><\/span>\n\t\t\t<\/p>\n\t\t<\/div>\n\t<\/div>\n<hr \/>\n\t<div class=\"row\">\n\t\t<div class=\"col-md-12\">\n\t\t\t<p><span class=\"wpcf7-form-control-wrap\" data-name=\"privacy-consent\"><span class=\"wpcf7-form-control wpcf7-acceptance\"><span class=\"wpcf7-list-item\"><label><input type=\"checkbox\" name=\"privacy-consent\" value=\"1\" aria-invalid=\"false\" \/><span class=\"wpcf7-list-item-label\">* Concordo que a SDI Limited colete e use os meus dados pessoais de acordo com a <a href=\"https:\/\/www.sdi.com.au\/pt-br\/privacy\/\" target=\"_blank\">Pol\u00edtica de Seguran\u00e7a &amp; Privacidade<\/a> da SDI Limited<\/span><\/label><\/span><\/span><\/span>\n\t\t\t<\/p>\n\t\t<\/div>\n\t<\/div>\n\t<div class=\"row\">\n\t\t<div class=\"col-md-12\">\n\t\t\t<p><input class=\"wpcf7-form-control wpcf7-submit has-spinner\" type=\"submit\" value=\"Enviar\" \/>\n\t\t\t<\/p>\n\t\t<\/div>\n\t<\/div>\n<\/div><div class=\"wpcf7-response-output\" aria-hidden=\"true\"><\/div>\n<\/form>\n<\/div>\n[\/vc_column_inner][\/vc_row_inner][\/vc_column][\/vc_row]<\/p>\n<\/div>","protected":false},"excerpt":{"rendered":"<p>[vc_row][vc_column][vc_row_inner][vc_column_inner width=&#8221;1\/2&#8243;][vc_column_text] Stela: O Futuro das resinas compostas! [\/vc_column_text][vc_column_text]A SDI aproveitou seus 50 anos de experi\u00eancia em materiais de am\u00e1lgama para desenvolver Stela \u2013 a verdadeira alternativa do am\u00e1lgama. Stela &hellip; <a href=\"https:\/\/www.sdi.com.au\/pt-br\/stela-amalgam-alternative-info\/\" class=\"more-link\">Continue reading<span class=\"screen-reader-text\"> &#8220;Stela \u2013 the true amalgam alternative&#8221;<\/span><\/a><\/p>\n","protected":false},"author":9,"featured_media":0,"parent":0,"menu_order":0,"comment_status":"closed","ping_status":"closed","template":"page-templates\/internal-page.php","meta":{"_acf_changed":false,"_price":"","_stock":"","_tribe_ticket_header":"","_tribe_default_ticket_provider":"","_ticket_start_date":"","_ticket_end_date":"","_tribe_ticket_show_description":"","_tribe_ticket_show_not_going":false,"_tribe_ticket_use_global_stock":"","_tribe_ticket_global_stock_level":"","_global_stock_mode":"","_global_stock_cap":"","_tribe_rsvp_for_event":"","_tribe_ticket_going_count":"","_tribe_ticket_not_going_count":"","_tribe_tickets_list":"[]","_tribe_ticket_has_attendee_info_fields":false,"footnotes":"","_tec_slr_enabled":"","_tec_slr_layout":"","_wp_rev_ctl_limit":""},"class_list":["post-169046","page","type-page","status-publish","hentry"],"acf":[],"ticketed":false,"_links":{"self":[{"href":"https:\/\/www.sdi.com.au\/pt-br\/wp-json\/wp\/v2\/pages\/169046","targetHints":{"allow":["GET"]}}],"collection":[{"href":"https:\/\/www.sdi.com.au\/pt-br\/wp-json\/wp\/v2\/pages"}],"about":[{"href":"https:\/\/www.sdi.com.au\/pt-br\/wp-json\/wp\/v2\/types\/page"}],"author":[{"embeddable":true,"href":"https:\/\/www.sdi.com.au\/pt-br\/wp-json\/wp\/v2\/users\/9"}],"replies":[{"embeddable":true,"href":"https:\/\/www.sdi.com.au\/pt-br\/wp-json\/wp\/v2\/comments?post=169046"}],"version-history":[{"count":20,"href":"https:\/\/www.sdi.com.au\/pt-br\/wp-json\/wp\/v2\/pages\/169046\/revisions"}],"predecessor-version":[{"id":169972,"href":"https:\/\/www.sdi.com.au\/pt-br\/wp-json\/wp\/v2\/pages\/169046\/revisions\/169972"}],"wp:attachment":[{"href":"https:\/\/www.sdi.com.au\/pt-br\/wp-json\/wp\/v2\/media?parent=169046"}],"curies":[{"name":"wp","href":"https:\/\/api.w.org\/{rel}","templated":true}]}}