{"id":17570,"date":"2018-05-23T11:33:06","date_gmt":"2018-05-23T01:33:06","guid":{"rendered":"https:\/\/www.sdi.com.au\/cz-cz\/?page_id=17570"},"modified":"2022-02-21T23:01:57","modified_gmt":"2022-02-21T12:01:57","slug":"privacy","status":"publish","type":"page","link":"https:\/\/www.sdi.com.au\/pt-br\/privacy\/","title":{"rendered":"Privacy"},"content":{"rendered":"<h2>POL\u00cdTICA DE SEGURAN\u00c7A &amp; PRIVACIDADE<\/h2>\n<p>A SDI Holdings Pty Ltd do Brasil (<strong>\u201cSDI\u201d<\/strong>) em conformidade com a Lei 13.709\/2018, a Lei Geral de Prote\u00e7\u00e3o de Dados (<strong>\u201cLGPD\u201d<\/strong>), adota as medidas necess\u00e1rias para prote\u00e7\u00e3o de Seus Dados Pessoais e preserva\u00e7\u00e3o da sua privacidade.<\/p>\n<p>Esta Pol\u00edtica de Seguran\u00e7a &amp; Privacidade (<strong>\u201cPol\u00edtica\u201d<\/strong>) disp\u00f5e sobre a forma como ser\u00e1 realizado o Tratamento deseus Dados Pessoais por ocasi\u00e3o da utiliza\u00e7\u00e3o dos sites e redes sociais da SDI, bem como a todos os clientes da SDI.<\/p>\n<p>&nbsp;<\/p>\n<ol>\n<li><strong>DEFINI\u00c7\u00d5ES<\/strong><\/li>\n<\/ol>\n<p>Nesta Pol\u00edtica:<\/p>\n<p><strong>\u201cConsentimento\u201d <\/strong>significa a manifesta\u00e7\u00e3o livre, informada e inequ\u00edvoca pela qual voc\u00ea concorda com oTratamento de seus Dados Pessoais para uma finalidade determinada.<\/p>\n<p><strong>\u201cDado Pessoal\u201d <\/strong>significa informa\u00e7\u00e3o relacionada a pessoa natural identificada ou identific\u00e1vel.<\/p>\n<p><strong>\u201cEncarregado\u201d <\/strong>significa a pessoa indicada pela SDI para atuar como canal de comunica\u00e7\u00e3o entre a SDI, voc\u00eacomo titular dos dados e a Autoridade Nacional de Prote\u00e7\u00e3o de Dados.<\/p>\n<p><strong>\u201cTitular\u201d <\/strong>significa a pessoa natural a quem se referem os Dados Pessoais que s\u00e3o objeto de Tratamento.<\/p>\n<p><strong>\u201cTratamento\u201d <\/strong>de Dados Pessoais significa toda opera\u00e7\u00e3o realizada com Dados Pessoais, como as que sereferem a coleta, produ\u00e7\u00e3o, recep\u00e7\u00e3o, classifica\u00e7\u00e3o, utiliza\u00e7\u00e3o, acesso, reprodu\u00e7\u00e3o, transmiss\u00e3o, distribui\u00e7\u00e3o,processamento, arquivamento, armazenamento, elimina\u00e7\u00e3o, avalia\u00e7\u00e3o ou controle da informa\u00e7\u00e3o, modifica\u00e7\u00e3o, comunica\u00e7\u00e3o, transfer\u00eancia, difus\u00e3o ou extra\u00e7\u00e3o.<\/p>\n<p>&nbsp;<\/p>\n<ol start=\"2\">\n<li><strong>D<\/strong><strong>ADOS <\/strong><strong>P<\/strong><strong>ESSOAIS QUE <\/strong><strong>C<\/strong><strong>OLETAMOS<\/strong><\/li>\n<\/ol>\n<p>Ao interagir com a SDI dependendo de como voc\u00ea interage (online, offline, por telefone, mensagem etc.) coletamos os seguintes dados:<\/p>\n<ol start=\"2\">\n<li style=\"list-style-type: none;\">\n<ol style=\"list-style: lower-alpha;\">\n<li>informa\u00e7\u00f5es pessoais: nome completo, endere\u00e7o completo, CPF, CRO, data de nascimento, sexo, nome dos genitores, endere\u00e7o de e-mail, telefone fixo, telefone celular ;<\/li>\n<li>informa\u00e7\u00f5es empresariais: seguimento de atua\u00e7\u00e3o, \u00e1rea de atua\u00e7\u00e3o, local de trabalho, cargo\/fun\u00e7\u00e3o naempresa em que trabalha, telefone comercial e refer\u00eancias comerciais;<\/li>\n<li>informa\u00e7\u00f5es de relacionamento com a SDI: canal de prefer\u00eancia para contato, incluindo o uso de m\u00eddia social, e comunica\u00e7\u00e3o mantida entre voc\u00ea e a SDI, em qualquer meio;<\/li>\n<li>informa\u00e7\u00f5es de login de conta para acesso ao seu perfil: nome de usu\u00e1rio, senha e perguntas deseguran\u00e7a;<\/li>\n<li>informa\u00e7\u00f5es t\u00e9cnicas sobre o computador\/dispositivo m\u00f3vel: navegador da web, data, hora do acesso, endere\u00e7o IP, tipo de sistema operacional, idioma, acesso solicitado pelo website e outros dados similaresdo dispositivo m\u00f3vel;<\/li>\n<li>informa\u00e7\u00f5es financeiras: informa\u00e7\u00f5es necess\u00e1rias para dar andamento nas transa\u00e7\u00f5es realizadas em nosso site, como os dados de seu cart\u00e3o de d\u00e9bito ou cr\u00e9dito ou outras formas de pagamento utilizadas;<\/li>\n<li>informa\u00e7\u00f5es de redes sociais de terceiros: informa\u00e7\u00f5es que fazem parte do seu perfil ou que voc\u00ea compartilha publicamente em redes sociais de terceiros quando voc\u00ea interage com a SDI por meio de uma rede social; e<\/li>\n<li>informa\u00e7\u00f5es de utiliza\u00e7\u00e3o de sites: informa\u00e7\u00f5es coletadas automaticamente atrav\u00e9s de tecnologias decoleta autom\u00e1tica de dados conforme voc\u00ea interage com nossos<\/li>\n<\/ol>\n<\/li>\n<\/ol>\n<ol start=\"3\">\n<li><strong>F<\/strong><strong>ONTE DE <\/strong><strong>C<\/strong><strong>OLETA DE <\/strong><strong>D<\/strong><strong>ADOS<\/strong><\/li>\n<\/ol>\n<p>Coletamos os seus Dados Pessoais atrav\u00e9s das seguintes fontes:<\/p>\n<ol start=\"3\">\n<li style=\"list-style-type: none;\">\n<ol style=\"list-style: lower-alpha;\">\n<li>ao acessar os sites da SDI <a href=\"https:\/\/www.sdi.com.au\/pt-br\/\">https:\/\/www.sdi.com.au\/pt-br\/<\/a> ou <a href=\"http:\/\/sdibrasilblog.com.br\/\">http:\/\/sdibrasilblog.com.br\/ <\/a>ou nossas redes sociais como o Instagram, Facebook, Twitter, YouTube, entre outras;<\/li>\n<li>formul\u00e1rios de registro impressos ou digitais;<\/li>\n<li>e-mails, mensagens de texto ou troca de mensagens instant\u00e2neas utilizadas entre voc\u00ea a SDI, incluindoe-mails e mensagens enviados diretamente pela SDI;<\/li>\n<li>comunica\u00e7\u00f5es atrav\u00e9s da nossa Assist\u00eancia T\u00e9cnica;<\/li>\n<li>uso de nossos produtos e servi\u00e7os;<\/li>\n<li>distribuidores dos nossos produtos;<\/li>\n<li>intera\u00e7\u00f5es com an\u00fancios e propagandas online; e<\/li>\n<li>pesquisas de mercado e feedback de<\/li>\n<\/ol>\n<\/li>\n<\/ol>\n<ol start=\"4\">\n<li><strong>U<\/strong><strong>TILIZA\u00c7\u00c3O DOS DADOS <\/strong><strong>C<\/strong><strong>OLETADOS<\/strong><\/li>\n<\/ol>\n<p>Os dados coletados ser\u00e3o utilizados para as seguintes finalidades:<\/p>\n<ol start=\"3\">\n<li style=\"list-style-type: none;\">\n<ol style=\"list-style: lower-alpha;\">\n<li>sua identifica\u00e7\u00e3o para fins de relacionamento comercial, marketing e afins;<\/li>\n<li>elabora\u00e7\u00e3o de contratos e emiss\u00e3o de cobran\u00e7as;<\/li>\n<li>execu\u00e7\u00e3o de um contrato no qual voc\u00ea seja parte;<\/li>\n<li>disponibiliza\u00e7\u00e3o dos servi\u00e7os e produtos da SDI, de forma remunerada ou gratuita;<\/li>\n<li>consultas \u00e0s bases externas de an\u00e1lise de risco;<\/li>\n<li>preven\u00e7\u00e3o a fraudes;<\/li>\n<li>registro de garantia dos produtos da SDI;<\/li>\n<li>possibilitar que a SDI entre em contato com voc\u00ea, seja por e-mail, carta, telefone ou mensagens em aplicativo de celular, entre outros;<\/li>\n<li>manuten\u00e7\u00e3o, suporte e resolu\u00e7\u00e3o de poss\u00edveis incidentes t\u00e9cnicos ou de qualquer outra natureza relacionados aos produtos da SDI;<\/li>\n<li>possibilitar que a SDI informe, divulgue e promova seus produtos atrav\u00e9s de marketing como o envio denewsletter, e-mail marketing, promo\u00e7\u00f5es, pesquisa, entre outras a\u00e7\u00f5es personalizadas ou n\u00e3o ao seu perfil,exceto se voc\u00ea se opor ou revogar seu consentimento;<\/li>\n<li>manuten\u00e7\u00e3o de banco de dados de profissionais do mercado para facilitar o contato em futuros convitespara eventos, exceto se voc\u00ea se opor ou revogar seu consentimento;<\/li>\n<li>cumprir obriga\u00e7\u00f5es legais, regulat\u00f3rias ou fiscais;<\/li>\n<li>atendimento a seus pedidos;<\/li>\n<li>auditoria financeira, cont\u00e1bil e de conformidade;<\/li>\n<li>emiss\u00e3o de boletos, notas fiscais e documentos financeiros correlatos;<\/li>\n<li>utiliza\u00e7\u00e3o dos dados em pesquisas de mercado ou pesquisas de satisfa\u00e7\u00e3o; e<\/li>\n<li>quando necess\u00e1rio para atender aos interesses leg\u00edtimos da SDI ou de terceiros, exceto no caso deprevalecerem seus direitos e liberdades fundamentais que exijam a prote\u00e7\u00e3o dos Dados Pessoais.<\/li>\n<\/ol>\n<\/li>\n<\/ol>\n<ol start=\"5\">\n<li><strong>C<\/strong><strong>OMPARTILHAMENTO DOS <\/strong><strong>D<\/strong><strong>ADOS <\/strong><strong>C<\/strong><strong>OLETADOS<\/strong><\/li>\n<\/ol>\n<p>Seus Dados Pessoais poder\u00e3o ser compartilhados com outras empresas do grupo SDI por quest\u00f5es deseguran\u00e7a, gera\u00e7\u00e3o de dados estat\u00edsticos acerca de nossos produtos, organiza\u00e7\u00e3o de eventos, administra\u00e7\u00e3o interna ou para publica\u00e7\u00e3o nos sites de outras empresas do grupo SDI.<\/p>\n<p>Seus Dados Pessoais tamb\u00e9m poder\u00e3o ser compartilhados com prestadores de servi\u00e7os que tratam tais dados em nome da SDI, apenas quando necess\u00e1rio para garantir a presta\u00e7\u00e3o de servi\u00e7o ou entrega de produtos,conforme as regras estabelecidas nesta Pol\u00edtica e na LGPD.<\/p>\n<p>Ainda seus Dados Pessoais poder\u00e3o ser compartilhados quando necess\u00e1rio em decorr\u00eancia de obriga\u00e7\u00e3o legal,determina\u00e7\u00e3o de autoridade competente ou se necess\u00e1rio para responder\u00a0a processos judiciais. Tamb\u00e9m em caso de opera\u00e7\u00f5es societ\u00e1rias como venda, reorganiza\u00e7\u00e3o ou fus\u00e3o da empresa.<\/p>\n<ol start=\"6\">\n<li><strong>T<\/strong><strong>RANSFER\u00caNCIA <\/strong><strong>I<\/strong><strong>NTERNACIONAL DE <\/strong><strong>D<\/strong><strong>ADOS<\/strong><\/li>\n<\/ol>\n<p>Caso o compartilhamento de seus Dados Pessoais seja realizado a empresas do grupo SDI localizadas fora doBrasil ou prestadores de servi\u00e7o localizados no exterior, informamos que tais transfer\u00eancias internacionais ser\u00e3o feitas de acordo com as leis de prote\u00e7\u00e3o de dados aplic\u00e1veis e tomaremos todas as medidas adequadas para que seus Dados Pessoais sejam protegidos no pa\u00eds de destino.<\/p>\n<ol start=\"7\">\n<li><strong>A<\/strong><strong>RMAZENAMENTO DOS <\/strong><strong>D<\/strong><strong>ADOS <\/strong><strong>C<\/strong><strong>OLETADOS<\/strong><\/li>\n<\/ol>\n<p>Armazenaremos seus Dados Pessoais conforme seja necess\u00e1rio para as finalidades apresentadas nesta Pol\u00edtica,de acordo com o per\u00edodo de reten\u00e7\u00e3o de dados determinado pela legisla\u00e7\u00e3o aplic\u00e1vel, bem como at\u00e9 eventual requerimento de exclus\u00e3o ou revoga\u00e7\u00e3o de consentimento.<\/p>\n<p>Ao inserir dados de n\u00famero de cart\u00e3o de cr\u00e9dito no nosso site, essa informa\u00e7\u00e3o \u00e9 criptografada atrav\u00e9s de umatecnologia de seguran\u00e7a. Quando os dados do cart\u00e3o de cr\u00e9dito s\u00e3o inseridos na nossa p\u00e1gina de pagamento, estes s\u00e3o transmitidos ao portal de pagamento para processamento, portanto a SDI n\u00e3o armazena os dadoscompletos do cart\u00e3o de cr\u00e9dito.<\/p>\n<p>Caso voc\u00ea solicite a exclus\u00e3o de seus Dados Pessoais ou revogue o seu consentimento, as informa\u00e7\u00f5es fornecidas ser\u00e3o exclu\u00eddas definitivamente, salvo se tais informa\u00e7\u00f5es forem necess\u00e1rias para atendimento deinteresses leg\u00edtimos, exerc\u00edcio regular de direitos em processo judicial, administrativo ou arbitral oucumprimento de obriga\u00e7\u00e3o legal.<\/p>\n<ol start=\"8\">\n<li><strong>S<\/strong><strong>EGURAN\u00c7A DOS <\/strong><strong>D<\/strong><strong>ADOS <\/strong><strong>C<\/strong><strong>OLETADOS<\/strong><\/li>\n<\/ol>\n<p>Protegemos seus Dados Pessoais atrav\u00e9s das seguintes medidas:<\/p>\n<ol>\n<li style=\"list-style-type: none;\">\n<ol style=\"list-style: lower-alpha;\">\n<li>ado\u00e7\u00e3o de mecanismos de seguran\u00e7a f\u00edsicos e eletr\u00f4nicos para prote\u00e7\u00e3o dos Dados Pessoais;<\/li>\n<li>armazenamento em ambiente seguro com medidas de seguran\u00e7a razo\u00e1veis para prevenir o acesso n\u00e3oautorizado;<\/li>\n<li>acesso aos seus Dados Pessoais permitido apenas a nossos colaboradores ou agentes autorizadoresespecificamente para a finalidade que foram coletados; e<\/li>\n<li>revis\u00e3o peri\u00f3dica das medidas de seguran\u00e7a conforme o avan\u00e7o tecnol\u00f3gico.<\/li>\n<\/ol>\n<p>&nbsp;<\/li>\n<li style=\"list-style-type: none;\">Utilizamos medidas de seguran\u00e7a e monitoramento para respeitar e proteger as suas informa\u00e7\u00f5es pessoais contra acesso n\u00e3o autorizado, perda, altera\u00e7\u00e3o, roubo, divulga\u00e7\u00e3o ou qualquer modalidade de uso indevido, entretanto n\u00e3o \u00e9 poss\u00edvel garantir completamente a n\u00e3o ocorr\u00eancia de intercepta\u00e7\u00f5es por viola\u00e7\u00e3o de qualquer uma das medidas de prote\u00e7\u00e3o. Comunicaremos voc\u00ea caso ocorra algum incidente de seguran\u00e7a que possaacarretar risco ou danos relevantes.<\/li>\n<\/ol>\n<ol start=\"9\">\n<li><strong>S<\/strong><strong>EUS <\/strong><strong>D<\/strong><strong>IREITOS<\/strong><\/li>\n<\/ol>\n<p>Voc\u00ea pode solicitar \u00e0 SDI atrav\u00e9s do nosso e-mail <a href=\"mailto:contato.sdi.brasil@sdi.com.au\">contato.sdi.brasil@sdi.com.au:<\/a><\/p>\n<ul>\n<li style=\"list-style-type: none;\">\n<ul>\n<li style=\"list-style-type: none;\">\n<ul>\n<li>a confirma\u00e7\u00e3o da exist\u00eancia de Tratamento;<\/li>\n<li>o acesso aos Dados Pessoais;<\/li>\n<li>a corre\u00e7\u00e3o de dados incompletos, inexatos ou desatualizados;<\/li>\n<li>a anonimiza\u00e7\u00e3o, bloqueio ou elimina\u00e7\u00e3o dos dados desnecess\u00e1rios, excessivos ou Tratados emdesconformidade com a LGPD;<\/li>\n<li>a portabilidade dos dados, dentro dos limites legais;<\/li>\n<li>a elimina\u00e7\u00e3o dos Dados Pessoais tratados com o seu consentimento;<\/li>\n<li>a informa\u00e7\u00e3o das entidades p\u00fablicas e privadas com as quais realizamos o uso compartilhado de dados; e<\/li>\n<li>a revoga\u00e7\u00e3o do seu<\/li>\n<\/ul>\n<\/li>\n<\/ul>\n<\/li>\n<\/ul>\n<ol start=\"10\">\n<li><strong>L<\/strong><strong>INKS <\/strong><strong>E<\/strong><strong>XTERNOS<\/strong><\/li>\n<\/ol>\n<p>Os links nos sites <a href=\"https:\/\/www.sdi.com.au\/pt-br\/\">https:\/\/www.sdi.com.au\/pt-br\/ <\/a>ou <a href=\"http:\/\/sdibrasilblog.com.br\/\">http:\/\/sdibrasilblog.com.br\/ <\/a>relativos a entidades externasn\u00e3o est\u00e3o abrangidos por esta Pol\u00edtica. Os termos e condi\u00e7\u00f5es definidos nesta Pol\u00edtica abrangem apenas os sites indicados e outros sites relacionados ao grupo SDI, como as redes sociais da SDI.<\/p>\n<ol start=\"11\">\n<li><strong>A<\/strong><strong>LTERA\u00c7\u00d5ES \u00c0 <\/strong><strong>P<\/strong><strong>OL\u00cdTICA DE <\/strong><strong>S<\/strong><strong>EGURAN\u00c7A <\/strong><strong>&amp; P<\/strong><strong>RIVACIDADE<\/strong><\/li>\n<\/ol>\n<p>Se decidirmos alterar a nossa Pol\u00edtica publicaremos as altera\u00e7\u00f5es na pr\u00f3pria Pol\u00edtica, na p\u00e1gina inicial de nossos sites e em outros locais que considerarmos apropriados para que voc\u00ea tome conhecimento das altera\u00e7\u00f5es. Reservamo-nos o direito de alterar esta Pol\u00edtica a qualquer momento e voc\u00ea poder\u00e1 revogar oconsentimento caso discorde das altera\u00e7\u00f5es.<\/p>\n<p>Qualquer comunica\u00e7\u00e3o dever\u00e1 ser realizada atrav\u00e9s do e-mail <a href=\"mailto:contato.sdi.brasil@sdi.com.au\">contato.sdi.brasil@sdi.com.au<\/a> ao nossoEncarregado Ricardo Cury.<\/p>\n<p>Fica eleito o foro da comarca de S\u00e3o Paulo, no Estado de S\u00e3o Paulo, para resolver controv\u00e9rsias relacionadasa esta Pol\u00edtica.<\/p>\n<p>&nbsp;<\/p>\n<h2>POL\u00cdTICA DE COOKIES<\/h2>\n<p>A SDI Holdings Pty Ltd do Brasil (<strong>\u201cSDI\u201d<\/strong>) em conformidade com a Lei 13.709\/2018, a Lei Geral de Prote\u00e7\u00e3o de Dados (<strong>\u201cLGPD\u201d<\/strong>), adota as medidas necess\u00e1rias para prote\u00e7\u00e3o de seus dados pessoais e preserva\u00e7\u00e3o da sua privacidade.<\/p>\n<p>Esta Pol\u00edtica de Cookies (<strong>\u201cPol\u00edtica de Cookies\u201d<\/strong>) disp\u00f5e sobre a forma como seus Dados Pessoais s\u00e3o coletadosautomaticamente durante a navega\u00e7\u00e3o nos sites da SDI <a href=\"https:\/\/www.sdi.com.au\/pt-br\/\">https:\/\/www.sdi.com.au\/pt-<\/a> <a href=\"https:\/\/www.sdi.com.au\/pt-br\/\">br\/ <\/a>ou <a href=\"http:\/\/sdibrasilblog.com.br\/\">http:\/\/sdibrasilblog.com.br\/.<\/a><\/p>\n<ol>\n<li><strong>O <\/strong><strong>QUE \u00c9 UM COOKIE<\/strong><strong>?<\/strong><\/li>\n<\/ol>\n<p>Cookies s\u00e3o arquivos armazenados no seu computador ou dispositivo m\u00f3vel por sites que voc\u00ea visita para analisar como os usu\u00e1rios navegam no site, salvar suas prefer\u00eancias de navega\u00e7\u00e3o e aprimorar o funcionamento do site. Oscookies podem ser:<\/p>\n<ol>\n<li style=\"list-style-type: none;\">\n<ol style=\"list-style: lower-alpha;\">\n<li><em>cookies permanentes<\/em>, que ficam armazenados no navegador da internet e nos seus dispositivos de acesso ao sitepor um per\u00edodo espec\u00edfico ou at\u00e9 voc\u00ea delet\u00e1-los manualmente; e<\/li>\n<li><em>cookies de sess\u00e3o<\/em>, que s\u00e3o tempor\u00e1rios e permanecem no seu navegador da internet at\u00e9 voc\u00ea fechar o navegador ou sair do site.<\/li>\n<\/ol>\n<\/li>\n<\/ol>\n<ol start=\"2\">\n<li><strong>Q<\/strong><strong>UAIS COOKIES UTILIZAMOS<\/strong><strong>?<\/strong><\/li>\n<\/ol>\n<p>A SDI utiliza cookies para fins estat\u00edsticos do uso dos nossos sites, facilitar o compartilhamento em redes sociais,ajudar o usu\u00e1rio na navega\u00e7\u00e3o e analisar o uso de nossos produtos e servi\u00e7os. A SDI utiliza os seguintes cookies emseus sites:<\/p>\n<ol>\n<li style=\"list-style-type: none;\">\n<ol style=\"list-style: lower-alpha;\">\n<li><em>cookies<\/em> <em>essenciais<\/em>, que s\u00e3o cookies que s\u00e3o estritamente necess\u00e1rios para o funcionamento do site, sendo que se voc\u00ea bloquear estes cookies algumas partes do site podem n\u00e3o funcionar;<\/li>\n<li><em>cookies anal\u00edticos<\/em>, que s\u00e3o cookies que analisam a forma como os usu\u00e1rios utilizam o site para fornecer umamelhor experi\u00eancia e corrigir eventuais problemas;<\/li>\n<li><em>cookies de funcionalidade<\/em>, que s\u00e3o cookies que armazenam as prefer\u00eancias do usu\u00e1rio ao utilizar o site, como, porexemplo, a l\u00edngua de prefer\u00eancia ao acessar nossos sites; e<\/li>\n<li><em>cookies de terceiros<\/em>, que s\u00e3o cookies que s\u00e3o de fornecedores da<\/li>\n<\/ol>\n<\/li>\n<\/ol>\n<ol start=\"3\">\n<li><strong>C<\/strong><strong>OMO GERENCIAMOS AS COOKIES<\/strong><strong>?<\/strong><\/li>\n<\/ol>\n<p>A maioria dos navegadores s\u00e3o configurados para permitir automaticamente a utiliza\u00e7\u00e3o de cookies nos seus dispositivos. Entretanto, voc\u00ea poder\u00e1 optar por n\u00e3o receber cookies automaticamente, tendo a op\u00e7\u00e3o de aceitar ou excluir antes dos cookies serem instalados. Tamb\u00e9m h\u00e1 a op\u00e7\u00e3o de bloquear todos os cookies, por\u00e9m o site n\u00e3ofuncionar\u00e1 corretamente e suas funcionalidades poder\u00e3o ser interrompidas.<\/p>\n<p>Os links a seguir apresentam as instru\u00e7\u00f5es para alterar as configura\u00e7\u00f5es de cookies nos navegadores maispopulares:<\/p>\n<ol>\n<li style=\"list-style-type: none;\">\n<ol>\n<li style=\"list-style-type: none;\">\n<ol style=\"list-style: lower-alpha;\">\n<li>Chrome: <a href=\"https:\/\/support.google.com\/chrome\/answer\/95647?hl=pt-BR\">https:\/\/support.google.com\/chrome\/answer\/95647?hl=pt-BR;<\/a><\/li>\n<li>Firefox: <a href=\"https:\/\/support.mozilla.org\/pt-BR\/kb\/cookies-informacoes-sites-armazenam-no-computador\">https:\/\/support.mozilla.org\/pt-BR\/kb\/cookies-informacoes-sites-<\/a> <a href=\"https:\/\/support.mozilla.org\/pt-BR\/kb\/cookies-informacoes-sites-armazenam-no-computador\">armazenam-no-computador;<\/a><\/li>\n<li>Safari: <a href=\"https:\/\/support.apple.com\/pt-br\/guide\/safari\/sfri11471\/mac\">https:\/\/support.apple.com\/pt-br\/guide\/safari\/sfri11471\/mac;<\/a><\/li>\n<li>Microsoft Edge: <a href=\"https:\/\/support.microsoft.com\/pt-br\/topic\/excluir-e-gerenciar-cookies-168dab11-0753-043d-7c16-ede5947fc64d\">https:\/\/support.microsoft.com\/pt-br\/topic\/excluir-e-gerenciar-<\/a> <a href=\"https:\/\/support.microsoft.com\/pt-br\/topic\/excluir-e-gerenciar-cookies-168dab11-0753-043d-7c16-ede5947fc64d\">cookies-168dab11-0753-043d-7c16-ede5947fc64d;<\/a><\/li>\n<li>Opera: <a href=\"https:\/\/help.opera.com\/en\/latest\/web-preferences\/\">https:\/\/help.opera.com\/en\/latest\/web-preferences\/; <\/a>e<\/li>\n<li>Outros navegadores: <a href=\"https:\/\/www.aboutcookies.org\/Default.aspx?page=2\">https:\/\/www.aboutcookies.org\/Default.aspx?page=2.<\/a><\/li>\n<\/ol>\n<\/li>\n<\/ol>\n<\/li>\n<\/ol>\n<ol start=\"4\">\n<li><strong>A<\/strong><strong>LTERA\u00c7\u00d5ES \u00c0 <\/strong><strong>P<\/strong><strong>OL\u00cdTICA DE <\/strong><strong>C<\/strong><strong>OOKIES<\/strong><\/li>\n<\/ol>\n<p>Se decidirmos alterar a esta Pol\u00edtica de Cookies, publicaremos as altera\u00e7\u00f5es na pr\u00f3pria Pol\u00edtica de Cookies, na p\u00e1gina inicial de nossos sites e em outros locais que apropriados para que voc\u00ea tome conhecimento das altera\u00e7\u00f5es. Reservamo-nos o direito de alterar esta Pol\u00edtica de Cookies a qualquer momento e voc\u00ea poder\u00e1 revogar o consentimento caso discorde das altera\u00e7\u00f5es.<\/p>\n<p>Qualquer comunica\u00e7\u00e3o dever\u00e1 ser realizada atrav\u00e9s do e-mail <a href=\"mailto:contato.sdi.brasil@sdi.com.au\">contato.sdi.brasil@sdi.com.au<\/a> ao nosso encarregadoRicardo Cury.<\/p>\n<p>Fica eleito o foro da comarca de S\u00e3o Paulo, no Estado de S\u00e3o Paulo, para resolver controv\u00e9rsias relacionadas a estaPol\u00edtica de Cookies.<\/p>\n","protected":false},"excerpt":{"rendered":"<p>POL\u00cdTICA DE SEGURAN\u00c7A &amp; PRIVACIDADE A SDI Holdings Pty Ltd do Brasil (\u201cSDI\u201d) em conformidade com a Lei 13.709\/2018, a Lei Geral de Prote\u00e7\u00e3o de Dados (\u201cLGPD\u201d), adota as medidas &hellip; <a href=\"https:\/\/www.sdi.com.au\/pt-br\/privacy\/\" class=\"more-link\">Continue reading<span class=\"screen-reader-text\"> &#8220;Privacy&#8221;<\/span><\/a><\/p>\n","protected":false},"author":14,"featured_media":0,"parent":0,"menu_order":0,"comment_status":"closed","ping_status":"closed","template":"page-templates\/internal-page.php","meta":{"_acf_changed":false,"_price":"","_stock":"","_tribe_ticket_header":"","_tribe_default_ticket_provider":"","_ticket_start_date":"","_ticket_end_date":"","_tribe_ticket_show_description":"","_tribe_ticket_show_not_going":false,"_tribe_ticket_use_global_stock":"","_tribe_ticket_global_stock_level":"","_global_stock_mode":"","_global_stock_cap":"","_tribe_rsvp_for_event":"","_tribe_ticket_going_count":"","_tribe_ticket_not_going_count":"","_tribe_tickets_list":"[]","_tribe_ticket_has_attendee_info_fields":false,"footnotes":"","_tec_slr_enabled":"","_tec_slr_layout":"","_wp_rev_ctl_limit":""},"class_list":["post-17570","page","type-page","status-publish","hentry"],"acf":[],"ticketed":false,"_links":{"self":[{"href":"https:\/\/www.sdi.com.au\/pt-br\/wp-json\/wp\/v2\/pages\/17570","targetHints":{"allow":["GET"]}}],"collection":[{"href":"https:\/\/www.sdi.com.au\/pt-br\/wp-json\/wp\/v2\/pages"}],"about":[{"href":"https:\/\/www.sdi.com.au\/pt-br\/wp-json\/wp\/v2\/types\/page"}],"author":[{"embeddable":true,"href":"https:\/\/www.sdi.com.au\/pt-br\/wp-json\/wp\/v2\/users\/14"}],"replies":[{"embeddable":true,"href":"https:\/\/www.sdi.com.au\/pt-br\/wp-json\/wp\/v2\/comments?post=17570"}],"version-history":[{"count":10,"href":"https:\/\/www.sdi.com.au\/pt-br\/wp-json\/wp\/v2\/pages\/17570\/revisions"}],"predecessor-version":[{"id":29392,"href":"https:\/\/www.sdi.com.au\/pt-br\/wp-json\/wp\/v2\/pages\/17570\/revisions\/29392"}],"wp:attachment":[{"href":"https:\/\/www.sdi.com.au\/pt-br\/wp-json\/wp\/v2\/media?parent=17570"}],"curies":[{"name":"wp","href":"https:\/\/api.w.org\/{rel}","templated":true}]}}