{"id":2379,"date":"2016-12-26T08:58:01","date_gmt":"2016-12-26T08:58:01","guid":{"rendered":"\/downloads\/pola-downloads\/?lang=pt-br"},"modified":"2025-09-02T12:04:17","modified_gmt":"2025-09-02T02:04:17","slug":"pola-downloads","status":"publish","type":"page","link":"https:\/\/www.sdi.com.au\/pt-br\/downloads\/pola-downloads\/","title":{"rendered":"Pola Downloads"},"content":{"rendered":"<div class=\"wpb-content-wrapper\"><p>[vc_row][vc_column][vc_row_inner el_class=&#8221;no-padding&#8221;][vc_column_inner width=&#8221;2\/3&#8243;][vc_column_text]<\/p>\n<h1>Pola Downloads<\/h1>\n<p>[\/vc_column_text][\/vc_column_inner][vc_column_inner width=&#8221;1\/3&#8243;][vc_single_image image=&#8221;30438&#8243; img_size=&#8221;full&#8221;][\/vc_column_inner][\/vc_row_inner][vc_row_inner el_class=&#8221;no-padding&#8221;][vc_column_inner width=&#8221;2\/3&#8243;][vc_column_text]<strong>Informa\u00e7\u00f5es p\u00f3s-operat\u00f3rias<\/strong><br \/>\nInforma\u00e7\u00f5es \u00fateis para ajudar seu paciente a manter o novo sorriso ap\u00f3s o procedimento de clareamento.<\/p>\n<p><strong><a href=\"\/downloads\/pola\/Pola-Post-Op-instructions-BRA.pdf\" target=\"_blank\" rel=\"noopener\">Baixe a folha de instru\u00e7\u00f5es p\u00f3s-operat\u00f3rias do Pola<\/a><\/strong>[\/vc_column_text][\/vc_column_inner][vc_column_inner width=&#8221;1\/3&#8243;][\/vc_column_inner][\/vc_row_inner][vc_separator][vc_row_inner][vc_column_inner width=&#8221;1\/2&#8243;][vc_column_text]<\/p>\n<h3>Solu\u00e7\u00e3o de problemas de luz Pola Light<\/h3>\n<p>[\/vc_column_text][\/vc_column_inner][vc_column_inner width=&#8221;1\/2&#8243;][vc_video link=&#8221;https:\/\/youtu.be\/-KwFMu5KpCs?feature=shared&#8221; css=&#8221;&#8221;][\/vc_column_inner][\/vc_row_inner][\/vc_column][\/vc_row]<\/p>\n<\/div>","protected":false},"excerpt":{"rendered":"<p>[vc_row][vc_column][vc_row_inner el_class=&#8221;no-padding&#8221;][vc_column_inner width=&#8221;2\/3&#8243;][vc_column_text] Pola Downloads [\/vc_column_text][\/vc_column_inner][vc_column_inner width=&#8221;1\/3&#8243;][vc_single_image image=&#8221;30438&#8243; img_size=&#8221;full&#8221;][\/vc_column_inner][\/vc_row_inner][vc_row_inner el_class=&#8221;no-padding&#8221;][vc_column_inner width=&#8221;2\/3&#8243;][vc_column_text]Informa\u00e7\u00f5es p\u00f3s-operat\u00f3rias Informa\u00e7\u00f5es \u00fateis para ajudar seu paciente a manter o novo sorriso ap\u00f3s o procedimento de clareamento. Baixe a &hellip; <a href=\"https:\/\/www.sdi.com.au\/pt-br\/downloads\/pola-downloads\/\" class=\"more-link\">Continue reading<span class=\"screen-reader-text\"> &#8220;Pola Downloads&#8221;<\/span><\/a><\/p>\n","protected":false},"author":14,"featured_media":0,"parent":2367,"menu_order":0,"comment_status":"closed","ping_status":"closed","template":"page-templates\/internal-page.php","meta":{"_acf_changed":false,"_price":"","_stock":"","_tribe_ticket_header":"","_tribe_default_ticket_provider":"TEC\\Tickets\\Commerce\\Module","_ticket_start_date":"","_ticket_end_date":"","_tribe_ticket_show_description":"","_tribe_ticket_show_not_going":false,"_tribe_ticket_use_global_stock":"","_tribe_ticket_global_stock_level":"","_global_stock_mode":"","_global_stock_cap":"","_tribe_rsvp_for_event":"","_tribe_ticket_going_count":"","_tribe_ticket_not_going_count":"","_tribe_tickets_list":"[]","_tribe_ticket_has_attendee_info_fields":false,"footnotes":"","_tec_slr_enabled":"","_tec_slr_layout":"","_wp_rev_ctl_limit":""},"class_list":["post-2379","page","type-page","status-publish","hentry"],"acf":[],"ticketed":false,"_links":{"self":[{"href":"https:\/\/www.sdi.com.au\/pt-br\/wp-json\/wp\/v2\/pages\/2379","targetHints":{"allow":["GET"]}}],"collection":[{"href":"https:\/\/www.sdi.com.au\/pt-br\/wp-json\/wp\/v2\/pages"}],"about":[{"href":"https:\/\/www.sdi.com.au\/pt-br\/wp-json\/wp\/v2\/types\/page"}],"author":[{"embeddable":true,"href":"https:\/\/www.sdi.com.au\/pt-br\/wp-json\/wp\/v2\/users\/14"}],"replies":[{"embeddable":true,"href":"https:\/\/www.sdi.com.au\/pt-br\/wp-json\/wp\/v2\/comments?post=2379"}],"version-history":[{"count":20,"href":"https:\/\/www.sdi.com.au\/pt-br\/wp-json\/wp\/v2\/pages\/2379\/revisions"}],"predecessor-version":[{"id":186411,"href":"https:\/\/www.sdi.com.au\/pt-br\/wp-json\/wp\/v2\/pages\/2379\/revisions\/186411"}],"up":[{"embeddable":true,"href":"https:\/\/www.sdi.com.au\/pt-br\/wp-json\/wp\/v2\/pages\/2367"}],"wp:attachment":[{"href":"https:\/\/www.sdi.com.au\/pt-br\/wp-json\/wp\/v2\/media?parent=2379"}],"curies":[{"name":"wp","href":"https:\/\/api.w.org\/{rel}","templated":true}]}}