{"id":31866,"date":"2022-08-17T19:15:13","date_gmt":"2022-08-17T09:15:13","guid":{"rendered":"https:\/\/www.sdi.com.au\/au\/stela-info-product-info\/"},"modified":"2022-09-02T12:03:50","modified_gmt":"2022-09-02T02:03:50","slug":"stela-info-product-info","status":"publish","type":"page","link":"https:\/\/www.sdi.com.au\/pt-br\/stela-info-product-info\/","title":{"rendered":"Stela info &#8211; product information"},"content":{"rendered":"<div class=\"wpb-content-wrapper\"><p>[vc_row css=&#8221;.vc_custom_1660727636958{padding-bottom: 10px !important;}&#8221;][vc_column][vc_row_inner][vc_column_inner width=&#8221;2\/3&#8243;][vc_column_text]<\/p>\n<h1><strong><img loading=\"lazy\" decoding=\"async\" class=\"alignnone wp-image-31766\" src=\"https:\/\/www.sdi.com.au\/wp-content\/uploads\/2022\/08\/brazil.png\" alt=\"\" width=\"49\" height=\"33\" \/><br \/>\n<\/strong><\/h1>\n<h2>Apresentando Stela<\/h2>\n<p>[\/vc_column_text][vc_column_text]Temos o prazer de apresentar a voc\u00ea Stela, a pr\u00f3xima gera\u00e7\u00e3o de resina composta autopolimeriz\u00e1vel. A SDI lan\u00e7ar\u00e1 Stela nos pr\u00f3ximos meses. Como um cl\u00ednico-chave, a SDI est\u00e1 convidando voc\u00ea a usar clinicamente Stela em estudos de caso e fornecer seu feedback, para que a SDI possa continuar a refinar e criar produtos melhores.[\/vc_column_text][\/vc_column_inner][vc_column_inner width=&#8221;1\/3&#8243;][vc_single_image image=&#8221;31848&#8243; img_size=&#8221;medium&#8221;][\/vc_column_inner][\/vc_row_inner][vc_row_inner][vc_column_inner width=&#8221;1\/2&#8243;][vc_column_text]<\/p>\n<h2><\/h2>\n<h3>Stela \u00e9 uma verdadeira alternativa ao am\u00e1lgama<\/h3>\n<p>Stela \u00e9 uma resina autopolimeriz\u00e1vel radiopaca de preenchimento a granel f\u00e1cil de usar. Stela \u00e9 o sistema restaurador completo de ponta a ponta que proporciona restaura\u00e7\u00f5es mais fortes e f\u00e1ceis de executar. Isso garante sempre um excelente desempenho.[\/vc_column_text][\/vc_column_inner][vc_column_inner width=&#8221;1\/2&#8243;][vc_column_text]<\/p>\n<h2><\/h2>\n<h3>Sua escolha de apresenta\u00e7\u00e3o<\/h3>\n<p><strong>Stela oferece duas op\u00e7\u00f5es de sistemas aplica\u00e7\u00e3o:<\/strong><\/p>\n<ol>\n<li>C\u00e1psula (dose \u00fanica), para uma pasta mais viscosa<\/li>\n<li>Seringa Automix (v\u00e1rias doses) para fluxo extra e pontas dobr\u00e1veis \u200b\u200bpara posicionamento preciso<\/li>\n<\/ol>\n<p>Stela Primer \u00e9 compat\u00edvel com Stela C\u00e1psula e Stela Automix (seringa).[\/vc_column_text][\/vc_column_inner][\/vc_row_inner][\/vc_column][\/vc_row][vc_row full_width=&#8221;stretch_row&#8221; css=&#8221;.vc_custom_1661999979293{padding-bottom: 10px !important;background-color: #e4eced !important;}&#8221;][vc_column][vc_row_inner][vc_column_inner][vc_column_text]<\/p>\n<h2><\/h2>\n<h3>A diferen\u00e7a Stela: apenas 2 etapas de restaura\u00e7\u00e3o<\/h3>\n<p style=\"font-weight: 400;\"><img loading=\"lazy\" decoding=\"async\" class=\"alignnone wp-image-31790\" src=\"https:\/\/www.sdi.com.au\/wp-content\/uploads\/2022\/08\/tick.png\" alt=\"\" width=\"20\" height=\"20\" \/> Sem ataque \u00e1cido \u00a0 \u00a0\u00a0<img loading=\"lazy\" decoding=\"async\" class=\"alignnone wp-image-31790\" src=\"https:\/\/www.sdi.com.au\/wp-content\/uploads\/2022\/08\/tick.png\" alt=\"\" width=\"20\" height=\"20\" \/> Sem adesivo \u00a0\u00a0<img loading=\"lazy\" decoding=\"async\" class=\"alignnone wp-image-31790\" src=\"https:\/\/www.sdi.com.au\/wp-content\/uploads\/2022\/08\/tick.png\" alt=\"\" width=\"20\" height=\"20\" \/> Sem fotopolimeriza\u00e7\u00e3o<\/p>\n<p>Basta aplicar Stela Primer e, em seguida, completar sua restaura\u00e7\u00e3o bulk fill com Stela Capsule ou com a seringa Stela Automix. Stela tem apenas dois passos e cura quimicamente em apenas 4 minutos.[\/vc_column_text][\/vc_column_inner][\/vc_row_inner][vc_row_inner][vc_column_inner width=&#8221;1\/2&#8243;][vc_single_image image=&#8221;31888&#8243; img_size=&#8221;large&#8221;][\/vc_column_inner][vc_column_inner width=&#8221;1\/2&#8243;][vc_single_image image=&#8221;31890&#8243; img_size=&#8221;large&#8221;][\/vc_column_inner][\/vc_row_inner][\/vc_column][\/vc_row][vc_row css=&#8221;.vc_custom_1662001598342{padding-bottom: 10px !important;}&#8221;][vc_column][vc_row_inner][vc_column_inner width=&#8221;1\/2&#8243;][vc_column_text]<\/p>\n<h3 style=\"font-weight: 400;\"><strong>O quanto forte \u00e9 Stela?<\/strong><\/h3>\n<p style=\"font-weight: 400;\">Stela oferece uma combina\u00e7\u00e3o de resist\u00eancia \u00e0 flex\u00e3o e compress\u00e3o imbativel quando comparada a outros comp\u00f3sitos.<\/p>\n<p>[\/vc_column_text][\/vc_column_inner][vc_column_inner width=&#8221;1\/2&#8243;][vc_column_text]<\/p>\n<h3 style=\"font-weight: 400;\"><strong>O quanto forte \u00e9 a for\u00e7a de ades\u00e3o do Primer?<\/strong><\/h3>\n<p style=\"font-weight: 400;\">Estudos externos^ confirmam que a resist\u00eancia de uni\u00e3o de Stela Primer excede Scotchbond\u2122 Universal* em aplica\u00e7\u00f5es padr\u00e3o e de preenchimento a granel.<\/p>\n<p>[\/vc_column_text][\/vc_column_inner][\/vc_row_inner][vc_row_inner][vc_column_inner width=&#8221;1\/2&#8243;][vc_column_text]<strong>FOR\u00c7A DE RESTAURA\u00c7\u00c3O (MPa)<\/strong>[\/vc_column_text][vc_single_image image=&#8221;31883&#8243; img_size=&#8221;large&#8221;][vc_column_text]<span class=\"s1\" style=\"font-size: 12px;\">Fonte: Cat\u00e1logos de produtos<\/span>[\/vc_column_text][\/vc_column_inner][vc_column_inner width=&#8221;1\/2&#8243;][vc_column_text]<strong>RESULTADOS DE RESIST\u00caNCIA DE LIGA\u00c7\u00c3O DE MICRONTENSIL (MPa)<\/strong>[\/vc_column_text][vc_single_image image=&#8221;31886&#8243; img_size=&#8221;large&#8221;][vc_column_text]<span class=\"s1\" style=\"font-size: 12px;\">^ SAURO, Salvatore. 2022. Microtensile bond strength and interfacial adaptation of two bulk-fill composites compared to a conventional composite restorative system<\/span><br \/>\n<span class=\"s1\" style=\"font-size: 12px;\">*3M<\/span>[\/vc_column_text][\/vc_column_inner][\/vc_row_inner][vc_separator][vc_row_inner][vc_column_inner][vc_column_text]<\/p>\n<p style=\"font-weight: 400;\"><strong>Quais s\u00e3o as indica\u00e7\u00f5es?<\/strong><\/p>\n<p style=\"font-weight: 400;\">Stela pode ser usado em cavidades diretas classes I, II, III e V; base ou forro; e core build-ups.<\/p>\n<p>[\/vc_column_text][\/vc_column_inner][\/vc_row_inner][\/vc_column][\/vc_row][vc_row full_width=&#8221;stretch_row&#8221; gap=&#8221;5&#8243; css=&#8221;.vc_custom_1661320632030{padding-bottom: 10px !important;background-color: #e2e2e2 !important;}&#8221;][vc_column][vc_row_inner equal_height=&#8221;yes&#8221; content_placement=&#8221;top&#8221; gap=&#8221;25&#8243;][vc_column_inner width=&#8221;1\/2&#8243;][vc_custom_heading text=&#8221;FOTOS CL\u00cdNICAS<br \/>\n&#8220;][vc_btn title=&#8221;ENVIAR FOTOS CL\u00cdNICAS&#8221; style=&#8221;outline&#8221; shape=&#8221;square&#8221; color=&#8221;black&#8221; link=&#8221;url:https%3A%2F%2Fwww.sdi.com.au%2Fau%2Fpt-br%2Fstela-case-study-submission%2F|||&#8221;][\/vc_column_inner][vc_column_inner width=&#8221;1\/2&#8243;][vc_custom_heading text=&#8221;RETORNO&#8221;][vc_btn title=&#8221;ENVIE SEU COMENT\u00c1RIO&#8221; style=&#8221;outline&#8221; shape=&#8221;square&#8221; color=&#8221;black&#8221; link=&#8221;||target:%20_blank|&#8221;][\/vc_column_inner][\/vc_row_inner][vc_empty_space height=&#8221;30px&#8221;][\/vc_column][\/vc_row]<\/p>\n<\/div>","protected":false},"excerpt":{"rendered":"<p>[vc_row css=&#8221;.vc_custom_1660727636958{padding-bottom: 10px !important;}&#8221;][vc_column][vc_row_inner][vc_column_inner width=&#8221;2\/3&#8243;][vc_column_text] Apresentando Stela [\/vc_column_text][vc_column_text]Temos o prazer de apresentar a voc\u00ea Stela, a pr\u00f3xima gera\u00e7\u00e3o de resina composta autopolimeriz\u00e1vel. A SDI lan\u00e7ar\u00e1 Stela nos pr\u00f3ximos meses. Como &hellip; <a href=\"https:\/\/www.sdi.com.au\/pt-br\/stela-info-product-info\/\" class=\"more-link\">Continue reading<span class=\"screen-reader-text\"> &#8220;Stela info &#8211; product information&#8221;<\/span><\/a><\/p>\n","protected":false},"author":9,"featured_media":0,"parent":0,"menu_order":0,"comment_status":"closed","ping_status":"closed","template":"page-templates\/internal-page.php","meta":{"_acf_changed":false,"_price":"","_stock":"","_tribe_ticket_header":"","_tribe_default_ticket_provider":"","_ticket_start_date":"","_ticket_end_date":"","_tribe_ticket_show_description":"","_tribe_ticket_show_not_going":false,"_tribe_ticket_use_global_stock":"","_tribe_ticket_global_stock_level":"","_global_stock_mode":"","_global_stock_cap":"","_tribe_rsvp_for_event":"","_tribe_ticket_going_count":"","_tribe_ticket_not_going_count":"","_tribe_tickets_list":"[]","_tribe_ticket_has_attendee_info_fields":false,"footnotes":"","_tec_slr_enabled":"","_tec_slr_layout":"","_wp_rev_ctl_limit":""},"class_list":["post-31866","page","type-page","status-publish","hentry"],"acf":[],"ticketed":false,"_links":{"self":[{"href":"https:\/\/www.sdi.com.au\/pt-br\/wp-json\/wp\/v2\/pages\/31866","targetHints":{"allow":["GET"]}}],"collection":[{"href":"https:\/\/www.sdi.com.au\/pt-br\/wp-json\/wp\/v2\/pages"}],"about":[{"href":"https:\/\/www.sdi.com.au\/pt-br\/wp-json\/wp\/v2\/types\/page"}],"author":[{"embeddable":true,"href":"https:\/\/www.sdi.com.au\/pt-br\/wp-json\/wp\/v2\/users\/9"}],"replies":[{"embeddable":true,"href":"https:\/\/www.sdi.com.au\/pt-br\/wp-json\/wp\/v2\/comments?post=31866"}],"version-history":[{"count":4,"href":"https:\/\/www.sdi.com.au\/pt-br\/wp-json\/wp\/v2\/pages\/31866\/revisions"}],"predecessor-version":[{"id":31908,"href":"https:\/\/www.sdi.com.au\/pt-br\/wp-json\/wp\/v2\/pages\/31866\/revisions\/31908"}],"wp:attachment":[{"href":"https:\/\/www.sdi.com.au\/pt-br\/wp-json\/wp\/v2\/media?parent=31866"}],"curies":[{"name":"wp","href":"https:\/\/api.w.org\/{rel}","templated":true}]}}