{"id":31870,"date":"2022-08-17T10:17:51","date_gmt":"2022-08-17T00:17:51","guid":{"rendered":"https:\/\/www.sdi.com.au\/au\/stela-case-study-submission\/"},"modified":"2022-12-16T16:11:56","modified_gmt":"2022-12-16T05:11:56","slug":"stela-case-study-submission","status":"publish","type":"page","link":"https:\/\/www.sdi.com.au\/pt-br\/stela-case-study-submission\/","title":{"rendered":"Stela Case Study Submission"},"content":{"rendered":"<div class=\"wpb-content-wrapper\"><p>[vc_row][vc_column][vc_row_inner][vc_column_inner][\/vc_column_inner][\/vc_row_inner][vc_column_text]<\/p>\n<h1 style=\"font-weight: 400;\"><strong>Envio de fotos cl\u00ednicas<\/strong><\/h1>\n<p style=\"font-weight: 400;\">A SDI est\u00e1 convidando voc\u00ea a usar clinicamente nossos materiais restauradores em seus pacientes e documentar as restaura\u00e7\u00f5es (em resumo ou em detalhes) com fotografias de alta resolu\u00e7\u00e3o. Fotos cl\u00ednicas mostrar\u00e3o as obras-primas dos dentistas em todo o mundo, agregando valor a ambos os lados desta parceria.<\/p>\n<p style=\"font-weight: 400;\">Os produtos exclusivos que voc\u00ea est\u00e1 avaliando ainda n\u00e3o est\u00e3o dispon\u00edveis para venda. Isto \u00e9, portanto, confidencial. Por favor, leia nosso acordo de <a href=\"https:\/\/www.sdi.com.au\/wp-content\/uploads\/2020\/09\/Confidentiality-Agreement_NDA_AU_online.pdf\" target=\"_blank\" rel=\"noopener\">confidencialidade<\/a>.<\/p>\n<p style=\"font-weight: 400;\">Suas restaura\u00e7\u00f5es podem ser em dentes anteriores ou posteriores, de acordo com as indica\u00e7\u00f5es das instru\u00e7\u00f5es de uso que acompanham cada produto da SDI.<\/p>\n<p style=\"font-weight: 400;\"><strong>Os elementos essenciais de um caso cl\u00ednico SDI incluem:<\/strong><\/p>\n<p style=\"font-weight: 400;\">Fotos do passo a passo em alta resolu\u00e7\u00e3o (do in\u00edcio ao fim da restauracao).<\/p>\n<ol>\n<li style=\"font-weight: 400;\">Um resumo das etapas do caso (Word, Notepad, PowerPoint, Keynote, Pages, etc.). Este pode ser um breve resumo descrevendo o caso, ou uma vis\u00e3o geral do caso mais detalhada, que seria adequada para submiss\u00e3o para publica\u00e7\u00e3o em um jornal ou revista.<\/li>\n<li style=\"font-weight: 400;\">V\u00eddeos passo a passo e\/ou imagens radiogr\u00e1ficas de antes e depois tamb\u00e9m s\u00e3o bem-vindos caso queira registr\u00e1-los.<\/li>\n<\/ol>\n<p style=\"font-weight: 400;\">A SDI agradece todas as fotos cl\u00ednicas, ainda que sejam apenas antes e depois, sem os passos intermediarios.<\/p>\n<p style=\"font-weight: 400;\">Buscaremos permiss\u00e3o adicional posterior para us\u00e1-los em nossas comunica\u00e7\u00f5es e\/ou jornais e revistas comerciais de dentistas. Exemplos de estudos de caso resumidos e detalhados s\u00e3o mostrados abaixo.<\/p>\n<p>[\/vc_column_text][vc_row_inner][vc_column_inner width=&#8221;1\/3&#8243;][vc_single_image image=&#8221;27336&#8243; img_size=&#8221;medium&#8221;][\/vc_column_inner][vc_column_inner width=&#8221;2\/3&#8243;][vc_column_text]<\/p>\n<p style=\"font-weight: 400;\"><strong>Exemplos de \u00f3timas fotos:<\/strong><\/p>\n<p style=\"font-weight: 400;\"><strong>\u00a0<\/strong>Recomendamos que as fotos sejam bem enquadradas, sem saliva ou res\u00edduos presentes nos dentes<\/p>\n<ul>\n<li style=\"font-weight: 400;\">Garanta um \u00f3timo foco da lente em \u00e2ngulos que ilustrem claramente a etapa<\/li>\n<li>Fotos de antes e depois da radiografia tamb\u00e9m s\u00e3o \u00fateis, se dispon\u00edveis.<\/li>\n<\/ul>\n<p style=\"font-weight: 400;\"><a href=\"https:\/\/www.sdi.com.au\/wp-content\/uploads\/2021\/07\/2020.001-AURA-Closing-Diastema-with-Composite-Resin-Ubiracy-Gaiao.pdf\" target=\"_blank\" rel=\"noopener\">Clique aqui<\/a> para ver um exemplo de um caso cl\u00ednico detalhado da SDI.<\/p>\n<p style=\"font-weight: 400;\"><a href=\"https:\/\/www.sdi.com.au\/wp-content\/uploads\/2021\/08\/BRA_CaseStudy_AuraBF_Ruda_V3-1.pdf\" target=\"_blank\" rel=\"noopener\">Clique aqui<\/a> para ver um exemplo de um breve resumo de caso cl\u00ednico SDI.<\/p>\n<p>[\/vc_column_text][\/vc_column_inner][\/vc_row_inner][\/vc_column][\/vc_row][vc_row gap=&#8221;10&#8243;][vc_column][vc_separator][vc_row_inner][vc_column_inner][vc_column_text]<\/p>\n<h3 style=\"font-weight: 400;\"><strong>Envie suas fotos cl\u00ednicas aqui:<\/strong><\/h3>\n<p>[\/vc_column_text]<script type=\"text\/javascript\">\n\/* <![CDATA[ *\/\nvar gform;gform||(document.addEventListener(\"gform_main_scripts_loaded\",function(){gform.scriptsLoaded=!0}),document.addEventListener(\"gform\/theme\/scripts_loaded\",function(){gform.themeScriptsLoaded=!0}),window.addEventListener(\"DOMContentLoaded\",function(){gform.domLoaded=!0}),gform={domLoaded:!1,scriptsLoaded:!1,themeScriptsLoaded:!1,isFormEditor:()=>\"function\"==typeof InitializeEditor,callIfLoaded:function(o){return!(!gform.domLoaded||!gform.scriptsLoaded||!gform.themeScriptsLoaded&&!gform.isFormEditor()||(gform.isFormEditor()&&console.warn(\"The use of gform.initializeOnLoaded() is deprecated in the form editor context and will be removed in Gravity Forms 3.1.\"),o(),0))},initializeOnLoaded:function(o){gform.callIfLoaded(o)||(document.addEventListener(\"gform_main_scripts_loaded\",()=>{gform.scriptsLoaded=!0,gform.callIfLoaded(o)}),document.addEventListener(\"gform\/theme\/scripts_loaded\",()=>{gform.themeScriptsLoaded=!0,gform.callIfLoaded(o)}),window.addEventListener(\"DOMContentLoaded\",()=>{gform.domLoaded=!0,gform.callIfLoaded(o)}))},hooks:{action:{},filter:{}},addAction:function(o,r,e,t){gform.addHook(\"action\",o,r,e,t)},addFilter:function(o,r,e,t){gform.addHook(\"filter\",o,r,e,t)},doAction:function(o){gform.doHook(\"action\",o,arguments)},applyFilters:function(o){return gform.doHook(\"filter\",o,arguments)},removeAction:function(o,r){gform.removeHook(\"action\",o,r)},removeFilter:function(o,r,e){gform.removeHook(\"filter\",o,r,e)},addHook:function(o,r,e,t,n){null==gform.hooks[o][r]&&(gform.hooks[o][r]=[]);var d=gform.hooks[o][r];null==n&&(n=r+\"_\"+d.length),gform.hooks[o][r].push({tag:n,callable:e,priority:t=null==t?10:t})},doHook:function(r,o,e){var t;if(e=Array.prototype.slice.call(e,1),null!=gform.hooks[r][o]&&((o=gform.hooks[r][o]).sort(function(o,r){return o.priority-r.priority}),o.forEach(function(o){\"function\"!=typeof(t=o.callable)&&(t=window[t]),\"action\"==r?t.apply(null,e):e[0]=t.apply(null,e)})),\"filter\"==r)return e[0]},removeHook:function(o,r,t,n){var e;null!=gform.hooks[o][r]&&(e=(e=gform.hooks[o][r]).filter(function(o,r,e){return!!(null!=n&&n!=o.tag||null!=t&&t!=o.priority)}),gform.hooks[o][r]=e)}});\n\/* ]]> *\/\n<\/script>\n\n                <div class='gf_browser_gecko gform_wrapper gform_legacy_markup_wrapper gform-theme--no-framework' data-form-theme='legacy' data-form-index='0' id='gform_wrapper_15' ><form method='post' enctype='multipart\/form-data'  id='gform_15'  action='\/pt-br\/wp-json\/wp\/v2\/pages\/31870' data-formid='15' novalidate>\n                        <div class='gform-body gform_body'><ul id='gform_fields_15' class='gform_fields top_label form_sublabel_below description_below validation_below'><li id=\"field_15_12\" class=\"gfield gfield--type-honeypot gform_validation_container field_sublabel_below gfield--has-description field_description_below field_validation_below gfield_visibility_visible\"  ><label class='gfield_label gform-field-label' for='input_15_12'>Company<\/label><div class='ginput_container'><input name='input_12' id='input_15_12' type='text' value='' autocomplete='new-password'\/><\/div><div class='gfield_description' id='gfield_description_15_12'>This field is for validation purposes and should be left unchanged.<\/div><\/li><li id=\"field_15_9\" class=\"gfield gfield--type-name gfield_contains_required field_sublabel_below gfield--no-description field_description_below field_validation_below gfield_visibility_visible\"  ><label class='gfield_label gform-field-label gfield_label_before_complex' >Name<span class=\"gfield_required\"><span class=\"gfield_required gfield_required_asterisk\">*<\/span><\/span><\/label><div class='ginput_complex ginput_container ginput_container--name has_prefix has_first_name no_middle_name has_last_name no_suffix gf_name_has_3 ginput_container_name gform-grid-row' id='input_15_9'>\n                            <span id='input_15_9_2_container' class='name_prefix name_prefix_select gform-grid-col gform-grid-col--size-auto' >\n                                                    <select name='input_9.2' id='input_15_9_2'    aria-required='false'   >\n                          <option value=''><\/option><option value='Dr.' >Dr.<\/option><option value='Miss' >Miss<\/option><option value='Mr.' >Mr.<\/option><option value='Mrs.' >Mrs.<\/option><option value='Ms.' >Ms.<\/option><option value='Prof.' >Prof.<\/option><option value='Rev.' >Rev.<\/option>\n                      <\/select>\n                                                    <label for='input_15_9_2' class='gform-field-label gform-field-label--type-sub '>Title<\/label>\n                                                  <\/span>\n                            <span id='input_15_9_3_container' class='name_first gform-grid-col gform-grid-col--size-auto' >\n                                                    <input type='text' name='input_9.3' id='input_15_9_3' value=''   aria-required='true'     \/>\n                                                    <label for='input_15_9_3' class='gform-field-label gform-field-label--type-sub '>First Name<\/label>\n                                                <\/span>\n                            \n                            <span id='input_15_9_6_container' class='name_last gform-grid-col gform-grid-col--size-auto' >\n                                                    <input type='text' name='input_9.6' id='input_15_9_6' value=''   aria-required='true'     \/>\n                                                    <label for='input_15_9_6' class='gform-field-label gform-field-label--type-sub '>Surname<\/label>\n                                                <\/span>\n                            \n                        <\/div><\/li><li id=\"field_15_6\" class=\"gfield gfield--type-text gfield_contains_required field_sublabel_below gfield--no-description field_description_below field_validation_below gfield_visibility_visible\"  ><label class='gfield_label gform-field-label' for='input_15_6'>Country<span class=\"gfield_required\"><span class=\"gfield_required gfield_required_asterisk\">*<\/span><\/span><\/label><div class='ginput_container ginput_container_text'><input name='input_6' id='input_15_6' type='text' value='' class='medium'     aria-required=\"true\" aria-invalid=\"false\"   \/><\/div><\/li><li id=\"field_15_3\" class=\"gfield gfield--type-email gfield_contains_required field_sublabel_below gfield--no-description field_description_below field_validation_below gfield_visibility_visible\"  ><label class='gfield_label gform-field-label gfield_label_before_complex' >Email<span class=\"gfield_required\"><span class=\"gfield_required gfield_required_asterisk\">*<\/span><\/span><\/label><div class='ginput_complex ginput_container ginput_container_email gform-grid-row' id='input_15_3_container'>\n                                <span id='input_15_3_1_container' class='ginput_left gform-grid-col gform-grid-col--size-auto'>\n                                    <input class='' type='email' name='input_3' id='input_15_3' value=''    aria-required=\"true\" aria-invalid=\"false\"  \/>\n                                    <label for='input_15_3' class='gform-field-label gform-field-label--type-sub '>Enter Email<\/label>\n                                <\/span>\n                                <span id='input_15_3_2_container' class='ginput_right gform-grid-col gform-grid-col--size-auto'>\n                                    <input class='' type='email' name='input_3_2' id='input_15_3_2' value=''    aria-required=\"true\" aria-invalid=\"false\"  \/>\n                                    <label for='input_15_3_2' class='gform-field-label gform-field-label--type-sub '>Confirm Email<\/label>\n                                <\/span>\n                                <div class='gf_clear gf_clear_complex'><\/div>\n                            <\/div><\/li><li id=\"field_15_11\" class=\"gfield gfield--type-textarea field_sublabel_below gfield--no-description field_description_below field_validation_below gfield_visibility_visible\"  ><label class='gfield_label gform-field-label' for='input_15_11'>Short biographical profile<\/label><div class='ginput_container ginput_container_textarea'><textarea name='input_11' id='input_15_11' class='textarea large'    placeholder='Maximum 50 words.'  aria-invalid=\"false\"   rows='10' cols='50'><\/textarea><\/div><\/li><li id=\"field_15_8\" class=\"gfield gfield--type-fileupload field_sublabel_below gfield--has-description field_description_above field_validation_below gfield_visibility_visible\"  ><label class='gfield_label gform-field-label' for='gform_browse_button_15_8'>Upload case study files<\/label><div class='gfield_description' id='gfield_description_15_8'>Please upload images separately. Include a document with a description of the case study. Upload as a PDF, JPG, PNG, GIF, Word Doc or PPT file. Maximum 20MB file size.<\/div><div class='ginput_container ginput_container_fileupload'><div id='gform_multifile_upload_15_8' data-settings='{&quot;runtimes&quot;:&quot;html5,flash,html4&quot;,&quot;browse_button&quot;:&quot;gform_browse_button_15_8&quot;,&quot;container&quot;:&quot;gform_multifile_upload_15_8&quot;,&quot;drop_element&quot;:&quot;gform_drag_drop_area_15_8&quot;,&quot;filelist&quot;:&quot;gform_preview_15_8&quot;,&quot;unique_names&quot;:true,&quot;file_data_name&quot;:&quot;file&quot;,&quot;url&quot;:&quot;https:\\\/\\\/www.sdi.com.au\\\/?gf_page=d39f791f21d67d1&quot;,&quot;flash_swf_url&quot;:&quot;https:\\\/\\\/www.sdi.com.au\\\/wp-includes\\\/js\\\/plupload\\\/plupload.flash.swf&quot;,&quot;silverlight_xap_url&quot;:&quot;https:\\\/\\\/www.sdi.com.au\\\/wp-includes\\\/js\\\/plupload\\\/plupload.silverlight.xap&quot;,&quot;filters&quot;:{&quot;mime_types&quot;:[{&quot;title&quot;:&quot;Allowed Files&quot;,&quot;extensions&quot;:&quot;jpg,png,gif,pdf,ppt,doc,docx,ppt,pptx&quot;}],&quot;max_file_size&quot;:&quot;20971520b&quot;},&quot;multipart&quot;:true,&quot;urlstream_upload&quot;:false,&quot;multipart_params&quot;:{&quot;form_id&quot;:15,&quot;field_id&quot;:8,&quot;_gform_file_upload_nonce_15_8&quot;:&quot;f6da4e1d6e&quot;},&quot;gf_vars&quot;:{&quot;max_files&quot;:&quot;40&quot;,&quot;message_id&quot;:&quot;gform_multifile_messages_15_8&quot;,&quot;disallowed_extensions&quot;:[&quot;php&quot;,&quot;asp&quot;,&quot;aspx&quot;,&quot;cmd&quot;,&quot;csh&quot;,&quot;bat&quot;,&quot;html&quot;,&quot;htm&quot;,&quot;hta&quot;,&quot;jar&quot;,&quot;exe&quot;,&quot;com&quot;,&quot;js&quot;,&quot;lnk&quot;,&quot;htaccess&quot;,&quot;phar&quot;,&quot;phtml&quot;,&quot;ps1&quot;,&quot;ps2&quot;,&quot;php3&quot;,&quot;php4&quot;,&quot;php5&quot;,&quot;php6&quot;,&quot;py&quot;,&quot;rb&quot;,&quot;tmp&quot;]}}' class='gform_fileupload_multifile'>\n\t\t\t\t\t\t\t\t\t\t<div id='gform_drag_drop_area_15_8' class='gform_drop_area gform-theme-field-control'>\n\t\t\t\t\t\t\t\t\t\t\t<span class='gform_drop_instructions'>Drop files here or <\/span>\n\t\t\t\t\t\t\t\t\t\t\t<button type='button' id='gform_browse_button_15_8' class='button gform_button_select_files gform-theme-button gform-theme-button--control' aria-describedby=\"gfield_upload_rules_15_8 gfield_description_15_8\"  >Select files<\/button>\n\t\t\t\t\t\t\t\t\t\t<\/div>\n\t\t\t\t\t\t\t\t\t<\/div><span class='gfield_description gform_fileupload_rules' id='gfield_upload_rules_15_8'>Accepted file types: jpg, png, gif, pdf, ppt, doc, docx, ppt, pptx, Max. file size: 20 MB, Max. files: 40.<\/span><ul class='validation_message--hidden-on-empty gform-ul-reset' id='gform_multifile_messages_15_8'><\/ul> <div id='gform_preview_15_8' class='ginput_preview_list'><\/div><\/div><\/li><\/ul><\/div>\n        <div class='gform-footer gform_footer top_label'> <input type='submit' id='gform_submit_button_15' class='gform_button button' onclick='gform.submission.handleButtonClick(this);' data-submission-type='submit' value='Submit'  \/> \n            <input type='hidden' class='gform_hidden' name='gform_submission_method' data-js='gform_submission_method_15' value='postback' \/>\n            <input type='hidden' class='gform_hidden' name='gform_theme' data-js='gform_theme_15' id='gform_theme_15' value='legacy' \/>\n            <input type='hidden' class='gform_hidden' name='gform_style_settings' data-js='gform_style_settings_15' id='gform_style_settings_15' value='[]' \/>\n            <input type='hidden' class='gform_hidden' name='is_submit_15' value='1' \/>\n            <input type='hidden' class='gform_hidden' name='gform_submit' value='15' \/>\n            \n            <input type='hidden' class='gform_hidden' name='gform_currency' data-currency='AUD' value='9k4qDkiG5vBQf6lMWfsBowss0487CX2nUgNbQKdS9GDGPlLOm+h2hSTkBuEOMhJrlFSbZFxgDVXXHWeXitmUSHaNTyGHOSg1C7SMK1UydvT\/MYU=' \/>\n            <input type='hidden' class='gform_hidden' name='gform_unique_id' value='' \/>\n            <input type='hidden' class='gform_hidden' name='state_15' value='WyJbXSIsImM1YTVjMWE0NzViYWM3NGFhNzcxYmYyZTBjNTI2NmQ4Il0=' \/>\n            <input type='hidden' autocomplete='off' class='gform_hidden' name='gform_target_page_number_15' id='gform_target_page_number_15' value='0' \/>\n            <input type='hidden' autocomplete='off' class='gform_hidden' name='gform_source_page_number_15' id='gform_source_page_number_15' value='1' \/>\n            <input type='hidden' name='gform_field_values' value='' \/>\n            <input type='hidden' name='gform_uploaded_files' id='gform_uploaded_files_15' value='' \/>\n        <\/div>\n                        <\/form>\n                        <\/div><script type=\"text\/javascript\">\n\/* <![CDATA[ *\/\n gform.initializeOnLoaded( function() {gformInitSpinner( 15, 'https:\/\/www.sdi.com.au\/wp-content\/plugins\/gravityforms\/images\/spinner.svg', true );jQuery('#gform_ajax_frame_15').on('load',function(){var contents = jQuery(this).contents().find('*').html();var is_postback = contents.indexOf('GF_AJAX_POSTBACK') >= 0;if(!is_postback){return;}var form_content = jQuery(this).contents().find('#gform_wrapper_15');var is_confirmation = jQuery(this).contents().find('#gform_confirmation_wrapper_15').length > 0;var is_redirect = contents.indexOf('gformRedirect(){') >= 0;var is_form = form_content.length > 0 && ! is_redirect && ! is_confirmation;var mt = parseInt(jQuery('html').css('margin-top'), 10) + parseInt(jQuery('body').css('margin-top'), 10) + 100;if(is_form){jQuery('#gform_wrapper_15').html(form_content.html());if(form_content.hasClass('gform_validation_error')){jQuery('#gform_wrapper_15').addClass('gform_validation_error');} else {jQuery('#gform_wrapper_15').removeClass('gform_validation_error');}setTimeout( function() { \/* delay the scroll by 50 milliseconds to fix a bug in chrome *\/  }, 50 );if(window['gformInitDatepicker']) {gformInitDatepicker();}if(window['gformInitPriceFields']) {gformInitPriceFields();}var current_page = jQuery('#gform_source_page_number_15').val();gformInitSpinner( 15, 'https:\/\/www.sdi.com.au\/wp-content\/plugins\/gravityforms\/images\/spinner.svg', true );jQuery(document).trigger('gform_page_loaded', [15, current_page]);window['gf_submitting_15'] = false;}else if(!is_redirect){var confirmation_content = jQuery(this).contents().find('.GF_AJAX_POSTBACK').html();if(!confirmation_content){confirmation_content = contents;}jQuery('#gform_wrapper_15').replaceWith(confirmation_content);jQuery(document).trigger('gform_confirmation_loaded', [15]);window['gf_submitting_15'] = false;wp.a11y.speak(jQuery('#gform_confirmation_message_15').text());}else{jQuery('#gform_15').append(contents);if(window['gformRedirect']) {gformRedirect();}}jQuery(document).trigger(\"gform_pre_post_render\", [{ formId: \"15\", currentPage: \"current_page\", abort: function() { this.preventDefault(); } }]);        if (event && event.defaultPrevented) {                return;        }        const gformWrapperDiv = document.getElementById( \"gform_wrapper_15\" );        if ( gformWrapperDiv ) {            const visibilitySpan = document.createElement( \"span\" );            visibilitySpan.id = \"gform_visibility_test_15\";            gformWrapperDiv.insertAdjacentElement( \"afterend\", visibilitySpan );        }        const visibilityTestDiv = document.getElementById( \"gform_visibility_test_15\" );        let postRenderFired = false;        function triggerPostRender() {            if ( postRenderFired ) {                return;            }            postRenderFired = true;            gform.core.triggerPostRenderEvents( 15, current_page );            if ( visibilityTestDiv ) {                visibilityTestDiv.parentNode.removeChild( visibilityTestDiv );            }        }        function debounce( func, wait, immediate ) {            var timeout;            return function() {                var context = this, args = arguments;                var later = function() {                    timeout = null;                    if ( !immediate ) func.apply( context, args );                };                var callNow = immediate && !timeout;                clearTimeout( timeout );                timeout = setTimeout( later, wait );                if ( callNow ) func.apply( context, args );            };        }        const debouncedTriggerPostRender = debounce( function() {            triggerPostRender();        }, 200 );        if ( visibilityTestDiv && visibilityTestDiv.offsetParent === null ) {            const observer = new MutationObserver( ( mutations ) => {                mutations.forEach( ( mutation ) => {                    if ( mutation.type === 'attributes' && visibilityTestDiv.offsetParent !== null ) {                        debouncedTriggerPostRender();                        observer.disconnect();                    }                });            });            observer.observe( document.body, {                attributes: true,                childList: false,                subtree: true,                attributeFilter: [ 'style', 'class' ],            });        } else {            triggerPostRender();        }    } );} ); \n\/* ]]> *\/\n<\/script>\n[\/vc_column_inner][\/vc_row_inner][\/vc_column][\/vc_row][vc_row full_width=&#8221;stretch_row&#8221; css=&#8221;.vc_custom_1662083188663{background-color: #e2e2e2 !important;}&#8221;][vc_column][vc_row_inner][vc_column_inner width=&#8221;1\/2&#8243;][vc_custom_heading text=&#8221;INFORMA\u00c7\u00c3O DO PRODUTO&#8221; link=&#8221;url:https%3A%2F%2Fwww.sdi.com.au%2Fau%2Fes-sa%2Fstela-info-product-info%2F|||&#8221;][vc_btn title=&#8221;INFORMA\u00c7\u00c3O DO PRODUTO&#8221; style=&#8221;outline&#8221; shape=&#8221;square&#8221; color=&#8221;black&#8221; link=&#8221;url:https%3A%2F%2Fwww.sdi.com.au%2Fau%2Fpt-br%2Fstela-info-product-info%2F|||&#8221;][\/vc_column_inner][vc_column_inner width=&#8221;1\/2&#8243;][vc_custom_heading text=&#8221;RETORNO&#8221; link=&#8221;url:https%3A%2F%2Fwww.surveymonkey.com%2Fr%2F3GNTR3N||target:%20_blank|&#8221;][vc_btn title=&#8221;SUBMIT FEEDBACK&#8221; style=&#8221;outline&#8221; shape=&#8221;square&#8221; color=&#8221;black&#8221; link=&#8221;|||&#8221;][\/vc_column_inner][\/vc_row_inner][vc_empty_space height=&#8221;30px&#8221;][\/vc_column][\/vc_row]<\/p>\n<\/div>","protected":false},"excerpt":{"rendered":"<p>[vc_row][vc_column][vc_row_inner][vc_column_inner][\/vc_column_inner][\/vc_row_inner][vc_column_text] Envio de fotos cl\u00ednicas A SDI est\u00e1 convidando voc\u00ea a usar clinicamente nossos materiais restauradores em seus pacientes e documentar as restaura\u00e7\u00f5es (em resumo ou em detalhes) com fotografias &hellip; <a href=\"https:\/\/www.sdi.com.au\/pt-br\/stela-case-study-submission\/\" class=\"more-link\">Continue reading<span class=\"screen-reader-text\"> &#8220;Stela Case Study Submission&#8221;<\/span><\/a><\/p>\n","protected":false},"author":9,"featured_media":0,"parent":0,"menu_order":0,"comment_status":"closed","ping_status":"closed","template":"page-templates\/internal-page.php","meta":{"_acf_changed":false,"_price":"","_stock":"","_tribe_ticket_header":"","_tribe_default_ticket_provider":"","_ticket_start_date":"","_ticket_end_date":"","_tribe_ticket_show_description":"","_tribe_ticket_show_not_going":false,"_tribe_ticket_use_global_stock":"","_tribe_ticket_global_stock_level":"","_global_stock_mode":"","_global_stock_cap":"","_tribe_rsvp_for_event":"","_tribe_ticket_going_count":"","_tribe_ticket_not_going_count":"","_tribe_tickets_list":"[]","_tribe_ticket_has_attendee_info_fields":false,"footnotes":"","_tec_slr_enabled":"","_tec_slr_layout":"","_wp_rev_ctl_limit":""},"class_list":["post-31870","page","type-page","status-publish","hentry"],"acf":[],"ticketed":false,"_links":{"self":[{"href":"https:\/\/www.sdi.com.au\/pt-br\/wp-json\/wp\/v2\/pages\/31870","targetHints":{"allow":["GET"]}}],"collection":[{"href":"https:\/\/www.sdi.com.au\/pt-br\/wp-json\/wp\/v2\/pages"}],"about":[{"href":"https:\/\/www.sdi.com.au\/pt-br\/wp-json\/wp\/v2\/types\/page"}],"author":[{"embeddable":true,"href":"https:\/\/www.sdi.com.au\/pt-br\/wp-json\/wp\/v2\/users\/9"}],"replies":[{"embeddable":true,"href":"https:\/\/www.sdi.com.au\/pt-br\/wp-json\/wp\/v2\/comments?post=31870"}],"version-history":[{"count":4,"href":"https:\/\/www.sdi.com.au\/pt-br\/wp-json\/wp\/v2\/pages\/31870\/revisions"}],"predecessor-version":[{"id":31902,"href":"https:\/\/www.sdi.com.au\/pt-br\/wp-json\/wp\/v2\/pages\/31870\/revisions\/31902"}],"wp:attachment":[{"href":"https:\/\/www.sdi.com.au\/pt-br\/wp-json\/wp\/v2\/media?parent=31870"}],"curies":[{"name":"wp","href":"https:\/\/api.w.org\/{rel}","templated":true}]}}