{"id":6562,"date":"2017-01-30T04:02:36","date_gmt":"2017-01-30T04:02:36","guid":{"rendered":"http:\/\/localhost\/sdi\/www\/pt-pt\/news\/"},"modified":"2019-04-05T13:53:16","modified_gmt":"2019-04-05T02:53:16","slug":"news","status":"publish","type":"page","link":"https:\/\/www.sdi.com.au\/pt-pt\/news\/","title":{"rendered":"Not\u00edcias"},"content":{"rendered":"<div class=\"wpb-content-wrapper\"><p>[vc_row][vc_column][vc_row_inner el_class=&#8221;no-padding&#8221;][vc_column_inner][vc_column_text]<\/p>\n<h1>Not\u00edcias<\/h1>\n<p>[\/vc_column_text][\/vc_column_inner][\/vc_row_inner][vc_row_inner el_class=&#8221;no-padding item_landing&#8221;][vc_column_inner width=&#8221;1\/3&#8243;][vc_column_text el_class=&#8221;landing_page_item grey1&#8243;]<\/p>\n<h3>Eventos<\/h3>\n<p>Por favor selecione o pa\u00eds da lista abaixo para visualizar os eventos na sua regi\u00e3o.<\/p>\n<p><a href=\"dental-events\/\">Leia Mais<\/a>[\/vc_column_text][\/vc_column_inner][vc_column_inner width=&#8221;1\/3&#8243;][vc_column_text el_class=&#8221;landing_page_item grey2&#8243;]<\/p>\n<h3>Promo\u00e7\u00f5es<\/h3>\n<p>A SDI beneficia seus clientes com muitas promo\u00e7\u00f5es.<\/p>\n<p><a href=\"specials\/\">Leia Mais<\/a>[\/vc_column_text][\/vc_column_inner][vc_column_inner width=&#8221;1\/3&#8243;][vc_column_text el_class=&#8221;landing_page_item grey3&#8243;]<\/p>\n<h3>Subscreva-se<\/h3>\n<p>Autorize a SDI a manter contato com voc\u00ea. Por favor preencha o formul\u00e1rio para se manter atualizado sobre novos produtos, promo\u00e7\u00f5es, eventos e not\u00edcias.<\/p>\n<p><a href=\"subscribe\/\">Leia Mais<\/a>[\/vc_column_text][\/vc_column_inner][\/vc_row_inner][\/vc_column][\/vc_row]<\/p>\n<\/div>","protected":false},"excerpt":{"rendered":"<p>[vc_row][vc_column][vc_row_inner el_class=&#8221;no-padding&#8221;][vc_column_inner][vc_column_text] Not\u00edcias [\/vc_column_text][\/vc_column_inner][\/vc_row_inner][vc_row_inner el_class=&#8221;no-padding item_landing&#8221;][vc_column_inner width=&#8221;1\/3&#8243;][vc_column_text el_class=&#8221;landing_page_item grey1&#8243;] Eventos Por favor selecione o pa\u00eds da lista abaixo para visualizar os eventos na sua regi\u00e3o. Leia Mais[\/vc_column_text][\/vc_column_inner][vc_column_inner width=&#8221;1\/3&#8243;][vc_column_text el_class=&#8221;landing_page_item grey2&#8243;] &hellip; <a href=\"https:\/\/www.sdi.com.au\/pt-pt\/news\/\" class=\"more-link\">Continue reading<span class=\"screen-reader-text\"> &#8220;Not\u00edcias&#8221;<\/span><\/a><\/p>\n","protected":false},"author":14,"featured_media":0,"parent":0,"menu_order":0,"comment_status":"closed","ping_status":"closed","template":"page-templates\/internal-page.php","meta":{"_acf_changed":false,"_price":"","_stock":"","_tribe_ticket_header":"","_tribe_default_ticket_provider":"","_ticket_start_date":"","_ticket_end_date":"","_tribe_ticket_show_description":"","_tribe_ticket_show_not_going":false,"_tribe_ticket_use_global_stock":"","_tribe_ticket_global_stock_level":"","_global_stock_mode":"","_global_stock_cap":"","_tribe_rsvp_for_event":"","_tribe_ticket_going_count":"","_tribe_ticket_not_going_count":"","_tribe_tickets_list":"[]","_tribe_ticket_has_attendee_info_fields":false,"footnotes":"","_tec_slr_enabled":"","_tec_slr_layout":"","_wp_rev_ctl_limit":""},"class_list":["post-6562","page","type-page","status-publish","hentry"],"acf":[],"ticketed":false,"_links":{"self":[{"href":"https:\/\/www.sdi.com.au\/pt-pt\/wp-json\/wp\/v2\/pages\/6562","targetHints":{"allow":["GET"]}}],"collection":[{"href":"https:\/\/www.sdi.com.au\/pt-pt\/wp-json\/wp\/v2\/pages"}],"about":[{"href":"https:\/\/www.sdi.com.au\/pt-pt\/wp-json\/wp\/v2\/types\/page"}],"author":[{"embeddable":true,"href":"https:\/\/www.sdi.com.au\/pt-pt\/wp-json\/wp\/v2\/users\/14"}],"replies":[{"embeddable":true,"href":"https:\/\/www.sdi.com.au\/pt-pt\/wp-json\/wp\/v2\/comments?post=6562"}],"version-history":[{"count":7,"href":"https:\/\/www.sdi.com.au\/pt-pt\/wp-json\/wp\/v2\/pages\/6562\/revisions"}],"predecessor-version":[{"id":18911,"href":"https:\/\/www.sdi.com.au\/pt-pt\/wp-json\/wp\/v2\/pages\/6562\/revisions\/18911"}],"wp:attachment":[{"href":"https:\/\/www.sdi.com.au\/pt-pt\/wp-json\/wp\/v2\/media?parent=6562"}],"curies":[{"name":"wp","href":"https:\/\/api.w.org\/{rel}","templated":true}]}}