{"id":6684,"date":"2016-12-26T08:03:04","date_gmt":"2016-12-26T08:03:04","guid":{"rendered":"http:\/\/localhost\/sdi\/www\/pt-pt\/downloads\/case-study\/"},"modified":"2017-06-03T07:01:55","modified_gmt":"2017-06-03T07:01:55","slug":"case-study","status":"publish","type":"page","link":"https:\/\/www.sdi.com.au\/pt-pt\/downloads\/case-study\/","title":{"rendered":"Case Study"},"content":{"rendered":"<div class=\"wpb-content-wrapper\"><p>[vc_row][vc_column][vc_row_inner el_class=&#8221;no-padding&#8221;][vc_column_inner width=&#8221;2\/3&#8243;][vc_column_text]<\/p>\n<h1>Case Study<\/h1>\n<p>[\/vc_column_text][\/vc_column_inner][vc_column_inner width=&#8221;1\/3&#8243;][vc_single_image image=&#8221;330&#8243; img_size=&#8221;full&#8221;][\/vc_column_inner][\/vc_row_inner][vc_row_inner el_class=&#8221;download_item&#8221;][vc_column_inner][vc_column_text]<\/p>\n<h3><b>Aura case study<\/b><\/h3>\n<p>1. Novo Aura em Odontologia Est\u00e9tica &#8211; Dr. Linda Greenwall &#8211; Hampstead, UK<br \/>\n<a class=\"jce_file\" title=\"Clique aqui para baixar PDF\" href=\"\/wp-content\/uploads\/2017\/01\/Aura_Case_Study_1_Linda_PT.pdf\" target=\"_blank\">Clique aqui para baixar PDF<\/a><\/p>\n<p>2. Coroas Directas usando Material Composto Aura &#8211; Dr. Hugh Flax<br \/>\n<a class=\"jce_file\" title=\"Clique aqui para baixar PDF\" href=\"\/wp-content\/uploads\/2017\/01\/Aura_Case_Study_2_Hugh_PT.pdf\" target=\"_blank\">Clique aqui para baixar PDF<\/a><\/p>\n<p>3. Restaurador de Preenchimento de Massa Aura Posterior &#8211; Dr. Robert A. Lowe, DDS<br \/>\n<a class=\"jce_file\" title=\"Clique aqui para baixar PDF\" href=\"\/wp-content\/uploads\/2017\/01\/Aura_Case_Study_3_Bob_PT.pdf\" target=\"_blank\">Clique aqui para baixar PDF<\/a><\/p>\n<p>4. Restaurador de Esmalte \/ Dentina Aura Anterior &#8211; Dr.\u2009Gregor Thomas, DDS, MSc, PhD<br \/>\n<a class=\"jce_file\" title=\"Clique aqui para baixar PDF\" href=\"\/wp-content\/uploads\/2017\/01\/Aura_Case_Study_4_Gregor_PT.pdf\" target=\"_blank\">Clique aqui para baixar PDF<\/a><\/p>\n<p>5. Laminados de Coroa Directa e Substitui\u00e7\u00e3o n\u00e3o invasiva do incisivo inferior em falta- Dr. Terry Wong, B.Sc.<br \/>\n<a class=\"jce_file\" title=\"Clique aqui para baixar PDF\" href=\"\/wp-content\/uploads\/2017\/01\/Aura_Case_Study_5_Terry_PT.pdf\" target=\"_blank\">Clique aqui para baixar PDF<\/a><\/p>\n<p>6. Uma t\u00e9cnica r\u00e1pida e simples para restaurar esteticamente um dente anterior com Hipomineraliza\u00e7\u00e3o Incisivo-molar (MIH) grave &#8211; Dr. Patrick Rouas (France)<br \/>\n<a class=\"jce_file\" title=\"Clique aqui para baixar PDF\" href=\"\/wp-content\/uploads\/2017\/01\/Aura_Case_Study_6_Rouas_PT.pdf\" target=\"_blank\">Clique aqui para baixar PDF<\/a><\/p>\n<p>7. Um m\u00e9todo r\u00e1pido e simples para reparar esteticamente uma cavidade posterior de Classe II comprometida &#8211; Dr. Graeme Milicich<br \/>\n<a class=\"jce_file\" title=\"Clique aqui para baixar PDF\" href=\"\/wp-content\/uploads\/2017\/01\/Aura_Case_Study_7_Graeme_PT.pdf\" target=\"_blank\">Clique aqui para baixar PDF<\/a><\/p>\n<p>8. T\u00e9cnica ideal para restaurar um dente pr\u00e9-molar com uma c\u00e1rie profunda usando o sistema de composto Aura (SDI Ltd.) &#8211; Dr. Graeme Milicich<br \/>\n<a class=\"jce_file\" title=\"Clique aqui para baixar PDF\" href=\"\/wp-content\/uploads\/2017\/01\/Aura_Case_Study_8_Graeme_PT.pdf\" target=\"_blank\">Clique aqui para baixar PDF<\/a>[\/vc_column_text][\/vc_column_inner][\/vc_row_inner][\/vc_column][\/vc_row]<\/p>\n<\/div>","protected":false},"excerpt":{"rendered":"<p>[vc_row][vc_column][vc_row_inner el_class=&#8221;no-padding&#8221;][vc_column_inner width=&#8221;2\/3&#8243;][vc_column_text] Case Study [\/vc_column_text][\/vc_column_inner][vc_column_inner width=&#8221;1\/3&#8243;][vc_single_image image=&#8221;330&#8243; img_size=&#8221;full&#8221;][\/vc_column_inner][\/vc_row_inner][vc_row_inner el_class=&#8221;download_item&#8221;][vc_column_inner][vc_column_text] Aura case study 1. Novo Aura em Odontologia Est\u00e9tica &#8211; Dr. Linda Greenwall &#8211; Hampstead, UK Clique aqui para baixar &hellip; <a href=\"https:\/\/www.sdi.com.au\/pt-pt\/downloads\/case-study\/\" class=\"more-link\">Continue reading<span class=\"screen-reader-text\"> &#8220;Case Study&#8221;<\/span><\/a><\/p>\n","protected":false},"author":14,"featured_media":0,"parent":6632,"menu_order":0,"comment_status":"closed","ping_status":"closed","template":"page-templates\/internal-page.php","meta":{"_acf_changed":false,"_price":"","_stock":"","_tribe_ticket_header":"","_tribe_default_ticket_provider":"","_ticket_start_date":"","_ticket_end_date":"","_tribe_ticket_show_description":"","_tribe_ticket_show_not_going":false,"_tribe_ticket_use_global_stock":"","_tribe_ticket_global_stock_level":"","_global_stock_mode":"","_global_stock_cap":"","_tribe_rsvp_for_event":"","_tribe_ticket_going_count":"","_tribe_ticket_not_going_count":"","_tribe_tickets_list":"[]","_tribe_ticket_has_attendee_info_fields":false,"footnotes":"","_tec_slr_enabled":"","_tec_slr_layout":"","_wp_rev_ctl_limit":""},"class_list":["post-6684","page","type-page","status-publish","hentry"],"acf":[],"ticketed":false,"_links":{"self":[{"href":"https:\/\/www.sdi.com.au\/pt-pt\/wp-json\/wp\/v2\/pages\/6684","targetHints":{"allow":["GET"]}}],"collection":[{"href":"https:\/\/www.sdi.com.au\/pt-pt\/wp-json\/wp\/v2\/pages"}],"about":[{"href":"https:\/\/www.sdi.com.au\/pt-pt\/wp-json\/wp\/v2\/types\/page"}],"author":[{"embeddable":true,"href":"https:\/\/www.sdi.com.au\/pt-pt\/wp-json\/wp\/v2\/users\/14"}],"replies":[{"embeddable":true,"href":"https:\/\/www.sdi.com.au\/pt-pt\/wp-json\/wp\/v2\/comments?post=6684"}],"version-history":[{"count":3,"href":"https:\/\/www.sdi.com.au\/pt-pt\/wp-json\/wp\/v2\/pages\/6684\/revisions"}],"predecessor-version":[{"id":13259,"href":"https:\/\/www.sdi.com.au\/pt-pt\/wp-json\/wp\/v2\/pages\/6684\/revisions\/13259"}],"up":[{"embeddable":true,"href":"https:\/\/www.sdi.com.au\/pt-pt\/wp-json\/wp\/v2\/pages\/6632"}],"wp:attachment":[{"href":"https:\/\/www.sdi.com.au\/pt-pt\/wp-json\/wp\/v2\/media?parent=6684"}],"curies":[{"name":"wp","href":"https:\/\/api.w.org\/{rel}","templated":true}]}}