{"id":6874,"date":"2016-12-27T02:44:26","date_gmt":"2016-12-27T02:44:26","guid":{"rendered":"http:\/\/localhost\/sdi\/www\/pt-pt\/company\/sdi-smile-vision\/"},"modified":"2019-08-14T10:37:12","modified_gmt":"2019-08-14T00:37:12","slug":"sdi-smile-vision","status":"publish","type":"page","link":"https:\/\/www.sdi.com.au\/pt-pt\/company\/sdi-smile-vision\/","title":{"rendered":"SDI Seu Sorriso. Nossa Vis\u00e3o."},"content":{"rendered":"<div class=\"wpb-content-wrapper\"><p>[vc_row][vc_column][vc_row_inner el_class=&#8221;no-padding&#8221;][vc_column_inner][vc_column_text]<\/p>\n<h1>SDI Seu Sorriso. Nossa Vis\u00e3o.<\/h1>\n<p>[\/vc_column_text][vc_single_image image=&#8221;18958&#8243; img_size=&#8221;full&#8221;][vc_column_text]Estas palavras definem a SDI. Elas refletem o foco da SDI em auxiliar o dentista a atingir seu objetivo principal que \u00e9 Sorriso perfeito para seus pacientes.<\/p>\n<p>Ajudar Dentistas e sua Equipe a proporcionar bonitos, Saud\u00e1veis e Duradouros Sorrisos, trabalhando com efici\u00eancia, proporcionando qualidade e inova\u00e7\u00e3o para seus pacientes; este \u00e9 o principal objetivo da SDI.<\/p>\n<ul>\n<li><strong>Seu Sorriso<\/strong> &#8211; Tudo que a SDI faz \u00e9 para o objetivo final do dentista: Criar o sorriso perfeito para seus pacientes. Perfei\u00e7\u00e3o significa excel\u00eancia. Materiais de longa dura\u00e7\u00e3o e maravilhosamente naturais, que s\u00e3o simples para o dentista utilizar.<\/li>\n<li><strong>Nossa Vis\u00e3o<\/strong> &#8211; SDI inova de forma cont\u00ednua para proporcionar materiais dent\u00e1rios que auxiliam os dentistas e sua equipe a criar o Sorriso perfeito. Pesquisa e desenvolvimento s\u00e3o primordiais na SDI. SDI deve liderar o mercado e prever as necessidades dos dentistas atrav\u00e9s da nossa pr\u00f3pria pesquisa e da inova\u00e7\u00e3o de produtos.<\/li>\n<\/ul>\n<p>[\/vc_column_text][\/vc_column_inner][\/vc_row_inner][\/vc_column][\/vc_row]<\/p>\n<\/div>","protected":false},"excerpt":{"rendered":"<p>[vc_row][vc_column][vc_row_inner el_class=&#8221;no-padding&#8221;][vc_column_inner][vc_column_text] SDI Seu Sorriso. Nossa Vis\u00e3o. [\/vc_column_text][vc_single_image image=&#8221;18958&#8243; img_size=&#8221;full&#8221;][vc_column_text]Estas palavras definem a SDI. Elas refletem o foco da SDI em auxiliar o dentista a atingir seu objetivo principal que &hellip; <a href=\"https:\/\/www.sdi.com.au\/pt-pt\/company\/sdi-smile-vision\/\" class=\"more-link\">Continue reading<span class=\"screen-reader-text\"> &#8220;SDI Seu Sorriso. Nossa Vis\u00e3o.&#8221;<\/span><\/a><\/p>\n","protected":false},"author":14,"featured_media":0,"parent":6599,"menu_order":4,"comment_status":"closed","ping_status":"closed","template":"page-templates\/internal-page.php","meta":{"_acf_changed":false,"_price":"","_stock":"","_tribe_ticket_header":"","_tribe_default_ticket_provider":"","_ticket_start_date":"","_ticket_end_date":"","_tribe_ticket_show_description":"","_tribe_ticket_show_not_going":false,"_tribe_ticket_use_global_stock":"","_tribe_ticket_global_stock_level":"","_global_stock_mode":"","_global_stock_cap":"","_tribe_rsvp_for_event":"","_tribe_ticket_going_count":"","_tribe_ticket_not_going_count":"","_tribe_tickets_list":"[]","_tribe_ticket_has_attendee_info_fields":false,"footnotes":"","_tec_slr_enabled":"","_tec_slr_layout":"","_wp_rev_ctl_limit":""},"class_list":["post-6874","page","type-page","status-publish","hentry"],"acf":[],"ticketed":false,"_links":{"self":[{"href":"https:\/\/www.sdi.com.au\/pt-pt\/wp-json\/wp\/v2\/pages\/6874","targetHints":{"allow":["GET"]}}],"collection":[{"href":"https:\/\/www.sdi.com.au\/pt-pt\/wp-json\/wp\/v2\/pages"}],"about":[{"href":"https:\/\/www.sdi.com.au\/pt-pt\/wp-json\/wp\/v2\/types\/page"}],"author":[{"embeddable":true,"href":"https:\/\/www.sdi.com.au\/pt-pt\/wp-json\/wp\/v2\/users\/14"}],"replies":[{"embeddable":true,"href":"https:\/\/www.sdi.com.au\/pt-pt\/wp-json\/wp\/v2\/comments?post=6874"}],"version-history":[{"count":3,"href":"https:\/\/www.sdi.com.au\/pt-pt\/wp-json\/wp\/v2\/pages\/6874\/revisions"}],"predecessor-version":[{"id":20474,"href":"https:\/\/www.sdi.com.au\/pt-pt\/wp-json\/wp\/v2\/pages\/6874\/revisions\/20474"}],"up":[{"embeddable":true,"href":"https:\/\/www.sdi.com.au\/pt-pt\/wp-json\/wp\/v2\/pages\/6599"}],"wp:attachment":[{"href":"https:\/\/www.sdi.com.au\/pt-pt\/wp-json\/wp\/v2\/media?parent=6874"}],"curies":[{"name":"wp","href":"https:\/\/api.w.org\/{rel}","templated":true}]}}